{"id":5856,"date":"2022-06-17T11:26:30","date_gmt":"2022-06-17T08:26:30","guid":{"rendered":"http:\/\/www.alfapatent-stanadvoka.com\/?page_id=5856"},"modified":"2023-01-13T09:13:43","modified_gmt":"2023-01-13T06:13:43","slug":"medya","status":"publish","type":"page","link":"https:\/\/www.alfapatent-stanadvoka.com\/tr\/medya\/","title":{"rendered":"Medya"},"content":{"rendered":"<div class=\"wpb-content-wrapper\"><p>[vc_row][vc_column]\n\t\t<div id=\"wd-62ac4a5c54990\" class=\"title-wrapper  woodmart-title-color-default woodmart-title-style-underlined woodmart-title-width-100 text-left woodmart-title-size-default \">\n\t\t\t\n\t\t\t<div class=\"liner-continer\">\n\t\t\t\t<span class=\"left-line\"><\/span>\n\t\t\t\t<h4 class=\"woodmart-title-container title  woodmart-font-weight-\" >Medya<\/h4>\t\t\t\t\t\t\t\t<span class=\"right-line\"><\/span>\n\t\t\t<\/div>\n\t\t\t\n\t\t\t\n\t\t\t\t\t<\/div>\n\t\t\n\t\t[\/vc_column][\/vc_row][vc_row content_placement=&#8221;middle&#8221; row_reverse_mobile=&#8221;1&#8243; css=&#8221;.vc_custom_1628839024415{margin-bottom: 45px !important;}&#8221; woodmart_css_id=&#8221;61161c6c37d32&#8243; responsive_spacing=&#8221;eyJwYXJhbV90eXBlIjoid29vZG1hcnRfcmVzcG9uc2l2ZV9zcGFjaW5nIiwic2VsZWN0b3JfaWQiOiI2MTE2MWM2YzM3ZDMyIiwic2hvcnRjb2RlIjoidmNfcm93IiwiZGF0YSI6eyJ0YWJsZXQiOnsibWFyZ2luLWJvdHRvbSI6IjM1In0sIm1vYmlsZSI6eyJtYXJnaW4tYm90dG9tIjoiMTUifX19&#8243; mobile_bg_img_hidden=&#8221;no&#8221; tablet_bg_img_hidden=&#8221;no&#8221; woodmart_parallax=&#8221;0&#8243; woodmart_gradient_switch=&#8221;no&#8221; row_reverse_tablet=&#8221;0&#8243; woodmart_disable_overflow=&#8221;0&#8243; wd_z_index=&#8221;no&#8221;][vc_column woodmart_text_align=&#8221;center&#8221; css=&#8221;.vc_custom_1628057847368{margin-bottom: 35px !important;padding-top: 0px !important;}&#8221; offset=&#8221;vc_col-md-6&#8243; woodmart_css_id=&#8221;610a30ed45e06&#8243; responsive_spacing=&#8221;eyJwYXJhbV90eXBlIjoid29vZG1hcnRfcmVzcG9uc2l2ZV9zcGFjaW5nIiwic2VsZWN0b3JfaWQiOiI2MTBhMzBlZDQ1ZTA2Iiwic2hvcnRjb2RlIjoidmNfY29sdW1uIiwiZGF0YSI6eyJ0YWJsZXQiOnt9LCJtb2JpbGUiOnt9fX0=&#8221; parallax_scroll=&#8221;no&#8221; mobile_bg_img_hidden=&#8221;no&#8221; tablet_bg_img_hidden=&#8221;no&#8221; woodmart_parallax=&#8221;0&#8243; woodmart_sticky_column=&#8221;false&#8221; mobile_reset_margin=&#8221;no&#8221; tablet_reset_margin=&#8221;no&#8221;]\n\t\t<div id=\"wd-63c0f4aa3f2d7\" class=\"title-wrapper  woodmart-title-color-default woodmart-title-style-default woodmart-title-width-NaN text-center woodmart-title-size-custom vc_custom_1673589743760\">\n\t\t\t\t\t\t\t<div class=\"title-subtitle  font-default subtitle-style-default woodmart-font-weight-\">9 Ocak 2023<\/div>\n\t\t\t\n\t\t\t<div class=\"liner-continer\">\n\t\t\t\t<span class=\"left-line\"><\/span>\n\t\t\t\t<h4 class=\"woodmart-title-container title  woodmart-font-weight-400\" >051: Yapay Zeka Bulu\u015f Sahibi Olabilir mi?<br \/>\n<strong><em>Patent Effect Podcast<\/em><\/strong><\/h4>\t\t\t\t\t\t\t\t<span class=\"right-line\"><\/span>\n\t\t\t<\/div>\n\t\t\t\n\t\t\t\n\t\t\t\t\t<\/div>\n\t\t\n\t\t[vc_column_text text_larger=&#8221;no&#8221;]<iframe loading=\"lazy\" style=\"border-radius: 12px;\" src=\"https:\/\/open.spotify.com\/embed\/episode\/4Y3mnQSk8pN3DDWvkmfqyb?utm_source=generator\" width=\"100%\" height=\"352\" frameborder=\"0\" allowfullscreen=\"allowfullscreen\"><\/iframe>[\/vc_column_text][\/vc_column][vc_column css=&#8221;.vc_custom_1628057861584{margin-bottom: 35px !important;padding-top: 0px !important;}&#8221; offset=&#8221;vc_col-md-6&#8243; woodmart_css_id=&#8221;610a3103c2714&#8243; responsive_spacing=&#8221;eyJwYXJhbV90eXBlIjoid29vZG1hcnRfcmVzcG9uc2l2ZV9zcGFjaW5nIiwic2VsZWN0b3JfaWQiOiI2MTBhMzEwM2MyNzE0Iiwic2hvcnRjb2RlIjoidmNfY29sdW1uIiwiZGF0YSI6eyJ0YWJsZXQiOnt9LCJtb2JpbGUiOnt9fX0=&#8221; parallax_scroll=&#8221;no&#8221; mobile_bg_img_hidden=&#8221;no&#8221; tablet_bg_img_hidden=&#8221;no&#8221; woodmart_parallax=&#8221;0&#8243; woodmart_sticky_column=&#8221;false&#8221; mobile_reset_margin=&#8221;no&#8221; tablet_reset_margin=&#8221;no&#8221;]\n\t\t<div id=\"wd-63c0f5733dfc2\" class=\"title-wrapper  woodmart-title-color-default woodmart-title-style-default woodmart-title-width-NaN text-center woodmart-title-size-custom vc_custom_1673589935636\">\n\t\t\t\t\t\t\t<div class=\"title-subtitle  font-default subtitle-style-default woodmart-font-weight-\">20 Aral\u0131k 2022<\/div>\n\t\t\t\n\t\t\t<div class=\"liner-continer\">\n\t\t\t\t<span class=\"left-line\"><\/span>\n\t\t\t\t<h4 class=\"woodmart-title-container title  woodmart-font-weight-400\" >Birle\u015fik Patent Mahkemesi ve \u00dcniter Patent Sistemi<br \/>\n<strong><em>FICPI - T\u00fcrkiye<\/em><\/strong><\/h4>\t\t\t\t\t\t\t\t<span class=\"right-line\"><\/span>\n\t\t\t<\/div>\n\t\t\t\n\t\t\t\n\t\t\t\t\t<\/div>\n\t\t\n\t\t[vc_column_text text_larger=&#8221;no&#8221;]<iframe loading=\"lazy\" title=\"YouTube video player\" src=\"https:\/\/www.youtube-nocookie.com\/embed\/eYBL4DqEO9I?start=6152\" width=\"100%\" height=\"352\" frameborder=\"0\" allowfullscreen=\"allowfullscreen\"><\/iframe>[\/vc_column_text][\/vc_column][\/vc_row][vc_row content_placement=&#8221;middle&#8221; row_reverse_mobile=&#8221;1&#8243; css=&#8221;.vc_custom_1628839024415{margin-bottom: 45px !important;}&#8221; woodmart_css_id=&#8221;61161c6c37d32&#8243; responsive_spacing=&#8221;eyJwYXJhbV90eXBlIjoid29vZG1hcnRfcmVzcG9uc2l2ZV9zcGFjaW5nIiwic2VsZWN0b3JfaWQiOiI2MTE2MWM2YzM3ZDMyIiwic2hvcnRjb2RlIjoidmNfcm93IiwiZGF0YSI6eyJ0YWJsZXQiOnsibWFyZ2luLWJvdHRvbSI6IjM1In0sIm1vYmlsZSI6eyJtYXJnaW4tYm90dG9tIjoiMTUifX19&#8243; mobile_bg_img_hidden=&#8221;no&#8221; tablet_bg_img_hidden=&#8221;no&#8221; woodmart_parallax=&#8221;0&#8243; woodmart_gradient_switch=&#8221;no&#8221; row_reverse_tablet=&#8221;0&#8243; woodmart_disable_overflow=&#8221;0&#8243; wd_z_index=&#8221;no&#8221;][vc_column woodmart_text_align=&#8221;center&#8221; css=&#8221;.vc_custom_1628057847368{margin-bottom: 35px !important;padding-top: 0px !important;}&#8221; offset=&#8221;vc_col-md-6&#8243; woodmart_css_id=&#8221;610a30ed45e06&#8243; responsive_spacing=&#8221;eyJwYXJhbV90eXBlIjoid29vZG1hcnRfcmVzcG9uc2l2ZV9zcGFjaW5nIiwic2VsZWN0b3JfaWQiOiI2MTBhMzBlZDQ1ZTA2Iiwic2hvcnRjb2RlIjoidmNfY29sdW1uIiwiZGF0YSI6eyJ0YWJsZXQiOnt9LCJtb2JpbGUiOnt9fX0=&#8221; parallax_scroll=&#8221;no&#8221; mobile_bg_img_hidden=&#8221;no&#8221; tablet_bg_img_hidden=&#8221;no&#8221; woodmart_parallax=&#8221;0&#8243; woodmart_sticky_column=&#8221;false&#8221; mobile_reset_margin=&#8221;no&#8221; tablet_reset_margin=&#8221;no&#8221;]\n\t\t<div id=\"wd-62ac495140d4f\" class=\"title-wrapper  woodmart-title-color-default woodmart-title-style-default woodmart-title-width-NaN text-center woodmart-title-size-custom vc_custom_1655457988160\">\n\t\t\t\t\t\t\t<div class=\"title-subtitle  font-default subtitle-style-default woodmart-font-weight-\">2 Ocak 2022<\/div>\n\t\t\t\n\t\t\t<div class=\"liner-continer\">\n\t\t\t\t<span class=\"left-line\"><\/span>\n\t\t\t\t<h4 class=\"woodmart-title-container title  woodmart-font-weight-400\" >PATENT III : Bilgisayar Yaz\u0131l\u0131mlar\u0131n\u0131n Patentlenebilirli\u011fi ve Eser Hukuku ile \u0130li\u015fkisi<br \/>\n<strong><em>Fikri M\u00fclkiyet ve Bili\u015fim Hukuku<\/em><\/strong><\/h4>\t\t\t\t\t\t\t\t<span class=\"right-line\"><\/span>\n\t\t\t<\/div>\n\t\t\t\n\t\t\t\n\t\t\t\t\t<\/div>\n\t\t\n\t\t[vc_column_text text_larger=&#8221;no&#8221;]<iframe loading=\"lazy\" style=\"border-radius: 12px;\" src=\"https:\/\/open.spotify.com\/embed\/episode\/5daghllihNWAeTf9aomIfr?utm_source=generator\" width=\"100%\" height=\"232\" frameborder=\"0\" allowfullscreen=\"allowfullscreen\"><\/iframe>[\/vc_column_text][\/vc_column][vc_column css=&#8221;.vc_custom_1628057861584{margin-bottom: 35px !important;padding-top: 0px !important;}&#8221; offset=&#8221;vc_col-md-6&#8243; woodmart_css_id=&#8221;610a3103c2714&#8243; responsive_spacing=&#8221;eyJwYXJhbV90eXBlIjoid29vZG1hcnRfcmVzcG9uc2l2ZV9zcGFjaW5nIiwic2VsZWN0b3JfaWQiOiI2MTBhMzEwM2MyNzE0Iiwic2hvcnRjb2RlIjoidmNfY29sdW1uIiwiZGF0YSI6eyJ0YWJsZXQiOnt9LCJtb2JpbGUiOnt9fX0=&#8221; parallax_scroll=&#8221;no&#8221; mobile_bg_img_hidden=&#8221;no&#8221; tablet_bg_img_hidden=&#8221;no&#8221; woodmart_parallax=&#8221;0&#8243; woodmart_sticky_column=&#8221;false&#8221; mobile_reset_margin=&#8221;no&#8221; tablet_reset_margin=&#8221;no&#8221;]\n\t\t<div id=\"wd-62ac4a16942db\" class=\"title-wrapper  woodmart-title-color-default woodmart-title-style-default woodmart-title-width-NaN text-center woodmart-title-size-custom vc_custom_1655458196383\">\n\t\t\t\t\t\t\t<div class=\"title-subtitle  font-default subtitle-style-default woodmart-font-weight-\">\u015eubat 2020<\/div>\n\t\t\t\n\t\t\t<div class=\"liner-continer\">\n\t\t\t\t<span class=\"left-line\"><\/span>\n\t\t\t\t<h4 class=\"woodmart-title-container title  woodmart-font-weight-400\" >Yaz\u0131l\u0131mlar Patentlenebiliyor mu? Alfa Patent-Stan Advoka kurucu ortaklar\u0131ndan Bar\u0131\u015f Atalay ile konu\u015ftuk<br \/>\n<strong><em>Patent Effect Podcast<\/em><\/strong><\/h4>\t\t\t\t\t\t\t\t<span class=\"right-line\"><\/span>\n\t\t\t<\/div>\n\t\t\t\n\t\t\t\n\t\t\t\t\t<\/div>\n\t\t\n\t\t[vc_column_text text_larger=&#8221;no&#8221;]<iframe loading=\"lazy\" style=\"border-radius: 12px;\" src=\"https:\/\/open.spotify.com\/embed\/episode\/3NcsE4y8LQZbkiQETcGFz5?utm_source=generator\" width=\"100%\" height=\"232\" frameborder=\"0\" allowfullscreen=\"allowfullscreen\"><\/iframe>[\/vc_column_text][\/vc_column][\/vc_row][vc_row][vc_column][vc_separator][\/vc_column][\/vc_row][vc_row content_placement=&#8221;middle&#8221; row_reverse_mobile=&#8221;1&#8243; css=&#8221;.vc_custom_1628839024415{margin-bottom: 45px !important;}&#8221; woodmart_css_id=&#8221;61161c6c37d32&#8243; responsive_spacing=&#8221;eyJwYXJhbV90eXBlIjoid29vZG1hcnRfcmVzcG9uc2l2ZV9zcGFjaW5nIiwic2VsZWN0b3JfaWQiOiI2MTE2MWM2YzM3ZDMyIiwic2hvcnRjb2RlIjoidmNfcm93IiwiZGF0YSI6eyJ0YWJsZXQiOnsibWFyZ2luLWJvdHRvbSI6IjM1In0sIm1vYmlsZSI6eyJtYXJnaW4tYm90dG9tIjoiMTUifX19&#8243; mobile_bg_img_hidden=&#8221;no&#8221; tablet_bg_img_hidden=&#8221;no&#8221; woodmart_parallax=&#8221;0&#8243; woodmart_gradient_switch=&#8221;no&#8221; row_reverse_tablet=&#8221;0&#8243; woodmart_disable_overflow=&#8221;0&#8243; wd_z_index=&#8221;no&#8221;][vc_column woodmart_text_align=&#8221;center&#8221; css=&#8221;.vc_custom_1628057847368{margin-bottom: 35px !important;padding-top: 0px !important;}&#8221; offset=&#8221;vc_col-md-6&#8243; woodmart_css_id=&#8221;610a30ed45e06&#8243; responsive_spacing=&#8221;eyJwYXJhbV90eXBlIjoid29vZG1hcnRfcmVzcG9uc2l2ZV9zcGFjaW5nIiwic2VsZWN0b3JfaWQiOiI2MTBhMzBlZDQ1ZTA2Iiwic2hvcnRjb2RlIjoidmNfY29sdW1uIiwiZGF0YSI6eyJ0YWJsZXQiOnt9LCJtb2JpbGUiOnt9fX0=&#8221; parallax_scroll=&#8221;no&#8221; mobile_bg_img_hidden=&#8221;no&#8221; tablet_bg_img_hidden=&#8221;no&#8221; woodmart_parallax=&#8221;0&#8243; woodmart_sticky_column=&#8221;false&#8221; mobile_reset_margin=&#8221;no&#8221; tablet_reset_margin=&#8221;no&#8221;]\n\t\t<div id=\"wd-62ac40bad55d8\" class=\"title-wrapper  woodmart-title-color-default woodmart-title-style-default woodmart-title-width-NaN text-center woodmart-title-size-custom vc_custom_1655455793630\">\n\t\t\t\t\t\t\t<div class=\"title-subtitle  font-default subtitle-style-default woodmart-font-weight-\">5 Kas\u0131m 2021<\/div>\n\t\t\t\n\t\t\t<div class=\"liner-continer\">\n\t\t\t\t<span class=\"left-line\"><\/span>\n\t\t\t\t<h4 class=\"woodmart-title-container title  woodmart-font-weight-400\" >Patentability of Software and Business Methods<br \/>\n<strong><em>LES TURKEY<\/em><\/strong><\/h4>\t\t\t\t\t\t\t\t<span class=\"right-line\"><\/span>\n\t\t\t<\/div>\n\t\t\t\n\t\t\t\t\t\t\t<div class=\"title-after_title\">LES Turkey (Licensing Executives Society Turkey) organized 11. FRIDAY IP TALKS on 05 November Friday 13.00 (CET). This online event focused on ``Patentability of Software and Business Methods`` with the participation of prestigious speakers from different countries. The participants got insights about the Patentability of Software and Business Methods from both US-EPO-TR perspectives.<\/div>\n\t\t\t\n\t\t\t\t\t<\/div>\n\t\t\n\t\t<div id=\"wd-62ac407a7d9b5\" class=\"woodmart-button-wrapper text-center inline-element\"><a href=\"https:\/\/bit.ly\/11-FRIDAY-IP-TALKS-Slides\" title=\"\" target=\"_blank\" class=\"btn btn-color-primary btn-style-default btn-shape-rectangle btn-size-default\">SUNUMU \u0130ND\u0130R<\/a><\/div>[\/vc_column][vc_column css=&#8221;.vc_custom_1628057861584{margin-bottom: 35px !important;padding-top: 0px !important;}&#8221; offset=&#8221;vc_col-md-6&#8243; woodmart_css_id=&#8221;610a3103c2714&#8243; responsive_spacing=&#8221;eyJwYXJhbV90eXBlIjoid29vZG1hcnRfcmVzcG9uc2l2ZV9zcGFjaW5nIiwic2VsZWN0b3JfaWQiOiI2MTBhMzEwM2MyNzE0Iiwic2hvcnRjb2RlIjoidmNfY29sdW1uIiwiZGF0YSI6eyJ0YWJsZXQiOnt9LCJtb2JpbGUiOnt9fX0=&#8221; parallax_scroll=&#8221;no&#8221; mobile_bg_img_hidden=&#8221;no&#8221; tablet_bg_img_hidden=&#8221;no&#8221; woodmart_parallax=&#8221;0&#8243; woodmart_sticky_column=&#8221;false&#8221; mobile_reset_margin=&#8221;no&#8221; tablet_reset_margin=&#8221;no&#8221;][vc_video link=&#8221;https:\/\/www.youtube.com\/watch?v=oBnBMEtZXeo&#8221; align=&#8221;center&#8221; poster_image=&#8221;5890&#8243; image_poster_switch=&#8221;yes&#8221; css=&#8221;.vc_custom_1655456277367{margin-bottom: 0px !important;}&#8221; img_size=&#8221;full&#8221;][\/vc_column][\/vc_row][vc_row][vc_column][vc_separator][\/vc_column][\/vc_row][vc_row content_placement=&#8221;middle&#8221; row_reverse_mobile=&#8221;1&#8243; css=&#8221;.vc_custom_1628839024415{margin-bottom: 45px !important;}&#8221; woodmart_css_id=&#8221;61161c6c37d32&#8243; responsive_spacing=&#8221;eyJwYXJhbV90eXBlIjoid29vZG1hcnRfcmVzcG9uc2l2ZV9zcGFjaW5nIiwic2VsZWN0b3JfaWQiOiI2MTE2MWM2YzM3ZDMyIiwic2hvcnRjb2RlIjoidmNfcm93IiwiZGF0YSI6eyJ0YWJsZXQiOnsibWFyZ2luLWJvdHRvbSI6IjM1In0sIm1vYmlsZSI6eyJtYXJnaW4tYm90dG9tIjoiMTUifX19&#8243; mobile_bg_img_hidden=&#8221;no&#8221; tablet_bg_img_hidden=&#8221;no&#8221; woodmart_parallax=&#8221;0&#8243; woodmart_gradient_switch=&#8221;no&#8221; row_reverse_tablet=&#8221;0&#8243; woodmart_disable_overflow=&#8221;0&#8243; wd_z_index=&#8221;no&#8221;][vc_column woodmart_text_align=&#8221;center&#8221; css=&#8221;.vc_custom_1628057847368{margin-bottom: 35px !important;padding-top: 0px !important;}&#8221; offset=&#8221;vc_col-md-6&#8243; woodmart_css_id=&#8221;610a30ed45e06&#8243; responsive_spacing=&#8221;eyJwYXJhbV90eXBlIjoid29vZG1hcnRfcmVzcG9uc2l2ZV9zcGFjaW5nIiwic2VsZWN0b3JfaWQiOiI2MTBhMzBlZDQ1ZTA2Iiwic2hvcnRjb2RlIjoidmNfY29sdW1uIiwiZGF0YSI6eyJ0YWJsZXQiOnt9LCJtb2JpbGUiOnt9fX0=&#8221; parallax_scroll=&#8221;no&#8221; mobile_bg_img_hidden=&#8221;no&#8221; tablet_bg_img_hidden=&#8221;no&#8221; woodmart_parallax=&#8221;0&#8243; woodmart_sticky_column=&#8221;false&#8221; mobile_reset_margin=&#8221;no&#8221; tablet_reset_margin=&#8221;no&#8221;][vc_video link=&#8221;https:\/\/www.youtube.com\/watch?v=hmVeyagD60k&#8221; align=&#8221;center&#8221; poster_image=&#8221;5897&#8243; image_poster_switch=&#8221;yes&#8221; css=&#8221;.vc_custom_1655456534913{margin-bottom: 0px !important;}&#8221; img_size=&#8221;full&#8221;][\/vc_column][vc_column css=&#8221;.vc_custom_1628057861584{margin-bottom: 35px !important;padding-top: 0px !important;}&#8221; offset=&#8221;vc_col-md-6&#8243; woodmart_css_id=&#8221;610a3103c2714&#8243; responsive_spacing=&#8221;eyJwYXJhbV90eXBlIjoid29vZG1hcnRfcmVzcG9uc2l2ZV9zcGFjaW5nIiwic2VsZWN0b3JfaWQiOiI2MTBhMzEwM2MyNzE0Iiwic2hvcnRjb2RlIjoidmNfY29sdW1uIiwiZGF0YSI6eyJ0YWJsZXQiOnt9LCJtb2JpbGUiOnt9fX0=&#8221; parallax_scroll=&#8221;no&#8221; mobile_bg_img_hidden=&#8221;no&#8221; tablet_bg_img_hidden=&#8221;no&#8221; woodmart_parallax=&#8221;0&#8243; woodmart_sticky_column=&#8221;false&#8221; mobile_reset_margin=&#8221;no&#8221; tablet_reset_margin=&#8221;no&#8221;]\n\t\t<div id=\"wd-62ac433c9600a\" class=\"title-wrapper  woodmart-title-color-default woodmart-title-style-default woodmart-title-width-NaN text-center woodmart-title-size-custom vc_custom_1655456441986\">\n\t\t\t\t\t\t\t<div class=\"title-subtitle  font-default subtitle-style-default woodmart-font-weight-\">16 Mart 2021<\/div>\n\t\t\t\n\t\t\t<div class=\"liner-continer\">\n\t\t\t\t<span class=\"left-line\"><\/span>\n\t\t\t\t<h4 class=\"woodmart-title-container title  woodmart-font-weight-400\" >Patent Hakk\u0131na Tecav\u00fcz Davalar\u0131<br \/>\n<strong><em>\u0130STANBUL BAROSU<\/em><\/strong><\/h4>\t\t\t\t\t\t\t\t<span class=\"right-line\"><\/span>\n\t\t\t<\/div>\n\t\t\t\n\t\t\t\t\t\t\t<div class=\"title-after_title\">Patent Hakk\u0131na Tecav\u00fcz Davalar\u0131, Tecav\u00fcz Tespiti Y\u00f6ntemleri, Tecav\u00fcz Tespitinde \u0130stem Kar\u015f\u0131la\u015ft\u0131rmas\u0131<\/div>\n\t\t\t\n\t\t\t\t\t<\/div>\n\t\t\n\t\t[\/vc_column][\/vc_row]<\/p>\n<\/div>","protected":false},"excerpt":{"rendered":"<p>[vc_row][vc_column][\/vc_column][\/vc_row][vc_row content_placement=&#8221;middle&#8221; row_reverse_mobile=&#8221;1&#8243; css=&#8221;.vc_custom_1628839024415{margin-bottom: 45px !important;}&#8221; woodmart_css_id=&#8221;61161c6c37d32&#8243; responsive_spacing=&#8221;eyJwYXJhbV90eXBlIjoid29vZG1hcnRfcmVzcG9uc2l2ZV9zcGFjaW5nIiwic2VsZWN0b3JfaWQiOiI2MTE2MWM2YzM3ZDMyIiwic2hvcnRjb2RlIjoidmNfcm93IiwiZGF0YSI6eyJ0YWJsZXQiOnsibWFyZ2luLWJvdHRvbSI6IjM1In0sIm1vYmlsZSI6eyJtYXJnaW4tYm90dG9tIjoiMTUifX19&#8243; mobile_bg_img_hidden=&#8221;no&#8221; tablet_bg_img_hidden=&#8221;no&#8221; woodmart_parallax=&#8221;0&#8243; woodmart_gradient_switch=&#8221;no&#8221; row_reverse_tablet=&#8221;0&#8243; woodmart_disable_overflow=&#8221;0&#8243; wd_z_index=&#8221;no&#8221;][vc_column woodmart_text_align=&#8221;center&#8221; css=&#8221;.vc_custom_1628057847368{margin-bottom: 35px !important;padding-top: 0px<\/p>\n","protected":false},"author":1,"featured_media":0,"parent":0,"menu_order":0,"comment_status":"closed","ping_status":"closed","template":"","meta":{"footnotes":""},"class_list":["post-5856","page","type-page","status-publish","hentry"],"_links":{"self":[{"href":"https:\/\/www.alfapatent-stanadvoka.com\/tr\/wp-json\/wp\/v2\/pages\/5856","targetHints":{"allow":["GET"]}}],"collection":[{"href":"https:\/\/www.alfapatent-stanadvoka.com\/tr\/wp-json\/wp\/v2\/pages"}],"about":[{"href":"https:\/\/www.alfapatent-stanadvoka.com\/tr\/wp-json\/wp\/v2\/types\/page"}],"author":[{"embeddable":true,"href":"https:\/\/www.alfapatent-stanadvoka.com\/tr\/wp-json\/wp\/v2\/users\/1"}],"replies":[{"embeddable":true,"href":"https:\/\/www.alfapatent-stanadvoka.com\/tr\/wp-json\/wp\/v2\/comments?post=5856"}],"version-history":[{"count":19,"href":"https:\/\/www.alfapatent-stanadvoka.com\/tr\/wp-json\/wp\/v2\/pages\/5856\/revisions"}],"predecessor-version":[{"id":5915,"href":"https:\/\/www.alfapatent-stanadvoka.com\/tr\/wp-json\/wp\/v2\/pages\/5856\/revisions\/5915"}],"wp:attachment":[{"href":"https:\/\/www.alfapatent-stanadvoka.com\/tr\/wp-json\/wp\/v2\/media?parent=5856"}],"curies":[{"name":"wp","href":"https:\/\/api.w.org\/{rel}","templated":true}]}}