{"id":4398,"date":"2020-12-26T16:15:13","date_gmt":"2020-12-26T13:15:13","guid":{"rendered":"http:\/\/www.alfapatent-stanadvoka.com\/?page_id=4398"},"modified":"2025-02-08T16:16:52","modified_gmt":"2025-02-08T13:16:52","slug":"istemler","status":"publish","type":"page","link":"https:\/\/www.alfapatent-stanadvoka.com\/tr\/istemler\/","title":{"rendered":"Soru &#8211; Cevap \/ \u0130stemler"},"content":{"rendered":"<div class=\"wpb-content-wrapper\"><p>[vc_row][vc_column width=&#8221;1\/4&#8243;]\n\t\t\t<div id=\"wd-5fe1baecb5b1b\" class=\"widget_nav_mega_menu shortcode-mega-menu \">\n\n\t\t\t\t\t\t\t\t\t<h5 class=\"widget-title color-scheme-dark\">\n\t\t\t\t\t\tSoru Kategorileri\t\t\t\t\t<\/h5>\n\t\t\t\t\n\t\t\t\t<div class=\"woodmart-navigation vertical-navigation\">\n\t\t\t\t\t<div class=\"menu-sorucevap-turkish-container\"><ul id=\"menu-sorucevap-turkish\" class=\"menu\"><li id=\"menu-item-4675\" class=\"menu-item menu-item-type-post_type menu-item-object-page menu-item-4675 item-level-0 menu-item-design-default menu-simple-dropdown item-event-hover\"><a href=\"https:\/\/www.alfapatent-stanadvoka.com\/tr\/soru-cevap\/\" class=\"woodmart-nav-link\"><span class=\"nav-link-text\">Patent Vekilli\u011fi Mesle\u011fi<\/span><\/a><\/li>\n<li id=\"menu-item-4670\" class=\"menu-item menu-item-type-post_type menu-item-object-page menu-item-4670 item-level-0 menu-item-design-default menu-simple-dropdown item-event-hover\"><a href=\"https:\/\/www.alfapatent-stanadvoka.com\/tr\/ruchan\/\" class=\"woodmart-nav-link\"><span class=\"nav-link-text\">R\u00fc\u00e7han<\/span><\/a><\/li>\n<li id=\"menu-item-4673\" class=\"menu-item menu-item-type-post_type menu-item-object-page menu-item-4673 item-level-0 menu-item-design-default menu-simple-dropdown item-event-hover\"><a href=\"https:\/\/www.alfapatent-stanadvoka.com\/tr\/bulusun-uygulamaya-konabilme-yeterliligi\/\" class=\"woodmart-nav-link\"><span class=\"nav-link-text\">Bulu\u015fun Uygulamaya Konabilme Yeterlili\u011fi<\/span><\/a><\/li>\n<li id=\"menu-item-4667\" class=\"menu-item menu-item-type-post_type menu-item-object-page menu-item-4667 item-level-0 menu-item-design-default menu-simple-dropdown item-event-hover\"><a href=\"https:\/\/www.alfapatent-stanadvoka.com\/tr\/soru-cevap-yayin\/\" class=\"woodmart-nav-link\"><span class=\"nav-link-text\">Yay\u0131n<\/span><\/a><\/li>\n<li id=\"menu-item-4666\" class=\"menu-item menu-item-type-post_type menu-item-object-page menu-item-4666 item-level-0 menu-item-design-default menu-simple-dropdown item-event-hover\"><a href=\"https:\/\/www.alfapatent-stanadvoka.com\/tr\/soru-cevap-yenilik-kavrami-etrafinda-tartismalar\/\" class=\"woodmart-nav-link\"><span class=\"nav-link-text\">Yenilik Kavram\u0131 Etraf\u0131nda Tart\u0131\u015fmalar<\/span><\/a><\/li>\n<li id=\"menu-item-4674\" class=\"menu-item menu-item-type-post_type menu-item-object-page menu-item-4674 item-level-0 menu-item-design-default menu-simple-dropdown item-event-hover\"><a href=\"https:\/\/www.alfapatent-stanadvoka.com\/tr\/bulus-basamagi\/\" class=\"woodmart-nav-link\"><span class=\"nav-link-text\">Bulu\u015f Basama\u011f\u0131<\/span><\/a><\/li>\n<li id=\"menu-item-4676\" class=\"menu-item menu-item-type-post_type menu-item-object-page menu-item-4676 item-level-0 menu-item-design-default menu-simple-dropdown item-event-hover\"><a href=\"https:\/\/www.alfapatent-stanadvoka.com\/tr\/basvuru-duzeltme\/\" class=\"woodmart-nav-link\"><span class=\"nav-link-text\">Ba\u015fvuru D\u00fczeltme<\/span><\/a><\/li>\n<li id=\"menu-item-4669\" class=\"menu-item menu-item-type-post_type menu-item-object-page menu-item-4669 item-level-0 menu-item-design-default menu-simple-dropdown item-event-hover\"><a href=\"https:\/\/www.alfapatent-stanadvoka.com\/tr\/teshis-ve-tedavi-usulleri\/\" class=\"woodmart-nav-link\"><span class=\"nav-link-text\">Te\u015fhis ve Tedavi Usulleri<\/span><\/a><\/li>\n<li id=\"menu-item-4671\" class=\"menu-item menu-item-type-post_type menu-item-object-page menu-item-4671 item-level-0 menu-item-design-default menu-simple-dropdown item-event-hover\"><a href=\"https:\/\/www.alfapatent-stanadvoka.com\/tr\/patent-itirazi-proseduru\/\" class=\"woodmart-nav-link\"><span class=\"nav-link-text\">Patent \u0130tiraz\u0131 Prosed\u00fcr\u00fc<\/span><\/a><\/li>\n<li id=\"menu-item-4668\" class=\"menu-item menu-item-type-post_type menu-item-object-page menu-item-4668 item-level-0 menu-item-design-default menu-simple-dropdown item-event-hover\"><a href=\"https:\/\/www.alfapatent-stanadvoka.com\/tr\/istemler\/\" class=\"woodmart-nav-link\"><span class=\"nav-link-text\">\u0130stemler<\/span><\/a><\/li>\n<\/ul><\/div>\t\t\t\t<\/div>\n\n\t\t\t\t\t\t\t<\/div>\n\t\t[vc_empty_space woodmart_hide_large=&#8221;0&#8243; woodmart_hide_medium=&#8221;0&#8243; woodmart_hide_small=&#8221;0&#8243; woodmart_hide_extra_small=&#8221;0&#8243;][\/vc_column][vc_column width=&#8221;3\/4&#8243;]\n\t\t<div id=\"wd-5fe736237ffd1\" class=\"title-wrapper  woodmart-title-color-default woodmart-title-style-underlined woodmart-title-width-100 text-left woodmart-title-size-default \">\n\t\t\t\n\t\t\t<div class=\"liner-continer\">\n\t\t\t\t<span class=\"left-line\"><\/span>\n\t\t\t\t<h4 class=\"woodmart-title-container title  woodmart-font-weight-\" >\u0130stemler<\/h4>\t\t\t\t\t\t\t\t<span class=\"right-line\"><\/span>\n\t\t\t<\/div>\n\t\t\t\n\t\t\t\n\t\t\t\t\t<\/div>\n\t\t\n\t\t[vc_tta_accordion shape=&#8221;square&#8221; color=&#8221;sky&#8221; spacing=&#8221;25&#8243; gap=&#8221;25&#8243; c_position=&#8221;right&#8221; active_section=&#8221;1&#8243; no_fill=&#8221;true&#8221; collapsible_all=&#8221;true&#8221;][vc_tta_section title=&#8221;Ula\u015f\u0131lmas\u0131 arzulanan sonu\u00e7 nedir?&#8221; tab_id=&#8221;1608984378097-285401b6-f420123&#8243;][vc_column_text text_larger=&#8221;no&#8221;]<\/p>\n<div align=\"justify\"><\/div>\n<p><a href=\"https:\/\/www.alfapatent-stanadvoka.com\/wp-content\/uploads\/2025\/02\/diagram-365.svg\"><img loading=\"lazy\" decoding=\"async\" class=\"aligncenter wp-image-8958 size-full\" src=\"https:\/\/www.alfapatent-stanadvoka.com\/wp-content\/uploads\/2025\/02\/diagram-365.svg\" alt=\"\" width=\"1232\" height=\"1211\" \/><\/a>[\/vc_column_text][\/vc_tta_section][vc_tta_section title=&#8221;Mevcut bir ula\u015f\u0131lmas\u0131 arzulanan sonu\u00e7 ihlali nas\u0131l anla\u015f\u0131l\u0131r?&#8221; tab_id=&#8221;1608988232209-b5e19a93-8522&#8243;][vc_column_text text_larger=&#8221;no&#8221;]<\/p>\n<div align=\"justify\">\n<div align=\"justify\"><\/div>\n<\/div>\n<p><a href=\"https:\/\/www.alfapatent-stanadvoka.com\/wp-content\/uploads\/2025\/02\/diagram-366.svg\"><img loading=\"lazy\" decoding=\"async\" class=\"aligncenter wp-image-8964 size-full\" src=\"https:\/\/www.alfapatent-stanadvoka.com\/wp-content\/uploads\/2025\/02\/diagram-366.svg\" alt=\"\" width=\"1232\" height=\"515\" \/><\/a>[\/vc_column_text][\/vc_tta_section][vc_tta_section title=&#8221;Ula\u015f\u0131lmas\u0131 arzulanan sonu\u00e7 \u00f6nemsiz midir?&#8221; tab_id=&#8221;1608988254900-3ba85a91-e950&#8243;][vc_column_text text_larger=&#8221;no&#8221;]<\/p>\n<div align=\"justify\">\n<div align=\"justify\">\n<div align=\"justify\"><\/div>\n<\/div>\n<\/div>\n<p><a href=\"https:\/\/www.alfapatent-stanadvoka.com\/wp-content\/uploads\/2025\/02\/diagram-367.svg\"><img loading=\"lazy\" decoding=\"async\" class=\"aligncenter wp-image-8970 size-full\" src=\"https:\/\/www.alfapatent-stanadvoka.com\/wp-content\/uploads\/2025\/02\/diagram-367.svg\" alt=\"\" width=\"1232\" height=\"1560\" \/><\/a>[\/vc_column_text][\/vc_tta_section][vc_tta_section title=&#8221;Ula\u015f\u0131lmas\u0131 arzulanan sonuca ka\u00e7 farkl\u0131 bi\u00e7imde ula\u015f\u0131labilece\u011finin \u00f6nemi var m\u0131d\u0131r?&#8221; tab_id=&#8221;1608988348126-6ec6b6b4-01c5&#8243;][vc_column_text text_larger=&#8221;no&#8221;]<\/p>\n<div align=\"justify\">\n<div align=\"justify\">\n<div align=\"justify\">\n<div align=\"justify\"><\/div>\n<\/div>\n<\/div>\n<\/div>\n<p><a href=\"https:\/\/www.alfapatent-stanadvoka.com\/wp-content\/uploads\/2025\/02\/diagram-368.svg\"><img loading=\"lazy\" decoding=\"async\" class=\"aligncenter wp-image-8976 size-full\" src=\"https:\/\/www.alfapatent-stanadvoka.com\/wp-content\/uploads\/2025\/02\/diagram-368.svg\" alt=\"\" width=\"1232\" height=\"1476\" \/><\/a>[\/vc_column_text][\/vc_tta_section][vc_tta_section title=&#8221;Ula\u015f\u0131lmas\u0131 arzulanan sonu\u00e7 kusuru nas\u0131l giderilebilir?&#8221; tab_id=&#8221;1608988417935-7ab630e0-1d7e&#8221;][vc_column_text text_larger=&#8221;no&#8221;]<\/p>\n<div align=\"justify\">\n<div align=\"justify\">\n<div align=\"justify\">\n<div align=\"justify\"><\/div>\n<\/div>\n<\/div>\n<\/div>\n<p><a href=\"https:\/\/www.alfapatent-stanadvoka.com\/wp-content\/uploads\/2025\/02\/diagram-369.svg\"><img loading=\"lazy\" decoding=\"async\" class=\"aligncenter wp-image-8982 size-full\" src=\"https:\/\/www.alfapatent-stanadvoka.com\/wp-content\/uploads\/2025\/02\/diagram-369.svg\" alt=\"\" width=\"1232\" height=\"3016\" \/><\/a>[\/vc_column_text][\/vc_tta_section][vc_tta_section title=&#8221;Ula\u015f\u0131lmas\u0131 arzulanan sonu\u00e7 k\u0131sm\u0131na sahip bir istemde bu b\u00f6l\u00fcm\u00fcn bilinen tekni\u011fi anlatan k\u0131s\u0131mda veya ay\u0131rt edici k\u0131s\u0131mda yer almas\u0131n\u0131n sonu\u00e7lar\u0131 var m\u0131d\u0131r?&#8221; tab_id=&#8221;1608988497671-f4b31a3f-1e31&#8243;][vc_column_text text_larger=&#8221;no&#8221;]<\/p>\n<div align=\"justify\">\n<div align=\"justify\">\n<div align=\"justify\">\n<div align=\"justify\"><\/div>\n<\/div>\n<\/div>\n<\/div>\n<p><a href=\"https:\/\/www.alfapatent-stanadvoka.com\/wp-content\/uploads\/2025\/02\/diagram-370.svg\"><img loading=\"lazy\" decoding=\"async\" class=\"aligncenter wp-image-8988 size-full\" src=\"https:\/\/www.alfapatent-stanadvoka.com\/wp-content\/uploads\/2025\/02\/diagram-370.svg\" alt=\"\" width=\"1232\" height=\"459\" \/><\/a>[\/vc_column_text][\/vc_tta_section][vc_tta_section title=&#8221;A\u00e7\u0131kl\u0131k kriterinin noksanl\u0131\u011f\u0131 neden tescil sonras\u0131 patent itiraz\u0131 konusu de\u011fildir?&#8221; tab_id=&#8221;1608988566847-01cc725d-651d&#8221;][vc_column_text text_larger=&#8221;no&#8221;]<\/p>\n<div align=\"justify\">\n<div align=\"justify\">\n<div align=\"justify\">\n<div align=\"justify\"><\/div>\n<\/div>\n<\/div>\n<\/div>\n<p><a href=\"https:\/\/www.alfapatent-stanadvoka.com\/wp-content\/uploads\/2025\/02\/diagram-371.svg\"><img loading=\"lazy\" decoding=\"async\" class=\"aligncenter wp-image-8994 size-full\" src=\"https:\/\/www.alfapatent-stanadvoka.com\/wp-content\/uploads\/2025\/02\/diagram-371.svg\" alt=\"\" width=\"1232\" height=\"533\" \/><\/a>[\/vc_column_text][\/vc_tta_section][vc_tta_section title=&#8221;Ula\u015f\u0131lmas\u0131 arzu edilen k\u0131sma sahip bir istemin yenilik analizi a\u00e7\u0131s\u0131ndan de\u011ferlendirilmesi nas\u0131l komplikasyonlar \u00fcretebilir?&#8221; tab_id=&#8221;1608988584567-0e68e582-8c61&#8243;][vc_column_text text_larger=&#8221;no&#8221;]<\/p>\n<div align=\"justify\">\n<div align=\"justify\">\n<div align=\"justify\">\n<div align=\"justify\">\n<div align=\"justify\"><\/div>\n<\/div>\n<\/div>\n<\/div>\n<\/div>\n<p><a href=\"https:\/\/www.alfapatent-stanadvoka.com\/wp-content\/uploads\/2025\/02\/diagram-372.svg\"><img loading=\"lazy\" decoding=\"async\" class=\"aligncenter wp-image-9000 size-full\" src=\"https:\/\/www.alfapatent-stanadvoka.com\/wp-content\/uploads\/2025\/02\/diagram-372.svg\" alt=\"\" width=\"1232\" height=\"850\" \/><\/a>[\/vc_column_text][\/vc_tta_section][vc_tta_section title=&#8221;Esas (asli) \u00f6zelliklerle a\u00e7\u0131kl\u0131k kriterinin ilgisi nedir?&#8221; tab_id=&#8221;1608988640737-efba1c5f-a924&#8243;][vc_column_text text_larger=&#8221;no&#8221;]<\/p>\n<div align=\"justify\">\n<div align=\"justify\">\n<div align=\"justify\">\n<div align=\"justify\">\n<div align=\"justify\">\n<div align=\"justify\"><\/div>\n<\/div>\n<\/div>\n<\/div>\n<\/div>\n<\/div>\n<p><a href=\"https:\/\/www.alfapatent-stanadvoka.com\/wp-content\/uploads\/2025\/02\/diagram-373.svg\"><img loading=\"lazy\" decoding=\"async\" class=\"aligncenter wp-image-9006 size-full\" src=\"https:\/\/www.alfapatent-stanadvoka.com\/wp-content\/uploads\/2025\/02\/diagram-373.svg\" alt=\"\" width=\"1232\" height=\"1301\" \/><\/a>[\/vc_column_text][\/vc_tta_section][vc_tta_section title=&#8221;Esas \u00f6zelliklerin eksik olmas\u0131 durumunda ya\u015fanabilecek komplikasyonlar nelerdir?&#8221; tab_id=&#8221;1608988720449-2a7e4115-1557&#8243;][vc_column_text text_larger=&#8221;no&#8221;]<\/p>\n<div align=\"justify\">\n<div align=\"justify\">\n<div align=\"justify\">\n<div align=\"justify\">\n<div align=\"justify\">\n<div align=\"justify\"><\/div>\n<\/div>\n<\/div>\n<\/div>\n<\/div>\n<\/div>\n<p><a href=\"https:\/\/www.alfapatent-stanadvoka.com\/wp-content\/uploads\/2025\/02\/diagram-374.svg\"><img loading=\"lazy\" decoding=\"async\" class=\"aligncenter wp-image-9012 size-full\" src=\"https:\/\/www.alfapatent-stanadvoka.com\/wp-content\/uploads\/2025\/02\/diagram-374.svg\" alt=\"\" width=\"1232\" height=\"866\" \/><\/a>[\/vc_column_text][\/vc_tta_section][\/vc_tta_accordion][\/vc_column][\/vc_row]<\/p>\n<\/div>","protected":false},"excerpt":{"rendered":"<p>[vc_row][vc_column width=&#8221;1\/4&#8243;][vc_empty_space woodmart_hide_large=&#8221;0&#8243; woodmart_hide_medium=&#8221;0&#8243; woodmart_hide_small=&#8221;0&#8243; woodmart_hide_extra_small=&#8221;0&#8243;][\/vc_column][vc_column width=&#8221;3\/4&#8243;][vc_tta_accordion shape=&#8221;square&#8221; color=&#8221;sky&#8221; spacing=&#8221;25&#8243; gap=&#8221;25&#8243; c_position=&#8221;right&#8221; active_section=&#8221;1&#8243; no_fill=&#8221;true&#8221; collapsible_all=&#8221;true&#8221;][vc_tta_section title=&#8221;Ula\u015f\u0131lmas\u0131 arzulanan sonu\u00e7 nedir?&#8221; tab_id=&#8221;1608984378097-285401b6-f420123&#8243;][vc_column_text<\/p>\n","protected":false},"author":1,"featured_media":0,"parent":0,"menu_order":0,"comment_status":"closed","ping_status":"closed","template":"","meta":{"footnotes":""},"class_list":["post-4398","page","type-page","status-publish","hentry"],"_links":{"self":[{"href":"https:\/\/www.alfapatent-stanadvoka.com\/tr\/wp-json\/wp\/v2\/pages\/4398","targetHints":{"allow":["GET"]}}],"collection":[{"href":"https:\/\/www.alfapatent-stanadvoka.com\/tr\/wp-json\/wp\/v2\/pages"}],"about":[{"href":"https:\/\/www.alfapatent-stanadvoka.com\/tr\/wp-json\/wp\/v2\/types\/page"}],"author":[{"embeddable":true,"href":"https:\/\/www.alfapatent-stanadvoka.com\/tr\/wp-json\/wp\/v2\/users\/1"}],"replies":[{"embeddable":true,"href":"https:\/\/www.alfapatent-stanadvoka.com\/tr\/wp-json\/wp\/v2\/comments?post=4398"}],"version-history":[{"count":9,"href":"https:\/\/www.alfapatent-stanadvoka.com\/tr\/wp-json\/wp\/v2\/pages\/4398\/revisions"}],"predecessor-version":[{"id":9019,"href":"https:\/\/www.alfapatent-stanadvoka.com\/tr\/wp-json\/wp\/v2\/pages\/4398\/revisions\/9019"}],"wp:attachment":[{"href":"https:\/\/www.alfapatent-stanadvoka.com\/tr\/wp-json\/wp\/v2\/media?parent=4398"}],"curies":[{"name":"wp","href":"https:\/\/api.w.org\/{rel}","templated":true}]}}