{"id":4393,"date":"2020-12-26T16:00:12","date_gmt":"2020-12-26T13:00:12","guid":{"rendered":"http:\/\/www.alfapatent-stanadvoka.com\/?page_id=4393"},"modified":"2025-02-08T15:44:43","modified_gmt":"2025-02-08T12:44:43","slug":"patent-itirazi-proseduru","status":"publish","type":"page","link":"https:\/\/www.alfapatent-stanadvoka.com\/tr\/patent-itirazi-proseduru\/","title":{"rendered":"Soru &#8211; Cevap \/ Patent \u0130tiraz\u0131 Prosed\u00fcr\u00fc"},"content":{"rendered":"<div class=\"wpb-content-wrapper\"><p>[vc_row][vc_column width=&#8221;1\/4&#8243;]\n\t\t\t<div id=\"wd-5fe1baecb5b1b\" class=\"widget_nav_mega_menu shortcode-mega-menu \">\n\n\t\t\t\t\t\t\t\t\t<h5 class=\"widget-title color-scheme-dark\">\n\t\t\t\t\t\tSoru Kategorileri\t\t\t\t\t<\/h5>\n\t\t\t\t\n\t\t\t\t<div class=\"woodmart-navigation vertical-navigation\">\n\t\t\t\t\t<div class=\"menu-sorucevap-turkish-container\"><ul id=\"menu-sorucevap-turkish\" class=\"menu\"><li id=\"menu-item-4675\" class=\"menu-item menu-item-type-post_type menu-item-object-page menu-item-4675 item-level-0 menu-item-design-default menu-simple-dropdown item-event-hover\"><a href=\"https:\/\/www.alfapatent-stanadvoka.com\/tr\/soru-cevap\/\" class=\"woodmart-nav-link\"><span class=\"nav-link-text\">Patent Vekilli\u011fi Mesle\u011fi<\/span><\/a><\/li>\n<li id=\"menu-item-4670\" class=\"menu-item menu-item-type-post_type menu-item-object-page menu-item-4670 item-level-0 menu-item-design-default menu-simple-dropdown item-event-hover\"><a href=\"https:\/\/www.alfapatent-stanadvoka.com\/tr\/ruchan\/\" class=\"woodmart-nav-link\"><span class=\"nav-link-text\">R\u00fc\u00e7han<\/span><\/a><\/li>\n<li id=\"menu-item-4673\" class=\"menu-item menu-item-type-post_type menu-item-object-page menu-item-4673 item-level-0 menu-item-design-default menu-simple-dropdown item-event-hover\"><a href=\"https:\/\/www.alfapatent-stanadvoka.com\/tr\/bulusun-uygulamaya-konabilme-yeterliligi\/\" class=\"woodmart-nav-link\"><span class=\"nav-link-text\">Bulu\u015fun Uygulamaya Konabilme Yeterlili\u011fi<\/span><\/a><\/li>\n<li id=\"menu-item-4667\" class=\"menu-item menu-item-type-post_type menu-item-object-page menu-item-4667 item-level-0 menu-item-design-default menu-simple-dropdown item-event-hover\"><a href=\"https:\/\/www.alfapatent-stanadvoka.com\/tr\/soru-cevap-yayin\/\" class=\"woodmart-nav-link\"><span class=\"nav-link-text\">Yay\u0131n<\/span><\/a><\/li>\n<li id=\"menu-item-4666\" class=\"menu-item menu-item-type-post_type menu-item-object-page menu-item-4666 item-level-0 menu-item-design-default menu-simple-dropdown item-event-hover\"><a href=\"https:\/\/www.alfapatent-stanadvoka.com\/tr\/soru-cevap-yenilik-kavrami-etrafinda-tartismalar\/\" class=\"woodmart-nav-link\"><span class=\"nav-link-text\">Yenilik Kavram\u0131 Etraf\u0131nda Tart\u0131\u015fmalar<\/span><\/a><\/li>\n<li id=\"menu-item-4674\" class=\"menu-item menu-item-type-post_type menu-item-object-page menu-item-4674 item-level-0 menu-item-design-default menu-simple-dropdown item-event-hover\"><a href=\"https:\/\/www.alfapatent-stanadvoka.com\/tr\/bulus-basamagi\/\" class=\"woodmart-nav-link\"><span class=\"nav-link-text\">Bulu\u015f Basama\u011f\u0131<\/span><\/a><\/li>\n<li id=\"menu-item-4676\" class=\"menu-item menu-item-type-post_type menu-item-object-page menu-item-4676 item-level-0 menu-item-design-default menu-simple-dropdown item-event-hover\"><a href=\"https:\/\/www.alfapatent-stanadvoka.com\/tr\/basvuru-duzeltme\/\" class=\"woodmart-nav-link\"><span class=\"nav-link-text\">Ba\u015fvuru D\u00fczeltme<\/span><\/a><\/li>\n<li id=\"menu-item-4669\" class=\"menu-item menu-item-type-post_type menu-item-object-page menu-item-4669 item-level-0 menu-item-design-default menu-simple-dropdown item-event-hover\"><a href=\"https:\/\/www.alfapatent-stanadvoka.com\/tr\/teshis-ve-tedavi-usulleri\/\" class=\"woodmart-nav-link\"><span class=\"nav-link-text\">Te\u015fhis ve Tedavi Usulleri<\/span><\/a><\/li>\n<li id=\"menu-item-4671\" class=\"menu-item menu-item-type-post_type menu-item-object-page menu-item-4671 item-level-0 menu-item-design-default menu-simple-dropdown item-event-hover\"><a href=\"https:\/\/www.alfapatent-stanadvoka.com\/tr\/patent-itirazi-proseduru\/\" class=\"woodmart-nav-link\"><span class=\"nav-link-text\">Patent \u0130tiraz\u0131 Prosed\u00fcr\u00fc<\/span><\/a><\/li>\n<li id=\"menu-item-4668\" class=\"menu-item menu-item-type-post_type menu-item-object-page menu-item-4668 item-level-0 menu-item-design-default menu-simple-dropdown item-event-hover\"><a href=\"https:\/\/www.alfapatent-stanadvoka.com\/tr\/istemler\/\" class=\"woodmart-nav-link\"><span class=\"nav-link-text\">\u0130stemler<\/span><\/a><\/li>\n<\/ul><\/div>\t\t\t\t<\/div>\n\n\t\t\t\t\t\t\t<\/div>\n\t\t[vc_empty_space woodmart_hide_large=&#8221;0&#8243; woodmart_hide_medium=&#8221;0&#8243; woodmart_hide_small=&#8221;0&#8243; woodmart_hide_extra_small=&#8221;0&#8243;][\/vc_column][vc_column width=&#8221;3\/4&#8243;]\n\t\t<div id=\"wd-5fe733cac79ac\" class=\"title-wrapper  woodmart-title-color-default woodmart-title-style-underlined woodmart-title-width-100 text-left woodmart-title-size-default \">\n\t\t\t\n\t\t\t<div class=\"liner-continer\">\n\t\t\t\t<span class=\"left-line\"><\/span>\n\t\t\t\t<h4 class=\"woodmart-title-container title  woodmart-font-weight-\" >Patent \u0130tiraz\u0131 Prosed\u00fcr\u00fc<\/h4>\t\t\t\t\t\t\t\t<span class=\"right-line\"><\/span>\n\t\t\t<\/div>\n\t\t\t\n\t\t\t\n\t\t\t\t\t<\/div>\n\t\t\n\t\t[vc_tta_accordion shape=&#8221;square&#8221; color=&#8221;sky&#8221; spacing=&#8221;25&#8243; gap=&#8221;25&#8243; c_position=&#8221;right&#8221; active_section=&#8221;1&#8243; no_fill=&#8221;true&#8221; collapsible_all=&#8221;true&#8221;]<\/p>\n<div align=\"justify\">\n<p>[vc_tta_section title=&#8221;\u0130tiraz prosed\u00fcr\u00fcn\u00fcn ana hatlar\u0131 nelerdir?&#8221; tab_id=&#8221;1608987650596-c4862b92-553c&#8221;][vc_column_text text_larger=&#8221;no&#8221;]<\/p>\n<\/div>\n<div align=\"justify\"><\/div>\n<p><a href=\"https:\/\/www.alfapatent-stanadvoka.com\/wp-content\/uploads\/2025\/02\/diagram-356.svg\"><img loading=\"lazy\" decoding=\"async\" class=\"aligncenter wp-image-8882 size-full\" src=\"https:\/\/www.alfapatent-stanadvoka.com\/wp-content\/uploads\/2025\/02\/diagram-356.svg\" alt=\"\" width=\"1232\" height=\"1259\" \/><\/a>[\/vc_column_text][\/vc_tta_section][vc_tta_section title=&#8221;Bir patent hatal\u0131 olarak tescil edilmi\u015fse ne sonu\u00e7lar ortaya \u00e7\u0131kabilir?&#8221; tab_id=&#8221;1608987740323-c14245eb-eea7&#8243;][vc_column_text text_larger=&#8221;no&#8221;]<\/p>\n<div align=\"justify\"><a href=\"https:\/\/www.alfapatent-stanadvoka.com\/wp-content\/uploads\/2025\/02\/diagram-357-3.svg\"><img loading=\"lazy\" decoding=\"async\" class=\"aligncenter wp-image-8907 size-full\" src=\"https:\/\/www.alfapatent-stanadvoka.com\/wp-content\/uploads\/2025\/02\/diagram-357-3.svg\" alt=\"\" width=\"1232\" height=\"1078\" \/><\/a><\/div>\n<p>[\/vc_column_text][\/vc_tta_section][vc_tta_section title=&#8221;Bir patente itiraz etmek i\u00e7in kullan\u0131labilecek gerek\u00e7eler nelerdir?&#8221; tab_id=&#8221;1608987765322-a8833d09-0e02&#8243;][vc_column_text text_larger=&#8221;no&#8221;]<\/p>\n<div align=\"justify\"><\/div>\n<p><a href=\"https:\/\/www.alfapatent-stanadvoka.com\/wp-content\/uploads\/2025\/02\/diagram-358.svg\"><img loading=\"lazy\" decoding=\"async\" class=\"aligncenter wp-image-8913 size-full\" src=\"https:\/\/www.alfapatent-stanadvoka.com\/wp-content\/uploads\/2025\/02\/diagram-358.svg\" alt=\"\" width=\"1232\" height=\"1222\" \/><\/a>[\/vc_column_text][\/vc_tta_section][vc_tta_section title=&#8221;Kapsam a\u015f\u0131m\u0131n\u0131n k\u0131sa tarifi nedir ve bu durum bir itiraz gerek\u00e7esi olarak ne anlama gelir?&#8221; tab_id=&#8221;1608987848125-e1034735-0f0b&#8221;][vc_column_text text_larger=&#8221;no&#8221;]<\/p>\n<div align=\"justify\">\n<div align=\"justify\"><\/div>\n<\/div>\n<p><a href=\"https:\/\/www.alfapatent-stanadvoka.com\/wp-content\/uploads\/2025\/02\/diagram-359.svg\"><img loading=\"lazy\" decoding=\"async\" class=\"aligncenter wp-image-8919 size-full\" src=\"https:\/\/www.alfapatent-stanadvoka.com\/wp-content\/uploads\/2025\/02\/diagram-359.svg\" alt=\"\" width=\"1231\" height=\"1450\" \/><\/a>[\/vc_column_text][\/vc_tta_section][vc_tta_section title=&#8221;Ba\u015fvurunun kapsam\u0131n\u0131n geni\u015fletilmesi ile koruma kapsam\u0131n\u0131n geni\u015fletilmesi aras\u0131ndaki fark ve ili\u015fki nedir?&#8221; tab_id=&#8221;1608987900877-4f845dc0-1237&#8243;][vc_column_text text_larger=&#8221;no&#8221;]<\/p>\n<div align=\"justify\">\n<div align=\"justify\">\n<div align=\"justify\">\n<p><a href=\"https:\/\/www.alfapatent-stanadvoka.com\/wp-content\/uploads\/2025\/02\/diagram-360.svg\"><img loading=\"lazy\" decoding=\"async\" class=\"aligncenter wp-image-8925 size-full\" src=\"https:\/\/www.alfapatent-stanadvoka.com\/wp-content\/uploads\/2025\/02\/diagram-360.svg\" alt=\"\" width=\"1232\" height=\"1842\" \/><\/a><\/p>\n<\/div>\n<\/div>\n<\/div>\n<p>[\/vc_column_text][\/vc_tta_section][vc_tta_section title=&#8221;Kapsam a\u015f\u0131m\u0131 bir patent ba\u015fvurusunun inceleme s\u00fcrecinde ger\u00e7ekle\u015ftirilirse sonu\u00e7lar\u0131 nelerdir?&#8221; tab_id=&#8221;1608987916598-19ee35e4-cab1&#8243;][vc_column_text text_larger=&#8221;no&#8221;]<\/p>\n<div align=\"justify\">\n<div align=\"justify\">\n<div align=\"justify\">\n<div align=\"justify\"><\/div>\n<\/div>\n<\/div>\n<\/div>\n<p><a href=\"https:\/\/www.alfapatent-stanadvoka.com\/wp-content\/uploads\/2025\/02\/diagram-361.svg\"><img loading=\"lazy\" decoding=\"async\" class=\"aligncenter wp-image-8931 size-full\" src=\"https:\/\/www.alfapatent-stanadvoka.com\/wp-content\/uploads\/2025\/02\/diagram-361.svg\" alt=\"\" width=\"1212\" height=\"1956\" \/><\/a>[\/vc_column_text][\/vc_tta_section][vc_tta_section title=&#8221;Kapsam a\u015f\u0131m\u0131 ihlaline ra\u011fmen tescil edilen bir patentte belge sahibinin d\u00fczeltme se\u00e7enekleri nelerdir?&#8221; tab_id=&#8221;1608987942586-c69e715e-fdc4&#8243;][vc_column_text text_larger=&#8221;no&#8221;]<\/p>\n<div align=\"justify\">\n<div align=\"justify\">\n<div align=\"justify\">\n<div align=\"justify\"><\/div>\n<\/div>\n<\/div>\n<\/div>\n<p><a href=\"https:\/\/www.alfapatent-stanadvoka.com\/wp-content\/uploads\/2025\/02\/diagram-362.svg\"><img loading=\"lazy\" decoding=\"async\" class=\"aligncenter wp-image-8937 size-full\" src=\"https:\/\/www.alfapatent-stanadvoka.com\/wp-content\/uploads\/2025\/02\/diagram-362.svg\" alt=\"\" width=\"1232\" height=\"963\" \/><\/a>[\/vc_column_text][\/vc_tta_section][vc_tta_section title=&#8221;Kapsam a\u015f\u0131m\u0131na sahip tescilli belgenin kaybedilmeden d\u00fczeltilebilmesine imkan verecek bir yol olabilir mi?&#8221; tab_id=&#8221;1608987973157-8ac92ae2-adc0&#8243;][vc_column_text text_larger=&#8221;no&#8221;]<\/p>\n<div align=\"justify\">\n<div align=\"justify\">\n<div align=\"justify\">\n<div align=\"justify\"><\/div>\n<\/div>\n<\/div>\n<\/div>\n<div align=\"justify\">\n<div align=\"justify\">\n<div align=\"justify\">\n<div align=\"justify\"><\/div>\n<\/div>\n<\/div>\n<\/div>\n<p><a href=\"https:\/\/www.alfapatent-stanadvoka.com\/wp-content\/uploads\/2025\/02\/diagram-363.svg\"><img loading=\"lazy\" decoding=\"async\" class=\"aligncenter wp-image-8944 size-full\" src=\"https:\/\/www.alfapatent-stanadvoka.com\/wp-content\/uploads\/2025\/02\/diagram-363.svg\" alt=\"\" width=\"846\" height=\"1770\" \/><\/a>[\/vc_column_text][\/vc_tta_section][vc_tta_section title=&#8221;\u0130nceleme s\u0131ras\u0131nda tarifnameden \u00e7\u0131kar\u0131lmak suretiyle kapsam a\u015fan bir \u00f6zellik tescil sonras\u0131 hukuki ihlale yol a\u00e7maks\u0131z\u0131n d\u00fczeltilebilir mi?&#8221; tab_id=&#8221;1608988067967-6849f22d-5c74&#8243;][vc_column_text text_larger=&#8221;no&#8221;]<\/p>\n<div align=\"justify\">\n<div align=\"justify\">\n<div align=\"justify\">\n<div align=\"justify\"><\/div>\n<\/div>\n<\/div>\n<\/div>\n<p><a href=\"https:\/\/www.alfapatent-stanadvoka.com\/wp-content\/uploads\/2025\/02\/diagram-364.svg\"><img loading=\"lazy\" decoding=\"async\" class=\"aligncenter wp-image-8950 size-full\" src=\"https:\/\/www.alfapatent-stanadvoka.com\/wp-content\/uploads\/2025\/02\/diagram-364.svg\" alt=\"\" width=\"1232\" height=\"1546\" \/><\/a>[\/vc_column_text][\/vc_tta_section][\/vc_tta_accordion][\/vc_column][\/vc_row]<\/p>\n<\/div>","protected":false},"excerpt":{"rendered":"<p>[vc_row][vc_column width=&#8221;1\/4&#8243;][vc_empty_space woodmart_hide_large=&#8221;0&#8243; woodmart_hide_medium=&#8221;0&#8243; woodmart_hide_small=&#8221;0&#8243; woodmart_hide_extra_small=&#8221;0&#8243;][\/vc_column][vc_column width=&#8221;3\/4&#8243;][vc_tta_accordion shape=&#8221;square&#8221; color=&#8221;sky&#8221; spacing=&#8221;25&#8243; gap=&#8221;25&#8243; c_position=&#8221;right&#8221; active_section=&#8221;1&#8243; no_fill=&#8221;true&#8221; collapsible_all=&#8221;true&#8221;] [vc_tta_section title=&#8221;\u0130tiraz prosed\u00fcr\u00fcn\u00fcn ana hatlar\u0131<\/p>\n","protected":false},"author":1,"featured_media":0,"parent":0,"menu_order":0,"comment_status":"closed","ping_status":"closed","template":"","meta":{"footnotes":""},"class_list":["post-4393","page","type-page","status-publish","hentry"],"_links":{"self":[{"href":"https:\/\/www.alfapatent-stanadvoka.com\/tr\/wp-json\/wp\/v2\/pages\/4393","targetHints":{"allow":["GET"]}}],"collection":[{"href":"https:\/\/www.alfapatent-stanadvoka.com\/tr\/wp-json\/wp\/v2\/pages"}],"about":[{"href":"https:\/\/www.alfapatent-stanadvoka.com\/tr\/wp-json\/wp\/v2\/types\/page"}],"author":[{"embeddable":true,"href":"https:\/\/www.alfapatent-stanadvoka.com\/tr\/wp-json\/wp\/v2\/users\/1"}],"replies":[{"embeddable":true,"href":"https:\/\/www.alfapatent-stanadvoka.com\/tr\/wp-json\/wp\/v2\/comments?post=4393"}],"version-history":[{"count":12,"href":"https:\/\/www.alfapatent-stanadvoka.com\/tr\/wp-json\/wp\/v2\/pages\/4393\/revisions"}],"predecessor-version":[{"id":8956,"href":"https:\/\/www.alfapatent-stanadvoka.com\/tr\/wp-json\/wp\/v2\/pages\/4393\/revisions\/8956"}],"wp:attachment":[{"href":"https:\/\/www.alfapatent-stanadvoka.com\/tr\/wp-json\/wp\/v2\/media?parent=4393"}],"curies":[{"name":"wp","href":"https:\/\/api.w.org\/{rel}","templated":true}]}}