{"id":4391,"date":"2020-12-26T15:56:42","date_gmt":"2020-12-26T12:56:42","guid":{"rendered":"http:\/\/www.alfapatent-stanadvoka.com\/?page_id=4391"},"modified":"2025-02-08T14:43:45","modified_gmt":"2025-02-08T11:43:45","slug":"teshis-ve-tedavi-usulleri","status":"publish","type":"page","link":"https:\/\/www.alfapatent-stanadvoka.com\/tr\/teshis-ve-tedavi-usulleri\/","title":{"rendered":"Soru &#8211; Cevap \/ Te\u015fhis ve Tedavi Usulleri"},"content":{"rendered":"<div class=\"wpb-content-wrapper\"><p>[vc_row][vc_column width=&#8221;1\/4&#8243;]\n\t\t\t<div id=\"wd-5fe1baecb5b1b\" class=\"widget_nav_mega_menu shortcode-mega-menu \">\n\n\t\t\t\t\t\t\t\t\t<h5 class=\"widget-title color-scheme-dark\">\n\t\t\t\t\t\tSoru Kategorileri\t\t\t\t\t<\/h5>\n\t\t\t\t\n\t\t\t\t<div class=\"woodmart-navigation vertical-navigation\">\n\t\t\t\t\t<div class=\"menu-sorucevap-turkish-container\"><ul id=\"menu-sorucevap-turkish\" class=\"menu\"><li id=\"menu-item-4675\" class=\"menu-item menu-item-type-post_type menu-item-object-page menu-item-4675 item-level-0 menu-item-design-default menu-simple-dropdown item-event-hover\"><a href=\"https:\/\/www.alfapatent-stanadvoka.com\/tr\/soru-cevap\/\" class=\"woodmart-nav-link\"><span class=\"nav-link-text\">Patent Vekilli\u011fi Mesle\u011fi<\/span><\/a><\/li>\n<li id=\"menu-item-4670\" class=\"menu-item menu-item-type-post_type menu-item-object-page menu-item-4670 item-level-0 menu-item-design-default menu-simple-dropdown item-event-hover\"><a href=\"https:\/\/www.alfapatent-stanadvoka.com\/tr\/ruchan\/\" class=\"woodmart-nav-link\"><span class=\"nav-link-text\">R\u00fc\u00e7han<\/span><\/a><\/li>\n<li id=\"menu-item-4673\" class=\"menu-item menu-item-type-post_type menu-item-object-page menu-item-4673 item-level-0 menu-item-design-default menu-simple-dropdown item-event-hover\"><a href=\"https:\/\/www.alfapatent-stanadvoka.com\/tr\/bulusun-uygulamaya-konabilme-yeterliligi\/\" class=\"woodmart-nav-link\"><span class=\"nav-link-text\">Bulu\u015fun Uygulamaya Konabilme Yeterlili\u011fi<\/span><\/a><\/li>\n<li id=\"menu-item-4667\" class=\"menu-item menu-item-type-post_type menu-item-object-page menu-item-4667 item-level-0 menu-item-design-default menu-simple-dropdown item-event-hover\"><a href=\"https:\/\/www.alfapatent-stanadvoka.com\/tr\/soru-cevap-yayin\/\" class=\"woodmart-nav-link\"><span class=\"nav-link-text\">Yay\u0131n<\/span><\/a><\/li>\n<li id=\"menu-item-4666\" class=\"menu-item menu-item-type-post_type menu-item-object-page menu-item-4666 item-level-0 menu-item-design-default menu-simple-dropdown item-event-hover\"><a href=\"https:\/\/www.alfapatent-stanadvoka.com\/tr\/soru-cevap-yenilik-kavrami-etrafinda-tartismalar\/\" class=\"woodmart-nav-link\"><span class=\"nav-link-text\">Yenilik Kavram\u0131 Etraf\u0131nda Tart\u0131\u015fmalar<\/span><\/a><\/li>\n<li id=\"menu-item-4674\" class=\"menu-item menu-item-type-post_type menu-item-object-page menu-item-4674 item-level-0 menu-item-design-default menu-simple-dropdown item-event-hover\"><a href=\"https:\/\/www.alfapatent-stanadvoka.com\/tr\/bulus-basamagi\/\" class=\"woodmart-nav-link\"><span class=\"nav-link-text\">Bulu\u015f Basama\u011f\u0131<\/span><\/a><\/li>\n<li id=\"menu-item-4676\" class=\"menu-item menu-item-type-post_type menu-item-object-page menu-item-4676 item-level-0 menu-item-design-default menu-simple-dropdown item-event-hover\"><a href=\"https:\/\/www.alfapatent-stanadvoka.com\/tr\/basvuru-duzeltme\/\" class=\"woodmart-nav-link\"><span class=\"nav-link-text\">Ba\u015fvuru D\u00fczeltme<\/span><\/a><\/li>\n<li id=\"menu-item-4669\" class=\"menu-item menu-item-type-post_type menu-item-object-page menu-item-4669 item-level-0 menu-item-design-default menu-simple-dropdown item-event-hover\"><a href=\"https:\/\/www.alfapatent-stanadvoka.com\/tr\/teshis-ve-tedavi-usulleri\/\" class=\"woodmart-nav-link\"><span class=\"nav-link-text\">Te\u015fhis ve Tedavi Usulleri<\/span><\/a><\/li>\n<li id=\"menu-item-4671\" class=\"menu-item menu-item-type-post_type menu-item-object-page menu-item-4671 item-level-0 menu-item-design-default menu-simple-dropdown item-event-hover\"><a href=\"https:\/\/www.alfapatent-stanadvoka.com\/tr\/patent-itirazi-proseduru\/\" class=\"woodmart-nav-link\"><span class=\"nav-link-text\">Patent \u0130tiraz\u0131 Prosed\u00fcr\u00fc<\/span><\/a><\/li>\n<li id=\"menu-item-4668\" class=\"menu-item menu-item-type-post_type menu-item-object-page menu-item-4668 item-level-0 menu-item-design-default menu-simple-dropdown item-event-hover\"><a href=\"https:\/\/www.alfapatent-stanadvoka.com\/tr\/istemler\/\" class=\"woodmart-nav-link\"><span class=\"nav-link-text\">\u0130stemler<\/span><\/a><\/li>\n<\/ul><\/div>\t\t\t\t<\/div>\n\n\t\t\t\t\t\t\t<\/div>\n\t\t[vc_empty_space woodmart_hide_large=&#8221;0&#8243; woodmart_hide_medium=&#8221;0&#8243; woodmart_hide_small=&#8221;0&#8243; woodmart_hide_extra_small=&#8221;0&#8243;][\/vc_column][vc_column width=&#8221;3\/4&#8243;]\n\t\t<div id=\"wd-5fe7318b740b0\" class=\"title-wrapper  woodmart-title-color-default woodmart-title-style-underlined woodmart-title-width-100 text-left woodmart-title-size-default \">\n\t\t\t\n\t\t\t<div class=\"liner-continer\">\n\t\t\t\t<span class=\"left-line\"><\/span>\n\t\t\t\t<h4 class=\"woodmart-title-container title  woodmart-font-weight-\" >Te\u015fhis ve Tedavi Usulleri<\/h4>\t\t\t\t\t\t\t\t<span class=\"right-line\"><\/span>\n\t\t\t<\/div>\n\t\t\t\n\t\t\t\n\t\t\t\t\t<\/div>\n\t\t\n\t\t[vc_tta_accordion shape=&#8221;square&#8221; color=&#8221;sky&#8221; spacing=&#8221;25&#8243; gap=&#8221;25&#8243; c_position=&#8221;right&#8221; active_section=&#8221;1&#8243; no_fill=&#8221;true&#8221; collapsible_all=&#8221;true&#8221;][vc_tta_section title=&#8221;Te\u015fhis ve tedavi usulleri neden patentlenememektedir?&#8221; tab_id=&#8221;1608984378097-285401b6-f420q&#8221;][vc_column_text text_larger=&#8221;no&#8221;]<\/p>\n<div align=\"justify\"><\/div>\n<p><a href=\"https:\/\/www.alfapatent-stanadvoka.com\/wp-content\/uploads\/2025\/02\/diagram-342.svg\"><img loading=\"lazy\" decoding=\"async\" class=\"aligncenter wp-image-8795 size-full\" src=\"https:\/\/www.alfapatent-stanadvoka.com\/wp-content\/uploads\/2025\/02\/diagram-342.svg\" alt=\"\" width=\"1232\" height=\"766\" \/><\/a>[\/vc_column_text][\/vc_tta_section][vc_tta_section title=&#8221;Te\u015fhis ve tedavi usulleri i\u00e7in patentlenebilme engelinin t\u0131bbi \u00fcr\u00fcnler\/ila\u00e7lar kar\u015f\u0131s\u0131nda etkisi nedir?&#8221; tab_id=&#8221;1608987070767-9914f7b8-d167&#8243;][vc_column_text text_larger=&#8221;no&#8221;]<\/p>\n<p><a href=\"https:\/\/www.alfapatent-stanadvoka.com\/wp-content\/uploads\/2025\/02\/diagram-343.svg\"><img loading=\"lazy\" decoding=\"async\" class=\"aligncenter wp-image-8801 size-full\" src=\"https:\/\/www.alfapatent-stanadvoka.com\/wp-content\/uploads\/2025\/02\/diagram-343.svg\" alt=\"\" width=\"1232\" height=\"865\" \/><\/a>[\/vc_column_text][\/vc_tta_section][vc_tta_section title=&#8221;Yasada yer alan insan ve hayvan v\u00fccudu tan\u0131m\u0131n\u0131n hukuki izd\u00fc\u015f\u00fcmleri nelerdir?&#8221; tab_id=&#8221;1608987099517-37254213-3e25&#8243;][vc_column_text text_larger=&#8221;no&#8221;]<\/p>\n<div align=\"justify\"><\/div>\n<p><a href=\"https:\/\/www.alfapatent-stanadvoka.com\/wp-content\/uploads\/2025\/02\/diagram-344.svg\"><img loading=\"lazy\" decoding=\"async\" class=\"aligncenter wp-image-8807 size-full\" src=\"https:\/\/www.alfapatent-stanadvoka.com\/wp-content\/uploads\/2025\/02\/diagram-344.svg\" alt=\"\" width=\"1232\" height=\"1793\" \/><\/a>[\/vc_column_text][\/vc_tta_section][vc_tta_section title=&#8221;Te\u015fhis ve tedavi usulleri i\u00e7erisinde cerrahi y\u00f6ntemlerin hukuki niteli\u011fi nedir?&#8221; tab_id=&#8221;1608987122322-b9d500f4-8559&#8243;][vc_column_text text_larger=&#8221;no&#8221;]<\/p>\n<div align=\"justify\">\n<p><a href=\"https:\/\/www.alfapatent-stanadvoka.com\/wp-content\/uploads\/2025\/02\/diagram-345.svg\"><img loading=\"lazy\" decoding=\"async\" class=\"aligncenter wp-image-8813 size-full\" src=\"https:\/\/www.alfapatent-stanadvoka.com\/wp-content\/uploads\/2025\/02\/diagram-345.svg\" alt=\"\" width=\"1232\" height=\"1766\" \/><\/a><\/p>\n<\/div>\n<p>[\/vc_column_text][\/vc_tta_section][vc_tta_section title=&#8221;Yapay uzuv ve protez \u00fcretim usulleri patent konusu olabilir mi?&#8221; tab_id=&#8221;1608987144119-da349010-f1f1&#8243;][vc_column_text text_larger=&#8221;no&#8221;]<\/p>\n<div align=\"justify\">\n<div align=\"justify\"><\/div>\n<\/div>\n<p><a href=\"https:\/\/www.alfapatent-stanadvoka.com\/wp-content\/uploads\/2025\/02\/diagram-346.svg\"><img loading=\"lazy\" decoding=\"async\" class=\"aligncenter wp-image-8819 size-full\" src=\"https:\/\/www.alfapatent-stanadvoka.com\/wp-content\/uploads\/2025\/02\/diagram-346.svg\" alt=\"\" width=\"1232\" height=\"670\" \/><\/a>[\/vc_column_text][\/vc_tta_section][vc_tta_section title=&#8221;Md. 53(c)\u2019de tan\u0131ml\u0131 cerrahi y\u00f6ntem mutlaka bir cerrah taraf\u0131ndan m\u0131 uygulanmal\u0131d\u0131r?&#8221; tab_id=&#8221;1608987160870-4fe78e37-c2e6&#8243;][vc_column_text text_larger=&#8221;no&#8221;]<\/p>\n<div align=\"justify\">\n<div align=\"justify\">\n<p><a href=\"https:\/\/www.alfapatent-stanadvoka.com\/wp-content\/uploads\/2025\/02\/diagram-347.svg\"><img loading=\"lazy\" decoding=\"async\" class=\"aligncenter wp-image-8825 size-full\" src=\"https:\/\/www.alfapatent-stanadvoka.com\/wp-content\/uploads\/2025\/02\/diagram-347.svg\" alt=\"\" width=\"1232\" height=\"827\" \/><\/a><\/p>\n<\/div>\n<\/div>\n<p>[\/vc_column_text][\/vc_tta_section][vc_tta_section title=&#8221;Te\u015fhis ve tedavi usul\u00fc kapsam\u0131na girmeyen, ayn\u0131 zamanda cerrahi niteli\u011fe sahip bulunmayan, fakat yine de insan veya hayvan v\u00fccudunda uygulanmas\u0131na ra\u011fmen patentlenebilir kabul edilen bir usul \u00f6rne\u011fi verilebilir mi?&#8221; tab_id=&#8221;1608987193940-f8b4d7ab-0869&#8243;][vc_column_text text_larger=&#8221;no&#8221;]<\/p>\n<div align=\"justify\">\n<div align=\"justify\">\n<div align=\"justify\"><\/div>\n<\/div>\n<\/div>\n<p><a href=\"https:\/\/www.alfapatent-stanadvoka.com\/wp-content\/uploads\/2025\/02\/diagram-348.svg\"><img loading=\"lazy\" decoding=\"async\" class=\"aligncenter wp-image-8831 size-full\" src=\"https:\/\/www.alfapatent-stanadvoka.com\/wp-content\/uploads\/2025\/02\/diagram-348.svg\" alt=\"\" width=\"1232\" height=\"490\" \/><\/a>[\/vc_column_text][\/vc_tta_section][vc_tta_section title=&#8221;Kozmetik ama\u00e7l\u0131 ameliyatlarda kullan\u0131lan usuller patentlenebilir mi?&#8221; tab_id=&#8221;1608987213508-1a4c07ce-4408&#8243;][vc_column_text text_larger=&#8221;no&#8221;]<\/p>\n<div align=\"justify\">\n<div align=\"justify\">\n<div align=\"justify\"><\/div>\n<\/div>\n<\/div>\n<p><a href=\"https:\/\/www.alfapatent-stanadvoka.com\/wp-content\/uploads\/2025\/02\/diagram-349.svg\"><img loading=\"lazy\" decoding=\"async\" class=\"aligncenter wp-image-8837 size-full\" src=\"https:\/\/www.alfapatent-stanadvoka.com\/wp-content\/uploads\/2025\/02\/diagram-349.svg\" alt=\"\" width=\"1232\" height=\"425\" \/><\/a>[\/vc_column_text][\/vc_tta_section][vc_tta_section title=&#8221;\u0130nsan veya hayvan v\u00fccudundan al\u0131nan kan ve doku \u00f6rnekleri \u00fczerinden tatbik edilen y\u00f6ntemler patent konusu olabilir mi?&#8221; tab_id=&#8221;1608987265885-18486f45-c3b8&#8243;][vc_column_text text_larger=&#8221;no&#8221;]<\/p>\n<div align=\"justify\">\n<div align=\"justify\">\n<div align=\"justify\"><\/div>\n<\/div>\n<\/div>\n<p><a href=\"https:\/\/www.alfapatent-stanadvoka.com\/wp-content\/uploads\/2025\/02\/diagram-350.svg\"><img loading=\"lazy\" decoding=\"async\" class=\"aligncenter wp-image-8843 size-full\" src=\"https:\/\/www.alfapatent-stanadvoka.com\/wp-content\/uploads\/2025\/02\/diagram-350.svg\" alt=\"\" width=\"1232\" height=\"508\" \/><\/a>[\/vc_column_text][\/vc_tta_section][vc_tta_section title=&#8221;Hamilelik durumu bir hastal\u0131k olmamas\u0131ndan \u00f6t\u00fcr\u00fc hastal\u0131klarla ili\u015fkili olarak tan\u0131mlanan EPC Md. 53(c) te\u015fhis ve tedavi usul\u00fc patentlenebilirlik istisnas\u0131 kapsam\u0131na girmemektedir. Bu noktada embriyo transferi usulleri patentlenebilir mi?&#8221; tab_id=&#8221;1608987286638-53b30934-cb60&#8243;][vc_column_text text_larger=&#8221;no&#8221;]<\/p>\n<div align=\"justify\">\n<div align=\"justify\">\n<div align=\"justify\"><\/div>\n<\/div>\n<\/div>\n<p><a href=\"https:\/\/www.alfapatent-stanadvoka.com\/wp-content\/uploads\/2025\/02\/diagram-351.svg\"><img loading=\"lazy\" decoding=\"async\" class=\"aligncenter wp-image-8849 size-full\" src=\"https:\/\/www.alfapatent-stanadvoka.com\/wp-content\/uploads\/2025\/02\/diagram-351.svg\" alt=\"\" width=\"1232\" height=\"519\" \/><\/a>[\/vc_column_text][\/vc_tta_section][vc_tta_section title=&#8221;Bir usul\u00fcn bir te\u015fhis usul\u00fc olarak kabul edilmesi i\u00e7in hangi a\u015famalar\u0131 i\u00e7ermesi zorunlu kabul edilmektedir?&#8221; tab_id=&#8221;1608987307537-ed16d513-a33c&#8221;][vc_column_text text_larger=&#8221;no&#8221;]<\/p>\n<div align=\"justify\">\n<div align=\"justify\">\n<div align=\"justify\"><\/div>\n<\/div>\n<\/div>\n<p><a href=\"https:\/\/www.alfapatent-stanadvoka.com\/wp-content\/uploads\/2025\/02\/diagram-352.svg\"><img loading=\"lazy\" decoding=\"async\" class=\"aligncenter wp-image-8855 size-full\" src=\"https:\/\/www.alfapatent-stanadvoka.com\/wp-content\/uploads\/2025\/02\/diagram-352.svg\" alt=\"\" width=\"1232\" height=\"1088\" \/><\/a>[\/vc_column_text][\/vc_tta_section][vc_tta_section title=&#8221;Bir usul\u00fcn bir te\u015fhis usul\u00fc olarak kabul edilmesi i\u00e7in mutlaka bir t\u0131p uzman\u0131 taraf\u0131ndan m\u0131 uygulanmas\u0131 icap etmektedir&#8221; tab_id=&#8221;1608987335142-8b927853-60cc&#8221;][vc_column_text text_larger=&#8221;no&#8221;]<\/p>\n<div align=\"justify\">\n<div align=\"justify\">\n<div align=\"justify\"><\/div>\n<\/div>\n<\/div>\n<p><a href=\"https:\/\/www.alfapatent-stanadvoka.com\/wp-content\/uploads\/2025\/02\/diagram-353.svg\"><img loading=\"lazy\" decoding=\"async\" class=\"aligncenter wp-image-8861 size-full\" src=\"https:\/\/www.alfapatent-stanadvoka.com\/wp-content\/uploads\/2025\/02\/diagram-353.svg\" alt=\"\" width=\"1232\" height=\"555\" \/><\/a>[\/vc_column_text][\/vc_tta_section][vc_tta_section title=&#8221;X \u0131\u015f\u0131nlar\u0131yla yap\u0131lan tetkikler veya kan bas\u0131nc\u0131 \u00f6l\u00e7me usulleri te\u015fhis usullerinden farkl\u0131 m\u0131d\u0131r?&#8221; tab_id=&#8221;1608987353802-65cd01bc-5f1c&#8221;][vc_column_text text_larger=&#8221;no&#8221;]<\/p>\n<div align=\"justify\">\n<div align=\"justify\">\n<div align=\"justify\"><\/div>\n<\/div>\n<\/div>\n<p><a href=\"https:\/\/www.alfapatent-stanadvoka.com\/wp-content\/uploads\/2025\/02\/diagram-354.svg\"><img loading=\"lazy\" decoding=\"async\" class=\"aligncenter wp-image-8867 size-full\" src=\"https:\/\/www.alfapatent-stanadvoka.com\/wp-content\/uploads\/2025\/02\/diagram-354.svg\" alt=\"\" width=\"1231\" height=\"1262\" \/><\/a>[\/vc_column_text][\/vc_tta_section][vc_tta_section title=&#8221;Te\u015fhis ve tedavi usul\u00fc stat\u00fcs\u00fcndeki bir istem form\u00fclasyonu kullan\u0131m istemi \u015feklinde form\u00fcle edilerek yasal engel a\u015f\u0131labilir mi?&#8221; tab_id=&#8221;1608987373098-5f21d58a-6ede&#8221;][vc_column_text text_larger=&#8221;no&#8221;]<\/p>\n<div align=\"justify\">\n<div align=\"justify\">\n<div align=\"justify\"><\/div>\n<\/div>\n<\/div>\n<p><a href=\"https:\/\/www.alfapatent-stanadvoka.com\/wp-content\/uploads\/2025\/02\/diagram-355.svg\"><img loading=\"lazy\" decoding=\"async\" class=\"aligncenter wp-image-8873 size-full\" src=\"https:\/\/www.alfapatent-stanadvoka.com\/wp-content\/uploads\/2025\/02\/diagram-355.svg\" alt=\"\" width=\"462\" height=\"1326\" \/><\/a>[\/vc_column_text][\/vc_tta_section][\/vc_tta_accordion][\/vc_column][\/vc_row]<\/p>\n<\/div>","protected":false},"excerpt":{"rendered":"<p>[vc_row][vc_column width=&#8221;1\/4&#8243;][vc_empty_space woodmart_hide_large=&#8221;0&#8243; woodmart_hide_medium=&#8221;0&#8243; woodmart_hide_small=&#8221;0&#8243; woodmart_hide_extra_small=&#8221;0&#8243;][\/vc_column][vc_column width=&#8221;3\/4&#8243;][vc_tta_accordion shape=&#8221;square&#8221; color=&#8221;sky&#8221; spacing=&#8221;25&#8243; gap=&#8221;25&#8243; c_position=&#8221;right&#8221; active_section=&#8221;1&#8243; no_fill=&#8221;true&#8221; collapsible_all=&#8221;true&#8221;][vc_tta_section title=&#8221;Te\u015fhis ve tedavi usulleri neden<\/p>\n","protected":false},"author":1,"featured_media":0,"parent":0,"menu_order":0,"comment_status":"closed","ping_status":"closed","template":"","meta":{"footnotes":""},"class_list":["post-4391","page","type-page","status-publish","hentry"],"_links":{"self":[{"href":"https:\/\/www.alfapatent-stanadvoka.com\/tr\/wp-json\/wp\/v2\/pages\/4391","targetHints":{"allow":["GET"]}}],"collection":[{"href":"https:\/\/www.alfapatent-stanadvoka.com\/tr\/wp-json\/wp\/v2\/pages"}],"about":[{"href":"https:\/\/www.alfapatent-stanadvoka.com\/tr\/wp-json\/wp\/v2\/types\/page"}],"author":[{"embeddable":true,"href":"https:\/\/www.alfapatent-stanadvoka.com\/tr\/wp-json\/wp\/v2\/users\/1"}],"replies":[{"embeddable":true,"href":"https:\/\/www.alfapatent-stanadvoka.com\/tr\/wp-json\/wp\/v2\/comments?post=4391"}],"version-history":[{"count":4,"href":"https:\/\/www.alfapatent-stanadvoka.com\/tr\/wp-json\/wp\/v2\/pages\/4391\/revisions"}],"predecessor-version":[{"id":8879,"href":"https:\/\/www.alfapatent-stanadvoka.com\/tr\/wp-json\/wp\/v2\/pages\/4391\/revisions\/8879"}],"wp:attachment":[{"href":"https:\/\/www.alfapatent-stanadvoka.com\/tr\/wp-json\/wp\/v2\/media?parent=4391"}],"curies":[{"name":"wp","href":"https:\/\/api.w.org\/{rel}","templated":true}]}}