{"id":4388,"date":"2020-12-26T15:26:56","date_gmt":"2020-12-26T12:26:56","guid":{"rendered":"http:\/\/www.alfapatent-stanadvoka.com\/?page_id=4388"},"modified":"2025-02-07T16:33:19","modified_gmt":"2025-02-07T13:33:19","slug":"basvuru-duzeltme","status":"publish","type":"page","link":"https:\/\/www.alfapatent-stanadvoka.com\/tr\/basvuru-duzeltme\/","title":{"rendered":"Soru &#8211; Cevap \/ Ba\u015fvuru D\u00fczeltme"},"content":{"rendered":"<div class=\"wpb-content-wrapper\"><p>[vc_row][vc_column width=&#8221;1\/4&#8243;]\n\t\t\t<div id=\"wd-5fe1baecb5b1b\" class=\"widget_nav_mega_menu shortcode-mega-menu \">\n\n\t\t\t\t\t\t\t\t\t<h5 class=\"widget-title color-scheme-dark\">\n\t\t\t\t\t\tSoru Kategorileri\t\t\t\t\t<\/h5>\n\t\t\t\t\n\t\t\t\t<div class=\"woodmart-navigation vertical-navigation\">\n\t\t\t\t\t<div class=\"menu-sorucevap-turkish-container\"><ul id=\"menu-sorucevap-turkish\" class=\"menu\"><li id=\"menu-item-4675\" class=\"menu-item menu-item-type-post_type menu-item-object-page menu-item-4675 item-level-0 menu-item-design-default menu-simple-dropdown item-event-hover\"><a href=\"https:\/\/www.alfapatent-stanadvoka.com\/tr\/soru-cevap\/\" class=\"woodmart-nav-link\"><span class=\"nav-link-text\">Patent Vekilli\u011fi Mesle\u011fi<\/span><\/a><\/li>\n<li id=\"menu-item-4670\" class=\"menu-item menu-item-type-post_type menu-item-object-page menu-item-4670 item-level-0 menu-item-design-default menu-simple-dropdown item-event-hover\"><a href=\"https:\/\/www.alfapatent-stanadvoka.com\/tr\/ruchan\/\" class=\"woodmart-nav-link\"><span class=\"nav-link-text\">R\u00fc\u00e7han<\/span><\/a><\/li>\n<li id=\"menu-item-4673\" class=\"menu-item menu-item-type-post_type menu-item-object-page menu-item-4673 item-level-0 menu-item-design-default menu-simple-dropdown item-event-hover\"><a href=\"https:\/\/www.alfapatent-stanadvoka.com\/tr\/bulusun-uygulamaya-konabilme-yeterliligi\/\" class=\"woodmart-nav-link\"><span class=\"nav-link-text\">Bulu\u015fun Uygulamaya Konabilme Yeterlili\u011fi<\/span><\/a><\/li>\n<li id=\"menu-item-4667\" class=\"menu-item menu-item-type-post_type menu-item-object-page menu-item-4667 item-level-0 menu-item-design-default menu-simple-dropdown item-event-hover\"><a href=\"https:\/\/www.alfapatent-stanadvoka.com\/tr\/soru-cevap-yayin\/\" class=\"woodmart-nav-link\"><span class=\"nav-link-text\">Yay\u0131n<\/span><\/a><\/li>\n<li id=\"menu-item-4666\" class=\"menu-item menu-item-type-post_type menu-item-object-page menu-item-4666 item-level-0 menu-item-design-default menu-simple-dropdown item-event-hover\"><a href=\"https:\/\/www.alfapatent-stanadvoka.com\/tr\/soru-cevap-yenilik-kavrami-etrafinda-tartismalar\/\" class=\"woodmart-nav-link\"><span class=\"nav-link-text\">Yenilik Kavram\u0131 Etraf\u0131nda Tart\u0131\u015fmalar<\/span><\/a><\/li>\n<li id=\"menu-item-4674\" class=\"menu-item menu-item-type-post_type menu-item-object-page menu-item-4674 item-level-0 menu-item-design-default menu-simple-dropdown item-event-hover\"><a href=\"https:\/\/www.alfapatent-stanadvoka.com\/tr\/bulus-basamagi\/\" class=\"woodmart-nav-link\"><span class=\"nav-link-text\">Bulu\u015f Basama\u011f\u0131<\/span><\/a><\/li>\n<li id=\"menu-item-4676\" class=\"menu-item menu-item-type-post_type menu-item-object-page menu-item-4676 item-level-0 menu-item-design-default menu-simple-dropdown item-event-hover\"><a href=\"https:\/\/www.alfapatent-stanadvoka.com\/tr\/basvuru-duzeltme\/\" class=\"woodmart-nav-link\"><span class=\"nav-link-text\">Ba\u015fvuru D\u00fczeltme<\/span><\/a><\/li>\n<li id=\"menu-item-4669\" class=\"menu-item menu-item-type-post_type menu-item-object-page menu-item-4669 item-level-0 menu-item-design-default menu-simple-dropdown item-event-hover\"><a href=\"https:\/\/www.alfapatent-stanadvoka.com\/tr\/teshis-ve-tedavi-usulleri\/\" class=\"woodmart-nav-link\"><span class=\"nav-link-text\">Te\u015fhis ve Tedavi Usulleri<\/span><\/a><\/li>\n<li id=\"menu-item-4671\" class=\"menu-item menu-item-type-post_type menu-item-object-page menu-item-4671 item-level-0 menu-item-design-default menu-simple-dropdown item-event-hover\"><a href=\"https:\/\/www.alfapatent-stanadvoka.com\/tr\/patent-itirazi-proseduru\/\" class=\"woodmart-nav-link\"><span class=\"nav-link-text\">Patent \u0130tiraz\u0131 Prosed\u00fcr\u00fc<\/span><\/a><\/li>\n<li id=\"menu-item-4668\" class=\"menu-item menu-item-type-post_type menu-item-object-page menu-item-4668 item-level-0 menu-item-design-default menu-simple-dropdown item-event-hover\"><a href=\"https:\/\/www.alfapatent-stanadvoka.com\/tr\/istemler\/\" class=\"woodmart-nav-link\"><span class=\"nav-link-text\">\u0130stemler<\/span><\/a><\/li>\n<\/ul><\/div>\t\t\t\t<\/div>\n\n\t\t\t\t\t\t\t<\/div>\n\t\t[vc_empty_space woodmart_hide_large=&#8221;0&#8243; woodmart_hide_medium=&#8221;0&#8243; woodmart_hide_small=&#8221;0&#8243; woodmart_hide_extra_small=&#8221;0&#8243;][\/vc_column][vc_column width=&#8221;3\/4&#8243;]\n\t\t<div id=\"wd-5fe72a615c204\" class=\"title-wrapper  woodmart-title-color-default woodmart-title-style-underlined woodmart-title-width-100 text-left woodmart-title-size-default \">\n\t\t\t\n\t\t\t<div class=\"liner-continer\">\n\t\t\t\t<span class=\"left-line\"><\/span>\n\t\t\t\t<h4 class=\"woodmart-title-container title  woodmart-font-weight-\" >Ba\u015fvuru D\u00fczeltme<\/h4>\t\t\t\t\t\t\t\t<span class=\"right-line\"><\/span>\n\t\t\t<\/div>\n\t\t\t\n\t\t\t\n\t\t\t\t\t<\/div>\n\t\t\n\t\t[vc_tta_accordion shape=&#8221;square&#8221; color=&#8221;sky&#8221; spacing=&#8221;25&#8243; gap=&#8221;25&#8243; c_position=&#8221;right&#8221; active_section=&#8221;1&#8243; no_fill=&#8221;true&#8221; collapsible_all=&#8221;true&#8221;][vc_tta_section title=&#8221;Ba\u015fvuru Yap\u0131ld\u0131ktan Sonra Yeni Eklemeler M\u00fcmk\u00fcn m\u00fc?&#8221; tab_id=&#8221;1608984378097-285401b6-f420&#8243;][vc_column_text text_larger=&#8221;no&#8221;]<\/p>\n<div align=\"justify\"><\/div>\n<p><a href=\"https:\/\/www.alfapatent-stanadvoka.com\/wp-content\/uploads\/2025\/02\/diagram-325.svg\"><img loading=\"lazy\" decoding=\"async\" class=\"aligncenter wp-image-8687 size-full\" src=\"https:\/\/www.alfapatent-stanadvoka.com\/wp-content\/uploads\/2025\/02\/diagram-325.svg\" alt=\"\" width=\"1232\" height=\"1465\" \/><\/a>[\/vc_column_text][\/vc_tta_section][vc_tta_section title=&#8221;Ba\u015fvuruda d\u00fczeltme yaparken kapsam a\u015f\u0131m\u0131 ne demektir?&#8221; tab_id=&#8221;1608985242441-508f395b-dc4a&#8221;][vc_column_text text_larger=&#8221;no&#8221;]<\/p>\n<div align=\"justify\">\n<div align=\"justify\"><\/div>\n<\/div>\n<p><a href=\"https:\/\/www.alfapatent-stanadvoka.com\/wp-content\/uploads\/2025\/02\/diagram-326.svg\"><img loading=\"lazy\" decoding=\"async\" class=\"aligncenter wp-image-8693 size-full\" src=\"https:\/\/www.alfapatent-stanadvoka.com\/wp-content\/uploads\/2025\/02\/diagram-326.svg\" alt=\"\" width=\"1232\" height=\"1072\" \/><\/a>[\/vc_column_text][\/vc_tta_section][vc_tta_section title=&#8221;Orijinal ba\u015fvurunun kapsam\u0131n\u0131 olu\u015fturan ve kapsamlar\u0131 a\u015f\u0131lmamas\u0131 gereken unsurlar nelerdir?&#8221; tab_id=&#8221;1608985262268-89c18e66-53be&#8221;][vc_column_text text_larger=&#8221;no&#8221;]<\/p>\n<div align=\"justify\">\n<div align=\"justify\"><\/div>\n<\/div>\n<p><a href=\"https:\/\/www.alfapatent-stanadvoka.com\/wp-content\/uploads\/2025\/02\/diagram-327.svg\"><img loading=\"lazy\" decoding=\"async\" class=\"aligncenter wp-image-8699 size-full\" src=\"https:\/\/www.alfapatent-stanadvoka.com\/wp-content\/uploads\/2025\/02\/diagram-327.svg\" alt=\"\" width=\"1232\" height=\"2218\" \/><\/a>[\/vc_column_text][\/vc_tta_section][vc_tta_section title=&#8221;\u00d6zet ba\u015fvurunun orijinal olarak sunulan kapsam\u0131na d\u00e2hil kabul edilir mi?&#8221; tab_id=&#8221;1608985277878-389773a0-b39d&#8221;][vc_column_text text_larger=&#8221;no&#8221;]<\/p>\n<div align=\"justify\">\n<div align=\"justify\"><\/div>\n<\/div>\n<p><a href=\"https:\/\/www.alfapatent-stanadvoka.com\/wp-content\/uploads\/2025\/02\/diagram-328.svg\"><img loading=\"lazy\" decoding=\"async\" class=\"aligncenter wp-image-8705 size-full\" src=\"https:\/\/www.alfapatent-stanadvoka.com\/wp-content\/uploads\/2025\/02\/diagram-328.svg\" alt=\"\" width=\"1232\" height=\"1633\" \/><\/a>[\/vc_column_text][\/vc_tta_section][vc_tta_section title=&#8221;\u00d6zet ba\u015fvurunun orijinal olarak sunulan kapsam\u0131na d\u00e2hil kabul edilmezken nas\u0131l bir patent ba\u015fvurusunun yenili\u011fine kar\u015f\u0131 kan\u0131t te\u015fkil edebilir?&#8221; tab_id=&#8221;1608985293572-2688f26f-3dc7&#8243;][vc_column_text text_larger=&#8221;no&#8221;]<\/p>\n<div align=\"justify\">\n<div align=\"justify\">\n<div align=\"justify\"><\/div>\n<\/div>\n<\/div>\n<p><a href=\"https:\/\/www.alfapatent-stanadvoka.com\/wp-content\/uploads\/2025\/02\/diagram-329.svg\"><img loading=\"lazy\" decoding=\"async\" class=\"aligncenter wp-image-8711 size-full\" src=\"https:\/\/www.alfapatent-stanadvoka.com\/wp-content\/uploads\/2025\/02\/diagram-329.svg\" alt=\"\" width=\"1232\" height=\"1114\" \/><\/a>[\/vc_column_text][\/vc_tta_section][vc_tta_section title=&#8221;R\u00fc\u00e7han al\u0131nan ba\u015fvurunun i\u00e7eri\u011fi orijinal olarak sunulan kapsama d\u00e2hil kabul edilir mi?&#8221; tab_id=&#8221;1608985313373-23849902-ae00&#8243;][vc_column_text text_larger=&#8221;no&#8221;]<\/p>\n<div align=\"justify\">\n<div align=\"justify\">\n<div align=\"justify\"><\/div>\n<\/div>\n<\/div>\n<p><a href=\"https:\/\/www.alfapatent-stanadvoka.com\/wp-content\/uploads\/2025\/02\/diagram-330.svg\"><img loading=\"lazy\" decoding=\"async\" class=\"aligncenter wp-image-8717 size-full\" src=\"https:\/\/www.alfapatent-stanadvoka.com\/wp-content\/uploads\/2025\/02\/diagram-330.svg\" alt=\"\" width=\"1232\" height=\"2267\" \/><\/a>[\/vc_column_text][\/vc_tta_section][vc_tta_section title=&#8221;Kapsam a\u015f\u0131m\u0131n\u0131n a\u00e7\u0131kland\u0131\u011f\u0131 bir \u00f6rnek nas\u0131l verilebilir?&#8221; tab_id=&#8221;1608985342585-8a80ab01-a710&#8243;][vc_column_text text_larger=&#8221;no&#8221;]<\/p>\n<div align=\"justify\">\n<div align=\"justify\">\n<div align=\"justify\"><\/div>\n<\/div>\n<\/div>\n<p><a href=\"https:\/\/www.alfapatent-stanadvoka.com\/wp-content\/uploads\/2025\/02\/diagram-331.svg\"><img loading=\"lazy\" decoding=\"async\" class=\"aligncenter wp-image-8723 size-full\" src=\"https:\/\/www.alfapatent-stanadvoka.com\/wp-content\/uploads\/2025\/02\/diagram-331.svg\" alt=\"\" width=\"1232\" height=\"880\" \/><\/a>[\/vc_column_text][\/vc_tta_section][vc_tta_section title=&#8221;Orijinal ba\u015fvurunun s\u0131n\u0131rlar\u0131 nelerdir ve kapsam\u0131 hangi belgelerce belirlenir?&#8221; tab_id=&#8221;1608985361142-d106a079-ddd3&#8243;][vc_column_text text_larger=&#8221;no&#8221;]<\/p>\n<div align=\"justify\">\n<div align=\"justify\">\n<div align=\"justify\"><\/div>\n<\/div>\n<\/div>\n<p><a href=\"https:\/\/www.alfapatent-stanadvoka.com\/wp-content\/uploads\/2025\/02\/diagram-332.svg\"><img loading=\"lazy\" decoding=\"async\" class=\"aligncenter wp-image-8729 size-full\" src=\"https:\/\/www.alfapatent-stanadvoka.com\/wp-content\/uploads\/2025\/02\/diagram-332.svg\" alt=\"\" width=\"1232\" height=\"2698\" \/><\/a>[\/vc_column_text][\/vc_tta_section][vc_tta_section title=&#8221;Ba\u015fvuruda yap\u0131lacak d\u00fczeltmelerin dayana\u011f\u0131 olan k\u0131s\u0131mlar bulunmas\u0131na kar\u015f\u0131n bu k\u0131s\u0131mlardan hareketle d\u00fczeltme yap\u0131lamamas\u0131 m\u00fcmk\u00fcn olabilir mi?&#8221; tab_id=&#8221;1608985382080-c1f2e20c-8b83&#8243;][vc_column_text text_larger=&#8221;no&#8221;]<\/p>\n<div align=\"justify\">\n<div align=\"justify\">\n<div align=\"justify\"><\/div>\n<\/div>\n<\/div>\n<p><a href=\"https:\/\/www.alfapatent-stanadvoka.com\/wp-content\/uploads\/2025\/02\/diagram-333.svg\"><img loading=\"lazy\" decoding=\"async\" class=\"aligncenter wp-image-8735 size-full\" src=\"https:\/\/www.alfapatent-stanadvoka.com\/wp-content\/uploads\/2025\/02\/diagram-333.svg\" alt=\"\" width=\"1232\" height=\"2508\" \/><\/a>[\/vc_column_text][\/vc_tta_section][vc_tta_section title=&#8221;Yap\u0131lan d\u00fczeltmeler tarifnameden daha \u00f6nceki bir d\u00fczeltme ile \u00e7\u0131kar\u0131lm\u0131\u015f teknik i\u00e7eri\u011fe dayal\u0131 olabilir mi?&#8221; tab_id=&#8221;1608985413502-189a9ca8-aa20&#8243;][vc_column_text text_larger=&#8221;no&#8221;]<\/p>\n<div align=\"justify\">\n<div align=\"justify\">\n<div align=\"justify\"><\/div>\n<\/div>\n<\/div>\n<p><a href=\"https:\/\/www.alfapatent-stanadvoka.com\/wp-content\/uploads\/2025\/02\/diagram-334.svg\"><img loading=\"lazy\" decoding=\"async\" class=\"aligncenter wp-image-8741 size-full\" src=\"https:\/\/www.alfapatent-stanadvoka.com\/wp-content\/uploads\/2025\/02\/diagram-334.svg\" alt=\"\" width=\"1232\" height=\"2688\" \/><\/a>[\/vc_column_text][\/vc_tta_section][vc_tta_section title=&#8221;Bir d\u00fczeltmenin hukuken izin verilir bir d\u00fczeltme olmas\u0131n\u0131n kriteri nedir?&#8221; tab_id=&#8221;1608985431937-75cbf629-e6f0&#8243;][vc_column_text text_larger=&#8221;no&#8221;]<\/p>\n<div align=\"justify\">\n<div align=\"justify\">\n<div align=\"justify\"><\/div>\n<\/div>\n<\/div>\n<p><a href=\"https:\/\/www.alfapatent-stanadvoka.com\/wp-content\/uploads\/2025\/02\/diagram-335.svg\"><img loading=\"lazy\" decoding=\"async\" class=\"aligncenter wp-image-8747 size-full\" src=\"https:\/\/www.alfapatent-stanadvoka.com\/wp-content\/uploads\/2025\/02\/diagram-335.svg\" alt=\"\" width=\"1232\" height=\"2392\" \/><\/a>[\/vc_column_text][\/vc_tta_section][vc_tta_section title=&#8221;Konu hakk\u0131nda uzman kimsenin orijinal tarifnamede a\u00e7\u0131klanmamas\u0131na kar\u015f\u0131n a\u00e7\u0131klanm\u0131\u015f kabul edebilece\u011fi ve b\u00f6ylece yap\u0131lacak olas\u0131 bir d\u00fczeltmeye dayanak kabul edilebilecek de\u011fi\u015fikliklerin s\u0131n\u0131rlar\u0131 nas\u0131l belirlenebilir?&#8221; tab_id=&#8221;1608985451052-0e153e8f-b568&#8243;][vc_column_text text_larger=&#8221;no&#8221;]<\/p>\n<div align=\"justify\">\n<div align=\"justify\">\n<div align=\"justify\"><\/div>\n<\/div>\n<\/div>\n<p><a href=\"https:\/\/www.alfapatent-stanadvoka.com\/wp-content\/uploads\/2025\/02\/diagram-336.svg\"><img loading=\"lazy\" decoding=\"async\" class=\"aligncenter wp-image-8753 size-full\" src=\"https:\/\/www.alfapatent-stanadvoka.com\/wp-content\/uploads\/2025\/02\/diagram-336.svg\" alt=\"\" width=\"1232\" height=\"2286\" \/><\/a>[\/vc_column_text][\/vc_tta_section][vc_tta_section title=&#8221;Kamuya mal olmu\u015f ortak genel bilgi ne demektir?&#8221; tab_id=&#8221;1608985484230-a83274b6-2382&#8243;][vc_column_text text_larger=&#8221;no&#8221;]<\/p>\n<div align=\"justify\">\n<div align=\"justify\">\n<div align=\"justify\"><\/div>\n<\/div>\n<\/div>\n<p><a href=\"https:\/\/www.alfapatent-stanadvoka.com\/wp-content\/uploads\/2025\/02\/diagram-337.svg\"><img loading=\"lazy\" decoding=\"async\" class=\"aligncenter wp-image-8759 size-full\" src=\"https:\/\/www.alfapatent-stanadvoka.com\/wp-content\/uploads\/2025\/02\/diagram-337.svg\" alt=\"\" width=\"1232\" height=\"1693\" \/><\/a>[\/vc_column_text][\/vc_tta_section][vc_tta_section title=&#8221;Kapsam a\u015fmadan teknik \u00e7izimlere dayal\u0131 d\u00fczeltmeler yapmak m\u00fcmk\u00fcn m\u00fc?&#8221; tab_id=&#8221;1608985507502-598caa60-b13e&#8221;][vc_column_text text_larger=&#8221;no&#8221;]<\/p>\n<div align=\"justify\">\n<div align=\"justify\">\n<div align=\"justify\">\n<div align=\"justify\"><\/div>\n<\/div>\n<\/div>\n<\/div>\n<p><a href=\"https:\/\/www.alfapatent-stanadvoka.com\/wp-content\/uploads\/2025\/02\/diagram-338.svg\"><img loading=\"lazy\" decoding=\"async\" class=\"aligncenter wp-image-8765 size-full\" src=\"https:\/\/www.alfapatent-stanadvoka.com\/wp-content\/uploads\/2025\/02\/diagram-338.svg\" alt=\"\" width=\"1232\" height=\"1500\" \/><\/a>[\/vc_column_text][\/vc_tta_section][vc_tta_section title=&#8221;Bir teknik \u00e7izim i\u00e7erisinde boyutlar\u0131n sonradan \u00f6l\u00e7\u00fclmesi suretiyle yap\u0131lacak \u00e7\u0131kar\u0131mlar yeni d\u00fczeltmelerin dayana\u011f\u0131 olabilir mi?&#8221; tab_id=&#8221;1608985540353-9421d6f6-f092&#8243;][vc_column_text text_larger=&#8221;no&#8221;]<\/p>\n<div align=\"justify\">\n<div align=\"justify\">\n<div align=\"justify\">\n<div align=\"justify\"><\/div>\n<\/div>\n<\/div>\n<\/div>\n<p><a href=\"https:\/\/www.alfapatent-stanadvoka.com\/wp-content\/uploads\/2025\/02\/diagram-339.svg\"><img loading=\"lazy\" decoding=\"async\" class=\"aligncenter wp-image-8771 size-full\" src=\"https:\/\/www.alfapatent-stanadvoka.com\/wp-content\/uploads\/2025\/02\/diagram-339.svg\" alt=\"\" width=\"1232\" height=\"1510\" \/><\/a>[\/vc_column_text][\/vc_tta_section][vc_tta_section title=&#8221;D\u00fczeltilme ihtiyac\u0131 duyulmayan bir ba\u015fvuru yazmak m\u00fcmk\u00fcn m\u00fc?&#8221; tab_id=&#8221;1608985569771-c443dcf0-8bb8&#8243;][vc_column_text text_larger=&#8221;no&#8221;]<\/p>\n<div align=\"justify\">\n<div align=\"justify\">\n<div align=\"justify\">\n<div align=\"justify\">\n<div align=\"justify\"><\/div>\n<\/div>\n<\/div>\n<\/div>\n<\/div>\n<p><a href=\"https:\/\/www.alfapatent-stanadvoka.com\/wp-content\/uploads\/2025\/02\/diagram-340.svg\"><img loading=\"lazy\" decoding=\"async\" class=\"aligncenter wp-image-8777 size-full\" src=\"https:\/\/www.alfapatent-stanadvoka.com\/wp-content\/uploads\/2025\/02\/diagram-340.svg\" alt=\"\" width=\"1232\" height=\"1376\" \/><\/a>[\/vc_column_text][\/vc_tta_section][vc_tta_section title=&#8221;Bir teknik \u00e7izim i\u00e7erisinde yer almayan negatif unsurlar yeni d\u00fczeltmelerin dayana\u011f\u0131 olabilir mi?&#8221; tab_id=&#8221;1608985590391-36d19dc7-f0e9&#8243;][vc_column_text text_larger=&#8221;no&#8221;]<\/p>\n<div align=\"justify\">\n<div align=\"justify\">\n<div align=\"justify\">\n<div align=\"justify\">\n<p><a href=\"https:\/\/www.alfapatent-stanadvoka.com\/wp-content\/uploads\/2025\/02\/diagram-341.svg\"><img loading=\"lazy\" decoding=\"async\" class=\"aligncenter wp-image-8783 size-full\" src=\"https:\/\/www.alfapatent-stanadvoka.com\/wp-content\/uploads\/2025\/02\/diagram-341.svg\" alt=\"\" width=\"1232\" height=\"2172\" \/><\/a>[\/vc_column_text][\/vc_tta_section][\/vc_tta_accordion][\/vc_column][\/vc_row]<\/p>\n<\/div>\n<\/div>\n<\/div>\n<\/div>\n<\/div>","protected":false},"excerpt":{"rendered":"<p>[vc_row][vc_column width=&#8221;1\/4&#8243;][vc_empty_space woodmart_hide_large=&#8221;0&#8243; woodmart_hide_medium=&#8221;0&#8243; woodmart_hide_small=&#8221;0&#8243; woodmart_hide_extra_small=&#8221;0&#8243;][\/vc_column][vc_column width=&#8221;3\/4&#8243;][vc_tta_accordion shape=&#8221;square&#8221; color=&#8221;sky&#8221; spacing=&#8221;25&#8243; gap=&#8221;25&#8243; c_position=&#8221;right&#8221; active_section=&#8221;1&#8243; no_fill=&#8221;true&#8221; collapsible_all=&#8221;true&#8221;][vc_tta_section title=&#8221;Ba\u015fvuru Yap\u0131ld\u0131ktan Sonra Yeni Eklemeler<\/p>\n","protected":false},"author":1,"featured_media":0,"parent":0,"menu_order":0,"comment_status":"closed","ping_status":"closed","template":"","meta":{"footnotes":""},"class_list":["post-4388","page","type-page","status-publish","hentry"],"_links":{"self":[{"href":"https:\/\/www.alfapatent-stanadvoka.com\/tr\/wp-json\/wp\/v2\/pages\/4388","targetHints":{"allow":["GET"]}}],"collection":[{"href":"https:\/\/www.alfapatent-stanadvoka.com\/tr\/wp-json\/wp\/v2\/pages"}],"about":[{"href":"https:\/\/www.alfapatent-stanadvoka.com\/tr\/wp-json\/wp\/v2\/types\/page"}],"author":[{"embeddable":true,"href":"https:\/\/www.alfapatent-stanadvoka.com\/tr\/wp-json\/wp\/v2\/users\/1"}],"replies":[{"embeddable":true,"href":"https:\/\/www.alfapatent-stanadvoka.com\/tr\/wp-json\/wp\/v2\/comments?post=4388"}],"version-history":[{"count":5,"href":"https:\/\/www.alfapatent-stanadvoka.com\/tr\/wp-json\/wp\/v2\/pages\/4388\/revisions"}],"predecessor-version":[{"id":8789,"href":"https:\/\/www.alfapatent-stanadvoka.com\/tr\/wp-json\/wp\/v2\/pages\/4388\/revisions\/8789"}],"wp:attachment":[{"href":"https:\/\/www.alfapatent-stanadvoka.com\/tr\/wp-json\/wp\/v2\/media?parent=4388"}],"curies":[{"name":"wp","href":"https:\/\/api.w.org\/{rel}","templated":true}]}}