{"id":4384,"date":"2020-12-26T15:13:07","date_gmt":"2020-12-26T12:13:07","guid":{"rendered":"http:\/\/www.alfapatent-stanadvoka.com\/?page_id=4384"},"modified":"2025-02-06T17:03:50","modified_gmt":"2025-02-06T14:03:50","slug":"bulus-basamagi","status":"publish","type":"page","link":"https:\/\/www.alfapatent-stanadvoka.com\/tr\/bulus-basamagi\/","title":{"rendered":"Soru &#8211; Cevap \/ Bulu\u015f Basama\u011f\u0131"},"content":{"rendered":"<div class=\"wpb-content-wrapper\"><p>[vc_row][vc_column width=&#8221;1\/4&#8243;]\n\t\t\t<div id=\"wd-5fe1baecb5b1b\" class=\"widget_nav_mega_menu shortcode-mega-menu \">\n\n\t\t\t\t\t\t\t\t\t<h5 class=\"widget-title color-scheme-dark\">\n\t\t\t\t\t\tSoru Kategorileri\t\t\t\t\t<\/h5>\n\t\t\t\t\n\t\t\t\t<div class=\"woodmart-navigation vertical-navigation\">\n\t\t\t\t\t<div class=\"menu-sorucevap-turkish-container\"><ul id=\"menu-sorucevap-turkish\" class=\"menu\"><li id=\"menu-item-4675\" class=\"menu-item menu-item-type-post_type menu-item-object-page menu-item-4675 item-level-0 menu-item-design-default menu-simple-dropdown item-event-hover\"><a href=\"https:\/\/www.alfapatent-stanadvoka.com\/tr\/soru-cevap\/\" class=\"woodmart-nav-link\"><span class=\"nav-link-text\">Patent Vekilli\u011fi Mesle\u011fi<\/span><\/a><\/li>\n<li id=\"menu-item-4670\" class=\"menu-item menu-item-type-post_type menu-item-object-page menu-item-4670 item-level-0 menu-item-design-default menu-simple-dropdown item-event-hover\"><a href=\"https:\/\/www.alfapatent-stanadvoka.com\/tr\/ruchan\/\" class=\"woodmart-nav-link\"><span class=\"nav-link-text\">R\u00fc\u00e7han<\/span><\/a><\/li>\n<li id=\"menu-item-4673\" class=\"menu-item menu-item-type-post_type menu-item-object-page menu-item-4673 item-level-0 menu-item-design-default menu-simple-dropdown item-event-hover\"><a href=\"https:\/\/www.alfapatent-stanadvoka.com\/tr\/bulusun-uygulamaya-konabilme-yeterliligi\/\" class=\"woodmart-nav-link\"><span class=\"nav-link-text\">Bulu\u015fun Uygulamaya Konabilme Yeterlili\u011fi<\/span><\/a><\/li>\n<li id=\"menu-item-4667\" class=\"menu-item menu-item-type-post_type menu-item-object-page menu-item-4667 item-level-0 menu-item-design-default menu-simple-dropdown item-event-hover\"><a href=\"https:\/\/www.alfapatent-stanadvoka.com\/tr\/soru-cevap-yayin\/\" class=\"woodmart-nav-link\"><span class=\"nav-link-text\">Yay\u0131n<\/span><\/a><\/li>\n<li id=\"menu-item-4666\" class=\"menu-item menu-item-type-post_type menu-item-object-page menu-item-4666 item-level-0 menu-item-design-default menu-simple-dropdown item-event-hover\"><a href=\"https:\/\/www.alfapatent-stanadvoka.com\/tr\/soru-cevap-yenilik-kavrami-etrafinda-tartismalar\/\" class=\"woodmart-nav-link\"><span class=\"nav-link-text\">Yenilik Kavram\u0131 Etraf\u0131nda Tart\u0131\u015fmalar<\/span><\/a><\/li>\n<li id=\"menu-item-4674\" class=\"menu-item menu-item-type-post_type menu-item-object-page menu-item-4674 item-level-0 menu-item-design-default menu-simple-dropdown item-event-hover\"><a href=\"https:\/\/www.alfapatent-stanadvoka.com\/tr\/bulus-basamagi\/\" class=\"woodmart-nav-link\"><span class=\"nav-link-text\">Bulu\u015f Basama\u011f\u0131<\/span><\/a><\/li>\n<li id=\"menu-item-4676\" class=\"menu-item menu-item-type-post_type menu-item-object-page menu-item-4676 item-level-0 menu-item-design-default menu-simple-dropdown item-event-hover\"><a href=\"https:\/\/www.alfapatent-stanadvoka.com\/tr\/basvuru-duzeltme\/\" class=\"woodmart-nav-link\"><span class=\"nav-link-text\">Ba\u015fvuru D\u00fczeltme<\/span><\/a><\/li>\n<li id=\"menu-item-4669\" class=\"menu-item menu-item-type-post_type menu-item-object-page menu-item-4669 item-level-0 menu-item-design-default menu-simple-dropdown item-event-hover\"><a href=\"https:\/\/www.alfapatent-stanadvoka.com\/tr\/teshis-ve-tedavi-usulleri\/\" class=\"woodmart-nav-link\"><span class=\"nav-link-text\">Te\u015fhis ve Tedavi Usulleri<\/span><\/a><\/li>\n<li id=\"menu-item-4671\" class=\"menu-item menu-item-type-post_type menu-item-object-page menu-item-4671 item-level-0 menu-item-design-default menu-simple-dropdown item-event-hover\"><a href=\"https:\/\/www.alfapatent-stanadvoka.com\/tr\/patent-itirazi-proseduru\/\" class=\"woodmart-nav-link\"><span class=\"nav-link-text\">Patent \u0130tiraz\u0131 Prosed\u00fcr\u00fc<\/span><\/a><\/li>\n<li id=\"menu-item-4668\" class=\"menu-item menu-item-type-post_type menu-item-object-page menu-item-4668 item-level-0 menu-item-design-default menu-simple-dropdown item-event-hover\"><a href=\"https:\/\/www.alfapatent-stanadvoka.com\/tr\/istemler\/\" class=\"woodmart-nav-link\"><span class=\"nav-link-text\">\u0130stemler<\/span><\/a><\/li>\n<\/ul><\/div>\t\t\t\t<\/div>\n\n\t\t\t\t\t\t\t<\/div>\n\t\t[vc_empty_space woodmart_hide_large=&#8221;0&#8243; woodmart_hide_medium=&#8221;0&#8243; woodmart_hide_small=&#8221;0&#8243; woodmart_hide_extra_small=&#8221;0&#8243;][\/vc_column][vc_column width=&#8221;3\/4&#8243;]\n\t\t<div id=\"wd-5fe727ede5be0\" class=\"title-wrapper  woodmart-title-color-default woodmart-title-style-underlined woodmart-title-width-100 text-left woodmart-title-size-default \">\n\t\t\t\n\t\t\t<div class=\"liner-continer\">\n\t\t\t\t<span class=\"left-line\"><\/span>\n\t\t\t\t<h4 class=\"woodmart-title-container title  woodmart-font-weight-\" >Bulu\u015f Basama\u011f\u0131<\/h4>\t\t\t\t\t\t\t\t<span class=\"right-line\"><\/span>\n\t\t\t<\/div>\n\t\t\t\n\t\t\t\n\t\t\t\t\t<\/div>\n\t\t\n\t\t[vc_tta_accordion shape=&#8221;square&#8221; color=&#8221;sky&#8221; spacing=&#8221;25&#8243; gap=&#8221;25&#8243; c_position=&#8221;right&#8221; active_section=&#8221;1&#8243; no_fill=&#8221;true&#8221; collapsible_all=&#8221;true&#8221;][vc_tta_section title=&#8221;Bulu\u015f basama\u011f\u0131 incelemesinde en yak\u0131n teknik belge nedir?&#8221; tab_id=&#8221;1608984378097-285401b6-f420&#8243;][vc_column_text text_larger=&#8221;no&#8221;]<\/p>\n<div align=\"justify\"><\/div>\n<p><a href=\"https:\/\/www.alfapatent-stanadvoka.com\/wp-content\/uploads\/2025\/02\/diagram-305.svg\"><img loading=\"lazy\" decoding=\"async\" class=\"wp-image-8549 size-full aligncenter\" src=\"https:\/\/www.alfapatent-stanadvoka.com\/wp-content\/uploads\/2025\/02\/diagram-305.svg\" alt=\"\" width=\"1119\" height=\"1887\" \/><\/a>[\/vc_column_text][\/vc_tta_section][vc_tta_section title=&#8221;Bulu\u015f basama\u011f\u0131 incelemesinde en yak\u0131n teknik belge tespit edilirken teknik s\u0131n\u0131flar\u0131n \u00f6nemi nedir?&#8221; tab_id=&#8221;1608984642020-5856680a-bf41&#8243;][vc_column_text text_larger=&#8221;no&#8221;]<\/p>\n<div align=\"justify\">\n<div align=\"justify\"><\/div>\n<\/div>\n<p><a href=\"https:\/\/www.alfapatent-stanadvoka.com\/wp-content\/uploads\/2025\/02\/diagram-306.svg\"><img loading=\"lazy\" decoding=\"async\" class=\"aligncenter wp-image-8555 size-full\" src=\"https:\/\/www.alfapatent-stanadvoka.com\/wp-content\/uploads\/2025\/02\/diagram-306.svg\" alt=\"\" width=\"1119\" height=\"3178\" \/><\/a>[\/vc_column_text][\/vc_tta_section][vc_tta_section title=&#8221;Bulu\u015f basama\u011f\u0131 incelemesinde en yak\u0131n teknik belge tespit edilirken inceleme konusu istemle en \u00e7ok say\u0131da ortak unsura sahip olan bir belge ayn\u0131 teknik s\u0131n\u0131fta de\u011filse de de\u011ferlendirmeye al\u0131nabilir mi?&#8221; tab_id=&#8221;1608984658380-8660dd9f-bc59&#8243;][vc_column_text text_larger=&#8221;no&#8221;]<\/p>\n<div align=\"justify\">\n<div align=\"justify\"><\/div>\n<\/div>\n<p><a href=\"https:\/\/www.alfapatent-stanadvoka.com\/wp-content\/uploads\/2025\/02\/diagram-308.svg\"><img loading=\"lazy\" decoding=\"async\" class=\"aligncenter wp-image-8567 size-full\" src=\"https:\/\/www.alfapatent-stanadvoka.com\/wp-content\/uploads\/2025\/02\/diagram-308.svg\" alt=\"\" width=\"1119\" height=\"2853\" \/><\/a>[\/vc_column_text][\/vc_tta_section][vc_tta_section title=&#8221;Bulu\u015f basama\u011f\u0131 incelemesinde en yaks\u0131n teknik belge tespit edilirken ayn\u0131 veya kom\u015fu bir teknik s\u0131n\u0131fta olmayan bir belge de\u011ferlendirmeye al\u0131nabilir mi?&#8221; tab_id=&#8221;1608984673815-ee59e0f3-ec9c&#8221;][vc_column_text text_larger=&#8221;no&#8221;]<\/p>\n<div align=\"justify\">\n<div align=\"justify\"><\/div>\n<\/div>\n<p><a href=\"https:\/\/www.alfapatent-stanadvoka.com\/wp-content\/uploads\/2025\/02\/diagram-309.svg\"><img loading=\"lazy\" decoding=\"async\" class=\"aligncenter wp-image-8573 size-full\" src=\"https:\/\/www.alfapatent-stanadvoka.com\/wp-content\/uploads\/2025\/02\/diagram-309.svg\" alt=\"\" width=\"1119\" height=\"1941\" \/><\/a>[\/vc_column_text][\/vc_tta_section][vc_tta_section title=&#8221;Bulu\u015f basama\u011f\u0131 incelemesinde fark \u00f6zellik nedir?&#8221; tab_id=&#8221;1608984688792-aac9348d-73b0&#8243;][vc_column_text text_larger=&#8221;no&#8221;]<\/p>\n<div align=\"justify\">\n<div align=\"justify\"><\/div>\n<\/div>\n<p><a href=\"https:\/\/www.alfapatent-stanadvoka.com\/wp-content\/uploads\/2025\/02\/diagram-310.svg\"><img loading=\"lazy\" decoding=\"async\" class=\"aligncenter wp-image-8579 size-full\" src=\"https:\/\/www.alfapatent-stanadvoka.com\/wp-content\/uploads\/2025\/02\/diagram-310.svg\" alt=\"\" width=\"1119\" height=\"2210\" \/><\/a>[\/vc_column_text][\/vc_tta_section][vc_tta_section title=&#8221;Bulu\u015f basama\u011f\u0131 incelemesinde muadil \u00f6zellik nedir?&#8221; tab_id=&#8221;1608984710287-3ba59cd7-f673&#8243;][vc_column_text text_larger=&#8221;no&#8221;]<\/p>\n<div align=\"justify\">\n<div align=\"justify\"><\/div>\n<\/div>\n<p><a href=\"https:\/\/www.alfapatent-stanadvoka.com\/wp-content\/uploads\/2025\/02\/diagram-311.svg\"><img loading=\"lazy\" decoding=\"async\" class=\"aligncenter wp-image-8585 size-full\" src=\"https:\/\/www.alfapatent-stanadvoka.com\/wp-content\/uploads\/2025\/02\/diagram-311.svg\" alt=\"\" width=\"1119\" height=\"2714\" \/><\/a>[\/vc_column_text][\/vc_tta_section][vc_tta_section title=&#8221;Bulu\u015f basama\u011f\u0131 incelemesinde fark \u00f6zellik ile muadil \u00f6zellik ili\u015fkisi \u00f6rneklerle nas\u0131l verilebilir?&#8221; tab_id=&#8221;1608984730168-e69fb65c-79db&#8221;][vc_column_text text_larger=&#8221;no&#8221;]<\/p>\n<div align=\"justify\">\n<div align=\"justify\"><\/div>\n<\/div>\n<p><a href=\"https:\/\/www.alfapatent-stanadvoka.com\/wp-content\/uploads\/2025\/02\/diagram-312.svg\"><img loading=\"lazy\" decoding=\"async\" class=\"aligncenter wp-image-8592 size-full\" src=\"https:\/\/www.alfapatent-stanadvoka.com\/wp-content\/uploads\/2025\/02\/diagram-312.svg\" alt=\"\" width=\"1119\" height=\"2605\" \/><\/a>[\/vc_column_text][\/vc_tta_section][vc_tta_section title=&#8221;Muadil \u00f6zellik ile e\u015fde\u011fer \u00f6zellik aras\u0131ndaki ili\u015fki nedir?&#8221; tab_id=&#8221;1608984747671-df1548f2-02b5&#8243;][vc_column_text text_larger=&#8221;no&#8221;]<\/p>\n<div align=\"justify\">\n<div align=\"justify\"><\/div>\n<\/div>\n<p><a href=\"https:\/\/www.alfapatent-stanadvoka.com\/wp-content\/uploads\/2025\/02\/diagram-313.svg\"><img loading=\"lazy\" decoding=\"async\" class=\"aligncenter wp-image-8599 size-full\" src=\"https:\/\/www.alfapatent-stanadvoka.com\/wp-content\/uploads\/2025\/02\/diagram-313.svg\" alt=\"\" width=\"1119\" height=\"2330\" \/><\/a>[\/vc_column_text][\/vc_tta_section][vc_tta_section title=&#8221;Bulu\u015f basama\u011f\u0131 incelemesinde fark \u00f6zelli\u011fin muadil \u00f6zelli\u011fe g\u00f6re teknik etkisi nas\u0131l belirlenir?&#8221; tab_id=&#8221;1608984766096-ab2d4c68-ab92&#8243;][vc_column_text text_larger=&#8221;no&#8221;]<\/p>\n<div align=\"justify\">\n<div align=\"justify\"><\/div>\n<\/div>\n<p><a href=\"https:\/\/www.alfapatent-stanadvoka.com\/wp-content\/uploads\/2025\/02\/diagram-314.svg\"><img loading=\"lazy\" decoding=\"async\" class=\"aligncenter wp-image-8605 size-full\" src=\"https:\/\/www.alfapatent-stanadvoka.com\/wp-content\/uploads\/2025\/02\/diagram-314.svg\" alt=\"\" width=\"1119\" height=\"2742\" \/><\/a>[\/vc_column_text][\/vc_tta_section][vc_tta_section title=&#8221;Bulu\u015f basama\u011f\u0131 incelemesinde \u00e7\u00f6z\u00fclen teknik problem nas\u0131l belirlenir?&#8221; tab_id=&#8221;1608984978992-7593d616-dd6e&#8221;][vc_column_text text_larger=&#8221;no&#8221;]<\/p>\n<div align=\"justify\"><\/div>\n<p><a href=\"https:\/\/www.alfapatent-stanadvoka.com\/wp-content\/uploads\/2025\/02\/diagram-315.svg\"><img loading=\"lazy\" decoding=\"async\" class=\"aligncenter wp-image-8611 size-full\" src=\"https:\/\/www.alfapatent-stanadvoka.com\/wp-content\/uploads\/2025\/02\/diagram-315.svg\" alt=\"\" width=\"1119\" height=\"2938\" \/><\/a>[\/vc_column_text][\/vc_tta_section][vc_tta_section title=&#8221;Bulu\u015f basama\u011f\u0131 incelemesinde konu hakk\u0131nda uzman kimsenin cevap verdi\u011fi varsay\u0131lan soru nedir?&#8221; tab_id=&#8221;1608985056478-951c60ed-5738&#8243;][vc_column_text text_larger=&#8221;no&#8221;]<\/p>\n<div align=\"justify\">\n<div align=\"justify\"><\/div>\n<\/div>\n<p><a href=\"https:\/\/www.alfapatent-stanadvoka.com\/wp-content\/uploads\/2025\/02\/diagram-316.svg\"><img loading=\"lazy\" decoding=\"async\" class=\"aligncenter wp-image-8617 size-full\" src=\"https:\/\/www.alfapatent-stanadvoka.com\/wp-content\/uploads\/2025\/02\/diagram-316.svg\" alt=\"\" width=\"1119\" height=\"2786\" \/><\/a>[\/vc_column_text][\/vc_tta_section][vc_tta_section title=&#8221;Bulu\u015f basama\u011f\u0131 incelemesinde Could\/Would sorgulamas\u0131 nedir?&#8221; tab_id=&#8221;1608985074868-435429fd-c951&#8243;][vc_column_text text_larger=&#8221;no&#8221;]<\/p>\n<div align=\"justify\">\n<div align=\"justify\"><\/div>\n<\/div>\n<p><a href=\"https:\/\/www.alfapatent-stanadvoka.com\/wp-content\/uploads\/2025\/02\/diagram-318.svg\"><img loading=\"lazy\" decoding=\"async\" class=\"aligncenter wp-image-8629 size-full\" src=\"https:\/\/www.alfapatent-stanadvoka.com\/wp-content\/uploads\/2025\/02\/diagram-318.svg\" alt=\"\" width=\"1119\" height=\"4873\" \/><\/a>[\/vc_column_text][\/vc_tta_section][vc_tta_section title=&#8221;\u2018Could\/Would\u2019 sorgulamas\u0131nda de\u011ferlendirme k\u0131staslar\u0131 nelerdir?&#8221; tab_id=&#8221;1608985089300-28759255-4844&#8243;][vc_column_text text_larger=&#8221;no&#8221;]<\/p>\n<div align=\"justify\">\n<div align=\"justify\"><\/div>\n<\/div>\n<p><a href=\"https:\/\/www.alfapatent-stanadvoka.com\/wp-content\/uploads\/2025\/02\/diagram-319.svg\"><img decoding=\"async\" class=\"alignnone size-full wp-image-8635\" src=\"https:\/\/www.alfapatent-stanadvoka.com\/wp-content\/uploads\/2025\/02\/diagram-319.svg\" alt=\"\" \/><\/a>[\/vc_column_text][\/vc_tta_section][\/vc_tta_accordion][\/vc_column][\/vc_row]<\/p>\n<\/div>","protected":false},"excerpt":{"rendered":"<p>[vc_row][vc_column width=&#8221;1\/4&#8243;][vc_empty_space woodmart_hide_large=&#8221;0&#8243; woodmart_hide_medium=&#8221;0&#8243; woodmart_hide_small=&#8221;0&#8243; woodmart_hide_extra_small=&#8221;0&#8243;][\/vc_column][vc_column width=&#8221;3\/4&#8243;][vc_tta_accordion shape=&#8221;square&#8221; color=&#8221;sky&#8221; spacing=&#8221;25&#8243; gap=&#8221;25&#8243; c_position=&#8221;right&#8221; active_section=&#8221;1&#8243; no_fill=&#8221;true&#8221; collapsible_all=&#8221;true&#8221;][vc_tta_section title=&#8221;Bulu\u015f basama\u011f\u0131 incelemesinde en yak\u0131n<\/p>\n","protected":false},"author":1,"featured_media":0,"parent":0,"menu_order":0,"comment_status":"closed","ping_status":"closed","template":"","meta":{"footnotes":""},"class_list":["post-4384","page","type-page","status-publish","hentry"],"_links":{"self":[{"href":"https:\/\/www.alfapatent-stanadvoka.com\/tr\/wp-json\/wp\/v2\/pages\/4384","targetHints":{"allow":["GET"]}}],"collection":[{"href":"https:\/\/www.alfapatent-stanadvoka.com\/tr\/wp-json\/wp\/v2\/pages"}],"about":[{"href":"https:\/\/www.alfapatent-stanadvoka.com\/tr\/wp-json\/wp\/v2\/types\/page"}],"author":[{"embeddable":true,"href":"https:\/\/www.alfapatent-stanadvoka.com\/tr\/wp-json\/wp\/v2\/users\/1"}],"replies":[{"embeddable":true,"href":"https:\/\/www.alfapatent-stanadvoka.com\/tr\/wp-json\/wp\/v2\/comments?post=4384"}],"version-history":[{"count":9,"href":"https:\/\/www.alfapatent-stanadvoka.com\/tr\/wp-json\/wp\/v2\/pages\/4384\/revisions"}],"predecessor-version":[{"id":8641,"href":"https:\/\/www.alfapatent-stanadvoka.com\/tr\/wp-json\/wp\/v2\/pages\/4384\/revisions\/8641"}],"wp:attachment":[{"href":"https:\/\/www.alfapatent-stanadvoka.com\/tr\/wp-json\/wp\/v2\/media?parent=4384"}],"curies":[{"name":"wp","href":"https:\/\/api.w.org\/{rel}","templated":true}]}}