{"id":4373,"date":"2020-12-26T14:08:28","date_gmt":"2020-12-26T11:08:28","guid":{"rendered":"http:\/\/www.alfapatent-stanadvoka.com\/?page_id=4373"},"modified":"2025-01-31T18:40:46","modified_gmt":"2025-01-31T15:40:46","slug":"soru-cevap-yenilik-kavrami-etrafinda-tartismalar","status":"publish","type":"page","link":"https:\/\/www.alfapatent-stanadvoka.com\/tr\/soru-cevap-yenilik-kavrami-etrafinda-tartismalar\/","title":{"rendered":"Soru &#8211; Cevap \/ Yenilik Kavram\u0131 Etraf\u0131nda Tart\u0131\u015fmalar"},"content":{"rendered":"<div class=\"wpb-content-wrapper\"><p>[vc_row][vc_column width=&#8221;1\/4&#8243;]\n\t\t\t<div id=\"wd-5fe1baecb5b1b\" class=\"widget_nav_mega_menu shortcode-mega-menu \">\n\n\t\t\t\t\t\t\t\t\t<h5 class=\"widget-title color-scheme-dark\">\n\t\t\t\t\t\tSoru Kategorileri\t\t\t\t\t<\/h5>\n\t\t\t\t\n\t\t\t\t<div class=\"woodmart-navigation vertical-navigation\">\n\t\t\t\t\t<div class=\"menu-sorucevap-turkish-container\"><ul id=\"menu-sorucevap-turkish\" class=\"menu\"><li id=\"menu-item-4675\" class=\"menu-item menu-item-type-post_type menu-item-object-page menu-item-4675 item-level-0 menu-item-design-default menu-simple-dropdown item-event-hover\"><a href=\"https:\/\/www.alfapatent-stanadvoka.com\/tr\/soru-cevap\/\" class=\"woodmart-nav-link\"><span class=\"nav-link-text\">Patent Vekilli\u011fi Mesle\u011fi<\/span><\/a><\/li>\n<li id=\"menu-item-4670\" class=\"menu-item menu-item-type-post_type menu-item-object-page menu-item-4670 item-level-0 menu-item-design-default menu-simple-dropdown item-event-hover\"><a href=\"https:\/\/www.alfapatent-stanadvoka.com\/tr\/ruchan\/\" class=\"woodmart-nav-link\"><span class=\"nav-link-text\">R\u00fc\u00e7han<\/span><\/a><\/li>\n<li id=\"menu-item-4673\" class=\"menu-item menu-item-type-post_type menu-item-object-page menu-item-4673 item-level-0 menu-item-design-default menu-simple-dropdown item-event-hover\"><a href=\"https:\/\/www.alfapatent-stanadvoka.com\/tr\/bulusun-uygulamaya-konabilme-yeterliligi\/\" class=\"woodmart-nav-link\"><span class=\"nav-link-text\">Bulu\u015fun Uygulamaya Konabilme Yeterlili\u011fi<\/span><\/a><\/li>\n<li id=\"menu-item-4667\" class=\"menu-item menu-item-type-post_type menu-item-object-page menu-item-4667 item-level-0 menu-item-design-default menu-simple-dropdown item-event-hover\"><a href=\"https:\/\/www.alfapatent-stanadvoka.com\/tr\/soru-cevap-yayin\/\" class=\"woodmart-nav-link\"><span class=\"nav-link-text\">Yay\u0131n<\/span><\/a><\/li>\n<li id=\"menu-item-4666\" class=\"menu-item menu-item-type-post_type menu-item-object-page menu-item-4666 item-level-0 menu-item-design-default menu-simple-dropdown item-event-hover\"><a href=\"https:\/\/www.alfapatent-stanadvoka.com\/tr\/soru-cevap-yenilik-kavrami-etrafinda-tartismalar\/\" class=\"woodmart-nav-link\"><span class=\"nav-link-text\">Yenilik Kavram\u0131 Etraf\u0131nda Tart\u0131\u015fmalar<\/span><\/a><\/li>\n<li id=\"menu-item-4674\" class=\"menu-item menu-item-type-post_type menu-item-object-page menu-item-4674 item-level-0 menu-item-design-default menu-simple-dropdown item-event-hover\"><a href=\"https:\/\/www.alfapatent-stanadvoka.com\/tr\/bulus-basamagi\/\" class=\"woodmart-nav-link\"><span class=\"nav-link-text\">Bulu\u015f Basama\u011f\u0131<\/span><\/a><\/li>\n<li id=\"menu-item-4676\" class=\"menu-item menu-item-type-post_type menu-item-object-page menu-item-4676 item-level-0 menu-item-design-default menu-simple-dropdown item-event-hover\"><a href=\"https:\/\/www.alfapatent-stanadvoka.com\/tr\/basvuru-duzeltme\/\" class=\"woodmart-nav-link\"><span class=\"nav-link-text\">Ba\u015fvuru D\u00fczeltme<\/span><\/a><\/li>\n<li id=\"menu-item-4669\" class=\"menu-item menu-item-type-post_type menu-item-object-page menu-item-4669 item-level-0 menu-item-design-default menu-simple-dropdown item-event-hover\"><a href=\"https:\/\/www.alfapatent-stanadvoka.com\/tr\/teshis-ve-tedavi-usulleri\/\" class=\"woodmart-nav-link\"><span class=\"nav-link-text\">Te\u015fhis ve Tedavi Usulleri<\/span><\/a><\/li>\n<li id=\"menu-item-4671\" class=\"menu-item menu-item-type-post_type menu-item-object-page menu-item-4671 item-level-0 menu-item-design-default menu-simple-dropdown item-event-hover\"><a href=\"https:\/\/www.alfapatent-stanadvoka.com\/tr\/patent-itirazi-proseduru\/\" class=\"woodmart-nav-link\"><span class=\"nav-link-text\">Patent \u0130tiraz\u0131 Prosed\u00fcr\u00fc<\/span><\/a><\/li>\n<li id=\"menu-item-4668\" class=\"menu-item menu-item-type-post_type menu-item-object-page menu-item-4668 item-level-0 menu-item-design-default menu-simple-dropdown item-event-hover\"><a href=\"https:\/\/www.alfapatent-stanadvoka.com\/tr\/istemler\/\" class=\"woodmart-nav-link\"><span class=\"nav-link-text\">\u0130stemler<\/span><\/a><\/li>\n<\/ul><\/div>\t\t\t\t<\/div>\n\n\t\t\t\t\t\t\t<\/div>\n\t\t[vc_empty_space woodmart_hide_large=&#8221;0&#8243; woodmart_hide_medium=&#8221;0&#8243; woodmart_hide_small=&#8221;0&#8243; woodmart_hide_extra_small=&#8221;0&#8243;][\/vc_column][vc_column width=&#8221;3\/4&#8243;]\n\t\t<div id=\"wd-5fe72285dcb3b\" class=\"title-wrapper  woodmart-title-color-default woodmart-title-style-underlined woodmart-title-width-100 text-left woodmart-title-size-default \">\n\t\t\t\n\t\t\t<div class=\"liner-continer\">\n\t\t\t\t<span class=\"left-line\"><\/span>\n\t\t\t\t<h4 class=\"woodmart-title-container title  woodmart-font-weight-\" >Yenilik Kavram\u0131 Etraf\u0131nda Tart\u0131\u015fmalar<\/h4>\t\t\t\t\t\t\t\t<span class=\"right-line\"><\/span>\n\t\t\t<\/div>\n\t\t\t\n\t\t\t\n\t\t\t\t\t<\/div>\n\t\t\n\t\t[vc_tta_accordion shape=&#8221;square&#8221; color=&#8221;sky&#8221; spacing=&#8221;25&#8243; gap=&#8221;25&#8243; c_position=&#8221;right&#8221; active_section=&#8221;1&#8243; no_fill=&#8221;true&#8221; collapsible_all=&#8221;true&#8221;][vc_tta_section title=&#8221;Yenilik sorgulan\u0131rken s\u0131n\u0131rlar nelerdir?&#8221; tab_id=&#8221;1608979712743-8aaed64e-f537&#8243;][vc_column_text text_larger=&#8221;no&#8221;]<\/p>\n<p><a href=\"https:\/\/www.alfapatent-stanadvoka.com\/wp-content\/uploads\/2025\/01\/diagram-273.svg\"><img loading=\"lazy\" decoding=\"async\" class=\"aligncenter wp-image-8342 size-full\" src=\"https:\/\/www.alfapatent-stanadvoka.com\/wp-content\/uploads\/2025\/01\/diagram-273.svg\" alt=\"\" width=\"906\" height=\"680\" \/><\/a>[\/vc_column_text][\/vc_tta_section][vc_tta_section title=&#8221;Yenilik kar\u015f\u0131t\u0131 kan\u0131tlar co\u011frafi konumlar\u0131na, dillerine, a\u00e7\u0131klanma \u015fekline veya ya\u015fa g\u00f6re stat\u00fc de\u011fi\u015ftirirler mi?&#8221; tab_id=&#8221;1608980064983-fec7d559-145b&#8221;][vc_column_text text_larger=&#8221;no&#8221;]<\/p>\n<p><a href=\"https:\/\/www.alfapatent-stanadvoka.com\/wp-content\/uploads\/2025\/01\/diagram-274.svg\"><img loading=\"lazy\" decoding=\"async\" class=\"aligncenter wp-image-8348 size-full\" src=\"https:\/\/www.alfapatent-stanadvoka.com\/wp-content\/uploads\/2025\/01\/diagram-274.svg\" alt=\"\" width=\"522\" height=\"703\" \/><\/a>[\/vc_column_text][\/vc_tta_section][vc_tta_section title=&#8221;Yenilik sorgulan\u0131rken incelenebilirlik ve g\u00f6r\u00fclebilirlik ne demektir?&#8221; tab_id=&#8221;1608980080906-bae37e2a-337b&#8221;][vc_column_text text_larger=&#8221;no&#8221;]<\/p>\n<p><a href=\"https:\/\/www.alfapatent-stanadvoka.com\/wp-content\/uploads\/2025\/01\/diagram-275.svg\"><img loading=\"lazy\" decoding=\"async\" class=\"aligncenter wp-image-8354 size-full\" src=\"https:\/\/www.alfapatent-stanadvoka.com\/wp-content\/uploads\/2025\/01\/diagram-275.svg\" alt=\"\" width=\"1461\" height=\"672\" \/><\/a>[\/vc_column_text][\/vc_tta_section][vc_tta_section title=&#8221;Piyasada ticari olarak var olan bir \u00fcr\u00fcn\u00fcn her t\u00fcrl\u00fc teknik \u00f6zelli\u011fi bir patent ba\u015fvurusunun yenili\u011fi aleyhine kan\u0131t te\u015fkil edebilir mi?&#8221; tab_id=&#8221;1608980103289-c36d707b-ce28&#8243;][vc_column_text text_larger=&#8221;no&#8221;]<\/p>\n<p><a href=\"https:\/\/www.alfapatent-stanadvoka.com\/wp-content\/uploads\/2025\/01\/diagram-276.svg\"><img loading=\"lazy\" decoding=\"async\" class=\"aligncenter wp-image-8360 size-full\" src=\"https:\/\/www.alfapatent-stanadvoka.com\/wp-content\/uploads\/2025\/01\/diagram-276.svg\" alt=\"\" width=\"1493\" height=\"1640\" \/><\/a>[\/vc_column_text][\/vc_tta_section][vc_tta_section title=&#8221;Birinci t\u0131bbi kullan\u0131m ve ikinci t\u0131bbi kullan\u0131m ne demektir ve bunlar\u0131n yenilik kriteri ile ili\u015fkisi nedir?&#8221; tab_id=&#8221;1608980122247-a19e0ae0-6651&#8243;][vc_column_text text_larger=&#8221;no&#8221;]<a href=\"https:\/\/www.alfapatent-stanadvoka.com\/wp-content\/uploads\/2025\/01\/diagram-277.svg\"><img loading=\"lazy\" decoding=\"async\" class=\"aligncenter wp-image-8366 size-full\" src=\"https:\/\/www.alfapatent-stanadvoka.com\/wp-content\/uploads\/2025\/01\/diagram-277.svg\" alt=\"\" width=\"1365\" height=\"781\" \/><\/a>[\/vc_column_text][\/vc_tta_section][vc_tta_section title=&#8221;Yeni olmad\u0131\u011f\u0131 bilinen bir kompozisyon i\u00e7in yeni birinci t\u0131bbi kullan\u0131m ve ikinci t\u0131bbi kullan\u0131m istemleri nas\u0131l yaz\u0131labilir?&#8221; tab_id=&#8221;1608980146289-8ba8b5a1-8b0c&#8221;][vc_column_text text_larger=&#8221;no&#8221;]<\/p>\n<p><a href=\"https:\/\/www.alfapatent-stanadvoka.com\/wp-content\/uploads\/2025\/01\/diagram-278.svg\"><img loading=\"lazy\" decoding=\"async\" class=\"aligncenter wp-image-8372 size-full\" src=\"https:\/\/www.alfapatent-stanadvoka.com\/wp-content\/uploads\/2025\/01\/diagram-278.svg\" alt=\"\" width=\"1115\" height=\"604\" \/><\/a>[\/vc_column_text][\/vc_tta_section][vc_tta_section title=&#8221;Piyasada sat\u0131lan ve fuarda sergilenen \u00fcr\u00fcnler aras\u0131nda yenilik kar\u015f\u0131t\u0131 kan\u0131t nitelikleri bak\u0131m\u0131ndan farklar nelerdir?&#8221; tab_id=&#8221;1608980171731-e9a63bc2-1469&#8243;][vc_column_text text_larger=&#8221;no&#8221;]<\/p>\n<p><a href=\"https:\/\/www.alfapatent-stanadvoka.com\/wp-content\/uploads\/2025\/01\/diagram-279.svg\"><img loading=\"lazy\" decoding=\"async\" class=\"aligncenter wp-image-8378 size-full\" src=\"https:\/\/www.alfapatent-stanadvoka.com\/wp-content\/uploads\/2025\/01\/diagram-279.svg\" alt=\"\" width=\"1390\" height=\"651\" \/><\/a>[\/vc_column_text][\/vc_tta_section][vc_tta_section title=&#8221;Yenilik sorgulan\u0131rken gizlilik ve ki\u015fiye \u00f6zel bilgi ne demektir?&#8221; tab_id=&#8221;1608980800151-67a61b2b-13d4&#8243;][vc_column_text text_larger=&#8221;no&#8221;]<\/p>\n<p><a href=\"https:\/\/www.alfapatent-stanadvoka.com\/wp-content\/uploads\/2025\/01\/diagram-280.svg\"><img loading=\"lazy\" decoding=\"async\" class=\"aligncenter wp-image-8384 size-full\" src=\"https:\/\/www.alfapatent-stanadvoka.com\/wp-content\/uploads\/2025\/01\/diagram-280.svg\" alt=\"\" width=\"1026\" height=\"621\" \/><\/a>[\/vc_column_text][\/vc_tta_section][vc_tta_section title=&#8221;\u0130ki firma aras\u0131nda hi\u00e7bir gizlilik anla\u015fmas\u0131 olmaks\u0131z\u0131n yap\u0131lan bir toplant\u0131dan \u00f6\u011frenilen bilgiler bir patent ba\u015fvurusunun yenili\u011finin aleyhine kullan\u0131labilir mi?&#8221; tab_id=&#8221;1608980821023-7616db67-195d&#8221;][vc_column_text text_larger=&#8221;no&#8221;]<\/p>\n<p><a href=\"https:\/\/www.alfapatent-stanadvoka.com\/wp-content\/uploads\/2025\/01\/diagram-281.svg\"><img loading=\"lazy\" decoding=\"async\" class=\"aligncenter wp-image-8390 size-full\" src=\"https:\/\/www.alfapatent-stanadvoka.com\/wp-content\/uploads\/2025\/01\/diagram-281.svg\" alt=\"\" width=\"894\" height=\"648\" \/><\/a>[\/vc_column_text][\/vc_tta_section][vc_tta_section title=&#8221;Bir \u015firket \u00e7al\u0131\u015fan\u0131n\u0131n if\u015fa etti\u011fi kimi bilgiler bir patent ba\u015fvurusunun yenili\u011finin aleyhine kullan\u0131labilir mi?&#8221; tab_id=&#8221;1608980839056-12d17ffc-a089&#8243;][vc_column_text text_larger=&#8221;no&#8221;]<a href=\"https:\/\/www.alfapatent-stanadvoka.com\/wp-content\/uploads\/2025\/01\/diagram-282.svg\"><img loading=\"lazy\" decoding=\"async\" class=\"aligncenter wp-image-8396 size-full\" src=\"https:\/\/www.alfapatent-stanadvoka.com\/wp-content\/uploads\/2025\/01\/diagram-282.svg\" alt=\"\" width=\"1179\" height=\"696\" \/><\/a>[\/vc_column_text][\/vc_tta_section][vc_tta_section title=&#8221;Firmalar aras\u0131nda g\u00f6nderilen teklifler ve teknik \u015fartnameler yenili\u011fe kar\u015f\u0131 kan\u0131t te\u015fkil edebilir mi?&#8221; tab_id=&#8221;1608980855333-706b9215-f6d6&#8243;][vc_column_text text_larger=&#8221;no&#8221;]<a href=\"https:\/\/www.alfapatent-stanadvoka.com\/wp-content\/uploads\/2025\/01\/diagram-283.svg\"><img loading=\"lazy\" decoding=\"async\" class=\"aligncenter wp-image-8402 size-full\" src=\"https:\/\/www.alfapatent-stanadvoka.com\/wp-content\/uploads\/2025\/01\/diagram-283.svg\" alt=\"\" width=\"1101\" height=\"1118\" \/><\/a>[\/vc_column_text][\/vc_tta_section][vc_tta_section title=&#8221;\u0130ki taraf aras\u0131nda yap\u0131lan gizlilik anla\u015fmas\u0131n\u0131n s\u00fcresinin dolmas\u0131 anla\u015fma kapsam\u0131ndaki bilgilerin kamuya a\u00e7\u0131ld\u0131\u011f\u0131na m\u0131 i\u015farettir?&#8221; tab_id=&#8221;1608980885422-ff100ab8-25fc&#8221;][vc_column_text text_larger=&#8221;no&#8221;]<a href=\"https:\/\/www.alfapatent-stanadvoka.com\/wp-content\/uploads\/2025\/01\/diagram-284.svg\"><img loading=\"lazy\" decoding=\"async\" class=\"aligncenter wp-image-8409 size-full\" src=\"https:\/\/www.alfapatent-stanadvoka.com\/wp-content\/uploads\/2025\/01\/diagram-284.svg\" alt=\"\" width=\"1493\" height=\"1944\" \/><\/a>[\/vc_column_text][\/vc_tta_section][vc_tta_section title=&#8221;Bir dan\u0131\u015fmana veya ta\u015feron firmaya a\u00e7\u0131klanan teknik bilgi kamu mal\u0131 haline d\u00f6n\u00fc\u015fm\u00fc\u015f m\u00fcd\u00fcr?&#8221; tab_id=&#8221;1608981134516-b5d9af49-eeac&#8221;][vc_column_text text_larger=&#8221;no&#8221;]<\/p>\n<p><a href=\"https:\/\/www.alfapatent-stanadvoka.com\/wp-content\/uploads\/2025\/01\/diagram-285.svg\"><img loading=\"lazy\" decoding=\"async\" class=\"aligncenter wp-image-8415 size-full\" src=\"https:\/\/www.alfapatent-stanadvoka.com\/wp-content\/uploads\/2025\/01\/diagram-285.svg\" alt=\"\" width=\"1493\" height=\"1363\" \/><\/a>[\/vc_column_text][\/vc_tta_section][vc_tta_section title=&#8221;Yenilik sorgulan\u0131rken kan\u0131ta eri\u015filebilirlik ne demektir?&#8221; tab_id=&#8221;1608981149625-982f6743-00b8&#8243;][vc_column_text text_larger=&#8221;no&#8221;]<\/p>\n<p><a href=\"https:\/\/www.alfapatent-stanadvoka.com\/wp-content\/uploads\/2025\/01\/diagram-286.svg\"><img loading=\"lazy\" decoding=\"async\" class=\"aligncenter wp-image-8421 size-full\" src=\"https:\/\/www.alfapatent-stanadvoka.com\/wp-content\/uploads\/2025\/01\/diagram-286.svg\" alt=\"\" width=\"956\" height=\"417\" \/><\/a>[\/vc_column_text][\/vc_tta_section][vc_tta_section title=&#8221;Yenili\u011fi sorgulanan patent ba\u015fvurusundan daha \u00f6nce kamunun eri\u015filebilir oldu\u011fu ancak yine de hi\u00e7 kimsenin pratik olarak eri\u015fmedi\u011fi kesin olarak bilinen kan\u0131tlar yenilik aleyhine kullan\u0131labilir mi?&#8221; tab_id=&#8221;1608981167126-a923577c-9f7c&#8221;][vc_column_text text_larger=&#8221;no&#8221;]<a href=\"https:\/\/www.alfapatent-stanadvoka.com\/wp-content\/uploads\/2025\/01\/diagram-287.svg\"><img loading=\"lazy\" decoding=\"async\" class=\"aligncenter wp-image-8428 size-full\" src=\"https:\/\/www.alfapatent-stanadvoka.com\/wp-content\/uploads\/2025\/01\/diagram-287.svg\" alt=\"\" width=\"1493\" height=\"2152\" \/><\/a><\/p>\n<p>[\/vc_column_text][\/vc_tta_section][vc_tta_section title=&#8221;Yenili\u011fi sorgulanan patent ba\u015fvurusundan daha \u00f6nce bir k\u00fct\u00fcphanede endekse kaydedilen bir kan\u0131t belgeyi almak i\u00e7in ilgili patentin ba\u015fvuru tarihine kadar kimse ba\u015fvuruda bulunmad\u0131ysa belge kan\u0131t stat\u00fcs\u00fc kazan\u0131r m\u0131?&#8221; tab_id=&#8221;1608981196206-056ec5bc-8e6c&#8221;][vc_column_text text_larger=&#8221;no&#8221;]<\/p>\n<p><a href=\"https:\/\/www.alfapatent-stanadvoka.com\/wp-content\/uploads\/2025\/01\/diagram-288.svg\"><img loading=\"lazy\" decoding=\"async\" class=\"aligncenter wp-image-8434 size-full\" src=\"https:\/\/www.alfapatent-stanadvoka.com\/wp-content\/uploads\/2025\/01\/diagram-288.svg\" alt=\"\" width=\"1493\" height=\"2581\" \/><\/a>[\/vc_column_text][\/vc_tta_section][vc_tta_section title=&#8221;Teknik bir bilginin kamuya a\u00e7\u0131lm\u0131\u015f kabul edilebilmesi i\u00e7in bilgiyi \u00f6\u011frenmi\u015f olmas\u0131 gereken minimum bir ki\u015fi say\u0131s\u0131 var m\u0131d\u0131r?&#8221; tab_id=&#8221;1608981214322-95811043-be88&#8243;][vc_column_text text_larger=&#8221;no&#8221;]<a href=\"https:\/\/www.alfapatent-stanadvoka.com\/wp-content\/uploads\/2025\/01\/diagram-289.svg\"><img loading=\"lazy\" decoding=\"async\" class=\"aligncenter wp-image-8440 size-full\" src=\"https:\/\/www.alfapatent-stanadvoka.com\/wp-content\/uploads\/2025\/01\/diagram-289.svg\" alt=\"\" width=\"503\" height=\"684\" \/><\/a>[\/vc_column_text][\/vc_tta_section][vc_tta_section title=&#8221;Yenili\u011fe kar\u015f\u0131 kan\u0131tlara ula\u015fm\u0131\u015f kimselerin teknik yeterlilikleri \u00f6nemli midir?&#8221; tab_id=&#8221;1608981228755-fd5d94e1-d9e8&#8243;][vc_column_text text_larger=&#8221;no&#8221;]<a href=\"https:\/\/www.alfapatent-stanadvoka.com\/wp-content\/uploads\/2025\/01\/diagram-290.svg\"><img loading=\"lazy\" decoding=\"async\" class=\"aligncenter wp-image-8446 size-full\" src=\"https:\/\/www.alfapatent-stanadvoka.com\/wp-content\/uploads\/2025\/01\/diagram-290.svg\" alt=\"\" width=\"1493\" height=\"3214\" \/><\/a>[\/vc_column_text][\/vc_tta_section][vc_tta_section title=&#8221;Teknik bilginin \u00fc\u00e7\u00fcnc\u00fc ki\u015filere da\u011f\u0131t\u0131labilirli\u011fi kriteri kal\u0131c\u0131 olarak kamuya a\u00e7\u0131lma bi\u00e7imlerinde uygulan\u0131r m\u0131?&#8221; tab_id=&#8221;1608981269038-d3ec1b9e-8805&#8243;][vc_column_text text_larger=&#8221;no&#8221;]<a href=\"https:\/\/www.alfapatent-stanadvoka.com\/wp-content\/uploads\/2025\/01\/diagram-291.svg\"><img decoding=\"async\" class=\"size-full wp-image-8452 aligncenter\" src=\"https:\/\/www.alfapatent-stanadvoka.com\/wp-content\/uploads\/2025\/01\/diagram-291.svg\" alt=\"\" \/><\/a>[\/vc_column_text][\/vc_tta_section][vc_tta_section title=&#8221;Yenilik kar\u015f\u0131t\u0131 kan\u0131t olarak kullan\u0131lacak belgenin bir kitap olmas\u0131 durumunda g\u00fcvenilirli\u011fi nas\u0131l teslim edilir?&#8221; tab_id=&#8221;1608981314968-65e761a7-b1d0&#8243;][vc_column_text text_larger=&#8221;no&#8221;]<a href=\"https:\/\/www.alfapatent-stanadvoka.com\/wp-content\/uploads\/2025\/01\/diagram-292.svg\"><img decoding=\"async\" class=\"size-full wp-image-8460 aligncenter\" src=\"https:\/\/www.alfapatent-stanadvoka.com\/wp-content\/uploads\/2025\/01\/diagram-292.svg\" alt=\"\" \/><\/a>[\/vc_column_text][\/vc_tta_section][vc_tta_section title=&#8221;Bir mektup yenilik kar\u015f\u0131t\u0131 kan\u0131t olabilir mi?&#8221; tab_id=&#8221;1608981334225-aaeff737-3914&#8243;][vc_column_text text_larger=&#8221;no&#8221;]<\/p>\n<p><a href=\"https:\/\/www.alfapatent-stanadvoka.com\/wp-content\/uploads\/2025\/01\/diagram-293.svg\"><img decoding=\"async\" class=\"size-full wp-image-8466 aligncenter\" src=\"https:\/\/www.alfapatent-stanadvoka.com\/wp-content\/uploads\/2025\/01\/diagram-293.svg\" alt=\"\" \/><\/a>[\/vc_column_text][\/vc_tta_section][vc_tta_section title=&#8221;Yenilik kar\u015f\u0131t\u0131 kan\u0131tlar s\u00f6zl\u00fc bi\u00e7imde olabilir mi?&#8221; tab_id=&#8221;1608981358881-ba71de45-849b&#8221;][vc_column_text text_larger=&#8221;no&#8221;]<a href=\"https:\/\/www.alfapatent-stanadvoka.com\/wp-content\/uploads\/2025\/01\/diagram-294.svg\"><img decoding=\"async\" class=\"size-full wp-image-8473 aligncenter\" src=\"https:\/\/www.alfapatent-stanadvoka.com\/wp-content\/uploads\/2025\/01\/diagram-294.svg\" alt=\"\" \/><\/a>[\/vc_column_text][\/vc_tta_section][vc_tta_section title=&#8221;S\u00f6zl\u00fc a\u00e7\u0131klamalar\u0131n kan\u0131t olma \u00f6l\u00e7\u00fctleri nelerdir?&#8221; tab_id=&#8221;1608981441912-a57f70a9-58df&#8221;][vc_column_text text_larger=&#8221;no&#8221;]<a href=\"https:\/\/www.alfapatent-stanadvoka.com\/wp-content\/uploads\/2025\/01\/diagram-295.svg\"><img decoding=\"async\" class=\"size-full wp-image-8479 aligncenter\" src=\"https:\/\/www.alfapatent-stanadvoka.com\/wp-content\/uploads\/2025\/01\/diagram-295.svg\" alt=\"\" \/><\/a>[\/vc_column_text][\/vc_tta_section][vc_tta_section title=&#8221;Kamu \u00f6n\u00fcnde kullan\u0131mlar yenilik kar\u015f\u0131t\u0131 kan\u0131t olabilir mi?&#8221; tab_id=&#8221;1608981461421-7bc50498-0579&#8243;][vc_column_text text_larger=&#8221;no&#8221;]<a href=\"https:\/\/www.alfapatent-stanadvoka.com\/wp-content\/uploads\/2025\/01\/diagram-296.svg\"><img decoding=\"async\" class=\"size-full wp-image-8485 aligncenter\" src=\"https:\/\/www.alfapatent-stanadvoka.com\/wp-content\/uploads\/2025\/01\/diagram-296.svg\" alt=\"\" \/><\/a>[\/vc_column_text][\/vc_tta_section][vc_tta_section title=&#8221;\u00d6nceki kullan\u0131m\u0131n kan\u0131tlar\u0131n\u0131n bulu\u015f basama\u011f\u0131 a\u00e7\u0131s\u0131ndan hukuki anlam\u0131 nedir?&#8221; tab_id=&#8221;1608981505971-66043a1c-51f6&#8243;][vc_column_text text_larger=&#8221;no&#8221;]<a href=\"https:\/\/www.alfapatent-stanadvoka.com\/wp-content\/uploads\/2025\/01\/diagram-297.svg\"><img decoding=\"async\" class=\"size-full wp-image-8491 aligncenter\" src=\"https:\/\/www.alfapatent-stanadvoka.com\/wp-content\/uploads\/2025\/01\/diagram-297.svg\" alt=\"\" \/><\/a>[\/vc_column_text][\/vc_tta_section][vc_tta_section title=&#8221;\u00d6nceki kullan\u0131m\u0131n varl\u0131\u011f\u0131 sorgulan\u0131rken izlenecek hukuki prosed\u00fcr nedir?&#8221; tab_id=&#8221;1608981525218-a469da81-bfa5&#8243;][vc_column_text text_larger=&#8221;no&#8221;]<a href=\"https:\/\/www.alfapatent-stanadvoka.com\/wp-content\/uploads\/2025\/01\/diagram-298.svg\"><img decoding=\"async\" class=\"size-full wp-image-8497 aligncenter\" src=\"https:\/\/www.alfapatent-stanadvoka.com\/wp-content\/uploads\/2025\/01\/diagram-298.svg\" alt=\"\" \/><\/a>[\/vc_column_text][\/vc_tta_section][vc_tta_section title=&#8221;\u0130nternet kan\u0131tlar\u0131 yenili\u011fe kar\u015f\u0131 kullan\u0131labilir mi?&#8221; tab_id=&#8221;1608981692261-c1111392-0b0c&#8221;][vc_column_text text_larger=&#8221;no&#8221;]<\/p>\n<p><a href=\"https:\/\/www.alfapatent-stanadvoka.com\/wp-content\/uploads\/2025\/01\/diagram-299.svg\"><img decoding=\"async\" class=\"size-full wp-image-8503 aligncenter\" src=\"https:\/\/www.alfapatent-stanadvoka.com\/wp-content\/uploads\/2025\/01\/diagram-299.svg\" alt=\"\" \/><\/a>[\/vc_column_text][\/vc_tta_section][vc_tta_section title=&#8221;\u0130nternet kan\u0131tlar\u0131n\u0131n g\u00fcvenilirli\u011fi nas\u0131l sorgulan\u0131r?&#8221; tab_id=&#8221;1608981578648-4136ef4b-7031&#8243;][vc_column_text text_larger=&#8221;no&#8221;]<a href=\"https:\/\/www.alfapatent-stanadvoka.com\/wp-content\/uploads\/2025\/01\/diagram-300.svg\"><img decoding=\"async\" class=\"size-full wp-image-8509 aligncenter\" src=\"https:\/\/www.alfapatent-stanadvoka.com\/wp-content\/uploads\/2025\/01\/diagram-300.svg\" alt=\"\" \/><\/a>[\/vc_column_text][\/vc_tta_section][vc_tta_section title=&#8221;\u0130nternet\u2019te yer alan teknik ihtivan\u0131n yay\u0131n tarihinin belirlenmesinde dikkate al\u0131nacak unsurlar nelerdir?&#8221; tab_id=&#8221;1608981727233-d1bddd0d-2f4b&#8221;][vc_column_text text_larger=&#8221;no&#8221;]<\/p>\n<p><a href=\"https:\/\/www.alfapatent-stanadvoka.com\/wp-content\/uploads\/2025\/01\/diagram-301.svg\"><img decoding=\"async\" class=\"size-full wp-image-8515 aligncenter\" src=\"https:\/\/www.alfapatent-stanadvoka.com\/wp-content\/uploads\/2025\/01\/diagram-301.svg\" alt=\"\" \/><\/a>[\/vc_column_text][\/vc_tta_section][vc_tta_section title=&#8221;\u0130nternet&#8217;te yer alan teknik ihtivan\u0131n sadece belirli bir z\u00fcmre i\u00e7in eri\u015filebilir olmas\u0131 kan\u0131t stat\u00fcs\u00fcn\u00fc etkiler mi?&#8221; tab_id=&#8221;1608981767022-691d9624-da39&#8243;][vc_column_text text_larger=&#8221;no&#8221;] <a href=\"https:\/\/www.alfapatent-stanadvoka.com\/wp-content\/uploads\/2025\/01\/diagram-302.svg\"><img decoding=\"async\" class=\"size-full wp-image-8521 aligncenter\" src=\"https:\/\/www.alfapatent-stanadvoka.com\/wp-content\/uploads\/2025\/01\/diagram-302.svg\" alt=\"\" \/><\/a><img loading=\"lazy\" decoding=\"async\" class=\"alignnone size-medium wp-image-8527\" src=\"https:\/\/www.alfapatent-stanadvoka.com\/wp-content\/uploads\/2025\/01\/diagram-302-1.svg\" alt=\"\" width=\"1\" height=\"1\" \/>[\/vc_column_text][\/vc_tta_section][vc_tta_section title=&#8221;Yasa koyucu a\u00e7\u0131s\u0131ndan yenilikle ilgili d\u00fczenlemelerin felsefesi nedir?&#8221; tab_id=&#8221;1608981799220-f78b1f4d-c9c6&#8243;][vc_column_text text_larger=&#8221;no&#8221;]<a href=\"https:\/\/www.alfapatent-stanadvoka.com\/wp-content\/uploads\/2025\/01\/diagram-303.svg\"><img decoding=\"async\" class=\"size-full wp-image-8533 aligncenter\" src=\"https:\/\/www.alfapatent-stanadvoka.com\/wp-content\/uploads\/2025\/01\/diagram-303.svg\" alt=\"\" \/><\/a>[\/vc_column_text][\/vc_tta_section][\/vc_tta_accordion][\/vc_column][\/vc_row]<\/p>\n<\/div>","protected":false},"excerpt":{"rendered":"<p>[vc_row][vc_column width=&#8221;1\/4&#8243;][vc_empty_space woodmart_hide_large=&#8221;0&#8243; woodmart_hide_medium=&#8221;0&#8243; woodmart_hide_small=&#8221;0&#8243; woodmart_hide_extra_small=&#8221;0&#8243;][\/vc_column][vc_column width=&#8221;3\/4&#8243;][vc_tta_accordion shape=&#8221;square&#8221; color=&#8221;sky&#8221; spacing=&#8221;25&#8243; gap=&#8221;25&#8243; c_position=&#8221;right&#8221; active_section=&#8221;1&#8243; no_fill=&#8221;true&#8221; collapsible_all=&#8221;true&#8221;][vc_tta_section title=&#8221;Yenilik sorgulan\u0131rken s\u0131n\u0131rlar nelerdir?&#8221; tab_id=&#8221;1608979712743-8aaed64e-f537&#8243;][vc_column_text<\/p>\n","protected":false},"author":1,"featured_media":0,"parent":0,"menu_order":0,"comment_status":"closed","ping_status":"closed","template":"","meta":{"footnotes":""},"class_list":["post-4373","page","type-page","status-publish","hentry"],"_links":{"self":[{"href":"https:\/\/www.alfapatent-stanadvoka.com\/tr\/wp-json\/wp\/v2\/pages\/4373","targetHints":{"allow":["GET"]}}],"collection":[{"href":"https:\/\/www.alfapatent-stanadvoka.com\/tr\/wp-json\/wp\/v2\/pages"}],"about":[{"href":"https:\/\/www.alfapatent-stanadvoka.com\/tr\/wp-json\/wp\/v2\/types\/page"}],"author":[{"embeddable":true,"href":"https:\/\/www.alfapatent-stanadvoka.com\/tr\/wp-json\/wp\/v2\/users\/1"}],"replies":[{"embeddable":true,"href":"https:\/\/www.alfapatent-stanadvoka.com\/tr\/wp-json\/wp\/v2\/comments?post=4373"}],"version-history":[{"count":14,"href":"https:\/\/www.alfapatent-stanadvoka.com\/tr\/wp-json\/wp\/v2\/pages\/4373\/revisions"}],"predecessor-version":[{"id":8539,"href":"https:\/\/www.alfapatent-stanadvoka.com\/tr\/wp-json\/wp\/v2\/pages\/4373\/revisions\/8539"}],"wp:attachment":[{"href":"https:\/\/www.alfapatent-stanadvoka.com\/tr\/wp-json\/wp\/v2\/media?parent=4373"}],"curies":[{"name":"wp","href":"https:\/\/api.w.org\/{rel}","templated":true}]}}