{"id":4367,"date":"2020-12-24T23:51:42","date_gmt":"2020-12-24T20:51:42","guid":{"rendered":"http:\/\/www.alfapatent-stanadvoka.com\/?page_id=4367"},"modified":"2025-01-28T17:04:01","modified_gmt":"2025-01-28T14:04:01","slug":"bulusun-uygulamaya-konabilme-yeterliligi","status":"publish","type":"page","link":"https:\/\/www.alfapatent-stanadvoka.com\/tr\/bulusun-uygulamaya-konabilme-yeterliligi\/","title":{"rendered":"Soru &#8211; Cevap \/ Bulu\u015fun Uygulamaya Konabilme Yeterlili\u011fi"},"content":{"rendered":"<div class=\"wpb-content-wrapper\"><p>[vc_row][vc_column width=&#8221;1\/4&#8243;]\n\t\t\t<div id=\"wd-5fe1baecb5b1b\" class=\"widget_nav_mega_menu shortcode-mega-menu \">\n\n\t\t\t\t\t\t\t\t\t<h5 class=\"widget-title color-scheme-dark\">\n\t\t\t\t\t\tSoru Kategorileri\t\t\t\t\t<\/h5>\n\t\t\t\t\n\t\t\t\t<div class=\"woodmart-navigation vertical-navigation\">\n\t\t\t\t\t<div class=\"menu-sorucevap-turkish-container\"><ul id=\"menu-sorucevap-turkish\" class=\"menu\"><li id=\"menu-item-4675\" class=\"menu-item menu-item-type-post_type menu-item-object-page menu-item-4675 item-level-0 menu-item-design-default menu-simple-dropdown item-event-hover\"><a href=\"https:\/\/www.alfapatent-stanadvoka.com\/tr\/soru-cevap\/\" class=\"woodmart-nav-link\"><span class=\"nav-link-text\">Patent Vekilli\u011fi Mesle\u011fi<\/span><\/a><\/li>\n<li id=\"menu-item-4670\" class=\"menu-item menu-item-type-post_type menu-item-object-page menu-item-4670 item-level-0 menu-item-design-default menu-simple-dropdown item-event-hover\"><a href=\"https:\/\/www.alfapatent-stanadvoka.com\/tr\/ruchan\/\" class=\"woodmart-nav-link\"><span class=\"nav-link-text\">R\u00fc\u00e7han<\/span><\/a><\/li>\n<li id=\"menu-item-4673\" class=\"menu-item menu-item-type-post_type menu-item-object-page menu-item-4673 item-level-0 menu-item-design-default menu-simple-dropdown item-event-hover\"><a href=\"https:\/\/www.alfapatent-stanadvoka.com\/tr\/bulusun-uygulamaya-konabilme-yeterliligi\/\" class=\"woodmart-nav-link\"><span class=\"nav-link-text\">Bulu\u015fun Uygulamaya Konabilme Yeterlili\u011fi<\/span><\/a><\/li>\n<li id=\"menu-item-4667\" class=\"menu-item menu-item-type-post_type menu-item-object-page menu-item-4667 item-level-0 menu-item-design-default menu-simple-dropdown item-event-hover\"><a href=\"https:\/\/www.alfapatent-stanadvoka.com\/tr\/soru-cevap-yayin\/\" class=\"woodmart-nav-link\"><span class=\"nav-link-text\">Yay\u0131n<\/span><\/a><\/li>\n<li id=\"menu-item-4666\" class=\"menu-item menu-item-type-post_type menu-item-object-page menu-item-4666 item-level-0 menu-item-design-default menu-simple-dropdown item-event-hover\"><a href=\"https:\/\/www.alfapatent-stanadvoka.com\/tr\/soru-cevap-yenilik-kavrami-etrafinda-tartismalar\/\" class=\"woodmart-nav-link\"><span class=\"nav-link-text\">Yenilik Kavram\u0131 Etraf\u0131nda Tart\u0131\u015fmalar<\/span><\/a><\/li>\n<li id=\"menu-item-4674\" class=\"menu-item menu-item-type-post_type menu-item-object-page menu-item-4674 item-level-0 menu-item-design-default menu-simple-dropdown item-event-hover\"><a href=\"https:\/\/www.alfapatent-stanadvoka.com\/tr\/bulus-basamagi\/\" class=\"woodmart-nav-link\"><span class=\"nav-link-text\">Bulu\u015f Basama\u011f\u0131<\/span><\/a><\/li>\n<li id=\"menu-item-4676\" class=\"menu-item menu-item-type-post_type menu-item-object-page menu-item-4676 item-level-0 menu-item-design-default menu-simple-dropdown item-event-hover\"><a href=\"https:\/\/www.alfapatent-stanadvoka.com\/tr\/basvuru-duzeltme\/\" class=\"woodmart-nav-link\"><span class=\"nav-link-text\">Ba\u015fvuru D\u00fczeltme<\/span><\/a><\/li>\n<li id=\"menu-item-4669\" class=\"menu-item menu-item-type-post_type menu-item-object-page menu-item-4669 item-level-0 menu-item-design-default menu-simple-dropdown item-event-hover\"><a href=\"https:\/\/www.alfapatent-stanadvoka.com\/tr\/teshis-ve-tedavi-usulleri\/\" class=\"woodmart-nav-link\"><span class=\"nav-link-text\">Te\u015fhis ve Tedavi Usulleri<\/span><\/a><\/li>\n<li id=\"menu-item-4671\" class=\"menu-item menu-item-type-post_type menu-item-object-page menu-item-4671 item-level-0 menu-item-design-default menu-simple-dropdown item-event-hover\"><a href=\"https:\/\/www.alfapatent-stanadvoka.com\/tr\/patent-itirazi-proseduru\/\" class=\"woodmart-nav-link\"><span class=\"nav-link-text\">Patent \u0130tiraz\u0131 Prosed\u00fcr\u00fc<\/span><\/a><\/li>\n<li id=\"menu-item-4668\" class=\"menu-item menu-item-type-post_type menu-item-object-page menu-item-4668 item-level-0 menu-item-design-default menu-simple-dropdown item-event-hover\"><a href=\"https:\/\/www.alfapatent-stanadvoka.com\/tr\/istemler\/\" class=\"woodmart-nav-link\"><span class=\"nav-link-text\">\u0130stemler<\/span><\/a><\/li>\n<\/ul><\/div>\t\t\t\t<\/div>\n\n\t\t\t\t\t\t\t<\/div>\n\t\t[vc_empty_space woodmart_hide_large=&#8221;0&#8243; woodmart_hide_medium=&#8221;0&#8243; woodmart_hide_small=&#8221;0&#8243; woodmart_hide_extra_small=&#8221;0&#8243;][\/vc_column][vc_column width=&#8221;3\/4&#8243;]\n\t\t<div id=\"wd-5fe4ff4beffc7\" class=\"title-wrapper  woodmart-title-color-default woodmart-title-style-underlined woodmart-title-width-100 text-left woodmart-title-size-default \">\n\t\t\t\n\t\t\t<div class=\"liner-continer\">\n\t\t\t\t<span class=\"left-line\"><\/span>\n\t\t\t\t<h4 class=\"woodmart-title-container title  woodmart-font-weight-\" >Bulu\u015fun Uygulamaya Konabilme Yeterlili\u011fi<\/h4>\t\t\t\t\t\t\t\t<span class=\"right-line\"><\/span>\n\t\t\t<\/div>\n\t\t\t\n\t\t\t\n\t\t\t\t\t<\/div>\n\t\t\n\t\t[vc_tta_accordion shape=&#8221;square&#8221; color=&#8221;sky&#8221; spacing=&#8221;25&#8243; gap=&#8221;25&#8243; c_position=&#8221;right&#8221; active_section=&#8221;1&#8243; no_fill=&#8221;true&#8221; collapsible_all=&#8221;true&#8221;][vc_tta_section title=&#8221;Tarifnamenin i\u00e7inde bulu\u015fun baz\u0131 k\u0131s\u0131mlar\u0131n\u0131 saklamak m\u00fcmk\u00fcn m\u00fc?&#8221; tab_id=&#8221;1608583261055-c1ec6f12-e729&#8243;][vc_column_text text_larger=&#8221;no&#8221;] <a href=\"https:\/\/www.alfapatent-stanadvoka.com\/wp-content\/uploads\/2025\/01\/diagram-237.svg\"><img loading=\"lazy\" decoding=\"async\" class=\"aligncenter wp-image-8089 size-full\" src=\"https:\/\/www.alfapatent-stanadvoka.com\/wp-content\/uploads\/2025\/01\/diagram-237.svg\" alt=\"\" width=\"1061\" height=\"1863\" \/><\/a>[\/vc_column_text][\/vc_tta_section][vc_tta_section title=&#8221;Bir patent ba\u015fvurusunun hemen ger\u00e7ekle\u015ftirilmesi i\u00e7in acil ticari sebepler ba\u015f g\u00f6sterdiyse ama bulu\u015fa ait baz\u0131 teknik detaylar hala net de\u011fil ise ne yap\u0131lmal\u0131d\u0131r?&#8221; tab_id=&#8221;1608843141659-32d816ec-b54d&#8221;][vc_column_text text_larger=&#8221;no&#8221;]<a href=\"https:\/\/www.alfapatent-stanadvoka.com\/wp-content\/uploads\/2025\/01\/diagram-238.svg\"><img loading=\"lazy\" decoding=\"async\" class=\"aligncenter wp-image-8095 size-full\" src=\"https:\/\/www.alfapatent-stanadvoka.com\/wp-content\/uploads\/2025\/01\/diagram-238.svg\" alt=\"\" width=\"1061\" height=\"2103\" \/><\/a>[\/vc_column_text][\/vc_tta_section][vc_tta_section title=&#8221;Patent vekilleri bulu\u015fun i\u00e7eri\u011fine katk\u0131 sa\u011flayabilir mi?&#8221; tab_id=&#8221;1608843181783-b56b1ace-6136&#8243;][vc_column_text text_larger=&#8221;no&#8221;]<a href=\"https:\/\/www.alfapatent-stanadvoka.com\/wp-content\/uploads\/2025\/01\/diagram-239.svg\"><img loading=\"lazy\" decoding=\"async\" class=\"aligncenter wp-image-8101 size-full\" src=\"https:\/\/www.alfapatent-stanadvoka.com\/wp-content\/uploads\/2025\/01\/diagram-239.svg\" alt=\"\" width=\"1061\" height=\"1490\" \/><\/a>[\/vc_column_text][\/vc_tta_section][vc_tta_section title=&#8221;Konu hakk\u0131nda uzman kimse tarifnamede yaz\u0131l\u0131 olmayan hangi \u00f6zellikleri zaten anl\u0131yor kabul edilir?&#8221; tab_id=&#8221;1608843203559-dca11b33-70ee&#8221;][vc_column_text text_larger=&#8221;no&#8221;]<a href=\"https:\/\/www.alfapatent-stanadvoka.com\/wp-content\/uploads\/2025\/01\/diagram-240.svg\"><img loading=\"lazy\" decoding=\"async\" class=\"aligncenter wp-image-8107 size-full\" src=\"https:\/\/www.alfapatent-stanadvoka.com\/wp-content\/uploads\/2025\/01\/diagram-240.svg\" alt=\"\" width=\"1061\" height=\"1416\" \/><\/a>[\/vc_column_text][\/vc_tta_section][vc_tta_section title=&#8221;Tarifnamede tam anlat\u0131lmayan k\u0131s\u0131mlar\u0131n standart test y\u00f6ntemleriyle a\u00e7\u0131kl\u0131\u011fa kavu\u015fturulmas\u0131n\u0131n m\u00fcmk\u00fcn oldu\u011fu haller nelerdir?&#8221; tab_id=&#8221;1608843233761-c32776f6-4294&#8243;][vc_column_text text_larger=&#8221;no&#8221;]<\/p>\n<p><a href=\"https:\/\/www.alfapatent-stanadvoka.com\/wp-content\/uploads\/2025\/01\/diagram-241.svg\"><img loading=\"lazy\" decoding=\"async\" class=\"aligncenter wp-image-8113 size-full\" src=\"https:\/\/www.alfapatent-stanadvoka.com\/wp-content\/uploads\/2025\/01\/diagram-241.svg\" alt=\"\" width=\"1061\" height=\"1607\" \/><\/a>[\/vc_column_text][\/vc_tta_section][vc_tta_section title=&#8221;Konu hakk\u0131nda uzman kimsenin uygulamaya koyamayaca\u011f\u0131 y\u00f6n\u00fcnde itirazlara yol a\u00e7abilecek bulu\u015f \u00f6rnekleri nelerdir?&#8221; tab_id=&#8221;1608843298284-ba21915c-26d6&#8243;][vc_column_text text_larger=&#8221;no&#8221;]<\/p>\n<p><a href=\"https:\/\/www.alfapatent-stanadvoka.com\/wp-content\/uploads\/2025\/01\/diagram-242.svg\"><img decoding=\"async\" class=\"alignnone size-full wp-image-8119\" src=\"https:\/\/www.alfapatent-stanadvoka.com\/wp-content\/uploads\/2025\/01\/diagram-242.svg\" alt=\"\" \/><\/a>[\/vc_column_text][\/vc_tta_section][\/vc_tta_accordion][\/vc_column][\/vc_row]<\/p>\n<\/div>","protected":false},"excerpt":{"rendered":"<p>[vc_row][vc_column width=&#8221;1\/4&#8243;][vc_empty_space woodmart_hide_large=&#8221;0&#8243; woodmart_hide_medium=&#8221;0&#8243; woodmart_hide_small=&#8221;0&#8243; woodmart_hide_extra_small=&#8221;0&#8243;][\/vc_column][vc_column width=&#8221;3\/4&#8243;][vc_tta_accordion shape=&#8221;square&#8221; color=&#8221;sky&#8221; spacing=&#8221;25&#8243; gap=&#8221;25&#8243; c_position=&#8221;right&#8221; active_section=&#8221;1&#8243; no_fill=&#8221;true&#8221; collapsible_all=&#8221;true&#8221;][vc_tta_section title=&#8221;Tarifnamenin i\u00e7inde bulu\u015fun baz\u0131 k\u0131s\u0131mlar\u0131n\u0131<\/p>\n","protected":false},"author":1,"featured_media":0,"parent":0,"menu_order":0,"comment_status":"closed","ping_status":"closed","template":"","meta":{"footnotes":""},"class_list":["post-4367","page","type-page","status-publish","hentry"],"_links":{"self":[{"href":"https:\/\/www.alfapatent-stanadvoka.com\/tr\/wp-json\/wp\/v2\/pages\/4367","targetHints":{"allow":["GET"]}}],"collection":[{"href":"https:\/\/www.alfapatent-stanadvoka.com\/tr\/wp-json\/wp\/v2\/pages"}],"about":[{"href":"https:\/\/www.alfapatent-stanadvoka.com\/tr\/wp-json\/wp\/v2\/types\/page"}],"author":[{"embeddable":true,"href":"https:\/\/www.alfapatent-stanadvoka.com\/tr\/wp-json\/wp\/v2\/users\/1"}],"replies":[{"embeddable":true,"href":"https:\/\/www.alfapatent-stanadvoka.com\/tr\/wp-json\/wp\/v2\/comments?post=4367"}],"version-history":[{"count":5,"href":"https:\/\/www.alfapatent-stanadvoka.com\/tr\/wp-json\/wp\/v2\/pages\/4367\/revisions"}],"predecessor-version":[{"id":8125,"href":"https:\/\/www.alfapatent-stanadvoka.com\/tr\/wp-json\/wp\/v2\/pages\/4367\/revisions\/8125"}],"wp:attachment":[{"href":"https:\/\/www.alfapatent-stanadvoka.com\/tr\/wp-json\/wp\/v2\/media?parent=4367"}],"curies":[{"name":"wp","href":"https:\/\/api.w.org\/{rel}","templated":true}]}}