{"id":4365,"date":"2020-12-24T23:49:38","date_gmt":"2020-12-24T20:49:38","guid":{"rendered":"http:\/\/www.alfapatent-stanadvoka.com\/?page_id=4365"},"modified":"2025-01-27T16:03:05","modified_gmt":"2025-01-27T13:03:05","slug":"ruchan","status":"publish","type":"page","link":"https:\/\/www.alfapatent-stanadvoka.com\/tr\/ruchan\/","title":{"rendered":"Soru &#8211; Cevap \/ R\u00fc\u00e7han"},"content":{"rendered":"<div class=\"wpb-content-wrapper\"><p>[vc_row][vc_column width=&#8221;1\/4&#8243;]\n\t\t\t<div id=\"wd-5fe1baecb5b1b\" class=\"widget_nav_mega_menu shortcode-mega-menu \">\n\n\t\t\t\t\t\t\t\t\t<h5 class=\"widget-title color-scheme-dark\">\n\t\t\t\t\t\tSoru Kategorileri\t\t\t\t\t<\/h5>\n\t\t\t\t\n\t\t\t\t<div class=\"woodmart-navigation vertical-navigation\">\n\t\t\t\t\t<div class=\"menu-sorucevap-turkish-container\"><ul id=\"menu-sorucevap-turkish\" class=\"menu\"><li id=\"menu-item-4675\" class=\"menu-item menu-item-type-post_type menu-item-object-page menu-item-4675 item-level-0 menu-item-design-default menu-simple-dropdown item-event-hover\"><a href=\"https:\/\/www.alfapatent-stanadvoka.com\/tr\/soru-cevap\/\" class=\"woodmart-nav-link\"><span class=\"nav-link-text\">Patent Vekilli\u011fi Mesle\u011fi<\/span><\/a><\/li>\n<li id=\"menu-item-4670\" class=\"menu-item menu-item-type-post_type menu-item-object-page menu-item-4670 item-level-0 menu-item-design-default menu-simple-dropdown item-event-hover\"><a href=\"https:\/\/www.alfapatent-stanadvoka.com\/tr\/ruchan\/\" class=\"woodmart-nav-link\"><span class=\"nav-link-text\">R\u00fc\u00e7han<\/span><\/a><\/li>\n<li id=\"menu-item-4673\" class=\"menu-item menu-item-type-post_type menu-item-object-page menu-item-4673 item-level-0 menu-item-design-default menu-simple-dropdown item-event-hover\"><a href=\"https:\/\/www.alfapatent-stanadvoka.com\/tr\/bulusun-uygulamaya-konabilme-yeterliligi\/\" class=\"woodmart-nav-link\"><span class=\"nav-link-text\">Bulu\u015fun Uygulamaya Konabilme Yeterlili\u011fi<\/span><\/a><\/li>\n<li id=\"menu-item-4667\" class=\"menu-item menu-item-type-post_type menu-item-object-page menu-item-4667 item-level-0 menu-item-design-default menu-simple-dropdown item-event-hover\"><a href=\"https:\/\/www.alfapatent-stanadvoka.com\/tr\/soru-cevap-yayin\/\" class=\"woodmart-nav-link\"><span class=\"nav-link-text\">Yay\u0131n<\/span><\/a><\/li>\n<li id=\"menu-item-4666\" class=\"menu-item menu-item-type-post_type menu-item-object-page menu-item-4666 item-level-0 menu-item-design-default menu-simple-dropdown item-event-hover\"><a href=\"https:\/\/www.alfapatent-stanadvoka.com\/tr\/soru-cevap-yenilik-kavrami-etrafinda-tartismalar\/\" class=\"woodmart-nav-link\"><span class=\"nav-link-text\">Yenilik Kavram\u0131 Etraf\u0131nda Tart\u0131\u015fmalar<\/span><\/a><\/li>\n<li id=\"menu-item-4674\" class=\"menu-item menu-item-type-post_type menu-item-object-page menu-item-4674 item-level-0 menu-item-design-default menu-simple-dropdown item-event-hover\"><a href=\"https:\/\/www.alfapatent-stanadvoka.com\/tr\/bulus-basamagi\/\" class=\"woodmart-nav-link\"><span class=\"nav-link-text\">Bulu\u015f Basama\u011f\u0131<\/span><\/a><\/li>\n<li id=\"menu-item-4676\" class=\"menu-item menu-item-type-post_type menu-item-object-page menu-item-4676 item-level-0 menu-item-design-default menu-simple-dropdown item-event-hover\"><a href=\"https:\/\/www.alfapatent-stanadvoka.com\/tr\/basvuru-duzeltme\/\" class=\"woodmart-nav-link\"><span class=\"nav-link-text\">Ba\u015fvuru D\u00fczeltme<\/span><\/a><\/li>\n<li id=\"menu-item-4669\" class=\"menu-item menu-item-type-post_type menu-item-object-page menu-item-4669 item-level-0 menu-item-design-default menu-simple-dropdown item-event-hover\"><a href=\"https:\/\/www.alfapatent-stanadvoka.com\/tr\/teshis-ve-tedavi-usulleri\/\" class=\"woodmart-nav-link\"><span class=\"nav-link-text\">Te\u015fhis ve Tedavi Usulleri<\/span><\/a><\/li>\n<li id=\"menu-item-4671\" class=\"menu-item menu-item-type-post_type menu-item-object-page menu-item-4671 item-level-0 menu-item-design-default menu-simple-dropdown item-event-hover\"><a href=\"https:\/\/www.alfapatent-stanadvoka.com\/tr\/patent-itirazi-proseduru\/\" class=\"woodmart-nav-link\"><span class=\"nav-link-text\">Patent \u0130tiraz\u0131 Prosed\u00fcr\u00fc<\/span><\/a><\/li>\n<li id=\"menu-item-4668\" class=\"menu-item menu-item-type-post_type menu-item-object-page menu-item-4668 item-level-0 menu-item-design-default menu-simple-dropdown item-event-hover\"><a href=\"https:\/\/www.alfapatent-stanadvoka.com\/tr\/istemler\/\" class=\"woodmart-nav-link\"><span class=\"nav-link-text\">\u0130stemler<\/span><\/a><\/li>\n<\/ul><\/div>\t\t\t\t<\/div>\n\n\t\t\t\t\t\t\t<\/div>\n\t\t[vc_empty_space woodmart_hide_large=&#8221;0&#8243; woodmart_hide_medium=&#8221;0&#8243; woodmart_hide_small=&#8221;0&#8243; woodmart_hide_extra_small=&#8221;0&#8243;][\/vc_column][vc_column width=&#8221;3\/4&#8243;]\n\t\t<div id=\"wd-5fea150502043\" class=\"title-wrapper  woodmart-title-color-default woodmart-title-style-underlined woodmart-title-width-100 text-left woodmart-title-size-default \">\n\t\t\t\n\t\t\t<div class=\"liner-continer\">\n\t\t\t\t<span class=\"left-line\"><\/span>\n\t\t\t\t<h4 class=\"woodmart-title-container title  woodmart-font-weight-\" >R\u00fc\u00e7han<\/h4>\t\t\t\t\t\t\t\t<span class=\"right-line\"><\/span>\n\t\t\t<\/div>\n\t\t\t\n\t\t\t\n\t\t\t\t\t<\/div>\n\t\t\n\t\t[vc_tta_accordion shape=&#8221;square&#8221; color=&#8221;sky&#8221; spacing=&#8221;25&#8243; gap=&#8221;25&#8243; c_position=&#8221;right&#8221; active_section=&#8221;1&#8243; no_fill=&#8221;true&#8221; collapsible_all=&#8221;true&#8221;][vc_tta_section title=&#8221;R\u00fc\u00e7han hakk\u0131 nedir?&#8221; tab_id=&#8221;1608582867530-7c834cf1-f226&#8243;][vc_column_text text_larger=&#8221;no&#8221;]<a href=\"https:\/\/www.alfapatent-stanadvoka.com\/wp-content\/uploads\/2025\/01\/diagram-225.svg\"><img decoding=\"async\" class=\"alignnone size-full wp-image-7998\" src=\"https:\/\/www.alfapatent-stanadvoka.com\/wp-content\/uploads\/2025\/01\/diagram-225.svg\" alt=\"\" \/><\/a>[\/vc_column_text][\/vc_tta_section][vc_tta_section title=&#8221;R\u00fc\u00e7han hakk\u0131n\u0131n T\u00fcrk ve Avrupa mevzuat\u0131nda tan\u0131ml\u0131 oldu\u011fu hukuki h\u00fck\u00fcmler hangileridir?&#8221; tab_id=&#8221;1608842609710-31b34660-a882&#8243;][vc_column_text text_larger=&#8221;no&#8221;]<\/p>\n<div align=\"justify\">Avrupa Patent S\u00f6zle\u015fmesi\u2019nde r\u00fc\u00e7han hakk\u0131 Md. 87 ve 88&#8217;de temel kavramlar\u0131yla verilirken T\u00fcrk mevzuat\u0131nda 6769 \u00a0say\u0131l\u0131 SMK Md. 84&#8217;te a\u00e7\u0131klanmaktad\u0131r.<\/div>\n<p><a href=\"https:\/\/www.alfapatent-stanadvoka.com\/wp-content\/uploads\/2025\/01\/diagram-225.svg\"><img decoding=\"async\" class=\"alignnone wp-image-7998 size-full\" src=\"https:\/\/www.alfapatent-stanadvoka.com\/wp-content\/uploads\/2025\/01\/diagram-225.svg\" alt=\"\" \/><\/a>[\/vc_column_text][\/vc_tta_section][vc_tta_section title=&#8221;\u00d6nceki bir ba\u015fvuruya dayand\u0131r\u0131lan r\u00fc\u00e7han talebini takiben \u00f6nceki ba\u015fvurunun h\u00fck\u00fcms\u00fcz hale gelmesi durumunda r\u00fc\u00e7han hakk\u0131 d\u00fc\u015fer mi?&#8221; tab_id=&#8221;1608842641064-c8325b80-2172&#8243;][vc_column_text text_larger=&#8221;no&#8221;]<\/p>\n<p><a href=\"https:\/\/www.alfapatent-stanadvoka.com\/wp-content\/uploads\/2025\/01\/diagram-226.svg\"><img decoding=\"async\" class=\"alignnone size-full wp-image-8005\" src=\"https:\/\/www.alfapatent-stanadvoka.com\/wp-content\/uploads\/2025\/01\/diagram-226.svg\" alt=\"\" \/><\/a>[\/vc_column_text][\/vc_tta_section][vc_tta_section title=&#8221;R\u00fc\u00e7han hakk\u0131n\u0131n bir dizi halinde iki defa \u00fcst \u00fcste kullan\u0131m\u0131 m\u00fcmk\u00fcn m\u00fcd\u00fcr?&#8221; tab_id=&#8221;1608842700284-e752b993-82eb&#8221;][vc_column_text text_larger=&#8221;no&#8221;]<\/p>\n<div align=\"justify\"><\/div>\n<p><a href=\"https:\/\/www.alfapatent-stanadvoka.com\/wp-content\/uploads\/2025\/01\/diagram-227.svg\"><img loading=\"lazy\" decoding=\"async\" class=\"alignnone wp-image-8012 size-full\" src=\"https:\/\/www.alfapatent-stanadvoka.com\/wp-content\/uploads\/2025\/01\/diagram-227.svg\" alt=\"\" width=\"1061\" height=\"147\" \/><\/a>[\/vc_column_text][\/vc_tta_section][vc_tta_section title=&#8221;R\u00fc\u00e7han hakk\u0131n\u0131n bir dizi halinde iki defa \u00fcst \u00fcste kullan\u0131m\u0131n\u0131n istisnalar\u0131 var m\u0131d\u0131r?&#8221; tab_id=&#8221;1608842726970-d4c7f6e9-d43d&#8221;][vc_column_text text_larger=&#8221;no&#8221;]<\/p>\n<div align=\"justify\">\n<div align=\"justify\"><\/div>\n<\/div>\n<p><a href=\"https:\/\/www.alfapatent-stanadvoka.com\/wp-content\/uploads\/2025\/01\/diagram-228.svg\"><img loading=\"lazy\" decoding=\"async\" class=\"aligncenter wp-image-8018 size-full\" src=\"https:\/\/www.alfapatent-stanadvoka.com\/wp-content\/uploads\/2025\/01\/diagram-228.svg\" alt=\"\" width=\"1061\" height=\"1354\" \/><\/a>[\/vc_column_text][\/vc_tta_section][vc_tta_section title=&#8221;Birden fazla r\u00fc\u00e7han almak m\u00fcmk\u00fcn m\u00fc?&#8221; tab_id=&#8221;1608842753256-4cf63cf7-4830&#8243;][vc_column_text text_larger=&#8221;no&#8221;]<\/p>\n<div align=\"justify\">\n<div align=\"justify\"><\/div>\n<\/div>\n<p><a href=\"https:\/\/www.alfapatent-stanadvoka.com\/wp-content\/uploads\/2025\/01\/diagram-229.svg\"><img loading=\"lazy\" decoding=\"async\" class=\"wp-image-8025 size-full aligncenter\" src=\"https:\/\/www.alfapatent-stanadvoka.com\/wp-content\/uploads\/2025\/01\/diagram-229.svg\" alt=\"\" width=\"1061\" height=\"734\" \/><\/a>[\/vc_column_text][\/vc_tta_section][vc_tta_section title=&#8221;Birden fazla r\u00fc\u00e7han alarak yap\u0131lan bir ba\u015fvuruda farkl\u0131 istemlerin farkl\u0131 r\u00fc\u00e7han haklar\u0131na atanmas\u0131 m\u00fcmk\u00fcn m\u00fc?&#8221; tab_id=&#8221;1608842787216-b074f33a-0624&#8243;][vc_column_text text_larger=&#8221;no&#8221;]<\/p>\n<div align=\"justify\">\n<div align=\"justify\"><\/div>\n<\/div>\n<p><a href=\"https:\/\/www.alfapatent-stanadvoka.com\/wp-content\/uploads\/2025\/01\/diagram-230.svg\"><img loading=\"lazy\" decoding=\"async\" class=\"aligncenter wp-image-8031 size-full\" src=\"https:\/\/www.alfapatent-stanadvoka.com\/wp-content\/uploads\/2025\/01\/diagram-230.svg\" alt=\"\" width=\"1061\" height=\"430\" \/><\/a>[\/vc_column_text][\/vc_tta_section][vc_tta_section title=&#8221;Birden fazla r\u00fc\u00e7han talebi yaparak olu\u015fturulan bir ba\u015fvuruda ne gibi hukuki komplikasyonlar olu\u015fabilir?&#8221; tab_id=&#8221;1608842848714-9f2875d9-d014&#8243;][vc_column_text text_larger=&#8221;no&#8221;]<\/p>\n<div align=\"justify\">\n<div align=\"justify\">\n<div align=\"justify\">\n<div align=\"justify\"><\/div>\n<\/div>\n<\/div>\n<\/div>\n<p><a href=\"https:\/\/www.alfapatent-stanadvoka.com\/wp-content\/uploads\/2025\/01\/diagram-231.svg\"><img loading=\"lazy\" decoding=\"async\" class=\"wp-image-8038 size-full aligncenter\" src=\"https:\/\/www.alfapatent-stanadvoka.com\/wp-content\/uploads\/2025\/01\/diagram-231.svg\" alt=\"\" width=\"1061\" height=\"983\" \/><\/a>[\/vc_column_text][\/vc_tta_section][vc_tta_section title=&#8221;\u00d6nceki bir ba\u015fvurudan r\u00fc\u00e7han talep edilen bir ba\u015fvurunun metninde s\u00f6z konusu \u00f6nceki r\u00fc\u00e7han ba\u015fvurusunda anlat\u0131lan kimi \u00f6zellikler yaz\u0131l\u0131 de\u011fil ise bu bir sorun te\u015fkil eder mi?&#8221; tab_id=&#8221;1608842865178-f7c7f494-17eb&#8221;][vc_column_text text_larger=&#8221;no&#8221;]<\/p>\n<div align=\"justify\">\n<div align=\"justify\">\n<div align=\"justify\">\n<div align=\"justify\">\n<div align=\"justify\">\n<p><a href=\"https:\/\/www.alfapatent-stanadvoka.com\/wp-content\/uploads\/2025\/01\/diagram-232.svg\"><img loading=\"lazy\" decoding=\"async\" class=\"wp-image-8044 size-full aligncenter\" src=\"https:\/\/www.alfapatent-stanadvoka.com\/wp-content\/uploads\/2025\/01\/diagram-232.svg\" alt=\"\" width=\"1061\" height=\"1904\" \/><\/a>[\/vc_column_text][\/vc_tta_section][vc_tta_section title=&#8221;R\u00fc\u00e7han talep edilen \u00f6nceki ba\u015fvurunun i\u00e7eri\u011fini otomatik olarak yeni ba\u015fvuruya dahil etmenin bir yolu var m\u0131d\u0131r?&#8221; tab_id=&#8221;1608842887925-fab3e9ec-e455&#8243;][vc_column_text text_larger=&#8221;no&#8221;]<\/p>\n<\/div>\n<\/div>\n<\/div>\n<\/div>\n<\/div>\n<div align=\"justify\">\n<div align=\"justify\">\n<div align=\"justify\">\n<div align=\"justify\">\n<div align=\"justify\">\n<div align=\"justify\"><\/div>\n<\/div>\n<\/div>\n<\/div>\n<\/div>\n<\/div>\n<p><a href=\"https:\/\/www.alfapatent-stanadvoka.com\/wp-content\/uploads\/2025\/01\/diagram-233.svg\"><img loading=\"lazy\" decoding=\"async\" class=\"wp-image-8050 size-full aligncenter\" src=\"https:\/\/www.alfapatent-stanadvoka.com\/wp-content\/uploads\/2025\/01\/diagram-233.svg\" alt=\"\" width=\"1061\" height=\"1379\" \/><\/a>[\/vc_column_text][\/vc_tta_section][vc_tta_section title=&#8221;Referansl\u0131 ba\u015fvuru ne demektir? R\u00fc\u00e7hanl\u0131 ba\u015fvurudan fark\u0131 nedir?&#8221; tab_id=&#8221;1608842912593-c6b35d53-4650&#8243;][vc_column_text text_larger=&#8221;no&#8221;]<\/p>\n<div align=\"justify\">\n<div align=\"justify\">\n<div align=\"justify\">\n<div align=\"justify\">\n<div align=\"justify\">\n<div align=\"justify\">\n<div align=\"justify\"><\/div>\n<\/div>\n<\/div>\n<\/div>\n<\/div>\n<\/div>\n<\/div>\n<p><a href=\"https:\/\/www.alfapatent-stanadvoka.com\/wp-content\/uploads\/2025\/01\/diagram-234.svg\"><img loading=\"lazy\" decoding=\"async\" class=\"wp-image-8056 size-full aligncenter\" src=\"https:\/\/www.alfapatent-stanadvoka.com\/wp-content\/uploads\/2025\/01\/diagram-234.svg\" alt=\"\" width=\"1061\" height=\"1506\" \/><\/a>[\/vc_column_text][\/vc_tta_section][vc_tta_section title=&#8221;R\u00fc\u00e7han talep edilen \u00f6nceki ba\u015fvurunun kimi \u00f6zelliklerinin \u00f6nceki ba\u015fvurunun istemlerinde yer alm\u0131yor olmas\u0131 bir problem te\u015fkil eder mi?&#8221; tab_id=&#8221;1608842948124-a8308324-087f&#8221;][vc_column_text text_larger=&#8221;no&#8221;]<\/p>\n<div align=\"justify\">\n<div align=\"justify\">\n<div align=\"justify\">\n<div align=\"justify\">\n<div align=\"justify\">\n<div align=\"justify\">\n<div align=\"justify\">\n<div align=\"justify\"><\/div>\n<\/div>\n<\/div>\n<\/div>\n<\/div>\n<\/div>\n<\/div>\n<\/div>\n<p><a href=\"https:\/\/www.alfapatent-stanadvoka.com\/wp-content\/uploads\/2025\/01\/diagram-235.svg\"><img loading=\"lazy\" decoding=\"async\" class=\"wp-image-8062 size-full aligncenter\" src=\"https:\/\/www.alfapatent-stanadvoka.com\/wp-content\/uploads\/2025\/01\/diagram-235.svg\" alt=\"\" width=\"1061\" height=\"1814\" \/><\/a>[\/vc_column_text][\/vc_tta_section][\/vc_tta_accordion][\/vc_column][\/vc_row]<\/p>\n<\/div>","protected":false},"excerpt":{"rendered":"<p>[vc_row][vc_column width=&#8221;1\/4&#8243;][vc_empty_space woodmart_hide_large=&#8221;0&#8243; woodmart_hide_medium=&#8221;0&#8243; woodmart_hide_small=&#8221;0&#8243; woodmart_hide_extra_small=&#8221;0&#8243;][\/vc_column][vc_column width=&#8221;3\/4&#8243;][vc_tta_accordion shape=&#8221;square&#8221; color=&#8221;sky&#8221; spacing=&#8221;25&#8243; gap=&#8221;25&#8243; c_position=&#8221;right&#8221; active_section=&#8221;1&#8243; no_fill=&#8221;true&#8221; collapsible_all=&#8221;true&#8221;][vc_tta_section title=&#8221;R\u00fc\u00e7han hakk\u0131 nedir?&#8221; tab_id=&#8221;1608582867530-7c834cf1-f226&#8243;][vc_column_text text_larger=&#8221;no&#8221;][\/vc_column_text][\/vc_tta_section][vc_tta_section<\/p>\n","protected":false},"author":1,"featured_media":0,"parent":0,"menu_order":0,"comment_status":"closed","ping_status":"closed","template":"","meta":{"footnotes":""},"class_list":["post-4365","page","type-page","status-publish","hentry"],"_links":{"self":[{"href":"https:\/\/www.alfapatent-stanadvoka.com\/tr\/wp-json\/wp\/v2\/pages\/4365","targetHints":{"allow":["GET"]}}],"collection":[{"href":"https:\/\/www.alfapatent-stanadvoka.com\/tr\/wp-json\/wp\/v2\/pages"}],"about":[{"href":"https:\/\/www.alfapatent-stanadvoka.com\/tr\/wp-json\/wp\/v2\/types\/page"}],"author":[{"embeddable":true,"href":"https:\/\/www.alfapatent-stanadvoka.com\/tr\/wp-json\/wp\/v2\/users\/1"}],"replies":[{"embeddable":true,"href":"https:\/\/www.alfapatent-stanadvoka.com\/tr\/wp-json\/wp\/v2\/comments?post=4365"}],"version-history":[{"count":9,"href":"https:\/\/www.alfapatent-stanadvoka.com\/tr\/wp-json\/wp\/v2\/pages\/4365\/revisions"}],"predecessor-version":[{"id":8068,"href":"https:\/\/www.alfapatent-stanadvoka.com\/tr\/wp-json\/wp\/v2\/pages\/4365\/revisions\/8068"}],"wp:attachment":[{"href":"https:\/\/www.alfapatent-stanadvoka.com\/tr\/wp-json\/wp\/v2\/media?parent=4365"}],"curies":[{"name":"wp","href":"https:\/\/api.w.org\/{rel}","templated":true}]}}