{"id":4285,"date":"2020-12-24T22:21:05","date_gmt":"2020-12-24T19:21:05","guid":{"rendered":"http:\/\/www.alfapatent-stanadvoka.com\/?page_id=4285"},"modified":"2020-12-29T22:37:45","modified_gmt":"2020-12-29T19:37:45","slug":"turk-patent-basvurusu-belgeler-ve-ceviri-gerekleri","status":"publish","type":"page","link":"https:\/\/www.alfapatent-stanadvoka.com\/tr\/turk-patent-basvurusu-belgeler-ve-ceviri-gerekleri\/","title":{"rendered":"T\u00fcrk Patent Ba\u015fvurusu Belgeler Ve \u00c7eviri Gerekleri"},"content":{"rendered":"<div class=\"wpb-content-wrapper\"><p>[vc_row][vc_column width=&#8221;1\/4&#8243; offset=&#8221;vc_hidden-md vc_hidden-sm vc_hidden-xs&#8221; mobile_bg_img_hidden=&#8221;no&#8221; tablet_bg_img_hidden=&#8221;no&#8221; woodmart_parallax=&#8221;0&#8243; woodmart_sticky_column=&#8221;false&#8221; parallax_scroll=&#8221;no&#8221; mobile_reset_margin=&#8221;no&#8221; tablet_reset_margin=&#8221;no&#8221;]\n\t\t\t<div id=\"wd-5fe4b520602b0\" class=\"widget_nav_mega_menu shortcode-mega-menu \">\n\n\t\t\t\t\n\t\t\t\t<div class=\"woodmart-navigation vertical-navigation\">\n\t\t\t\t\t<div class=\"menu-1-left-menu-turkish-container\"><ul id=\"menu-1-left-menu-turkish\" class=\"menu\"><li id=\"menu-item-4333\" class=\"menu-item menu-item-type-post_type menu-item-object-page menu-item-has-children menu-item-4333 item-level-0 menu-item-design-default menu-simple-dropdown item-event-hover\"><a href=\"https:\/\/www.alfapatent-stanadvoka.com\/tr\/patent-ve-faydali-model-basvurulari\/\" class=\"woodmart-nav-link\"><span class=\"nav-link-text\">Patent Ve Faydal\u0131 Model Ba\u015fvurular\u0131<\/span><\/a>\n<div class=\"sub-menu-dropdown color-scheme-\">\n\n<div class=\"container\">\n\n<ul class=\"sub-menu color-scheme-\">\n\t<li id=\"menu-item-4334\" class=\"menu-item menu-item-type-post_type menu-item-object-page menu-item-4334 item-level-1\"><a href=\"https:\/\/www.alfapatent-stanadvoka.com\/tr\/teknik-gelistirmelerin-korunma-bicimleri\/\" class=\"woodmart-nav-link\"><span class=\"nav-link-text\">Teknik Geli\u015ftirmelerin Korunma Bi\u00e7imleri<\/span><\/a><\/li>\n\t<li id=\"menu-item-4335\" class=\"menu-item menu-item-type-post_type menu-item-object-page menu-item-4335 item-level-1\"><a href=\"https:\/\/www.alfapatent-stanadvoka.com\/tr\/turk-patent-marka-kurumu-temsil-yetkisi\/\" class=\"woodmart-nav-link\"><span class=\"nav-link-text\">T\u00fcrk Patent Marka Kurumu Temsil Yetkisi<\/span><\/a><\/li>\n\t<li id=\"menu-item-4336\" class=\"menu-item menu-item-type-post_type menu-item-object-page menu-item-4336 item-level-1\"><a href=\"https:\/\/www.alfapatent-stanadvoka.com\/tr\/turk-patent-basvurulari\/\" class=\"woodmart-nav-link\"><span class=\"nav-link-text\">T\u00fcrk Patent Ba\u015fvurular\u0131<\/span><\/a><\/li>\n\t<li id=\"menu-item-4337\" class=\"menu-item menu-item-type-post_type menu-item-object-page menu-item-4337 item-level-1\"><a href=\"https:\/\/www.alfapatent-stanadvoka.com\/tr\/faydali-model-basvurusu\/\" class=\"woodmart-nav-link\"><span class=\"nav-link-text\">Faydal\u0131 Model Ba\u015fvurusu<\/span><\/a><\/li>\n\t<li id=\"menu-item-4338\" class=\"menu-item menu-item-type-post_type menu-item-object-page menu-item-4338 item-level-1\"><a href=\"https:\/\/www.alfapatent-stanadvoka.com\/tr\/uluslararasi-patent-basvurularinin-yerel-evre-girisleri\/\" class=\"woodmart-nav-link\"><span class=\"nav-link-text\">Uluslararas\u0131 Patent Ba\u015fvurular\u0131n\u0131n Yerel Evre Giri\u015fleri<\/span><\/a><\/li>\n\t<li id=\"menu-item-4339\" class=\"menu-item menu-item-type-post_type menu-item-object-page menu-item-4339 item-level-1\"><a href=\"https:\/\/www.alfapatent-stanadvoka.com\/tr\/avrupa-patent-tescili\/\" class=\"woodmart-nav-link\"><span class=\"nav-link-text\">Avrupa Patent Tescili<\/span><\/a><\/li>\n\t<li id=\"menu-item-4340\" class=\"menu-item menu-item-type-post_type menu-item-object-page menu-item-4340 item-level-1\"><a href=\"https:\/\/www.alfapatent-stanadvoka.com\/tr\/farmasotik-sahada-patentler\/\" class=\"woodmart-nav-link\"><span class=\"nav-link-text\">Farmas\u00f6tik Sahada Patentler<\/span><\/a><\/li>\n<\/ul>\n<\/div>\n<\/div>\n<\/li>\n<li id=\"menu-item-4341\" class=\"menu-item menu-item-type-post_type menu-item-object-page menu-item-has-children menu-item-4341 item-level-0 menu-item-design-default menu-simple-dropdown item-event-hover\"><a href=\"https:\/\/www.alfapatent-stanadvoka.com\/tr\/ulusal-hukukta-asli-ve-prosedurel-hususlar\/\" class=\"woodmart-nav-link\"><span class=\"nav-link-text\">Ulusal Hukukta Asli Ve Prosed\u00fcrel Hususlar<\/span><\/a>\n<div class=\"sub-menu-dropdown color-scheme-\">\n\n<div class=\"container\">\n\n<ul class=\"sub-menu color-scheme-\">\n\t<li id=\"menu-item-4342\" class=\"menu-item menu-item-type-post_type menu-item-object-page menu-item-4342 item-level-1\"><a href=\"https:\/\/www.alfapatent-stanadvoka.com\/tr\/patentlenebilirlik-sartlari\/\" class=\"woodmart-nav-link\"><span class=\"nav-link-text\">Patentlenebilirlik \u015eartlar\u0131<\/span><\/a><\/li>\n\t<li id=\"menu-item-4343\" class=\"menu-item menu-item-type-post_type menu-item-object-page menu-item-4343 item-level-1\"><a href=\"https:\/\/www.alfapatent-stanadvoka.com\/tr\/turk-patent-basvurusu-belgeler-ve-ceviri-gerekleri\/\" class=\"woodmart-nav-link\"><span class=\"nav-link-text\">T\u00fcrk Patent Ba\u015fvurusu Belgeler Ve \u00c7eviri Gerekleri<\/span><\/a><\/li>\n\t<li id=\"menu-item-4344\" class=\"menu-item menu-item-type-post_type menu-item-object-page menu-item-4344 item-level-1\"><a href=\"https:\/\/www.alfapatent-stanadvoka.com\/tr\/hukumsuzluk-ve-tecavuz-ihtilaflari\/\" class=\"woodmart-nav-link\"><span class=\"nav-link-text\">H\u00fck\u00fcms\u00fczl\u00fck Ve Tecav\u00fcz \u0130htilaflar\u0131<\/span><\/a><\/li>\n<\/ul>\n<\/div>\n<\/div>\n<\/li>\n<li id=\"menu-item-4345\" class=\"menu-item menu-item-type-post_type menu-item-object-page menu-item-has-children menu-item-4345 item-level-0 menu-item-design-default menu-simple-dropdown item-event-hover\"><a href=\"https:\/\/www.alfapatent-stanadvoka.com\/tr\/avrupa-patent-basvurulari\/\" class=\"woodmart-nav-link\"><span class=\"nav-link-text\">Avrupa Patent Ba\u015fvurular\u0131<\/span><\/a>\n<div class=\"sub-menu-dropdown color-scheme-\">\n\n<div class=\"container\">\n\n<ul class=\"sub-menu color-scheme-\">\n\t<li id=\"menu-item-4346\" class=\"menu-item menu-item-type-post_type menu-item-object-page menu-item-4346 item-level-1\"><a href=\"https:\/\/www.alfapatent-stanadvoka.com\/tr\/avrupa-patent-ofisi-nezdinde-temsil\/\" class=\"woodmart-nav-link\"><span class=\"nav-link-text\">Avrupa Patent Ofisi Nezdinde Temsil<\/span><\/a><\/li>\n\t<li id=\"menu-item-4347\" class=\"menu-item menu-item-type-post_type menu-item-object-page menu-item-4347 item-level-1\"><a href=\"https:\/\/www.alfapatent-stanadvoka.com\/tr\/avrupa-patent-basvurulari-sureci\/\" class=\"woodmart-nav-link\"><span class=\"nav-link-text\">Avrupa Patent Ba\u015fvurular\u0131 S\u00fcreci<\/span><\/a><\/li>\n\t<li id=\"menu-item-4348\" class=\"menu-item menu-item-type-post_type menu-item-object-page menu-item-4348 item-level-1\"><a href=\"https:\/\/www.alfapatent-stanadvoka.com\/tr\/avrupa-patent-basvurusu-on-koruma\/\" class=\"woodmart-nav-link\"><span class=\"nav-link-text\">Avrupa Patent Ba\u015fvurusu \u00d6n Koruma<\/span><\/a><\/li>\n\t<li id=\"menu-item-4349\" class=\"menu-item menu-item-type-post_type menu-item-object-page menu-item-4349 item-level-1\"><a href=\"https:\/\/www.alfapatent-stanadvoka.com\/tr\/ucuncu-kisi-gorusu\/\" class=\"woodmart-nav-link\"><span class=\"nav-link-text\">\u00dc\u00e7\u00fcnc\u00fc Ki\u015fi G\u00f6r\u00fc\u015f\u00fc<\/span><\/a><\/li>\n\t<li id=\"menu-item-4350\" class=\"menu-item menu-item-type-post_type menu-item-object-page menu-item-4350 item-level-1\"><a href=\"https:\/\/www.alfapatent-stanadvoka.com\/tr\/avrupa-patent-tescili\/\" class=\"woodmart-nav-link\"><span class=\"nav-link-text\">Avrupa Patent Tescili<\/span><\/a><\/li>\n\t<li id=\"menu-item-4351\" class=\"menu-item menu-item-type-post_type menu-item-object-page menu-item-4351 item-level-1\"><a href=\"https:\/\/www.alfapatent-stanadvoka.com\/tr\/avrupa-patentlerine-itiraz\/\" class=\"woodmart-nav-link\"><span class=\"nav-link-text\">Avrupa Patentlerine \u0130tiraz<\/span><\/a><\/li>\n\t<li id=\"menu-item-4352\" class=\"menu-item menu-item-type-post_type menu-item-object-page menu-item-4352 item-level-1\"><a href=\"https:\/\/www.alfapatent-stanadvoka.com\/tr\/avrupa-patent-ofisi-kararlarinin-temyizi\/\" class=\"woodmart-nav-link\"><span class=\"nav-link-text\">Avrupa Patent Ofisi Kararlar\u0131n\u0131n Temyizi<\/span><\/a><\/li>\n<\/ul>\n<\/div>\n<\/div>\n<\/li>\n<li id=\"menu-item-4353\" class=\"menu-item menu-item-type-post_type menu-item-object-page menu-item-has-children menu-item-4353 item-level-0 menu-item-design-default menu-simple-dropdown item-event-hover\"><a href=\"https:\/\/www.alfapatent-stanadvoka.com\/tr\/pct-ve-uluslararasi-basvuru-sistemi\/\" class=\"woodmart-nav-link\"><span class=\"nav-link-text\">Pct Ve Uluslararas\u0131 Ba\u015fvuru Sistemi<\/span><\/a>\n<div class=\"sub-menu-dropdown color-scheme-\">\n\n<div class=\"container\">\n\n<ul class=\"sub-menu color-scheme-\">\n\t<li id=\"menu-item-4354\" class=\"menu-item menu-item-type-post_type menu-item-object-page menu-item-4354 item-level-1\"><a href=\"https:\/\/www.alfapatent-stanadvoka.com\/tr\/uluslararasi-patent-basvurusu-temel-bilgiler\/\" class=\"woodmart-nav-link\"><span class=\"nav-link-text\">Uluslararas\u0131 Patent Ba\u015fvurusu Temel Bilgiler<\/span><\/a><\/li>\n\t<li id=\"menu-item-4355\" class=\"menu-item menu-item-type-post_type menu-item-object-page menu-item-4355 item-level-1\"><a href=\"https:\/\/www.alfapatent-stanadvoka.com\/tr\/dunya-fikri-haklar-teskilati-nezdinde-temsil\/\" class=\"woodmart-nav-link\"><span class=\"nav-link-text\">D\u00fcnya Fikri Haklar Te\u015fkilat\u0131 Nezdinde Temsil<\/span><\/a><\/li>\n\t<li id=\"menu-item-4356\" class=\"menu-item menu-item-type-post_type menu-item-object-page menu-item-4356 item-level-1\"><a href=\"https:\/\/www.alfapatent-stanadvoka.com\/tr\/pct-altinda-ucuncu-kisi-gorusu\/\" class=\"woodmart-nav-link\"><span class=\"nav-link-text\">Pct Alt\u0131nda \u00dc\u00e7\u00fcnc\u00fc Ki\u015fi G\u00f6r\u00fc\u015f\u00fc<\/span><\/a><\/li>\n\t<li id=\"menu-item-4357\" class=\"menu-item menu-item-type-post_type menu-item-object-page menu-item-4357 item-level-1\"><a href=\"https:\/\/www.alfapatent-stanadvoka.com\/tr\/uluslararasi-patent-basvurularinin-yerel-evre-girisleri\/\" class=\"woodmart-nav-link\"><span class=\"nav-link-text\">Uluslararas\u0131 Patent Ba\u015fvurular\u0131n\u0131n Yerel Evre Giri\u015fleri<\/span><\/a><\/li>\n<\/ul>\n<\/div>\n<\/div>\n<\/li>\n<li id=\"menu-item-4358\" class=\"menu-item menu-item-type-post_type menu-item-object-page menu-item-has-children menu-item-4358 item-level-0 menu-item-design-default menu-simple-dropdown item-event-hover\"><a href=\"https:\/\/www.alfapatent-stanadvoka.com\/tr\/egitimler\/\" class=\"woodmart-nav-link\"><span class=\"nav-link-text\">E\u011fitimler<\/span><\/a>\n<div class=\"sub-menu-dropdown color-scheme-\">\n\n<div class=\"container\">\n\n<ul class=\"sub-menu color-scheme-\">\n\t<li id=\"menu-item-4360\" class=\"menu-item menu-item-type-post_type menu-item-object-page menu-item-4360 item-level-1\"><a href=\"https:\/\/www.alfapatent-stanadvoka.com\/tr\/firma-ici-egitim\/\" class=\"woodmart-nav-link\"><span class=\"nav-link-text\">Firma \u0130\u00e7i E\u011fitim<\/span><\/a><\/li>\n\t<li id=\"menu-item-4359\" class=\"menu-item menu-item-type-post_type menu-item-object-page menu-item-4359 item-level-1\"><a href=\"https:\/\/www.alfapatent-stanadvoka.com\/tr\/akademisyenler-icin-dokumantasyon\/\" class=\"woodmart-nav-link\"><span class=\"nav-link-text\">Akademisyenler \u0130\u00e7in Dok\u00fcmantasyon<\/span><\/a><\/li>\n<\/ul>\n<\/div>\n<\/div>\n<\/li>\n<li id=\"menu-item-4361\" class=\"menu-item menu-item-type-post_type menu-item-object-page menu-item-4361 item-level-0 menu-item-design-default menu-simple-dropdown item-event-hover\"><a href=\"https:\/\/www.alfapatent-stanadvoka.com\/tr\/soru-cevap\/\" class=\"woodmart-nav-link\"><span class=\"nav-link-text\">Soru \u2013 Cevap<\/span><\/a><\/li>\n<li id=\"menu-item-4362\" class=\"menu-item menu-item-type-post_type menu-item-object-page menu-item-4362 item-level-0 menu-item-design-default menu-simple-dropdown item-event-hover\"><a href=\"https:\/\/www.alfapatent-stanadvoka.com\/tr\/unified-patent-court-avrupa-patent-mahkemesi\/\" class=\"woodmart-nav-link\"><span class=\"nav-link-text\">Unified Patent Court \/ Avrupa Patent Mahkemesi<\/span><\/a><\/li>\n<\/ul><\/div>\t\t\t\t<\/div>\n\n\t\t\t\t\t\t\t<\/div>\n\t\t[vc_empty_space woodmart_hide_large=&#8221;0&#8243; woodmart_hide_medium=&#8221;0&#8243; woodmart_hide_small=&#8221;0&#8243; woodmart_hide_extra_small=&#8221;0&#8243;][\/vc_column][vc_column width=&#8221;3\/4&#8243;]\n\t\t<div id=\"wd-5fe4e9f67d596\" class=\"title-wrapper  woodmart-title-color-default woodmart-title-style-underlined woodmart-title-width-100 text-left woodmart-title-size-default \">\n\t\t\t\n\t\t\t<div class=\"liner-continer\">\n\t\t\t\t<span class=\"left-line\"><\/span>\n\t\t\t\t<h4 class=\"woodmart-title-container title  woodmart-font-weight-\" >T\u00fcrk Patent Ba\u015fvurusu Belgeler Ve \u00c7eviri Gerekleri<\/h4>\t\t\t\t\t\t\t\t<span class=\"right-line\"><\/span>\n\t\t\t<\/div>\n\t\t\t\n\t\t\t\n\t\t\t\t\t<\/div>\n\t\t\n\t\t[vc_row_inner][vc_column_inner][vc_column_text text_larger=&#8221;no&#8221;]Bir T\u00fcrk patent ba\u015fvurusu bulu\u015fun tarif edildi\u011fi bir tarifname, koruma kapsam\u0131n\u0131 sunan en az bir istem, \u00f6zet ve varsa teknik \u00e7izimlerde olu\u015fmal\u0131d\u0131r.<\/p>\n<p>T\u00fcrk patent ba\u015fvurusu T\u00fcrk\u00e7eye ek olarak Avrupa Patent Ofisi\u2019nin resmi dillerinden birinde (\u0130ngilizce, Frans\u0131zca ya da Almanca) yap\u0131labilir, ancak bu durumda ba\u015fvurunun \u00e7evirisinin s\u00fcresinde teslim edilmesi gerekti\u011fi gibi \u00e7eviri s\u00fcresi \u00fccreti de s\u00fcresinde \u00f6denmelidir. Ek \u00e7eviri s\u00fcresi de talep etmek olas\u0131 olup yine s\u00fcresinde yap\u0131lan bir talep ve \u00fccrete tabidir.<\/p>\n<p>\u00c7evirinin zaman\u0131nda sunulmamas\u0131 halinde ba\u015fvuru geri \u00e7ekilmi\u015f kabul edilecektir.<\/p>\n<p>T\u00fcrk patent ba\u015fvurular\u0131n\u0131 TPMK sistemleri kapsam\u0131nda \u00e7evrimi\u00e7i olarak ger\u00e7ekle\u015ftirmek m\u00fcmk\u00fcn oldu\u011fundan fiziksel ba\u015fvuru dilek\u00e7e ve dok\u00fcmanlar\u0131n\u0131n yerini elektronik versiyonlar\u0131 almaktad\u0131r.[\/vc_column_text][\/vc_column_inner][\/vc_row_inner][\/vc_column][\/vc_row][vc_row css=&#8221;.vc_custom_1608724517525{margin-bottom: 0px !important;padding-bottom: 0px !important;}&#8221; mobile_bg_img_hidden=&#8221;no&#8221; tablet_bg_img_hidden=&#8221;no&#8221; woodmart_parallax=&#8221;0&#8243; woodmart_gradient_switch=&#8221;no&#8221; row_reverse_mobile=&#8221;0&#8243; row_reverse_tablet=&#8221;0&#8243; woodmart_disable_overflow=&#8221;0&#8243;][vc_column][vc_column_text text_larger=&#8221;no&#8221;][vc_row full_width=\"stretch_row\" gap=\"35\" css=\".vc_custom_1608557031429{margin-bottom: 0px !important;padding-bottom: 0px !important;background: #727272 url(http:\/\/www.alfapatent-stanadvoka.com\/wp-content\/uploads\/2020\/12\/bg-footer.jpg?id=3208) !important;background-position: center !important;background-repeat: no-repeat !important;background-size: cover !important;}\" mobile_bg_img_hidden=\"no\" tablet_bg_img_hidden=\"no\" woodmart_parallax=\"0\" woodmart_gradient_switch=\"no\" row_reverse_mobile=\"0\" row_reverse_tablet=\"0\" woodmart_disable_overflow=\"0\"][vc_column]\t\t\t<div id=\"carousel-165\" class=\"woodmart-carousel-container info-box-carousel-wrapper  scroll-init woodmart-carousel-spacing-10\" data-owl-carousel data-hide_pagination_control=\"yes\" data-hide_prev_next_buttons=\"no\" data-dragEndSpeed=\"600\" data-desktop=\"4\" data-tablet_landscape=\"4\" data-tablet=\"3\" data-mobile=\"1\">\n\t\t\t\t<div class=\"owl-carousel info-box-carousel  owl-items-lg-4 owl-items-md-4 owl-items-sm-3 owl-items-xs-1\" >\n\t\t\t\t\t\t\t\t<div class=\"info-box-wrapper \">\n\t\t\t\t<div id=\"wd-5ff372606800e\" class=\" woodmart-info-box text-center box-icon-align-top box-style-shadow color-scheme- woodmart-bg-none box-title-custom with-btn box-btn-static \"  >\n\t\t\t\t\t\t\t\t\t\t\t<div class=\"box-icon-wrapper  box-with-icon box-icon-simple\">\n\t\t\t\t\t\t\t<div class=\"info-box-icon\">\n\n\t\t\t\t\t\t\t\n\t\t\t\t\t\t\t\t\t\t\t\t\t\t\t\t\t<img decoding=\"async\" class=\"info-icon image-1 \" src=\"https:\/\/www.alfapatent-stanadvoka.com\/wp-content\/uploads\/2020\/12\/1-17-300x100.jpg\" width=\"300\" height=\"100\" alt=\"1-17\" title=\"1-17\" loading=\"lazy\" \/>\t\t\t\t\t\t\t\t\t\t\t\t\t\t\t\t\n\t\t\t\t\t\t\t\n\t\t\t\t\t\t\t<\/div>\n\t\t\t\t\t\t<\/div>\n\t\t\t\t\t\t\t\t\t\t<div class=\"info-box-content\">\n\t\t\t\t\t\t<p class=\"info-box-title woodmart-font-weight-500 box-title-style-default font-alt\">Firma \u0130\u00e7i E\u011fitimler<\/p>\t\t\t\t\t\t<div class=\"info-box-inner reset-mb-10\">\n\t\t\t\t\t\t\t\t\t\t\t\t\t<\/div>\n\n\t\t\t\t\t\t<div class=\"info-btn-wrapper\"><div id=\"wd-6a0390e4760e5\" class=\"woodmart-button-wrapper text-center\"><a href=\"http:\/\/www.alfapatent-stanadvoka.com\/tr\/firma-ici-egitim\/\" title=\"#s\" class=\"btn btn-color-primary btn-style-default btn-shape-rectangle btn-size-extra-small\">G\u00f6r\u00fcnt\u00fcle<\/a><\/div><\/div>\t\t\t\t\t\t\n\t\t\t\t\t<\/div>\n\n\t\t\t\t\t<style><\/style>\t\t\t\t<\/div>\n\t\t\t<\/div>\n\t\t\t\t\t<div class=\"info-box-wrapper \">\n\t\t\t\t<div id=\"wd-5fea117ceb8cd\" class=\" woodmart-info-box text-center box-icon-align-top box-style-shadow color-scheme- woodmart-bg-none box-title-custom with-btn box-btn-static \"  >\n\t\t\t\t\t\t\t\t\t\t\t<div class=\"box-icon-wrapper  box-with-icon box-icon-simple\">\n\t\t\t\t\t\t\t<div class=\"info-box-icon\">\n\n\t\t\t\t\t\t\t\n\t\t\t\t\t\t\t\t\t\t\t\t\t\t\t\t\t<img decoding=\"async\" class=\"info-icon image-1 \" src=\"https:\/\/www.alfapatent-stanadvoka.com\/wp-content\/uploads\/2020\/12\/1-21-300x100.jpg\" width=\"300\" height=\"100\" alt=\"1-21\" title=\"1-21\" loading=\"lazy\" \/>\t\t\t\t\t\t\t\t\t\t\t\t\t\t\t\t\n\t\t\t\t\t\t\t\n\t\t\t\t\t\t\t<\/div>\n\t\t\t\t\t\t<\/div>\n\t\t\t\t\t\t\t\t\t\t<div class=\"info-box-content\">\n\t\t\t\t\t\t<p class=\"info-box-title woodmart-font-weight-500 box-title-style-default font-alt\">Ad\u0131m Ad\u0131m Patent Ba\u015fvurusu<\/p>\t\t\t\t\t\t<div class=\"info-box-inner reset-mb-10\">\n\t\t\t\t\t\t\t\t\t\t\t\t\t<\/div>\n\n\t\t\t\t\t\t<div class=\"info-btn-wrapper\"><div id=\"wd-6a0390e476b86\" class=\"woodmart-button-wrapper text-center\"><a href=\"http:\/\/www.alfapatent-stanadvoka.com\/tr\/adim-adim-patent-basvurusu\/\" title=\"#sw\" class=\"btn btn-color-primary btn-style-default btn-shape-rectangle btn-size-extra-small\">G\u00f6r\u00fcnt\u00fcle<\/a><\/div><\/div>\t\t\t\t\t\t\n\t\t\t\t\t<\/div>\n\n\t\t\t\t\t<style><\/style>\t\t\t\t<\/div>\n\t\t\t<\/div>\n\t\t\t\t\t<div class=\"info-box-wrapper \">\n\t\t\t\t<div id=\"wd-5fea1182aeda3\" class=\" woodmart-info-box text-center box-icon-align-top box-style-shadow color-scheme- woodmart-bg-none box-title-custom with-btn box-btn-static \"  >\n\t\t\t\t\t\t\t\t\t\t\t<div class=\"box-icon-wrapper  box-with-icon box-icon-simple\">\n\t\t\t\t\t\t\t<div class=\"info-box-icon\">\n\n\t\t\t\t\t\t\t\n\t\t\t\t\t\t\t\t\t\t\t\t\t\t\t\t\t<img decoding=\"async\" class=\"info-icon image-1 \" src=\"https:\/\/www.alfapatent-stanadvoka.com\/wp-content\/uploads\/2020\/12\/1-20-300x100.jpg\" width=\"300\" height=\"100\" alt=\"1-20\" title=\"1-20\" loading=\"lazy\" \/>\t\t\t\t\t\t\t\t\t\t\t\t\t\t\t\t\n\t\t\t\t\t\t\t\n\t\t\t\t\t\t\t<\/div>\n\t\t\t\t\t\t<\/div>\n\t\t\t\t\t\t\t\t\t\t<div class=\"info-box-content\">\n\t\t\t\t\t\t<p class=\"info-box-title woodmart-font-weight-500 box-title-style-default font-alt\">Patent Te\u015fvikleri<\/p>\t\t\t\t\t\t<div class=\"info-box-inner reset-mb-10\">\n\t\t\t\t\t\t\t\t\t\t\t\t\t<\/div>\n\n\t\t\t\t\t\t<div class=\"info-btn-wrapper\"><div id=\"wd-6a0390e477bca\" class=\"woodmart-button-wrapper text-center\"><a href=\"http:\/\/www.alfapatent-stanadvoka.com\/tr\/patent-tesvikleri\/\" title=\"#sw\" class=\"btn btn-color-primary btn-style-default btn-shape-rectangle btn-size-extra-small\">G\u00f6r\u00fcnt\u00fcle<\/a><\/div><\/div>\t\t\t\t\t\t\n\t\t\t\t\t<\/div>\n\n\t\t\t\t\t<style><\/style>\t\t\t\t<\/div>\n\t\t\t<\/div>\n\t\t\t\t\t<div class=\"info-box-wrapper \">\n\t\t\t\t<div id=\"wd-5fea118790855\" class=\" woodmart-info-box text-center box-icon-align-top box-style-shadow color-scheme- woodmart-bg-none box-title-custom with-btn box-btn-static \"  >\n\t\t\t\t\t\t\t\t\t\t\t<div class=\"box-icon-wrapper  box-with-icon box-icon-simple\">\n\t\t\t\t\t\t\t<div class=\"info-box-icon\">\n\n\t\t\t\t\t\t\t\n\t\t\t\t\t\t\t\t\t\t\t\t\t\t\t\t\t<img decoding=\"async\" class=\"info-icon image-1 \" src=\"https:\/\/www.alfapatent-stanadvoka.com\/wp-content\/uploads\/2020\/12\/1-19-300x100.jpg\" width=\"300\" height=\"100\" alt=\"1-19\" title=\"1-19\" loading=\"lazy\" \/>\t\t\t\t\t\t\t\t\t\t\t\t\t\t\t\t\n\t\t\t\t\t\t\t\n\t\t\t\t\t\t\t<\/div>\n\t\t\t\t\t\t<\/div>\n\t\t\t\t\t\t\t\t\t\t<div class=\"info-box-content\">\n\t\t\t\t\t\t<p class=\"info-box-title woodmart-font-weight-500 box-title-style-default font-alt\">Hukuki \u0130htilaflar<\/p>\t\t\t\t\t\t<div class=\"info-box-inner reset-mb-10\">\n\t\t\t\t\t\t\t\t\t\t\t\t\t<\/div>\n\n\t\t\t\t\t\t<div class=\"info-btn-wrapper\"><div id=\"wd-6a0390e4784ea\" class=\"woodmart-button-wrapper text-center\"><a href=\"http:\/\/www.alfapatent-stanadvoka.com\/tr\/hukuki-ihtilaflar\/\" title=\"#sw\" class=\"btn btn-color-primary btn-style-default btn-shape-rectangle btn-size-extra-small\">G\u00f6r\u00fcnt\u00fcle<\/a><\/div><\/div>\t\t\t\t\t\t\n\t\t\t\t\t<\/div>\n\n\t\t\t\t\t<style><\/style>\t\t\t\t<\/div>\n\t\t\t<\/div>\n\t\t\t\t\t\t<\/div>\n\t\t\t<\/div>\n\t\t[\/vc_column][\/vc_row]<style data-type=\"vc_shortcodes-custom-css\">.vc_custom_1608557031429{margin-bottom: 0px !important;padding-bottom: 0px !important;background: #727272 url(http:\/\/www.alfapatent-stanadvoka.com\/wp-content\/uploads\/2020\/12\/bg-footer.jpg?id=3208) !important;background-position: center !important;background-repeat: no-repeat !important;background-size: cover !important;}#wd-5ff372606800e .info-box-title{font-size:14px;line-height:16px;color:#2b2b2b;}#wd-5fea117ceb8cd .info-box-title{font-size:14px;line-height:16px;color:#2b2b2b;}#wd-5fea1182aeda3 .info-box-title{font-size:14px;line-height:16px;color:#2b2b2b;}#wd-5fea118790855 .info-box-title{font-size:14px;line-height:16px;color:#2b2b2b;}<\/style>[\/vc_column_text][\/vc_column][\/vc_row]<\/p>\n<\/div>","protected":false},"excerpt":{"rendered":"<p>[vc_row][vc_column width=&#8221;1\/4&#8243; offset=&#8221;vc_hidden-md vc_hidden-sm vc_hidden-xs&#8221; mobile_bg_img_hidden=&#8221;no&#8221; tablet_bg_img_hidden=&#8221;no&#8221; woodmart_parallax=&#8221;0&#8243; woodmart_sticky_column=&#8221;false&#8221; parallax_scroll=&#8221;no&#8221; mobile_reset_margin=&#8221;no&#8221; tablet_reset_margin=&#8221;no&#8221;][vc_empty_space woodmart_hide_large=&#8221;0&#8243; woodmart_hide_medium=&#8221;0&#8243; woodmart_hide_small=&#8221;0&#8243; woodmart_hide_extra_small=&#8221;0&#8243;][\/vc_column][vc_column width=&#8221;3\/4&#8243;][vc_row_inner][vc_column_inner][vc_column_text text_larger=&#8221;no&#8221;]Bir T\u00fcrk patent<\/p>\n","protected":false},"author":1,"featured_media":0,"parent":0,"menu_order":0,"comment_status":"closed","ping_status":"closed","template":"","meta":{"footnotes":""},"class_list":["post-4285","page","type-page","status-publish","hentry"],"_links":{"self":[{"href":"https:\/\/www.alfapatent-stanadvoka.com\/tr\/wp-json\/wp\/v2\/pages\/4285","targetHints":{"allow":["GET"]}}],"collection":[{"href":"https:\/\/www.alfapatent-stanadvoka.com\/tr\/wp-json\/wp\/v2\/pages"}],"about":[{"href":"https:\/\/www.alfapatent-stanadvoka.com\/tr\/wp-json\/wp\/v2\/types\/page"}],"author":[{"embeddable":true,"href":"https:\/\/www.alfapatent-stanadvoka.com\/tr\/wp-json\/wp\/v2\/users\/1"}],"replies":[{"embeddable":true,"href":"https:\/\/www.alfapatent-stanadvoka.com\/tr\/wp-json\/wp\/v2\/comments?post=4285"}],"version-history":[{"count":3,"href":"https:\/\/www.alfapatent-stanadvoka.com\/tr\/wp-json\/wp\/v2\/pages\/4285\/revisions"}],"predecessor-version":[{"id":4773,"href":"https:\/\/www.alfapatent-stanadvoka.com\/tr\/wp-json\/wp\/v2\/pages\/4285\/revisions\/4773"}],"wp:attachment":[{"href":"https:\/\/www.alfapatent-stanadvoka.com\/tr\/wp-json\/wp\/v2\/media?parent=4285"}],"curies":[{"name":"wp","href":"https:\/\/api.w.org\/{rel}","templated":true}]}}