{"id":3745,"date":"2020-12-23T14:58:55","date_gmt":"2020-12-23T11:58:55","guid":{"rendered":"http:\/\/www.alfapatent-stanadvoka.com\/?page_id=3745"},"modified":"2025-01-27T14:41:13","modified_gmt":"2025-01-27T11:41:13","slug":"soru-cevap","status":"publish","type":"page","link":"https:\/\/www.alfapatent-stanadvoka.com\/tr\/soru-cevap\/","title":{"rendered":"Soru &#8211; Cevap"},"content":{"rendered":"<div class=\"wpb-content-wrapper\"><p>[vc_row][vc_column width=&#8221;1\/4&#8243;]\n\t\t\t<div id=\"wd-5fe1baecb5b1b\" class=\"widget_nav_mega_menu shortcode-mega-menu \">\n\n\t\t\t\t\t\t\t\t\t<h5 class=\"widget-title color-scheme-dark\">\n\t\t\t\t\t\tSoru Kategorileri\t\t\t\t\t<\/h5>\n\t\t\t\t\n\t\t\t\t<div class=\"woodmart-navigation vertical-navigation\">\n\t\t\t\t\t<div class=\"menu-sorucevap-turkish-container\"><ul id=\"menu-sorucevap-turkish\" class=\"menu\"><li id=\"menu-item-4675\" class=\"menu-item menu-item-type-post_type menu-item-object-page menu-item-4675 item-level-0 menu-item-design-default menu-simple-dropdown item-event-hover\"><a href=\"https:\/\/www.alfapatent-stanadvoka.com\/tr\/soru-cevap\/\" class=\"woodmart-nav-link\"><span class=\"nav-link-text\">Patent Vekilli\u011fi Mesle\u011fi<\/span><\/a><\/li>\n<li id=\"menu-item-4670\" class=\"menu-item menu-item-type-post_type menu-item-object-page menu-item-4670 item-level-0 menu-item-design-default menu-simple-dropdown item-event-hover\"><a href=\"https:\/\/www.alfapatent-stanadvoka.com\/tr\/ruchan\/\" class=\"woodmart-nav-link\"><span class=\"nav-link-text\">R\u00fc\u00e7han<\/span><\/a><\/li>\n<li id=\"menu-item-4673\" class=\"menu-item menu-item-type-post_type menu-item-object-page menu-item-4673 item-level-0 menu-item-design-default menu-simple-dropdown item-event-hover\"><a href=\"https:\/\/www.alfapatent-stanadvoka.com\/tr\/bulusun-uygulamaya-konabilme-yeterliligi\/\" class=\"woodmart-nav-link\"><span class=\"nav-link-text\">Bulu\u015fun Uygulamaya Konabilme Yeterlili\u011fi<\/span><\/a><\/li>\n<li id=\"menu-item-4667\" class=\"menu-item menu-item-type-post_type menu-item-object-page menu-item-4667 item-level-0 menu-item-design-default menu-simple-dropdown item-event-hover\"><a href=\"https:\/\/www.alfapatent-stanadvoka.com\/tr\/soru-cevap-yayin\/\" class=\"woodmart-nav-link\"><span class=\"nav-link-text\">Yay\u0131n<\/span><\/a><\/li>\n<li id=\"menu-item-4666\" class=\"menu-item menu-item-type-post_type menu-item-object-page menu-item-4666 item-level-0 menu-item-design-default menu-simple-dropdown item-event-hover\"><a href=\"https:\/\/www.alfapatent-stanadvoka.com\/tr\/soru-cevap-yenilik-kavrami-etrafinda-tartismalar\/\" class=\"woodmart-nav-link\"><span class=\"nav-link-text\">Yenilik Kavram\u0131 Etraf\u0131nda Tart\u0131\u015fmalar<\/span><\/a><\/li>\n<li id=\"menu-item-4674\" class=\"menu-item menu-item-type-post_type menu-item-object-page menu-item-4674 item-level-0 menu-item-design-default menu-simple-dropdown item-event-hover\"><a href=\"https:\/\/www.alfapatent-stanadvoka.com\/tr\/bulus-basamagi\/\" class=\"woodmart-nav-link\"><span class=\"nav-link-text\">Bulu\u015f Basama\u011f\u0131<\/span><\/a><\/li>\n<li id=\"menu-item-4676\" class=\"menu-item menu-item-type-post_type menu-item-object-page menu-item-4676 item-level-0 menu-item-design-default menu-simple-dropdown item-event-hover\"><a href=\"https:\/\/www.alfapatent-stanadvoka.com\/tr\/basvuru-duzeltme\/\" class=\"woodmart-nav-link\"><span class=\"nav-link-text\">Ba\u015fvuru D\u00fczeltme<\/span><\/a><\/li>\n<li id=\"menu-item-4669\" class=\"menu-item menu-item-type-post_type menu-item-object-page menu-item-4669 item-level-0 menu-item-design-default menu-simple-dropdown item-event-hover\"><a href=\"https:\/\/www.alfapatent-stanadvoka.com\/tr\/teshis-ve-tedavi-usulleri\/\" class=\"woodmart-nav-link\"><span class=\"nav-link-text\">Te\u015fhis ve Tedavi Usulleri<\/span><\/a><\/li>\n<li id=\"menu-item-4671\" class=\"menu-item menu-item-type-post_type menu-item-object-page menu-item-4671 item-level-0 menu-item-design-default menu-simple-dropdown item-event-hover\"><a href=\"https:\/\/www.alfapatent-stanadvoka.com\/tr\/patent-itirazi-proseduru\/\" class=\"woodmart-nav-link\"><span class=\"nav-link-text\">Patent \u0130tiraz\u0131 Prosed\u00fcr\u00fc<\/span><\/a><\/li>\n<li id=\"menu-item-4668\" class=\"menu-item menu-item-type-post_type menu-item-object-page menu-item-4668 item-level-0 menu-item-design-default menu-simple-dropdown item-event-hover\"><a href=\"https:\/\/www.alfapatent-stanadvoka.com\/tr\/istemler\/\" class=\"woodmart-nav-link\"><span class=\"nav-link-text\">\u0130stemler<\/span><\/a><\/li>\n<\/ul><\/div>\t\t\t\t<\/div>\n\n\t\t\t\t\t\t\t<\/div>\n\t\t[vc_empty_space woodmart_hide_large=&#8221;0&#8243; woodmart_hide_medium=&#8221;0&#8243; woodmart_hide_small=&#8221;0&#8243; woodmart_hide_extra_small=&#8221;0&#8243;][\/vc_column][vc_column width=&#8221;3\/4&#8243;]\n\t\t<div id=\"wd-5fea14f5bcd24\" class=\"title-wrapper  woodmart-title-color-default woodmart-title-style-underlined woodmart-title-width-100 text-left woodmart-title-size-default \">\n\t\t\t\n\t\t\t<div class=\"liner-continer\">\n\t\t\t\t<span class=\"left-line\"><\/span>\n\t\t\t\t<h4 class=\"woodmart-title-container title  woodmart-font-weight-\" >Patent Vekilli\u011fi Mesle\u011fi<\/h4>\t\t\t\t\t\t\t\t<span class=\"right-line\"><\/span>\n\t\t\t<\/div>\n\t\t\t\n\t\t\t\n\t\t\t\t\t<\/div>\n\t\t\n\t\t[vc_tta_accordion shape=&#8221;square&#8221; color=&#8221;sky&#8221; spacing=&#8221;25&#8243; gap=&#8221;25&#8243; c_position=&#8221;right&#8221; active_section=&#8221;1&#8243; no_fill=&#8221;true&#8221; collapsible_all=&#8221;true&#8221;][vc_tta_section title=&#8221;Bir T\u00fcrk vatanda\u015f\u0131n\u0131n ya da T\u00fcrkiye\u2019de yer alan bir firman\u0131n bir T\u00fcrk patent ba\u015fvurusu yapmak i\u00e7in patent vekili tutmas\u0131 zorunlu mu?&#8221; tab_id=&#8221;1608582867530-7c834cf1-f226&#8243;][vc_column_text text_larger=&#8221;no&#8221;]<a href=\"https:\/\/www.alfapatent-stanadvoka.com\/wp-content\/uploads\/2025\/01\/diagram-221.svg\"><img decoding=\"async\" class=\"alignnone wp-image-7970 size-full\" src=\"https:\/\/www.alfapatent-stanadvoka.com\/wp-content\/uploads\/2025\/01\/diagram-221.svg\" alt=\"\" \/><\/a>[\/vc_column_text][\/vc_tta_section][vc_tta_section title=&#8221;Bir T\u00fcrk vatanda\u015f\u0131n\u0131n ya da T\u00fcrkiye\u2019de yer alan bir firman\u0131n Avrupa patent ba\u015fvurusu yapmak i\u00e7in bir Avrupa patent vekili tutmas\u0131 zorunlu mu?&#8221; tab_id=&#8221;1608582867550-e02e23d6-1f76&#8243;][vc_column_text text_larger=&#8221;no&#8221;]<a href=\"https:\/\/www.alfapatent-stanadvoka.com\/wp-content\/uploads\/2025\/01\/diagram-221.svg\"><img loading=\"lazy\" decoding=\"async\" class=\"alignnone wp-image-7970 size-full\" src=\"https:\/\/www.alfapatent-stanadvoka.com\/wp-content\/uploads\/2025\/01\/diagram-221.svg\" alt=\"\" width=\"1061\" height=\"1841\" \/><\/a>[\/vc_column_text][\/vc_tta_section][vc_tta_section title=&#8221;Bir T\u00fcrk vatanda\u015f\u0131 ya da T\u00fcrkiye\u2019de yer alan bir firma vekil tutmaks\u0131z\u0131n Uluslararas\u0131 Patent Ba\u015fvurusu (PCT) ger\u00e7ekle\u015ftirebilir mi?&#8221; tab_id=&#8221;1608583064577-2ef2894e-eb22&#8243;][vc_column_text text_larger=&#8221;no&#8221;]<a href=\"https:\/\/www.alfapatent-stanadvoka.com\/wp-content\/uploads\/2025\/01\/diagram-222.svg\"><img decoding=\"async\" class=\"aligncenter wp-image-7977 size-full\" src=\"https:\/\/www.alfapatent-stanadvoka.com\/wp-content\/uploads\/2025\/01\/diagram-222.svg\" alt=\"\" \/><\/a>[\/vc_column_text][\/vc_tta_section][vc_tta_section title=&#8221;Bir T\u00fcrk vatanda\u015f\u0131 ya da T\u00fcrkiye\u2019de yer alan bir firma PCT kabul ofisi olarak T\u00fcrk Patent Enstit\u00fc\u2019s\u00fcn\u00fc se\u00e7erek ve vekil tutmaks\u0131z\u0131n Uluslararas\u0131 Patent Ba\u015fvurusu (PCT) ger\u00e7ekle\u015ftirebilir mi?&#8221; tab_id=&#8221;1608583089756-7d68f6b9-4614&#8243;][vc_column_text text_larger=&#8221;no&#8221;]<a href=\"https:\/\/www.alfapatent-stanadvoka.com\/wp-content\/uploads\/2025\/01\/diagram-223.svg\"><img decoding=\"async\" class=\"aligncenter wp-image-7983 size-full\" src=\"https:\/\/www.alfapatent-stanadvoka.com\/wp-content\/uploads\/2025\/01\/diagram-223.svg\" alt=\"\" \/><\/a>[\/vc_column_text][\/vc_tta_section][vc_tta_section title=&#8221;Avrupa patent mevzuat\u0131 \u00e7er\u00e7evesinde bir Avrupa patent vekili tutman\u0131n zorunlu olmad\u0131\u011f\u0131 hallerde yine de vekil tutmak tavsiye konusu mudur?&#8221; tab_id=&#8221;1608583178773-e5874627-a654&#8243;][vc_column_text text_larger=&#8221;no&#8221;]<a href=\"https:\/\/www.alfapatent-stanadvoka.com\/wp-content\/uploads\/2025\/01\/diagram-224.svg\"><img decoding=\"async\" class=\"aligncenter wp-image-7989 size-full\" src=\"https:\/\/www.alfapatent-stanadvoka.com\/wp-content\/uploads\/2025\/01\/diagram-224.svg\" alt=\"\" \/><\/a>[\/vc_column_text][\/vc_tta_section][vc_tta_section title=&#8221;PCT (Patent \u0130\u015fbirli\u011fi Anla\u015fmas\u0131) ve ilgili mevzuat\u0131 \u00e7er\u00e7evesinde bir patent vekili tutman\u0131n zorunlu olmad\u0131\u011f\u0131 hallerde yine de vekil tutmak tavsiye konusu mudur?&#8221; tab_id=&#8221;1608583211774-04cb469a-48e0&#8243;][vc_column_text text_larger=&#8221;no&#8221;]<a href=\"https:\/\/www.alfapatent-stanadvoka.com\/wp-content\/uploads\/2025\/01\/diagram-224.svg\"><img loading=\"lazy\" decoding=\"async\" class=\"alignnone wp-image-7989 size-full\" src=\"https:\/\/www.alfapatent-stanadvoka.com\/wp-content\/uploads\/2025\/01\/diagram-224.svg\" alt=\"\" width=\"1061\" height=\"1238\" \/><\/a>[\/vc_column_text][\/vc_tta_section][vc_tta_section title=&#8221;Yasal sistemlerden ba\u011f\u0131ms\u0131z olarak genel anlamda bak\u0131ld\u0131\u011f\u0131nda patent vekili tutman\u0131n T\u00fcrk men\u015feli \u015fah\u0131s ve firmalar i\u00e7in zorunlu olmad\u0131\u011f\u0131 bir\u00e7ok hal oldu\u011funa g\u00f6re vekil tutulmas\u0131 neden tavsiye konusu edilmektedir?&#8221; tab_id=&#8221;1608583234471-d8a371d0-1b1e&#8221;][vc_column_text text_larger=&#8221;no&#8221;]<a href=\"https:\/\/www.alfapatent-stanadvoka.com\/wp-content\/uploads\/2025\/01\/diagram-224.svg\"><img loading=\"lazy\" decoding=\"async\" class=\"alignnone wp-image-7989 size-full\" src=\"https:\/\/www.alfapatent-stanadvoka.com\/wp-content\/uploads\/2025\/01\/diagram-224.svg\" alt=\"\" width=\"1061\" height=\"1238\" \/><\/a>[\/vc_column_text][\/vc_tta_section][vc_tta_section title=&#8221;Yasal gerekleri uygun bi\u00e7imde ehliyet sahibi bir patent vekilince yaz\u0131lmam\u0131\u015f bir ba\u015fvurunun daha sonra m\u00fcdahale edilerek kurtar\u0131lmas\u0131 ve en ba\u015ftan en do\u011fru bi\u00e7imde yaz\u0131lm\u0131\u015f gibi g\u00fc\u00e7l\u00fc bir koruma kapsam\u0131yla tescil olmas\u0131 m\u00fcmk\u00fcn m\u00fcd\u00fcr?&#8221; tab_id=&#8221;1608583261055-c1ec6f12-e729&#8243;][vc_column_text text_larger=&#8221;no&#8221;]<a href=\"https:\/\/www.alfapatent-stanadvoka.com\/wp-content\/uploads\/2025\/01\/diagram-224.svg\"><img loading=\"lazy\" decoding=\"async\" class=\"alignnone wp-image-7989 size-full\" src=\"https:\/\/www.alfapatent-stanadvoka.com\/wp-content\/uploads\/2025\/01\/diagram-224.svg\" alt=\"\" width=\"1061\" height=\"1238\" \/><\/a>[\/vc_column_text][\/vc_tta_section][\/vc_tta_accordion][\/vc_column][\/vc_row]<\/p>\n<\/div>","protected":false},"excerpt":{"rendered":"<p>[vc_row][vc_column width=&#8221;1\/4&#8243;][vc_empty_space woodmart_hide_large=&#8221;0&#8243; woodmart_hide_medium=&#8221;0&#8243; woodmart_hide_small=&#8221;0&#8243; woodmart_hide_extra_small=&#8221;0&#8243;][\/vc_column][vc_column width=&#8221;3\/4&#8243;][vc_tta_accordion shape=&#8221;square&#8221; color=&#8221;sky&#8221; spacing=&#8221;25&#8243; gap=&#8221;25&#8243; c_position=&#8221;right&#8221; active_section=&#8221;1&#8243; no_fill=&#8221;true&#8221; collapsible_all=&#8221;true&#8221;][vc_tta_section title=&#8221;Bir T\u00fcrk vatanda\u015f\u0131n\u0131n ya da<\/p>\n","protected":false},"author":1,"featured_media":0,"parent":0,"menu_order":0,"comment_status":"closed","ping_status":"closed","template":"","meta":{"footnotes":""},"class_list":["post-3745","page","type-page","status-publish","hentry"],"_links":{"self":[{"href":"https:\/\/www.alfapatent-stanadvoka.com\/tr\/wp-json\/wp\/v2\/pages\/3745","targetHints":{"allow":["GET"]}}],"collection":[{"href":"https:\/\/www.alfapatent-stanadvoka.com\/tr\/wp-json\/wp\/v2\/pages"}],"about":[{"href":"https:\/\/www.alfapatent-stanadvoka.com\/tr\/wp-json\/wp\/v2\/types\/page"}],"author":[{"embeddable":true,"href":"https:\/\/www.alfapatent-stanadvoka.com\/tr\/wp-json\/wp\/v2\/users\/1"}],"replies":[{"embeddable":true,"href":"https:\/\/www.alfapatent-stanadvoka.com\/tr\/wp-json\/wp\/v2\/comments?post=3745"}],"version-history":[{"count":10,"href":"https:\/\/www.alfapatent-stanadvoka.com\/tr\/wp-json\/wp\/v2\/pages\/3745\/revisions"}],"predecessor-version":[{"id":7996,"href":"https:\/\/www.alfapatent-stanadvoka.com\/tr\/wp-json\/wp\/v2\/pages\/3745\/revisions\/7996"}],"wp:attachment":[{"href":"https:\/\/www.alfapatent-stanadvoka.com\/tr\/wp-json\/wp\/v2\/media?parent=3745"}],"curies":[{"name":"wp","href":"https:\/\/api.w.org\/{rel}","templated":true}]}}