{"id":5321,"date":"2021-03-09T18:56:31","date_gmt":"2021-03-09T15:56:31","guid":{"rendered":"http:\/\/www.alfapatent-stanadvoka.com\/?page_id=5321"},"modified":"2021-03-10T13:58:44","modified_gmt":"2021-03-10T10:58:44","slug":"profil","status":"publish","type":"page","link":"https:\/\/www.alfapatent-stanadvoka.com\/fr\/profil\/","title":{"rendered":"Profil"},"content":{"rendered":"<div class=\"wpb-content-wrapper\"><p>[vc_row][vc_column width=\u00a0\u00bb1\/4&Prime; offset=\u00a0\u00bbvc_hidden-md vc_hidden-sm vc_hidden-xs\u00a0\u00bb mobile_bg_img_hidden=\u00a0\u00bbno\u00a0\u00bb tablet_bg_img_hidden=\u00a0\u00bbno\u00a0\u00bb woodmart_parallax=\u00a0\u00bb0&Prime; woodmart_sticky_column=\u00a0\u00bbfalse\u00a0\u00bb parallax_scroll=\u00a0\u00bbno\u00a0\u00bb mobile_reset_margin=\u00a0\u00bbno\u00a0\u00bb tablet_reset_margin=\u00a0\u00bbno\u00a0\u00bb]\n\t\t\t<div id=\"wd-5fe1c996ec227\" class=\"widget_nav_mega_menu shortcode-mega-menu \">\n\n\t\t\t\t\n\t\t\t\t<div class=\"woodmart-navigation vertical-navigation\">\n\t\t\t\t\t<div class=\"menu-1-left-menu-french-container\"><ul id=\"menu-1-left-menu-french\" class=\"menu\"><li id=\"menu-item-7929\" class=\"menu-item menu-item-type-post_type menu-item-object-page menu-item-has-children menu-item-7929 item-level-0 menu-item-design-default menu-simple-dropdown item-event-hover\"><a href=\"https:\/\/www.alfapatent-stanadvoka.com\/fr\/les-brevets-et-les-modeles-dutilite-en-turquie\/\" class=\"woodmart-nav-link\"><span class=\"nav-link-text\">LES BREVETS ET LES MOD\u00c8LES D\u2019UTILIT\u00c9 EN TURQUIE<\/span><\/a>\n<div class=\"sub-menu-dropdown color-scheme-\">\n\n<div class=\"container\">\n\n<ul class=\"sub-menu color-scheme-\">\n\t<li id=\"menu-item-7930\" class=\"menu-item menu-item-type-post_type menu-item-object-page menu-item-7930 item-level-1\"><a href=\"https:\/\/www.alfapatent-stanadvoka.com\/fr\/types-de-protection-disponibles-pour-les-inventions\/\" class=\"woodmart-nav-link\"><span class=\"nav-link-text\">TYPES DE PROTECTION DISPONIBLES POUR LES INVENTIONS<\/span><\/a><\/li>\n\t<li id=\"menu-item-7931\" class=\"menu-item menu-item-type-post_type menu-item-object-page menu-item-7931 item-level-1\"><a href=\"https:\/\/www.alfapatent-stanadvoka.com\/fr\/representation-aupres-des-autorites-nationales\/\" class=\"woodmart-nav-link\"><span class=\"nav-link-text\">REPR\u00c9SENTATION AUPR\u00c8S DES AUTORIT\u00c9S NATIONALES<\/span><\/a><\/li>\n\t<li id=\"menu-item-7932\" class=\"menu-item menu-item-type-post_type menu-item-object-page menu-item-7932 item-level-1\"><a href=\"https:\/\/www.alfapatent-stanadvoka.com\/fr\/poursuites-des-demandes-nationales-turques\/\" class=\"woodmart-nav-link\"><span class=\"nav-link-text\">POURSUITES DES DEMANDES NATIONALES TURQUES<\/span><\/a><\/li>\n\t<li id=\"menu-item-7933\" class=\"menu-item menu-item-type-post_type menu-item-object-page menu-item-7933 item-level-1\"><a href=\"https:\/\/www.alfapatent-stanadvoka.com\/fr\/les-demandes-de-modeles-dutilite\/\" class=\"woodmart-nav-link\"><span class=\"nav-link-text\">LES DEMANDES DE MOD\u00c8LES D\u2019UTILIT\u00c9<\/span><\/a><\/li>\n\t<li id=\"menu-item-7934\" class=\"menu-item menu-item-type-post_type menu-item-object-page menu-item-7934 item-level-1\"><a href=\"https:\/\/www.alfapatent-stanadvoka.com\/fr\/entrees-en-phase-nationale-des-demandes-internationales\/\" class=\"woodmart-nav-link\"><span class=\"nav-link-text\">ENTR\u00c9ES EN PHASE NATIONALE DES DEMANDES INTERNATIONALES<\/span><\/a><\/li>\n\t<li id=\"menu-item-7935\" class=\"menu-item menu-item-type-post_type menu-item-object-page menu-item-7935 item-level-1\"><a href=\"https:\/\/www.alfapatent-stanadvoka.com\/fr\/validation\/\" class=\"woodmart-nav-link\"><span class=\"nav-link-text\">Validation<\/span><\/a><\/li>\n<\/ul>\n<\/div>\n<\/div>\n<\/li>\n<li id=\"menu-item-7936\" class=\"menu-item menu-item-type-post_type menu-item-object-page menu-item-has-children menu-item-7936 item-level-0 menu-item-design-default menu-simple-dropdown item-event-hover\"><a href=\"https:\/\/www.alfapatent-stanadvoka.com\/fr\/normes-juridiques-nationales-aspects-proceduraux-bases-juridiques\/\" class=\"woodmart-nav-link\"><span class=\"nav-link-text\">NORMES JURIDIQUES NATIONALES\/ ASPECTS PROCEDURAUX &#038; BASES JURIDIQUES<\/span><\/a>\n<div class=\"sub-menu-dropdown color-scheme-\">\n\n<div class=\"container\">\n\n<ul class=\"sub-menu color-scheme-\">\n\t<li id=\"menu-item-7937\" class=\"menu-item menu-item-type-post_type menu-item-object-page menu-item-7937 item-level-1\"><a href=\"https:\/\/www.alfapatent-stanadvoka.com\/fr\/criteres-nationaux-de-brevetabilite\/\" class=\"woodmart-nav-link\"><span class=\"nav-link-text\">CRIT\u00c8RES NATIONAUX DE BREVETABILIT\u00c9<\/span><\/a><\/li>\n\t<li id=\"menu-item-7938\" class=\"menu-item menu-item-type-post_type menu-item-object-page menu-item-7938 item-level-1\"><a href=\"https:\/\/www.alfapatent-stanadvoka.com\/fr\/la-loi-nationale-dossier-de-la-demande-traductions\/\" class=\"woodmart-nav-link\"><span class=\"nav-link-text\">LA LOI NATIONALE : DOSSIER DE LA DEMANDE &#038; TRADUCTIONS<\/span><\/a><\/li>\n\t<li id=\"menu-item-7939\" class=\"menu-item menu-item-type-post_type menu-item-object-page menu-item-7939 item-level-1\"><a href=\"https:\/\/www.alfapatent-stanadvoka.com\/fr\/actions-nationales-en-nullite\/\" class=\"woodmart-nav-link\"><span class=\"nav-link-text\">ACTIONS NATIONALES EN NULLIT\u00c9<\/span><\/a><\/li>\n\t<li id=\"menu-item-7940\" class=\"menu-item menu-item-type-post_type menu-item-object-page menu-item-7940 item-level-1\"><a href=\"https:\/\/www.alfapatent-stanadvoka.com\/fr\/aspects-proceduraux-et-quant-au-fond-secondaires\/\" class=\"woodmart-nav-link\"><span class=\"nav-link-text\">ASPECTS PROCEDURAUX ET QUANT AU FOND SECONDAIRES<\/span><\/a><\/li>\n<\/ul>\n<\/div>\n<\/div>\n<\/li>\n<li id=\"menu-item-7941\" class=\"menu-item menu-item-type-post_type menu-item-object-page menu-item-has-children menu-item-7941 item-level-0 menu-item-design-default menu-simple-dropdown item-event-hover\"><a href=\"https:\/\/www.alfapatent-stanadvoka.com\/fr\/systeme-de-brevets-europeen\/\" class=\"woodmart-nav-link\"><span class=\"nav-link-text\">SYST\u00c8ME DE BREVETS EUROP\u00c9EN<\/span><\/a>\n<div class=\"sub-menu-dropdown color-scheme-\">\n\n<div class=\"container\">\n\n<ul class=\"sub-menu color-scheme-\">\n\t<li id=\"menu-item-7942\" class=\"menu-item menu-item-type-post_type menu-item-object-page menu-item-7942 item-level-1\"><a href=\"https:\/\/www.alfapatent-stanadvoka.com\/fr\/representation-aupres-de-loffice-europeen-des-brevets\/\" class=\"woodmart-nav-link\"><span class=\"nav-link-text\">REPR\u00c9SENTATION AUPR\u00c8S DE L\u2019OFFICE EUROP\u00c9EN DES BREVETS<\/span><\/a><\/li>\n\t<li id=\"menu-item-7943\" class=\"menu-item menu-item-type-post_type menu-item-object-page menu-item-7943 item-level-1\"><a href=\"https:\/\/www.alfapatent-stanadvoka.com\/fr\/poursuite-des-demandes-de-brevets-europeens\/\" class=\"woodmart-nav-link\"><span class=\"nav-link-text\">POURSUITE DES DEMANDES DE BREVETS EUROP\u00c9ENS<\/span><\/a><\/li>\n\t<li id=\"menu-item-7944\" class=\"menu-item menu-item-type-post_type menu-item-object-page menu-item-7944 item-level-1\"><a href=\"https:\/\/www.alfapatent-stanadvoka.com\/fr\/observations-des-tiers\/\" class=\"woodmart-nav-link\"><span class=\"nav-link-text\">OBSERVATIONS DES TIERS<\/span><\/a><\/li>\n\t<li id=\"menu-item-7945\" class=\"menu-item menu-item-type-post_type menu-item-object-page menu-item-7945 item-level-1\"><a href=\"https:\/\/www.alfapatent-stanadvoka.com\/fr\/protection-provisoire\/\" class=\"woodmart-nav-link\"><span class=\"nav-link-text\">PROTECTION PROVISOIRE<\/span><\/a><\/li>\n\t<li id=\"menu-item-7946\" class=\"menu-item menu-item-type-post_type menu-item-object-page menu-item-7946 item-level-1\"><a href=\"https:\/\/www.alfapatent-stanadvoka.com\/fr\/validation\/\" class=\"woodmart-nav-link\"><span class=\"nav-link-text\">Validation<\/span><\/a><\/li>\n\t<li id=\"menu-item-7947\" class=\"menu-item menu-item-type-post_type menu-item-object-page menu-item-7947 item-level-1\"><a href=\"https:\/\/www.alfapatent-stanadvoka.com\/fr\/opposition-apres-delivrance\/\" class=\"woodmart-nav-link\"><span class=\"nav-link-text\">OPPOSITION APR\u00c8S D\u00c9LIVRANCE<\/span><\/a><\/li>\n<\/ul>\n<\/div>\n<\/div>\n<\/li>\n<li id=\"menu-item-7948\" class=\"menu-item menu-item-type-post_type menu-item-object-page menu-item-has-children menu-item-7948 item-level-0 menu-item-design-default menu-simple-dropdown item-event-hover\"><a href=\"https:\/\/www.alfapatent-stanadvoka.com\/fr\/le-pct-et-le-systeme-de-demande-internationale\/\" class=\"woodmart-nav-link\"><span class=\"nav-link-text\">LE PCT ET LE SYST\u00c8ME DE DEMANDE INTERNATIONALE<\/span><\/a>\n<div class=\"sub-menu-dropdown color-scheme-\">\n\n<div class=\"container\">\n\n<ul class=\"sub-menu color-scheme-\">\n\t<li id=\"menu-item-7949\" class=\"menu-item menu-item-type-post_type menu-item-object-page menu-item-7949 item-level-1\"><a href=\"https:\/\/www.alfapatent-stanadvoka.com\/fr\/concepts-de-base-du-pct\/\" class=\"woodmart-nav-link\"><span class=\"nav-link-text\">CONCEPTS DE BASE DU PCT<\/span><\/a><\/li>\n\t<li id=\"menu-item-7950\" class=\"menu-item menu-item-type-post_type menu-item-object-page menu-item-7950 item-level-1\"><a href=\"https:\/\/www.alfapatent-stanadvoka.com\/fr\/representation\/\" class=\"woodmart-nav-link\"><span class=\"nav-link-text\">REPR\u00c9SENTATION<\/span><\/a><\/li>\n\t<li id=\"menu-item-7951\" class=\"menu-item menu-item-type-post_type menu-item-object-page menu-item-7951 item-level-1\"><a href=\"https:\/\/www.alfapatent-stanadvoka.com\/fr\/observations-des-tiers-selon-pct\/\" class=\"woodmart-nav-link\"><span class=\"nav-link-text\">OBSERVATIONS DES T\u0130ERS SELON PCT<\/span><\/a><\/li>\n\t<li id=\"menu-item-7952\" class=\"menu-item menu-item-type-post_type menu-item-object-page menu-item-7952 item-level-1\"><a href=\"https:\/\/www.alfapatent-stanadvoka.com\/fr\/entrees-en-phase-nationale-des-demandes-internationales\/\" class=\"woodmart-nav-link\"><span class=\"nav-link-text\">ENTR\u00c9ES EN PHASE NATIONALE DES DEMANDES INTERNATIONALES<\/span><\/a><\/li>\n<\/ul>\n<\/div>\n<\/div>\n<\/li>\n<\/ul><\/div>\t\t\t\t<\/div>\n\n\t\t\t\t\t\t\t<\/div>\n\t\t[\/vc_column][vc_column width=\u00a0\u00bb3\/4&Prime;]\n\t\t<div id=\"wd-60479a8168598\" class=\"title-wrapper  woodmart-title-color-default woodmart-title-style-underlined woodmart-title-width-100 text-left woodmart-title-size-default \">\n\t\t\t\n\t\t\t<div class=\"liner-continer\">\n\t\t\t\t<span class=\"left-line\"><\/span>\n\t\t\t\t<h4 class=\"woodmart-title-container title  woodmart-font-weight-\" >Profil<\/h4>\t\t\t\t\t\t\t\t<span class=\"right-line\"><\/span>\n\t\t\t<\/div>\n\t\t\t\n\t\t\t\n\t\t\t\t\t<\/div>\n\t\t\n\t\t[vc_column_text text_larger=\u00a0\u00bbno\u00a0\u00bb]<\/p>\n<h5>INFORMATION G\u00c9N\u00c9RALE<\/h5>\n<p>\u00c0 nos yeux, la qualit\u00e9 est la synth\u00e8se entre la fiabilit\u00e9 et la coh\u00e9rence, mais elle se doit aussi de rester \u00e0 jour.<\/p>\n<p>ALFA PATENT STAN ADVOKA repr\u00e9sente et conseille des clients Turcs et internationaux pour prot\u00e9ger leurs inventions dans tous les domaines de la Propri\u00e9t\u00e9 Industrielle. Alfa Patent, qui est sp\u00e9cialis\u00e9e depuis 1997 dans l\u2019obtention, le maintien et la mise en vigueur de droits des brevets, des marques et des dessins et mod\u00e8les, et Stan Advoka, qui est tr\u00e8s active dans le domaine des brevets depuis 2014, ont uni leurs forces en fusionnant en 2018.<\/p>\n<p>Nous avons des clients qui nous sont fid\u00e8les et qui continuent \u00e0 nous faire confiance depuis les tout d\u00e9buts d\u2019Alfa Patent. Au fil des ans nous avons progress\u00e9 r\u00e9guli\u00e8rement pour devenir l\u2019un des cabinets importants en mati\u00e8re de Propri\u00e9t\u00e9 Industrielle en Turquie, avec plusieurs sp\u00e9cialistes, dont la formation englobe une large gamme des domaines techniques et qui sont membres d\u2019instances comme AIPPI, FICPI, VPP, epi et EPLIT.<\/p>\n<p>La fusion d\u2019Alfa Patent et Stan Advoka nous a permis d\u2019offrir en mati\u00e8re de brevets un service de conseil \u00e9tendu dans presque tous les domaines techniques. Les sciences du vivant, la chimie et la biotechnologie sont g\u00e9r\u00e9es par <strong><a href=\"https:\/\/www.alfapatent-stanadvoka.com\/fr\/selda-arkan\">Mme. Selda ARKAN<\/a><\/strong>, la premi\u00e8re mandataire agr\u00e9\u00e9e de brevets europ\u00e9ens en Turquie qui fut qualifi\u00e9e en 1997 avant m\u00eame que la Turquie n\u2019ait rejoint la Convention en Brevet Europ\u00e9en (CBE) en 2000. Les cat\u00e9gories ing\u00e9nierie \u00e9lectrique, l\u2019\u00e9lectronique ainsi que les inventions mises en \u0153uvre par ordinateur sont g\u00e9r\u00e9es par <strong><a href=\"https:\/\/www.alfapatent-stanadvoka.com\/fr\/baris-atalay\/\">M. Baris ATALAY<\/a>,<\/strong> le premier mandataire agr\u00e9\u00e9 de brevets europ\u00e9ens \u00e0 \u00eatre qualifi\u00e9 en 2011 apr\u00e8s Mme ARKAN en Turquie.<\/p>\n<p>Nos mandataires en Propri\u00e9t\u00e9 Industrielle et nos associ\u00e9s voyagent r\u00e9guli\u00e8rement pour rencontrer nos clients. Nous connaissons tr\u00e8s bien les risques et les perspectives de la Propri\u00e9t\u00e9 Industrielle et ne perdons jamais la vue sur les crit\u00e8res commerciaux. Nous avons \u00e9galement l\u2019\u0153il attentif pour d\u00e9couvrir les composantes financi\u00e8rement int\u00e9ressantes de l\u2019invention.<\/p>\n<p>ALFA PATENT STAN ADVOKA communique dans les trois langues officielles de l\u2019OEB. Bien que les demandes de brevets soient d\u00e9pos\u00e9es souvent en anglais, nous sommes aussi en mesure de d\u00e9poser et poursuivre les demandes de brevet en fran\u00e7ais et en allemand.<\/p>\n<p>ALFA PATENT STAN ADVOKA est non seulement pr\u00e9sente dans la gestion de la poursuite de demandes de brevets et les exigences r\u00e9glementaires pour assurer une protection de brevets ad\u00e9quate, mais aussi active en litiges de Propri\u00e9t\u00e9 Intellectuelle en Turquie pour d\u00e9fendre vos int\u00e9r\u00eats devant le tribunal en coop\u00e9rant bien entendu avec des avocats sp\u00e9cialis\u00e9s selon le cas sp\u00e9cifique et le langage\/le pays du plaignant\/d\u00e9fendeur.<\/p>\n<p>En sus de l\u2019engagement individuel de chaque sp\u00e9cialiste en Propri\u00e9t\u00e9 Industriel au sein de notre cabinet, notre \u00e9quipe de soutien participe avec tous ses moyens aux proc\u00e9dures. Nous gardons les archives sous format \u00e9lectronique et sous forme papier. Les meuble- classeurs dans lesquels tous nos dossiers et classeurs sont conserv\u00e9s sont r\u00e9sistants au feu, de sorte que m\u00eame en cas malheureux d\u2019un incendie leur s\u00e9curit\u00e9 reste assur\u00e9e.[\/vc_column_text][\/vc_column][\/vc_row][vc_row][vc_column][vc_column_text text_larger=\u00a0\u00bbno\u00a0\u00bb][vc_row full_width=\"stretch_row\" gap=\"35\" css=\".vc_custom_1608557031429{margin-bottom: 0px !important;padding-bottom: 0px !important;background: #727272 url(http:\/\/www.alfapatent-stanadvoka.com\/wp-content\/uploads\/2020\/12\/bg-footer.jpg?id=3208) !important;background-position: center !important;background-repeat: no-repeat !important;background-size: cover !important;}\" mobile_bg_img_hidden=\"no\" tablet_bg_img_hidden=\"no\" woodmart_parallax=\"0\" woodmart_gradient_switch=\"no\" row_reverse_mobile=\"0\" row_reverse_tablet=\"0\" woodmart_disable_overflow=\"0\"][vc_column]\t\t\t<div id=\"carousel-175\" class=\"woodmart-carousel-container info-box-carousel-wrapper  scroll-init woodmart-carousel-spacing-10\" data-owl-carousel data-hide_pagination_control=\"yes\" data-hide_prev_next_buttons=\"no\" data-dragEndSpeed=\"600\" data-desktop=\"4\" data-tablet_landscape=\"4\" data-tablet=\"3\" data-mobile=\"1\">\n\t\t\t\t<div class=\"owl-carousel info-box-carousel  owl-items-lg-4 owl-items-md-4 owl-items-sm-3 owl-items-xs-1\" >\n\t\t\t\t\t\t\t\t<div class=\"info-box-wrapper \">\n\t\t\t\t<div id=\"wd-60489fa1e184d\" class=\" woodmart-info-box text-center box-icon-align-top box-style-shadow color-scheme- woodmart-bg-none box-title-custom with-btn box-btn-static \"  >\n\t\t\t\t\t\t\t\t\t\t\t<div class=\"box-icon-wrapper  box-with-icon box-icon-simple\">\n\t\t\t\t\t\t\t<div class=\"info-box-icon\">\n\n\t\t\t\t\t\t\t\n\t\t\t\t\t\t\t\t\t\t\t\t\t\t\t\t\t<img decoding=\"async\" class=\"info-icon image-1 \" src=\"https:\/\/www.alfapatent-stanadvoka.com\/wp-content\/uploads\/2020\/12\/1-7-300x100.jpg\" width=\"300\" height=\"100\" alt=\"1-7\" title=\"1-7\" loading=\"lazy\" \/>\t\t\t\t\t\t\t\t\t\t\t\t\t\t\t\t\n\t\t\t\t\t\t\t\n\t\t\t\t\t\t\t<\/div>\n\t\t\t\t\t\t<\/div>\n\t\t\t\t\t\t\t\t\t\t<div class=\"info-box-content\">\n\t\t\t\t\t\t<p class=\"info-box-title woodmart-font-weight-500 box-title-style-default font-alt\">CRIT\u00c8RES NATIONAUX DE BREVETABILIT\u00c9<\/p>\t\t\t\t\t\t<div class=\"info-box-inner reset-mb-10\">\n\t\t\t\t\t\t\t\t\t\t\t\t\t<\/div>\n\n\t\t\t\t\t\t<div class=\"info-btn-wrapper\"><div id=\"wd-6a03948073db3\" class=\"woodmart-button-wrapper text-center\"><a href=\"http:\/\/www.alfapatent-stanadvoka.com\/fr\/criteres-nationaux-de-brevetabilite\/\" title=\"#sw\" class=\"btn btn-color-primary btn-style-default btn-shape-rectangle btn-size-extra-small\">See More<\/a><\/div><\/div>\t\t\t\t\t\t\n\t\t\t\t\t<\/div>\n\n\t\t\t\t\t<style><\/style>\t\t\t\t<\/div>\n\t\t\t<\/div>\n\t\t\t\t\t<div class=\"info-box-wrapper \">\n\t\t\t\t<div id=\"wd-60489fb808052\" class=\" woodmart-info-box text-center box-icon-align-top box-style-shadow color-scheme- woodmart-bg-none box-title-custom with-btn box-btn-static \"  >\n\t\t\t\t\t\t\t\t\t\t\t<div class=\"box-icon-wrapper  box-with-icon box-icon-simple\">\n\t\t\t\t\t\t\t<div class=\"info-box-icon\">\n\n\t\t\t\t\t\t\t\n\t\t\t\t\t\t\t\t\t\t\t\t\t\t\t\t\t<img decoding=\"async\" class=\"info-icon image-1 \" src=\"https:\/\/www.alfapatent-stanadvoka.com\/wp-content\/uploads\/2020\/12\/1-1-300x100.jpg\" width=\"300\" height=\"100\" alt=\"1-1\" title=\"1-1\" loading=\"lazy\" \/>\t\t\t\t\t\t\t\t\t\t\t\t\t\t\t\t\n\t\t\t\t\t\t\t\n\t\t\t\t\t\t\t<\/div>\n\t\t\t\t\t\t<\/div>\n\t\t\t\t\t\t\t\t\t\t<div class=\"info-box-content\">\n\t\t\t\t\t\t<p class=\"info-box-title woodmart-font-weight-500 box-title-style-default font-alt\">TYPES DE PROTECTION DISPONIBLES POUR LES INVENTIONS<\/p>\t\t\t\t\t\t<div class=\"info-box-inner reset-mb-10\">\n\t\t\t\t\t\t\t\t\t\t\t\t\t<\/div>\n\n\t\t\t\t\t\t<div class=\"info-btn-wrapper\"><div id=\"wd-6a03948074773\" class=\"woodmart-button-wrapper text-center\"><a href=\"http:\/\/www.alfapatent-stanadvoka.com\/fr\/types-de-protection-disponibles-pour-les-inventions\/\" title=\"#sw\" class=\"btn btn-color-primary btn-style-default btn-shape-rectangle btn-size-extra-small\">See More<\/a><\/div><\/div>\t\t\t\t\t\t\n\t\t\t\t\t<\/div>\n\n\t\t\t\t\t<style><\/style>\t\t\t\t<\/div>\n\t\t\t<\/div>\n\t\t\t\t\t<div class=\"info-box-wrapper \">\n\t\t\t\t<div id=\"wd-60489fcdc3017\" class=\" woodmart-info-box text-center box-icon-align-top box-style-shadow color-scheme- woodmart-bg-none box-title-custom with-btn box-btn-static \"  >\n\t\t\t\t\t\t\t\t\t\t\t<div class=\"box-icon-wrapper  box-with-icon box-icon-simple\">\n\t\t\t\t\t\t\t<div class=\"info-box-icon\">\n\n\t\t\t\t\t\t\t\n\t\t\t\t\t\t\t\t\t\t\t\t\t\t\t\t\t<img decoding=\"async\" class=\"info-icon image-1 \" src=\"https:\/\/www.alfapatent-stanadvoka.com\/wp-content\/uploads\/2020\/12\/1-2-300x100.jpg\" width=\"300\" height=\"100\" alt=\"1-2\" title=\"1-2\" loading=\"lazy\" \/>\t\t\t\t\t\t\t\t\t\t\t\t\t\t\t\t\n\t\t\t\t\t\t\t\n\t\t\t\t\t\t\t<\/div>\n\t\t\t\t\t\t<\/div>\n\t\t\t\t\t\t\t\t\t\t<div class=\"info-box-content\">\n\t\t\t\t\t\t<p class=\"info-box-title woodmart-font-weight-500 box-title-style-default font-alt\">REPR\u00c9SENTATION AUPR\u00c8S DES AUTORIT\u00c9S NATIONALES<\/p>\t\t\t\t\t\t<div class=\"info-box-inner reset-mb-10\">\n\t\t\t\t\t\t\t\t\t\t\t\t\t<\/div>\n\n\t\t\t\t\t\t<div class=\"info-btn-wrapper\"><div id=\"wd-6a03948075340\" class=\"woodmart-button-wrapper text-center\"><a href=\"http:\/\/www.alfapatent-stanadvoka.com\/fr\/representation-aupres-des-autorites-nationales\/\" title=\"#sw\" class=\"btn btn-color-primary btn-style-default btn-shape-rectangle btn-size-extra-small\">See More<\/a><\/div><\/div>\t\t\t\t\t\t\n\t\t\t\t\t<\/div>\n\n\t\t\t\t\t<style><\/style>\t\t\t\t<\/div>\n\t\t\t<\/div>\n\t\t\t\t\t<div class=\"info-box-wrapper \">\n\t\t\t\t<div id=\"wd-60489fe961dac\" class=\" woodmart-info-box text-center box-icon-align-top box-style-shadow color-scheme- woodmart-bg-none box-title-custom with-btn box-btn-static \"  >\n\t\t\t\t\t\t\t\t\t\t\t<div class=\"box-icon-wrapper  box-with-icon box-icon-simple\">\n\t\t\t\t\t\t\t<div class=\"info-box-icon\">\n\n\t\t\t\t\t\t\t\n\t\t\t\t\t\t\t\t\t\t\t\t\t\t\t\t\t<img decoding=\"async\" class=\"info-icon image-1 \" src=\"https:\/\/www.alfapatent-stanadvoka.com\/wp-content\/uploads\/2020\/12\/1-9-300x100.jpg\" width=\"300\" height=\"100\" alt=\"1-9\" title=\"1-9\" loading=\"lazy\" \/>\t\t\t\t\t\t\t\t\t\t\t\t\t\t\t\t\n\t\t\t\t\t\t\t\n\t\t\t\t\t\t\t<\/div>\n\t\t\t\t\t\t<\/div>\n\t\t\t\t\t\t\t\t\t\t<div class=\"info-box-content\">\n\t\t\t\t\t\t<p class=\"info-box-title woodmart-font-weight-500 box-title-style-default font-alt\">LA LOI NATIONALE : DOSS\u0130ER DE LA DEMANDE &amp; TRADUCTIONS<\/p>\t\t\t\t\t\t<div class=\"info-box-inner reset-mb-10\">\n\t\t\t\t\t\t\t\t\t\t\t\t\t<\/div>\n\n\t\t\t\t\t\t<div class=\"info-btn-wrapper\"><div id=\"wd-6a03948076668\" class=\"woodmart-button-wrapper text-center\"><a href=\"http:\/\/www.alfapatent-stanadvoka.com\/fr\/la-loi-nationale-dossier-de-la-demande-traductions\/\" title=\"\" class=\"btn btn-color-primary btn-style-default btn-shape-rectangle btn-size-extra-small\">See More<\/a><\/div><\/div>\t\t\t\t\t\t\n\t\t\t\t\t<\/div>\n\n\t\t\t\t\t<style><\/style>\t\t\t\t<\/div>\n\t\t\t<\/div>\n\t\t\t\t\t<div class=\"info-box-wrapper \">\n\t\t\t\t<div id=\"wd-6048a014e993c\" class=\" woodmart-info-box text-center box-icon-align-top box-style-shadow color-scheme- woodmart-bg-none box-title-custom with-btn box-btn-static \"  >\n\t\t\t\t\t\t\t\t\t\t\t<div class=\"box-icon-wrapper  box-with-icon box-icon-simple\">\n\t\t\t\t\t\t\t<div class=\"info-box-icon\">\n\n\t\t\t\t\t\t\t\n\t\t\t\t\t\t\t\t\t\t\t\t\t\t\t\t\t<img decoding=\"async\" class=\"info-icon image-1 \" src=\"https:\/\/www.alfapatent-stanadvoka.com\/wp-content\/uploads\/2020\/12\/1-10-300x100.jpg\" width=\"300\" height=\"100\" alt=\"1-10\" title=\"1-10\" loading=\"lazy\" \/>\t\t\t\t\t\t\t\t\t\t\t\t\t\t\t\t\n\t\t\t\t\t\t\t\n\t\t\t\t\t\t\t<\/div>\n\t\t\t\t\t\t<\/div>\n\t\t\t\t\t\t\t\t\t\t<div class=\"info-box-content\">\n\t\t\t\t\t\t<p class=\"info-box-title woodmart-font-weight-500 box-title-style-default font-alt\">ACTIONS NATIONALES EN NULLIT\u00c9<\/p>\t\t\t\t\t\t<div class=\"info-box-inner reset-mb-10\">\n\t\t\t\t\t\t\t\t\t\t\t\t\t<\/div>\n\n\t\t\t\t\t\t<div class=\"info-btn-wrapper\"><div id=\"wd-6a039480774c7\" class=\"woodmart-button-wrapper text-center\"><a href=\"http:\/\/www.alfapatent-stanadvoka.com\/fr\/actions-nationales-en-nullite\/\" title=\"\" class=\"btn btn-color-primary btn-style-default btn-shape-rectangle btn-size-extra-small\">See More<\/a><\/div><\/div>\t\t\t\t\t\t\n\t\t\t\t\t<\/div>\n\n\t\t\t\t\t<style><\/style>\t\t\t\t<\/div>\n\t\t\t<\/div>\n\t\t\t\t\t<div class=\"info-box-wrapper \">\n\t\t\t\t<div id=\"wd-6048a043e09a0\" class=\" woodmart-info-box text-center box-icon-align-top box-style-shadow color-scheme- woodmart-bg-none box-title-custom with-btn box-btn-static \"  >\n\t\t\t\t\t\t\t\t\t\t\t<div class=\"box-icon-wrapper  box-with-icon box-icon-simple\">\n\t\t\t\t\t\t\t<div class=\"info-box-icon\">\n\n\t\t\t\t\t\t\t\n\t\t\t\t\t\t\t\t\t\t\t\t\t\t\t\t\t<img decoding=\"async\" class=\"info-icon image-1 \" src=\"https:\/\/www.alfapatent-stanadvoka.com\/wp-content\/uploads\/2020\/12\/1-11-300x100.jpg\" width=\"300\" height=\"100\" alt=\"1-11\" title=\"1-11\" loading=\"lazy\" \/>\t\t\t\t\t\t\t\t\t\t\t\t\t\t\t\t\n\t\t\t\t\t\t\t\n\t\t\t\t\t\t\t<\/div>\n\t\t\t\t\t\t<\/div>\n\t\t\t\t\t\t\t\t\t\t<div class=\"info-box-content\">\n\t\t\t\t\t\t<p class=\"info-box-title woodmart-font-weight-500 box-title-style-default font-alt\">ASPECTS PROCEDURAUX ET QUANT AU FOND SECONDAIRES<\/p>\t\t\t\t\t\t<div class=\"info-box-inner reset-mb-10\">\n\t\t\t\t\t\t\t\t\t\t\t\t\t<\/div>\n\n\t\t\t\t\t\t<div class=\"info-btn-wrapper\"><div id=\"wd-6a039480780d7\" class=\"woodmart-button-wrapper text-center\"><a href=\"http:\/\/www.alfapatent-stanadvoka.com\/fr\/aspects-proceduraux-et-quant-au-fond-secondaires\/\" title=\"\" class=\"btn btn-color-primary btn-style-default btn-shape-rectangle btn-size-extra-small\">See More<\/a><\/div><\/div>\t\t\t\t\t\t\n\t\t\t\t\t<\/div>\n\n\t\t\t\t\t<style><\/style>\t\t\t\t<\/div>\n\t\t\t<\/div>\n\t\t\t\t\t\t<\/div>\n\t\t\t<\/div>\n\t\t[\/vc_column][\/vc_row]<style data-type=\"vc_shortcodes-custom-css\">.vc_custom_1608557031429{margin-bottom: 0px !important;padding-bottom: 0px !important;background: #727272 url(http:\/\/www.alfapatent-stanadvoka.com\/wp-content\/uploads\/2020\/12\/bg-footer.jpg?id=3208) !important;background-position: center !important;background-repeat: no-repeat !important;background-size: cover !important;}#wd-60489fa1e184d .info-box-title{font-size:14px;line-height:16px;color:#2b2b2b;}#wd-60489fb808052 .info-box-title{font-size:14px;line-height:16px;color:#2b2b2b;}#wd-60489fcdc3017 .info-box-title{font-size:14px;line-height:16px;color:#2b2b2b;}#wd-60489fe961dac .info-box-title{font-size:14px;line-height:16px;color:#2b2b2b;}#wd-6048a014e993c .info-box-title{font-size:14px;line-height:14px;color:#2b2b2b;}#wd-6048a043e09a0 .info-box-title{font-size:14px;line-height:14px;color:#2b2b2b;}<\/style>[\/vc_column_text][\/vc_column][\/vc_row]<\/p>\n<\/div>","protected":false},"excerpt":{"rendered":"<p>[vc_row][vc_column width=\u00a0\u00bb1\/4&Prime; offset=\u00a0\u00bbvc_hidden-md vc_hidden-sm vc_hidden-xs\u00a0\u00bb mobile_bg_img_hidden=\u00a0\u00bbno\u00a0\u00bb tablet_bg_img_hidden=\u00a0\u00bbno\u00a0\u00bb woodmart_parallax=\u00a0\u00bb0&Prime; woodmart_sticky_column=\u00a0\u00bbfalse\u00a0\u00bb parallax_scroll=\u00a0\u00bbno\u00a0\u00bb mobile_reset_margin=\u00a0\u00bbno\u00a0\u00bb tablet_reset_margin=\u00a0\u00bbno\u00a0\u00bb][\/vc_column][vc_column width=\u00a0\u00bb3\/4&Prime;][vc_column_text text_larger=\u00a0\u00bbno\u00a0\u00bb] INFORMATION G\u00c9N\u00c9RALE \u00c0 nos yeux, la<\/p>\n","protected":false},"author":1,"featured_media":0,"parent":0,"menu_order":0,"comment_status":"closed","ping_status":"closed","template":"","meta":{"footnotes":""},"class_list":["post-5321","page","type-page","status-publish","hentry"],"_links":{"self":[{"href":"https:\/\/www.alfapatent-stanadvoka.com\/fr\/wp-json\/wp\/v2\/pages\/5321","targetHints":{"allow":["GET"]}}],"collection":[{"href":"https:\/\/www.alfapatent-stanadvoka.com\/fr\/wp-json\/wp\/v2\/pages"}],"about":[{"href":"https:\/\/www.alfapatent-stanadvoka.com\/fr\/wp-json\/wp\/v2\/types\/page"}],"author":[{"embeddable":true,"href":"https:\/\/www.alfapatent-stanadvoka.com\/fr\/wp-json\/wp\/v2\/users\/1"}],"replies":[{"embeddable":true,"href":"https:\/\/www.alfapatent-stanadvoka.com\/fr\/wp-json\/wp\/v2\/comments?post=5321"}],"version-history":[{"count":5,"href":"https:\/\/www.alfapatent-stanadvoka.com\/fr\/wp-json\/wp\/v2\/pages\/5321\/revisions"}],"predecessor-version":[{"id":5545,"href":"https:\/\/www.alfapatent-stanadvoka.com\/fr\/wp-json\/wp\/v2\/pages\/5321\/revisions\/5545"}],"wp:attachment":[{"href":"https:\/\/www.alfapatent-stanadvoka.com\/fr\/wp-json\/wp\/v2\/media?parent=5321"}],"curies":[{"name":"wp","href":"https:\/\/api.w.org\/{rel}","templated":true}]}}