{"id":5318,"date":"2021-03-09T18:53:02","date_gmt":"2021-03-09T15:53:02","guid":{"rendered":"http:\/\/www.alfapatent-stanadvoka.com\/?page_id=5318"},"modified":"2021-03-10T13:40:40","modified_gmt":"2021-03-10T10:40:40","slug":"domaines-techniques","status":"publish","type":"page","link":"https:\/\/www.alfapatent-stanadvoka.com\/fr\/domaines-techniques\/","title":{"rendered":"DOMAINES TECHNIQUES"},"content":{"rendered":"<div class=\"wpb-content-wrapper\"><p>[vc_row][vc_column width=\u00a0\u00bb1\/4&Prime; offset=\u00a0\u00bbvc_hidden-md vc_hidden-sm vc_hidden-xs\u00a0\u00bb mobile_bg_img_hidden=\u00a0\u00bbno\u00a0\u00bb tablet_bg_img_hidden=\u00a0\u00bbno\u00a0\u00bb woodmart_parallax=\u00a0\u00bb0&Prime; woodmart_sticky_column=\u00a0\u00bbfalse\u00a0\u00bb parallax_scroll=\u00a0\u00bbno\u00a0\u00bb mobile_reset_margin=\u00a0\u00bbno\u00a0\u00bb tablet_reset_margin=\u00a0\u00bbno\u00a0\u00bb]\n\t\t\t<div id=\"wd-5fe1c996ec227\" class=\"widget_nav_mega_menu shortcode-mega-menu \">\n\n\t\t\t\t\n\t\t\t\t<div class=\"woodmart-navigation vertical-navigation\">\n\t\t\t\t\t<div class=\"menu-1-left-menu-french-container\"><ul id=\"menu-1-left-menu-french\" class=\"menu\"><li id=\"menu-item-7929\" class=\"menu-item menu-item-type-post_type menu-item-object-page menu-item-has-children menu-item-7929 item-level-0 menu-item-design-default menu-simple-dropdown item-event-hover\"><a href=\"https:\/\/www.alfapatent-stanadvoka.com\/fr\/les-brevets-et-les-modeles-dutilite-en-turquie\/\" class=\"woodmart-nav-link\"><span class=\"nav-link-text\">LES BREVETS ET LES MOD\u00c8LES D\u2019UTILIT\u00c9 EN TURQUIE<\/span><\/a>\n<div class=\"sub-menu-dropdown color-scheme-\">\n\n<div class=\"container\">\n\n<ul class=\"sub-menu color-scheme-\">\n\t<li id=\"menu-item-7930\" class=\"menu-item menu-item-type-post_type menu-item-object-page menu-item-7930 item-level-1\"><a href=\"https:\/\/www.alfapatent-stanadvoka.com\/fr\/types-de-protection-disponibles-pour-les-inventions\/\" class=\"woodmart-nav-link\"><span class=\"nav-link-text\">TYPES DE PROTECTION DISPONIBLES POUR LES INVENTIONS<\/span><\/a><\/li>\n\t<li id=\"menu-item-7931\" class=\"menu-item menu-item-type-post_type menu-item-object-page menu-item-7931 item-level-1\"><a href=\"https:\/\/www.alfapatent-stanadvoka.com\/fr\/representation-aupres-des-autorites-nationales\/\" class=\"woodmart-nav-link\"><span class=\"nav-link-text\">REPR\u00c9SENTATION AUPR\u00c8S DES AUTORIT\u00c9S NATIONALES<\/span><\/a><\/li>\n\t<li id=\"menu-item-7932\" class=\"menu-item menu-item-type-post_type menu-item-object-page menu-item-7932 item-level-1\"><a href=\"https:\/\/www.alfapatent-stanadvoka.com\/fr\/poursuites-des-demandes-nationales-turques\/\" class=\"woodmart-nav-link\"><span class=\"nav-link-text\">POURSUITES DES DEMANDES NATIONALES TURQUES<\/span><\/a><\/li>\n\t<li id=\"menu-item-7933\" class=\"menu-item menu-item-type-post_type menu-item-object-page menu-item-7933 item-level-1\"><a href=\"https:\/\/www.alfapatent-stanadvoka.com\/fr\/les-demandes-de-modeles-dutilite\/\" class=\"woodmart-nav-link\"><span class=\"nav-link-text\">LES DEMANDES DE MOD\u00c8LES D\u2019UTILIT\u00c9<\/span><\/a><\/li>\n\t<li id=\"menu-item-7934\" class=\"menu-item menu-item-type-post_type menu-item-object-page menu-item-7934 item-level-1\"><a href=\"https:\/\/www.alfapatent-stanadvoka.com\/fr\/entrees-en-phase-nationale-des-demandes-internationales\/\" class=\"woodmart-nav-link\"><span class=\"nav-link-text\">ENTR\u00c9ES EN PHASE NATIONALE DES DEMANDES INTERNATIONALES<\/span><\/a><\/li>\n\t<li id=\"menu-item-7935\" class=\"menu-item menu-item-type-post_type menu-item-object-page menu-item-7935 item-level-1\"><a href=\"https:\/\/www.alfapatent-stanadvoka.com\/fr\/validation\/\" class=\"woodmart-nav-link\"><span class=\"nav-link-text\">Validation<\/span><\/a><\/li>\n<\/ul>\n<\/div>\n<\/div>\n<\/li>\n<li id=\"menu-item-7936\" class=\"menu-item menu-item-type-post_type menu-item-object-page menu-item-has-children menu-item-7936 item-level-0 menu-item-design-default menu-simple-dropdown item-event-hover\"><a href=\"https:\/\/www.alfapatent-stanadvoka.com\/fr\/normes-juridiques-nationales-aspects-proceduraux-bases-juridiques\/\" class=\"woodmart-nav-link\"><span class=\"nav-link-text\">NORMES JURIDIQUES NATIONALES\/ ASPECTS PROCEDURAUX &#038; BASES JURIDIQUES<\/span><\/a>\n<div class=\"sub-menu-dropdown color-scheme-\">\n\n<div class=\"container\">\n\n<ul class=\"sub-menu color-scheme-\">\n\t<li id=\"menu-item-7937\" class=\"menu-item menu-item-type-post_type menu-item-object-page menu-item-7937 item-level-1\"><a href=\"https:\/\/www.alfapatent-stanadvoka.com\/fr\/criteres-nationaux-de-brevetabilite\/\" class=\"woodmart-nav-link\"><span class=\"nav-link-text\">CRIT\u00c8RES NATIONAUX DE BREVETABILIT\u00c9<\/span><\/a><\/li>\n\t<li id=\"menu-item-7938\" class=\"menu-item menu-item-type-post_type menu-item-object-page menu-item-7938 item-level-1\"><a href=\"https:\/\/www.alfapatent-stanadvoka.com\/fr\/la-loi-nationale-dossier-de-la-demande-traductions\/\" class=\"woodmart-nav-link\"><span class=\"nav-link-text\">LA LOI NATIONALE : DOSSIER DE LA DEMANDE &#038; TRADUCTIONS<\/span><\/a><\/li>\n\t<li id=\"menu-item-7939\" class=\"menu-item menu-item-type-post_type menu-item-object-page menu-item-7939 item-level-1\"><a href=\"https:\/\/www.alfapatent-stanadvoka.com\/fr\/actions-nationales-en-nullite\/\" class=\"woodmart-nav-link\"><span class=\"nav-link-text\">ACTIONS NATIONALES EN NULLIT\u00c9<\/span><\/a><\/li>\n\t<li id=\"menu-item-7940\" class=\"menu-item menu-item-type-post_type menu-item-object-page menu-item-7940 item-level-1\"><a href=\"https:\/\/www.alfapatent-stanadvoka.com\/fr\/aspects-proceduraux-et-quant-au-fond-secondaires\/\" class=\"woodmart-nav-link\"><span class=\"nav-link-text\">ASPECTS PROCEDURAUX ET QUANT AU FOND SECONDAIRES<\/span><\/a><\/li>\n<\/ul>\n<\/div>\n<\/div>\n<\/li>\n<li id=\"menu-item-7941\" class=\"menu-item menu-item-type-post_type menu-item-object-page menu-item-has-children menu-item-7941 item-level-0 menu-item-design-default menu-simple-dropdown item-event-hover\"><a href=\"https:\/\/www.alfapatent-stanadvoka.com\/fr\/systeme-de-brevets-europeen\/\" class=\"woodmart-nav-link\"><span class=\"nav-link-text\">SYST\u00c8ME DE BREVETS EUROP\u00c9EN<\/span><\/a>\n<div class=\"sub-menu-dropdown color-scheme-\">\n\n<div class=\"container\">\n\n<ul class=\"sub-menu color-scheme-\">\n\t<li id=\"menu-item-7942\" class=\"menu-item menu-item-type-post_type menu-item-object-page menu-item-7942 item-level-1\"><a href=\"https:\/\/www.alfapatent-stanadvoka.com\/fr\/representation-aupres-de-loffice-europeen-des-brevets\/\" class=\"woodmart-nav-link\"><span class=\"nav-link-text\">REPR\u00c9SENTATION AUPR\u00c8S DE L\u2019OFFICE EUROP\u00c9EN DES BREVETS<\/span><\/a><\/li>\n\t<li id=\"menu-item-7943\" class=\"menu-item menu-item-type-post_type menu-item-object-page menu-item-7943 item-level-1\"><a href=\"https:\/\/www.alfapatent-stanadvoka.com\/fr\/poursuite-des-demandes-de-brevets-europeens\/\" class=\"woodmart-nav-link\"><span class=\"nav-link-text\">POURSUITE DES DEMANDES DE BREVETS EUROP\u00c9ENS<\/span><\/a><\/li>\n\t<li id=\"menu-item-7944\" class=\"menu-item menu-item-type-post_type menu-item-object-page menu-item-7944 item-level-1\"><a href=\"https:\/\/www.alfapatent-stanadvoka.com\/fr\/observations-des-tiers\/\" class=\"woodmart-nav-link\"><span class=\"nav-link-text\">OBSERVATIONS DES TIERS<\/span><\/a><\/li>\n\t<li id=\"menu-item-7945\" class=\"menu-item menu-item-type-post_type menu-item-object-page menu-item-7945 item-level-1\"><a href=\"https:\/\/www.alfapatent-stanadvoka.com\/fr\/protection-provisoire\/\" class=\"woodmart-nav-link\"><span class=\"nav-link-text\">PROTECTION PROVISOIRE<\/span><\/a><\/li>\n\t<li id=\"menu-item-7946\" class=\"menu-item menu-item-type-post_type menu-item-object-page menu-item-7946 item-level-1\"><a href=\"https:\/\/www.alfapatent-stanadvoka.com\/fr\/validation\/\" class=\"woodmart-nav-link\"><span class=\"nav-link-text\">Validation<\/span><\/a><\/li>\n\t<li id=\"menu-item-7947\" class=\"menu-item menu-item-type-post_type menu-item-object-page menu-item-7947 item-level-1\"><a href=\"https:\/\/www.alfapatent-stanadvoka.com\/fr\/opposition-apres-delivrance\/\" class=\"woodmart-nav-link\"><span class=\"nav-link-text\">OPPOSITION APR\u00c8S D\u00c9LIVRANCE<\/span><\/a><\/li>\n<\/ul>\n<\/div>\n<\/div>\n<\/li>\n<li id=\"menu-item-7948\" class=\"menu-item menu-item-type-post_type menu-item-object-page menu-item-has-children menu-item-7948 item-level-0 menu-item-design-default menu-simple-dropdown item-event-hover\"><a href=\"https:\/\/www.alfapatent-stanadvoka.com\/fr\/le-pct-et-le-systeme-de-demande-internationale\/\" class=\"woodmart-nav-link\"><span class=\"nav-link-text\">LE PCT ET LE SYST\u00c8ME DE DEMANDE INTERNATIONALE<\/span><\/a>\n<div class=\"sub-menu-dropdown color-scheme-\">\n\n<div class=\"container\">\n\n<ul class=\"sub-menu color-scheme-\">\n\t<li id=\"menu-item-7949\" class=\"menu-item menu-item-type-post_type menu-item-object-page menu-item-7949 item-level-1\"><a href=\"https:\/\/www.alfapatent-stanadvoka.com\/fr\/concepts-de-base-du-pct\/\" class=\"woodmart-nav-link\"><span class=\"nav-link-text\">CONCEPTS DE BASE DU PCT<\/span><\/a><\/li>\n\t<li id=\"menu-item-7950\" class=\"menu-item menu-item-type-post_type menu-item-object-page menu-item-7950 item-level-1\"><a href=\"https:\/\/www.alfapatent-stanadvoka.com\/fr\/representation\/\" class=\"woodmart-nav-link\"><span class=\"nav-link-text\">REPR\u00c9SENTATION<\/span><\/a><\/li>\n\t<li id=\"menu-item-7951\" class=\"menu-item menu-item-type-post_type menu-item-object-page menu-item-7951 item-level-1\"><a href=\"https:\/\/www.alfapatent-stanadvoka.com\/fr\/observations-des-tiers-selon-pct\/\" class=\"woodmart-nav-link\"><span class=\"nav-link-text\">OBSERVATIONS DES T\u0130ERS SELON PCT<\/span><\/a><\/li>\n\t<li id=\"menu-item-7952\" class=\"menu-item menu-item-type-post_type menu-item-object-page menu-item-7952 item-level-1\"><a href=\"https:\/\/www.alfapatent-stanadvoka.com\/fr\/entrees-en-phase-nationale-des-demandes-internationales\/\" class=\"woodmart-nav-link\"><span class=\"nav-link-text\">ENTR\u00c9ES EN PHASE NATIONALE DES DEMANDES INTERNATIONALES<\/span><\/a><\/li>\n<\/ul>\n<\/div>\n<\/div>\n<\/li>\n<\/ul><\/div>\t\t\t\t<\/div>\n\n\t\t\t\t\t\t\t<\/div>\n\t\t[\/vc_column][vc_column width=\u00a0\u00bb3\/4&Prime;]\n\t\t<div id=\"wd-604799934258e\" class=\"title-wrapper  woodmart-title-color-default woodmart-title-style-underlined woodmart-title-width-100 text-left woodmart-title-size-default \">\n\t\t\t\n\t\t\t<div class=\"liner-continer\">\n\t\t\t\t<span class=\"left-line\"><\/span>\n\t\t\t\t<h4 class=\"woodmart-title-container title  woodmart-font-weight-\" >DOMAINES TECHNIQUES<\/h4>\t\t\t\t\t\t\t\t<span class=\"right-line\"><\/span>\n\t\t\t<\/div>\n\t\t\t\n\t\t\t\n\t\t\t\t\t<\/div>\n\t\t\n\t\t[vc_column_text text_larger=\u00a0\u00bbno\u00a0\u00bb]<\/p>\n<h5>INFORMATION G\u00c9N\u00c9RALE<\/h5>\n<p>Les demandes de brevets dans les domaines d\u2019ing\u00e9nierie \u00e9lectrique et \u00e9lectronique doivent \u00eatre analys\u00e9es minutieusement compte tenue de l\u2019\u00e9tendue de la protection assur\u00e9e par une mixture des caract\u00e9ristiques qui sont li\u00e9es aux composants mat\u00e9riels et\/ou sp\u00e9cifiques \u00e0 l\u2019application.<\/p>\n<p>Les inventions mis en \u0153uvre par ordinateur n\u00e9cessitent en outre une attention particuli\u00e8re \u00e0 la jurisprudence europ\u00e9enne. Dans les domaines des inventions mis en \u0153uvre par ordinateur, la contribution de l\u2019invention \u00e0 l\u2019\u00e9tat de la technique doit pr\u00e9senter un caract\u00e8re technique, par lequel on peut formuler une solution technique \u00e0 un probl\u00e8me technique.<\/p>\n<p>Alfa Patent Stan Advoka fournit des services en Propri\u00e9t\u00e9 Industrielle aux groupes universitaires de recherche en Turquie dans les domaines d\u2019ing\u00e9nierie \u00e9lectrique et \u00e9lectronique, des inventions mis en \u0153uvre par ordinateur, des nouvelles th\u00e9rapies oncologiques \u00e0 titre d\u2019une cat\u00e9gorie d\u2019anticorps monoclonaux, des prot\u00e9ines recombinantes, de th\u00e9rapie g\u00e9nique etc.<\/p>\n<p>D\u2019autre part, le domaine de biotechnologie a constat\u00e9 des am\u00e9liorations rapides au cours de la derni\u00e8re d\u00e9cennie. Les demandeurs se sont focalis\u00e9s \u00e0 la protection du ADN, aux s\u00e9quences de prot\u00e9ines et aux anticorps d\u00e9finis sur une base fonctionnelle. Alfa Patent Stan Advoka fournit des services en Propri\u00e9t\u00e9 Industrielle \u00e0 nos clients pour prot\u00e9ger leurs droits en Propri\u00e9t\u00e9 Industrielle dans les domaines de la chimie et de la biotechnologie.[\/vc_column_text][\/vc_column][\/vc_row][vc_row][vc_column][vc_column_text text_larger=\u00a0\u00bbno\u00a0\u00bb][vc_row full_width=\"stretch_row\" gap=\"35\" css=\".vc_custom_1608557031429{margin-bottom: 0px !important;padding-bottom: 0px !important;background: #727272 url(http:\/\/www.alfapatent-stanadvoka.com\/wp-content\/uploads\/2020\/12\/bg-footer.jpg?id=3208) !important;background-position: center !important;background-repeat: no-repeat !important;background-size: cover !important;}\" mobile_bg_img_hidden=\"no\" tablet_bg_img_hidden=\"no\" woodmart_parallax=\"0\" woodmart_gradient_switch=\"no\" row_reverse_mobile=\"0\" row_reverse_tablet=\"0\" woodmart_disable_overflow=\"0\"][vc_column]\t\t\t<div id=\"carousel-430\" class=\"woodmart-carousel-container info-box-carousel-wrapper  scroll-init woodmart-carousel-spacing-10\" data-owl-carousel data-hide_pagination_control=\"yes\" data-hide_prev_next_buttons=\"no\" data-dragEndSpeed=\"600\" data-desktop=\"4\" data-tablet_landscape=\"4\" data-tablet=\"3\" data-mobile=\"1\">\n\t\t\t\t<div class=\"owl-carousel info-box-carousel  owl-items-lg-4 owl-items-md-4 owl-items-sm-3 owl-items-xs-1\" >\n\t\t\t\t\t\t\t\t<div class=\"info-box-wrapper \">\n\t\t\t\t<div id=\"wd-60489fa1e184d\" class=\" woodmart-info-box text-center box-icon-align-top box-style-shadow color-scheme- woodmart-bg-none box-title-custom with-btn box-btn-static \"  >\n\t\t\t\t\t\t\t\t\t\t\t<div class=\"box-icon-wrapper  box-with-icon box-icon-simple\">\n\t\t\t\t\t\t\t<div class=\"info-box-icon\">\n\n\t\t\t\t\t\t\t\n\t\t\t\t\t\t\t\t\t\t\t\t\t\t\t\t\t<img decoding=\"async\" class=\"info-icon image-1 \" src=\"https:\/\/www.alfapatent-stanadvoka.com\/wp-content\/uploads\/2020\/12\/1-7-300x100.jpg\" width=\"300\" height=\"100\" alt=\"1-7\" title=\"1-7\" loading=\"lazy\" \/>\t\t\t\t\t\t\t\t\t\t\t\t\t\t\t\t\n\t\t\t\t\t\t\t\n\t\t\t\t\t\t\t<\/div>\n\t\t\t\t\t\t<\/div>\n\t\t\t\t\t\t\t\t\t\t<div class=\"info-box-content\">\n\t\t\t\t\t\t<p class=\"info-box-title woodmart-font-weight-500 box-title-style-default font-alt\">CRIT\u00c8RES NATIONAUX DE BREVETABILIT\u00c9<\/p>\t\t\t\t\t\t<div class=\"info-box-inner reset-mb-10\">\n\t\t\t\t\t\t\t\t\t\t\t\t\t<\/div>\n\n\t\t\t\t\t\t<div class=\"info-btn-wrapper\"><div id=\"wd-6a03953910603\" class=\"woodmart-button-wrapper text-center\"><a href=\"http:\/\/www.alfapatent-stanadvoka.com\/fr\/criteres-nationaux-de-brevetabilite\/\" title=\"#sw\" class=\"btn btn-color-primary btn-style-default btn-shape-rectangle btn-size-extra-small\">See More<\/a><\/div><\/div>\t\t\t\t\t\t\n\t\t\t\t\t<\/div>\n\n\t\t\t\t\t<style><\/style>\t\t\t\t<\/div>\n\t\t\t<\/div>\n\t\t\t\t\t<div class=\"info-box-wrapper \">\n\t\t\t\t<div id=\"wd-60489fb808052\" class=\" woodmart-info-box text-center box-icon-align-top box-style-shadow color-scheme- woodmart-bg-none box-title-custom with-btn box-btn-static \"  >\n\t\t\t\t\t\t\t\t\t\t\t<div class=\"box-icon-wrapper  box-with-icon box-icon-simple\">\n\t\t\t\t\t\t\t<div class=\"info-box-icon\">\n\n\t\t\t\t\t\t\t\n\t\t\t\t\t\t\t\t\t\t\t\t\t\t\t\t\t<img decoding=\"async\" class=\"info-icon image-1 \" src=\"https:\/\/www.alfapatent-stanadvoka.com\/wp-content\/uploads\/2020\/12\/1-1-300x100.jpg\" width=\"300\" height=\"100\" alt=\"1-1\" title=\"1-1\" loading=\"lazy\" \/>\t\t\t\t\t\t\t\t\t\t\t\t\t\t\t\t\n\t\t\t\t\t\t\t\n\t\t\t\t\t\t\t<\/div>\n\t\t\t\t\t\t<\/div>\n\t\t\t\t\t\t\t\t\t\t<div class=\"info-box-content\">\n\t\t\t\t\t\t<p class=\"info-box-title woodmart-font-weight-500 box-title-style-default font-alt\">TYPES DE PROTECTION DISPONIBLES POUR LES INVENTIONS<\/p>\t\t\t\t\t\t<div class=\"info-box-inner reset-mb-10\">\n\t\t\t\t\t\t\t\t\t\t\t\t\t<\/div>\n\n\t\t\t\t\t\t<div class=\"info-btn-wrapper\"><div id=\"wd-6a039539110fe\" class=\"woodmart-button-wrapper text-center\"><a href=\"http:\/\/www.alfapatent-stanadvoka.com\/fr\/types-de-protection-disponibles-pour-les-inventions\/\" title=\"#sw\" class=\"btn btn-color-primary btn-style-default btn-shape-rectangle btn-size-extra-small\">See More<\/a><\/div><\/div>\t\t\t\t\t\t\n\t\t\t\t\t<\/div>\n\n\t\t\t\t\t<style><\/style>\t\t\t\t<\/div>\n\t\t\t<\/div>\n\t\t\t\t\t<div class=\"info-box-wrapper \">\n\t\t\t\t<div id=\"wd-60489fcdc3017\" class=\" woodmart-info-box text-center box-icon-align-top box-style-shadow color-scheme- woodmart-bg-none box-title-custom with-btn box-btn-static \"  >\n\t\t\t\t\t\t\t\t\t\t\t<div class=\"box-icon-wrapper  box-with-icon box-icon-simple\">\n\t\t\t\t\t\t\t<div class=\"info-box-icon\">\n\n\t\t\t\t\t\t\t\n\t\t\t\t\t\t\t\t\t\t\t\t\t\t\t\t\t<img decoding=\"async\" class=\"info-icon image-1 \" src=\"https:\/\/www.alfapatent-stanadvoka.com\/wp-content\/uploads\/2020\/12\/1-2-300x100.jpg\" width=\"300\" height=\"100\" alt=\"1-2\" title=\"1-2\" loading=\"lazy\" \/>\t\t\t\t\t\t\t\t\t\t\t\t\t\t\t\t\n\t\t\t\t\t\t\t\n\t\t\t\t\t\t\t<\/div>\n\t\t\t\t\t\t<\/div>\n\t\t\t\t\t\t\t\t\t\t<div class=\"info-box-content\">\n\t\t\t\t\t\t<p class=\"info-box-title woodmart-font-weight-500 box-title-style-default font-alt\">REPR\u00c9SENTATION AUPR\u00c8S DES AUTORIT\u00c9S NATIONALES<\/p>\t\t\t\t\t\t<div class=\"info-box-inner reset-mb-10\">\n\t\t\t\t\t\t\t\t\t\t\t\t\t<\/div>\n\n\t\t\t\t\t\t<div class=\"info-btn-wrapper\"><div id=\"wd-6a03953911bc9\" class=\"woodmart-button-wrapper text-center\"><a href=\"http:\/\/www.alfapatent-stanadvoka.com\/fr\/representation-aupres-des-autorites-nationales\/\" title=\"#sw\" class=\"btn btn-color-primary btn-style-default btn-shape-rectangle btn-size-extra-small\">See More<\/a><\/div><\/div>\t\t\t\t\t\t\n\t\t\t\t\t<\/div>\n\n\t\t\t\t\t<style><\/style>\t\t\t\t<\/div>\n\t\t\t<\/div>\n\t\t\t\t\t<div class=\"info-box-wrapper \">\n\t\t\t\t<div id=\"wd-60489fe961dac\" class=\" woodmart-info-box text-center box-icon-align-top box-style-shadow color-scheme- woodmart-bg-none box-title-custom with-btn box-btn-static \"  >\n\t\t\t\t\t\t\t\t\t\t\t<div class=\"box-icon-wrapper  box-with-icon box-icon-simple\">\n\t\t\t\t\t\t\t<div class=\"info-box-icon\">\n\n\t\t\t\t\t\t\t\n\t\t\t\t\t\t\t\t\t\t\t\t\t\t\t\t\t<img decoding=\"async\" class=\"info-icon image-1 \" src=\"https:\/\/www.alfapatent-stanadvoka.com\/wp-content\/uploads\/2020\/12\/1-9-300x100.jpg\" width=\"300\" height=\"100\" alt=\"1-9\" title=\"1-9\" loading=\"lazy\" \/>\t\t\t\t\t\t\t\t\t\t\t\t\t\t\t\t\n\t\t\t\t\t\t\t\n\t\t\t\t\t\t\t<\/div>\n\t\t\t\t\t\t<\/div>\n\t\t\t\t\t\t\t\t\t\t<div class=\"info-box-content\">\n\t\t\t\t\t\t<p class=\"info-box-title woodmart-font-weight-500 box-title-style-default font-alt\">LA LOI NATIONALE : DOSS\u0130ER DE LA DEMANDE &amp; TRADUCTIONS<\/p>\t\t\t\t\t\t<div class=\"info-box-inner reset-mb-10\">\n\t\t\t\t\t\t\t\t\t\t\t\t\t<\/div>\n\n\t\t\t\t\t\t<div class=\"info-btn-wrapper\"><div id=\"wd-6a039539125e3\" class=\"woodmart-button-wrapper text-center\"><a href=\"http:\/\/www.alfapatent-stanadvoka.com\/fr\/la-loi-nationale-dossier-de-la-demande-traductions\/\" title=\"\" class=\"btn btn-color-primary btn-style-default btn-shape-rectangle btn-size-extra-small\">See More<\/a><\/div><\/div>\t\t\t\t\t\t\n\t\t\t\t\t<\/div>\n\n\t\t\t\t\t<style><\/style>\t\t\t\t<\/div>\n\t\t\t<\/div>\n\t\t\t\t\t<div class=\"info-box-wrapper \">\n\t\t\t\t<div id=\"wd-6048a014e993c\" class=\" woodmart-info-box text-center box-icon-align-top box-style-shadow color-scheme- woodmart-bg-none box-title-custom with-btn box-btn-static \"  >\n\t\t\t\t\t\t\t\t\t\t\t<div class=\"box-icon-wrapper  box-with-icon box-icon-simple\">\n\t\t\t\t\t\t\t<div class=\"info-box-icon\">\n\n\t\t\t\t\t\t\t\n\t\t\t\t\t\t\t\t\t\t\t\t\t\t\t\t\t<img decoding=\"async\" class=\"info-icon image-1 \" src=\"https:\/\/www.alfapatent-stanadvoka.com\/wp-content\/uploads\/2020\/12\/1-10-300x100.jpg\" width=\"300\" height=\"100\" alt=\"1-10\" title=\"1-10\" loading=\"lazy\" \/>\t\t\t\t\t\t\t\t\t\t\t\t\t\t\t\t\n\t\t\t\t\t\t\t\n\t\t\t\t\t\t\t<\/div>\n\t\t\t\t\t\t<\/div>\n\t\t\t\t\t\t\t\t\t\t<div class=\"info-box-content\">\n\t\t\t\t\t\t<p class=\"info-box-title woodmart-font-weight-500 box-title-style-default font-alt\">ACTIONS NATIONALES EN NULLIT\u00c9<\/p>\t\t\t\t\t\t<div class=\"info-box-inner reset-mb-10\">\n\t\t\t\t\t\t\t\t\t\t\t\t\t<\/div>\n\n\t\t\t\t\t\t<div class=\"info-btn-wrapper\"><div id=\"wd-6a03953913139\" class=\"woodmart-button-wrapper text-center\"><a href=\"http:\/\/www.alfapatent-stanadvoka.com\/fr\/actions-nationales-en-nullite\/\" title=\"\" class=\"btn btn-color-primary btn-style-default btn-shape-rectangle btn-size-extra-small\">See More<\/a><\/div><\/div>\t\t\t\t\t\t\n\t\t\t\t\t<\/div>\n\n\t\t\t\t\t<style><\/style>\t\t\t\t<\/div>\n\t\t\t<\/div>\n\t\t\t\t\t<div class=\"info-box-wrapper \">\n\t\t\t\t<div id=\"wd-6048a043e09a0\" class=\" woodmart-info-box text-center box-icon-align-top box-style-shadow color-scheme- woodmart-bg-none box-title-custom with-btn box-btn-static \"  >\n\t\t\t\t\t\t\t\t\t\t\t<div class=\"box-icon-wrapper  box-with-icon box-icon-simple\">\n\t\t\t\t\t\t\t<div class=\"info-box-icon\">\n\n\t\t\t\t\t\t\t\n\t\t\t\t\t\t\t\t\t\t\t\t\t\t\t\t\t<img decoding=\"async\" class=\"info-icon image-1 \" src=\"https:\/\/www.alfapatent-stanadvoka.com\/wp-content\/uploads\/2020\/12\/1-11-300x100.jpg\" width=\"300\" height=\"100\" alt=\"1-11\" title=\"1-11\" loading=\"lazy\" \/>\t\t\t\t\t\t\t\t\t\t\t\t\t\t\t\t\n\t\t\t\t\t\t\t\n\t\t\t\t\t\t\t<\/div>\n\t\t\t\t\t\t<\/div>\n\t\t\t\t\t\t\t\t\t\t<div class=\"info-box-content\">\n\t\t\t\t\t\t<p class=\"info-box-title woodmart-font-weight-500 box-title-style-default font-alt\">ASPECTS PROCEDURAUX ET QUANT AU FOND SECONDAIRES<\/p>\t\t\t\t\t\t<div class=\"info-box-inner reset-mb-10\">\n\t\t\t\t\t\t\t\t\t\t\t\t\t<\/div>\n\n\t\t\t\t\t\t<div class=\"info-btn-wrapper\"><div id=\"wd-6a03953913ced\" class=\"woodmart-button-wrapper text-center\"><a href=\"http:\/\/www.alfapatent-stanadvoka.com\/fr\/aspects-proceduraux-et-quant-au-fond-secondaires\/\" title=\"\" class=\"btn btn-color-primary btn-style-default btn-shape-rectangle btn-size-extra-small\">See More<\/a><\/div><\/div>\t\t\t\t\t\t\n\t\t\t\t\t<\/div>\n\n\t\t\t\t\t<style><\/style>\t\t\t\t<\/div>\n\t\t\t<\/div>\n\t\t\t\t\t\t<\/div>\n\t\t\t<\/div>\n\t\t[\/vc_column][\/vc_row]<style data-type=\"vc_shortcodes-custom-css\">.vc_custom_1608557031429{margin-bottom: 0px !important;padding-bottom: 0px !important;background: #727272 url(http:\/\/www.alfapatent-stanadvoka.com\/wp-content\/uploads\/2020\/12\/bg-footer.jpg?id=3208) !important;background-position: center !important;background-repeat: no-repeat !important;background-size: cover !important;}#wd-60489fa1e184d .info-box-title{font-size:14px;line-height:16px;color:#2b2b2b;}#wd-60489fb808052 .info-box-title{font-size:14px;line-height:16px;color:#2b2b2b;}#wd-60489fcdc3017 .info-box-title{font-size:14px;line-height:16px;color:#2b2b2b;}#wd-60489fe961dac .info-box-title{font-size:14px;line-height:16px;color:#2b2b2b;}#wd-6048a014e993c .info-box-title{font-size:14px;line-height:14px;color:#2b2b2b;}#wd-6048a043e09a0 .info-box-title{font-size:14px;line-height:14px;color:#2b2b2b;}<\/style>[\/vc_column_text][\/vc_column][\/vc_row]<\/p>\n<\/div>","protected":false},"excerpt":{"rendered":"<p>[vc_row][vc_column width=\u00a0\u00bb1\/4&Prime; offset=\u00a0\u00bbvc_hidden-md vc_hidden-sm vc_hidden-xs\u00a0\u00bb mobile_bg_img_hidden=\u00a0\u00bbno\u00a0\u00bb tablet_bg_img_hidden=\u00a0\u00bbno\u00a0\u00bb woodmart_parallax=\u00a0\u00bb0&Prime; woodmart_sticky_column=\u00a0\u00bbfalse\u00a0\u00bb parallax_scroll=\u00a0\u00bbno\u00a0\u00bb mobile_reset_margin=\u00a0\u00bbno\u00a0\u00bb tablet_reset_margin=\u00a0\u00bbno\u00a0\u00bb][\/vc_column][vc_column width=\u00a0\u00bb3\/4&Prime;][vc_column_text text_larger=\u00a0\u00bbno\u00a0\u00bb] INFORMATION G\u00c9N\u00c9RALE Les demandes de brevets<\/p>\n","protected":false},"author":1,"featured_media":0,"parent":0,"menu_order":0,"comment_status":"closed","ping_status":"closed","template":"","meta":{"footnotes":""},"class_list":["post-5318","page","type-page","status-publish","hentry"],"_links":{"self":[{"href":"https:\/\/www.alfapatent-stanadvoka.com\/fr\/wp-json\/wp\/v2\/pages\/5318","targetHints":{"allow":["GET"]}}],"collection":[{"href":"https:\/\/www.alfapatent-stanadvoka.com\/fr\/wp-json\/wp\/v2\/pages"}],"about":[{"href":"https:\/\/www.alfapatent-stanadvoka.com\/fr\/wp-json\/wp\/v2\/types\/page"}],"author":[{"embeddable":true,"href":"https:\/\/www.alfapatent-stanadvoka.com\/fr\/wp-json\/wp\/v2\/users\/1"}],"replies":[{"embeddable":true,"href":"https:\/\/www.alfapatent-stanadvoka.com\/fr\/wp-json\/wp\/v2\/comments?post=5318"}],"version-history":[{"count":2,"href":"https:\/\/www.alfapatent-stanadvoka.com\/fr\/wp-json\/wp\/v2\/pages\/5318\/revisions"}],"predecessor-version":[{"id":5518,"href":"https:\/\/www.alfapatent-stanadvoka.com\/fr\/wp-json\/wp\/v2\/pages\/5318\/revisions\/5518"}],"wp:attachment":[{"href":"https:\/\/www.alfapatent-stanadvoka.com\/fr\/wp-json\/wp\/v2\/media?parent=5318"}],"curies":[{"name":"wp","href":"https:\/\/api.w.org\/{rel}","templated":true}]}}