{"id":5314,"date":"2021-03-09T16:13:23","date_gmt":"2021-03-09T13:13:23","guid":{"rendered":"http:\/\/www.alfapatent-stanadvoka.com\/?page_id=5314"},"modified":"2025-02-11T13:26:05","modified_gmt":"2025-02-11T10:26:05","slug":"departement-de-dessins-et-modeles","status":"publish","type":"page","link":"https:\/\/www.alfapatent-stanadvoka.com\/fr\/departement-de-dessins-et-modeles\/","title":{"rendered":"DEPARTEMENT DE DESSINS ET MOD\u00c8LES"},"content":{"rendered":"<div class=\"wpb-content-wrapper\"><p>[vc_row][vc_column width=\u00a0\u00bb1\/4&Prime; offset=\u00a0\u00bbvc_hidden-md vc_hidden-sm vc_hidden-xs\u00a0\u00bb mobile_bg_img_hidden=\u00a0\u00bbno\u00a0\u00bb tablet_bg_img_hidden=\u00a0\u00bbno\u00a0\u00bb woodmart_parallax=\u00a0\u00bb0&Prime; woodmart_sticky_column=\u00a0\u00bbfalse\u00a0\u00bb parallax_scroll=\u00a0\u00bbno\u00a0\u00bb mobile_reset_margin=\u00a0\u00bbno\u00a0\u00bb tablet_reset_margin=\u00a0\u00bbno\u00a0\u00bb]\n\t\t\t<div id=\"wd-5fe1c996ec227\" class=\"widget_nav_mega_menu shortcode-mega-menu \">\n\n\t\t\t\t\n\t\t\t\t<div class=\"woodmart-navigation vertical-navigation\">\n\t\t\t\t\t<div class=\"menu-1-left-menu-french-container\"><ul id=\"menu-1-left-menu-french\" class=\"menu\"><li id=\"menu-item-7929\" class=\"menu-item menu-item-type-post_type menu-item-object-page menu-item-has-children menu-item-7929 item-level-0 menu-item-design-default menu-simple-dropdown item-event-hover\"><a href=\"https:\/\/www.alfapatent-stanadvoka.com\/fr\/les-brevets-et-les-modeles-dutilite-en-turquie\/\" class=\"woodmart-nav-link\"><span class=\"nav-link-text\">LES BREVETS ET LES MOD\u00c8LES D\u2019UTILIT\u00c9 EN TURQUIE<\/span><\/a>\n<div class=\"sub-menu-dropdown color-scheme-\">\n\n<div class=\"container\">\n\n<ul class=\"sub-menu color-scheme-\">\n\t<li id=\"menu-item-7930\" class=\"menu-item menu-item-type-post_type menu-item-object-page menu-item-7930 item-level-1\"><a href=\"https:\/\/www.alfapatent-stanadvoka.com\/fr\/types-de-protection-disponibles-pour-les-inventions\/\" class=\"woodmart-nav-link\"><span class=\"nav-link-text\">TYPES DE PROTECTION DISPONIBLES POUR LES INVENTIONS<\/span><\/a><\/li>\n\t<li id=\"menu-item-7931\" class=\"menu-item menu-item-type-post_type menu-item-object-page menu-item-7931 item-level-1\"><a href=\"https:\/\/www.alfapatent-stanadvoka.com\/fr\/representation-aupres-des-autorites-nationales\/\" class=\"woodmart-nav-link\"><span class=\"nav-link-text\">REPR\u00c9SENTATION AUPR\u00c8S DES AUTORIT\u00c9S NATIONALES<\/span><\/a><\/li>\n\t<li id=\"menu-item-7932\" class=\"menu-item menu-item-type-post_type menu-item-object-page menu-item-7932 item-level-1\"><a href=\"https:\/\/www.alfapatent-stanadvoka.com\/fr\/poursuites-des-demandes-nationales-turques\/\" class=\"woodmart-nav-link\"><span class=\"nav-link-text\">POURSUITES DES DEMANDES NATIONALES TURQUES<\/span><\/a><\/li>\n\t<li id=\"menu-item-7933\" class=\"menu-item menu-item-type-post_type menu-item-object-page menu-item-7933 item-level-1\"><a href=\"https:\/\/www.alfapatent-stanadvoka.com\/fr\/les-demandes-de-modeles-dutilite\/\" class=\"woodmart-nav-link\"><span class=\"nav-link-text\">LES DEMANDES DE MOD\u00c8LES D\u2019UTILIT\u00c9<\/span><\/a><\/li>\n\t<li id=\"menu-item-7934\" class=\"menu-item menu-item-type-post_type menu-item-object-page menu-item-7934 item-level-1\"><a href=\"https:\/\/www.alfapatent-stanadvoka.com\/fr\/entrees-en-phase-nationale-des-demandes-internationales\/\" class=\"woodmart-nav-link\"><span class=\"nav-link-text\">ENTR\u00c9ES EN PHASE NATIONALE DES DEMANDES INTERNATIONALES<\/span><\/a><\/li>\n\t<li id=\"menu-item-7935\" class=\"menu-item menu-item-type-post_type menu-item-object-page menu-item-7935 item-level-1\"><a href=\"https:\/\/www.alfapatent-stanadvoka.com\/fr\/validation\/\" class=\"woodmart-nav-link\"><span class=\"nav-link-text\">Validation<\/span><\/a><\/li>\n<\/ul>\n<\/div>\n<\/div>\n<\/li>\n<li id=\"menu-item-7936\" class=\"menu-item menu-item-type-post_type menu-item-object-page menu-item-has-children menu-item-7936 item-level-0 menu-item-design-default menu-simple-dropdown item-event-hover\"><a href=\"https:\/\/www.alfapatent-stanadvoka.com\/fr\/normes-juridiques-nationales-aspects-proceduraux-bases-juridiques\/\" class=\"woodmart-nav-link\"><span class=\"nav-link-text\">NORMES JURIDIQUES NATIONALES\/ ASPECTS PROCEDURAUX &#038; BASES JURIDIQUES<\/span><\/a>\n<div class=\"sub-menu-dropdown color-scheme-\">\n\n<div class=\"container\">\n\n<ul class=\"sub-menu color-scheme-\">\n\t<li id=\"menu-item-7937\" class=\"menu-item menu-item-type-post_type menu-item-object-page menu-item-7937 item-level-1\"><a href=\"https:\/\/www.alfapatent-stanadvoka.com\/fr\/criteres-nationaux-de-brevetabilite\/\" class=\"woodmart-nav-link\"><span class=\"nav-link-text\">CRIT\u00c8RES NATIONAUX DE BREVETABILIT\u00c9<\/span><\/a><\/li>\n\t<li id=\"menu-item-7938\" class=\"menu-item menu-item-type-post_type menu-item-object-page menu-item-7938 item-level-1\"><a href=\"https:\/\/www.alfapatent-stanadvoka.com\/fr\/la-loi-nationale-dossier-de-la-demande-traductions\/\" class=\"woodmart-nav-link\"><span class=\"nav-link-text\">LA LOI NATIONALE : DOSSIER DE LA DEMANDE &#038; TRADUCTIONS<\/span><\/a><\/li>\n\t<li id=\"menu-item-7939\" class=\"menu-item menu-item-type-post_type menu-item-object-page menu-item-7939 item-level-1\"><a href=\"https:\/\/www.alfapatent-stanadvoka.com\/fr\/actions-nationales-en-nullite\/\" class=\"woodmart-nav-link\"><span class=\"nav-link-text\">ACTIONS NATIONALES EN NULLIT\u00c9<\/span><\/a><\/li>\n\t<li id=\"menu-item-7940\" class=\"menu-item menu-item-type-post_type menu-item-object-page menu-item-7940 item-level-1\"><a href=\"https:\/\/www.alfapatent-stanadvoka.com\/fr\/aspects-proceduraux-et-quant-au-fond-secondaires\/\" class=\"woodmart-nav-link\"><span class=\"nav-link-text\">ASPECTS PROCEDURAUX ET QUANT AU FOND SECONDAIRES<\/span><\/a><\/li>\n<\/ul>\n<\/div>\n<\/div>\n<\/li>\n<li id=\"menu-item-7941\" class=\"menu-item menu-item-type-post_type menu-item-object-page menu-item-has-children menu-item-7941 item-level-0 menu-item-design-default menu-simple-dropdown item-event-hover\"><a href=\"https:\/\/www.alfapatent-stanadvoka.com\/fr\/systeme-de-brevets-europeen\/\" class=\"woodmart-nav-link\"><span class=\"nav-link-text\">SYST\u00c8ME DE BREVETS EUROP\u00c9EN<\/span><\/a>\n<div class=\"sub-menu-dropdown color-scheme-\">\n\n<div class=\"container\">\n\n<ul class=\"sub-menu color-scheme-\">\n\t<li id=\"menu-item-7942\" class=\"menu-item menu-item-type-post_type menu-item-object-page menu-item-7942 item-level-1\"><a href=\"https:\/\/www.alfapatent-stanadvoka.com\/fr\/representation-aupres-de-loffice-europeen-des-brevets\/\" class=\"woodmart-nav-link\"><span class=\"nav-link-text\">REPR\u00c9SENTATION AUPR\u00c8S DE L\u2019OFFICE EUROP\u00c9EN DES BREVETS<\/span><\/a><\/li>\n\t<li id=\"menu-item-7943\" class=\"menu-item menu-item-type-post_type menu-item-object-page menu-item-7943 item-level-1\"><a href=\"https:\/\/www.alfapatent-stanadvoka.com\/fr\/poursuite-des-demandes-de-brevets-europeens\/\" class=\"woodmart-nav-link\"><span class=\"nav-link-text\">POURSUITE DES DEMANDES DE BREVETS EUROP\u00c9ENS<\/span><\/a><\/li>\n\t<li id=\"menu-item-7944\" class=\"menu-item menu-item-type-post_type menu-item-object-page menu-item-7944 item-level-1\"><a href=\"https:\/\/www.alfapatent-stanadvoka.com\/fr\/observations-des-tiers\/\" class=\"woodmart-nav-link\"><span class=\"nav-link-text\">OBSERVATIONS DES TIERS<\/span><\/a><\/li>\n\t<li id=\"menu-item-7945\" class=\"menu-item menu-item-type-post_type menu-item-object-page menu-item-7945 item-level-1\"><a href=\"https:\/\/www.alfapatent-stanadvoka.com\/fr\/protection-provisoire\/\" class=\"woodmart-nav-link\"><span class=\"nav-link-text\">PROTECTION PROVISOIRE<\/span><\/a><\/li>\n\t<li id=\"menu-item-7946\" class=\"menu-item menu-item-type-post_type menu-item-object-page menu-item-7946 item-level-1\"><a href=\"https:\/\/www.alfapatent-stanadvoka.com\/fr\/validation\/\" class=\"woodmart-nav-link\"><span class=\"nav-link-text\">Validation<\/span><\/a><\/li>\n\t<li id=\"menu-item-7947\" class=\"menu-item menu-item-type-post_type menu-item-object-page menu-item-7947 item-level-1\"><a href=\"https:\/\/www.alfapatent-stanadvoka.com\/fr\/opposition-apres-delivrance\/\" class=\"woodmart-nav-link\"><span class=\"nav-link-text\">OPPOSITION APR\u00c8S D\u00c9LIVRANCE<\/span><\/a><\/li>\n<\/ul>\n<\/div>\n<\/div>\n<\/li>\n<li id=\"menu-item-7948\" class=\"menu-item menu-item-type-post_type menu-item-object-page menu-item-has-children menu-item-7948 item-level-0 menu-item-design-default menu-simple-dropdown item-event-hover\"><a href=\"https:\/\/www.alfapatent-stanadvoka.com\/fr\/le-pct-et-le-systeme-de-demande-internationale\/\" class=\"woodmart-nav-link\"><span class=\"nav-link-text\">LE PCT ET LE SYST\u00c8ME DE DEMANDE INTERNATIONALE<\/span><\/a>\n<div class=\"sub-menu-dropdown color-scheme-\">\n\n<div class=\"container\">\n\n<ul class=\"sub-menu color-scheme-\">\n\t<li id=\"menu-item-7949\" class=\"menu-item menu-item-type-post_type menu-item-object-page menu-item-7949 item-level-1\"><a href=\"https:\/\/www.alfapatent-stanadvoka.com\/fr\/concepts-de-base-du-pct\/\" class=\"woodmart-nav-link\"><span class=\"nav-link-text\">CONCEPTS DE BASE DU PCT<\/span><\/a><\/li>\n\t<li id=\"menu-item-7950\" class=\"menu-item menu-item-type-post_type menu-item-object-page menu-item-7950 item-level-1\"><a href=\"https:\/\/www.alfapatent-stanadvoka.com\/fr\/representation\/\" class=\"woodmart-nav-link\"><span class=\"nav-link-text\">REPR\u00c9SENTATION<\/span><\/a><\/li>\n\t<li id=\"menu-item-7951\" class=\"menu-item menu-item-type-post_type menu-item-object-page menu-item-7951 item-level-1\"><a href=\"https:\/\/www.alfapatent-stanadvoka.com\/fr\/observations-des-tiers-selon-pct\/\" class=\"woodmart-nav-link\"><span class=\"nav-link-text\">OBSERVATIONS DES T\u0130ERS SELON PCT<\/span><\/a><\/li>\n\t<li id=\"menu-item-7952\" class=\"menu-item menu-item-type-post_type menu-item-object-page menu-item-7952 item-level-1\"><a href=\"https:\/\/www.alfapatent-stanadvoka.com\/fr\/entrees-en-phase-nationale-des-demandes-internationales\/\" class=\"woodmart-nav-link\"><span class=\"nav-link-text\">ENTR\u00c9ES EN PHASE NATIONALE DES DEMANDES INTERNATIONALES<\/span><\/a><\/li>\n<\/ul>\n<\/div>\n<\/div>\n<\/li>\n<\/ul><\/div>\t\t\t\t<\/div>\n\n\t\t\t\t\t\t\t<\/div>\n\t\t[\/vc_column][vc_column width=\u00a0\u00bb3\/4&Prime;]\n\t\t<div id=\"wd-60477447952ee\" class=\"title-wrapper  woodmart-title-color-default woodmart-title-style-underlined woodmart-title-width-100 text-left woodmart-title-size-default \">\n\t\t\t\n\t\t\t<div class=\"liner-continer\">\n\t\t\t\t<span class=\"left-line\"><\/span>\n\t\t\t\t<h4 class=\"woodmart-title-container title  woodmart-font-weight-\" >DEPARTEMENT DE DESSINS ET MOD\u00c8LES<\/h4>\t\t\t\t\t\t\t\t<span class=\"right-line\"><\/span>\n\t\t\t<\/div>\n\t\t\t\n\t\t\t\n\t\t\t\t\t<\/div>\n\t\t\n\t\t[vc_column_text text_larger=\u00a0\u00bbno\u00a0\u00bb]<a href=\"https:\/\/www.alfapatent-stanadvoka.com\/wp-content\/uploads\/2025\/02\/diagram-395.svg\"><img loading=\"lazy\" decoding=\"async\" class=\"aligncenter wp-image-9170 size-full\" src=\"https:\/\/www.alfapatent-stanadvoka.com\/wp-content\/uploads\/2025\/02\/diagram-395.svg\" alt=\"\" width=\"1104\" height=\"410\" \/><\/a>[\/vc_column_text][\/vc_column][\/vc_row][vc_row][vc_column][vc_column_text text_larger=\u00a0\u00bbno\u00a0\u00bb][vc_row full_width=\"stretch_row\" gap=\"35\" css=\".vc_custom_1608557031429{margin-bottom: 0px !important;padding-bottom: 0px !important;background: #727272 url(http:\/\/www.alfapatent-stanadvoka.com\/wp-content\/uploads\/2020\/12\/bg-footer.jpg?id=3208) !important;background-position: center !important;background-repeat: no-repeat !important;background-size: cover !important;}\" mobile_bg_img_hidden=\"no\" tablet_bg_img_hidden=\"no\" woodmart_parallax=\"0\" woodmart_gradient_switch=\"no\" row_reverse_mobile=\"0\" row_reverse_tablet=\"0\" woodmart_disable_overflow=\"0\"][vc_column]\t\t\t<div id=\"carousel-312\" class=\"woodmart-carousel-container info-box-carousel-wrapper  scroll-init woodmart-carousel-spacing-10\" data-owl-carousel data-hide_pagination_control=\"yes\" data-hide_prev_next_buttons=\"no\" data-dragEndSpeed=\"600\" data-desktop=\"4\" data-tablet_landscape=\"4\" data-tablet=\"3\" data-mobile=\"1\">\n\t\t\t\t<div class=\"owl-carousel info-box-carousel  owl-items-lg-4 owl-items-md-4 owl-items-sm-3 owl-items-xs-1\" >\n\t\t\t\t\t\t\t\t<div class=\"info-box-wrapper \">\n\t\t\t\t<div id=\"wd-60489fa1e184d\" class=\" woodmart-info-box text-center box-icon-align-top box-style-shadow color-scheme- woodmart-bg-none box-title-custom with-btn box-btn-static \"  >\n\t\t\t\t\t\t\t\t\t\t\t<div class=\"box-icon-wrapper  box-with-icon box-icon-simple\">\n\t\t\t\t\t\t\t<div class=\"info-box-icon\">\n\n\t\t\t\t\t\t\t\n\t\t\t\t\t\t\t\t\t\t\t\t\t\t\t\t\t<img decoding=\"async\" class=\"info-icon image-1 \" src=\"https:\/\/www.alfapatent-stanadvoka.com\/wp-content\/uploads\/2020\/12\/1-7-300x100.jpg\" width=\"300\" height=\"100\" alt=\"1-7\" title=\"1-7\" loading=\"lazy\" \/>\t\t\t\t\t\t\t\t\t\t\t\t\t\t\t\t\n\t\t\t\t\t\t\t\n\t\t\t\t\t\t\t<\/div>\n\t\t\t\t\t\t<\/div>\n\t\t\t\t\t\t\t\t\t\t<div class=\"info-box-content\">\n\t\t\t\t\t\t<p class=\"info-box-title woodmart-font-weight-500 box-title-style-default font-alt\">CRIT\u00c8RES NATIONAUX DE BREVETABILIT\u00c9<\/p>\t\t\t\t\t\t<div class=\"info-box-inner reset-mb-10\">\n\t\t\t\t\t\t\t\t\t\t\t\t\t<\/div>\n\n\t\t\t\t\t\t<div class=\"info-btn-wrapper\"><div id=\"wd-69d7748467016\" class=\"woodmart-button-wrapper text-center\"><a href=\"http:\/\/www.alfapatent-stanadvoka.com\/fr\/criteres-nationaux-de-brevetabilite\/\" title=\"#sw\" class=\"btn btn-color-primary btn-style-default btn-shape-rectangle btn-size-extra-small\">See More<\/a><\/div><\/div>\t\t\t\t\t\t\n\t\t\t\t\t<\/div>\n\n\t\t\t\t\t<style><\/style>\t\t\t\t<\/div>\n\t\t\t<\/div>\n\t\t\t\t\t<div class=\"info-box-wrapper \">\n\t\t\t\t<div id=\"wd-60489fb808052\" class=\" woodmart-info-box text-center box-icon-align-top box-style-shadow color-scheme- woodmart-bg-none box-title-custom with-btn box-btn-static \"  >\n\t\t\t\t\t\t\t\t\t\t\t<div class=\"box-icon-wrapper  box-with-icon box-icon-simple\">\n\t\t\t\t\t\t\t<div class=\"info-box-icon\">\n\n\t\t\t\t\t\t\t\n\t\t\t\t\t\t\t\t\t\t\t\t\t\t\t\t\t<img decoding=\"async\" class=\"info-icon image-1 \" src=\"https:\/\/www.alfapatent-stanadvoka.com\/wp-content\/uploads\/2020\/12\/1-1-300x100.jpg\" width=\"300\" height=\"100\" alt=\"1-1\" title=\"1-1\" loading=\"lazy\" \/>\t\t\t\t\t\t\t\t\t\t\t\t\t\t\t\t\n\t\t\t\t\t\t\t\n\t\t\t\t\t\t\t<\/div>\n\t\t\t\t\t\t<\/div>\n\t\t\t\t\t\t\t\t\t\t<div class=\"info-box-content\">\n\t\t\t\t\t\t<p class=\"info-box-title woodmart-font-weight-500 box-title-style-default font-alt\">TYPES DE PROTECTION DISPONIBLES POUR LES INVENTIONS<\/p>\t\t\t\t\t\t<div class=\"info-box-inner reset-mb-10\">\n\t\t\t\t\t\t\t\t\t\t\t\t\t<\/div>\n\n\t\t\t\t\t\t<div class=\"info-btn-wrapper\"><div id=\"wd-69d7748467b03\" class=\"woodmart-button-wrapper text-center\"><a href=\"http:\/\/www.alfapatent-stanadvoka.com\/fr\/types-de-protection-disponibles-pour-les-inventions\/\" title=\"#sw\" class=\"btn btn-color-primary btn-style-default btn-shape-rectangle btn-size-extra-small\">See More<\/a><\/div><\/div>\t\t\t\t\t\t\n\t\t\t\t\t<\/div>\n\n\t\t\t\t\t<style><\/style>\t\t\t\t<\/div>\n\t\t\t<\/div>\n\t\t\t\t\t<div class=\"info-box-wrapper \">\n\t\t\t\t<div id=\"wd-60489fcdc3017\" class=\" woodmart-info-box text-center box-icon-align-top box-style-shadow color-scheme- woodmart-bg-none box-title-custom with-btn box-btn-static \"  >\n\t\t\t\t\t\t\t\t\t\t\t<div class=\"box-icon-wrapper  box-with-icon box-icon-simple\">\n\t\t\t\t\t\t\t<div class=\"info-box-icon\">\n\n\t\t\t\t\t\t\t\n\t\t\t\t\t\t\t\t\t\t\t\t\t\t\t\t\t<img decoding=\"async\" class=\"info-icon image-1 \" src=\"https:\/\/www.alfapatent-stanadvoka.com\/wp-content\/uploads\/2020\/12\/1-2-300x100.jpg\" width=\"300\" height=\"100\" alt=\"1-2\" title=\"1-2\" loading=\"lazy\" \/>\t\t\t\t\t\t\t\t\t\t\t\t\t\t\t\t\n\t\t\t\t\t\t\t\n\t\t\t\t\t\t\t<\/div>\n\t\t\t\t\t\t<\/div>\n\t\t\t\t\t\t\t\t\t\t<div class=\"info-box-content\">\n\t\t\t\t\t\t<p class=\"info-box-title woodmart-font-weight-500 box-title-style-default font-alt\">REPR\u00c9SENTATION AUPR\u00c8S DES AUTORIT\u00c9S NATIONALES<\/p>\t\t\t\t\t\t<div class=\"info-box-inner reset-mb-10\">\n\t\t\t\t\t\t\t\t\t\t\t\t\t<\/div>\n\n\t\t\t\t\t\t<div class=\"info-btn-wrapper\"><div id=\"wd-69d7748468620\" class=\"woodmart-button-wrapper text-center\"><a href=\"http:\/\/www.alfapatent-stanadvoka.com\/fr\/representation-aupres-des-autorites-nationales\/\" title=\"#sw\" class=\"btn btn-color-primary btn-style-default btn-shape-rectangle btn-size-extra-small\">See More<\/a><\/div><\/div>\t\t\t\t\t\t\n\t\t\t\t\t<\/div>\n\n\t\t\t\t\t<style><\/style>\t\t\t\t<\/div>\n\t\t\t<\/div>\n\t\t\t\t\t<div class=\"info-box-wrapper \">\n\t\t\t\t<div id=\"wd-60489fe961dac\" class=\" woodmart-info-box text-center box-icon-align-top box-style-shadow color-scheme- woodmart-bg-none box-title-custom with-btn box-btn-static \"  >\n\t\t\t\t\t\t\t\t\t\t\t<div class=\"box-icon-wrapper  box-with-icon box-icon-simple\">\n\t\t\t\t\t\t\t<div class=\"info-box-icon\">\n\n\t\t\t\t\t\t\t\n\t\t\t\t\t\t\t\t\t\t\t\t\t\t\t\t\t<img decoding=\"async\" class=\"info-icon image-1 \" src=\"https:\/\/www.alfapatent-stanadvoka.com\/wp-content\/uploads\/2020\/12\/1-9-300x100.jpg\" width=\"300\" height=\"100\" alt=\"1-9\" title=\"1-9\" loading=\"lazy\" \/>\t\t\t\t\t\t\t\t\t\t\t\t\t\t\t\t\n\t\t\t\t\t\t\t\n\t\t\t\t\t\t\t<\/div>\n\t\t\t\t\t\t<\/div>\n\t\t\t\t\t\t\t\t\t\t<div class=\"info-box-content\">\n\t\t\t\t\t\t<p class=\"info-box-title woodmart-font-weight-500 box-title-style-default font-alt\">LA LOI NATIONALE : DOSS\u0130ER DE LA DEMANDE &amp; TRADUCTIONS<\/p>\t\t\t\t\t\t<div class=\"info-box-inner reset-mb-10\">\n\t\t\t\t\t\t\t\t\t\t\t\t\t<\/div>\n\n\t\t\t\t\t\t<div class=\"info-btn-wrapper\"><div id=\"wd-69d77484692e4\" class=\"woodmart-button-wrapper text-center\"><a href=\"http:\/\/www.alfapatent-stanadvoka.com\/fr\/la-loi-nationale-dossier-de-la-demande-traductions\/\" title=\"\" class=\"btn btn-color-primary btn-style-default btn-shape-rectangle btn-size-extra-small\">See More<\/a><\/div><\/div>\t\t\t\t\t\t\n\t\t\t\t\t<\/div>\n\n\t\t\t\t\t<style><\/style>\t\t\t\t<\/div>\n\t\t\t<\/div>\n\t\t\t\t\t<div class=\"info-box-wrapper \">\n\t\t\t\t<div id=\"wd-6048a014e993c\" class=\" woodmart-info-box text-center box-icon-align-top box-style-shadow color-scheme- woodmart-bg-none box-title-custom with-btn box-btn-static \"  >\n\t\t\t\t\t\t\t\t\t\t\t<div class=\"box-icon-wrapper  box-with-icon box-icon-simple\">\n\t\t\t\t\t\t\t<div class=\"info-box-icon\">\n\n\t\t\t\t\t\t\t\n\t\t\t\t\t\t\t\t\t\t\t\t\t\t\t\t\t<img decoding=\"async\" class=\"info-icon image-1 \" src=\"https:\/\/www.alfapatent-stanadvoka.com\/wp-content\/uploads\/2020\/12\/1-10-300x100.jpg\" width=\"300\" height=\"100\" alt=\"1-10\" title=\"1-10\" loading=\"lazy\" \/>\t\t\t\t\t\t\t\t\t\t\t\t\t\t\t\t\n\t\t\t\t\t\t\t\n\t\t\t\t\t\t\t<\/div>\n\t\t\t\t\t\t<\/div>\n\t\t\t\t\t\t\t\t\t\t<div class=\"info-box-content\">\n\t\t\t\t\t\t<p class=\"info-box-title woodmart-font-weight-500 box-title-style-default font-alt\">ACTIONS NATIONALES EN NULLIT\u00c9<\/p>\t\t\t\t\t\t<div class=\"info-box-inner reset-mb-10\">\n\t\t\t\t\t\t\t\t\t\t\t\t\t<\/div>\n\n\t\t\t\t\t\t<div class=\"info-btn-wrapper\"><div id=\"wd-69d774846a123\" class=\"woodmart-button-wrapper text-center\"><a href=\"http:\/\/www.alfapatent-stanadvoka.com\/fr\/actions-nationales-en-nullite\/\" title=\"\" class=\"btn btn-color-primary btn-style-default btn-shape-rectangle btn-size-extra-small\">See More<\/a><\/div><\/div>\t\t\t\t\t\t\n\t\t\t\t\t<\/div>\n\n\t\t\t\t\t<style><\/style>\t\t\t\t<\/div>\n\t\t\t<\/div>\n\t\t\t\t\t<div class=\"info-box-wrapper \">\n\t\t\t\t<div id=\"wd-6048a043e09a0\" class=\" woodmart-info-box text-center box-icon-align-top box-style-shadow color-scheme- woodmart-bg-none box-title-custom with-btn box-btn-static \"  >\n\t\t\t\t\t\t\t\t\t\t\t<div class=\"box-icon-wrapper  box-with-icon box-icon-simple\">\n\t\t\t\t\t\t\t<div class=\"info-box-icon\">\n\n\t\t\t\t\t\t\t\n\t\t\t\t\t\t\t\t\t\t\t\t\t\t\t\t\t<img decoding=\"async\" class=\"info-icon image-1 \" src=\"https:\/\/www.alfapatent-stanadvoka.com\/wp-content\/uploads\/2020\/12\/1-11-300x100.jpg\" width=\"300\" height=\"100\" alt=\"1-11\" title=\"1-11\" loading=\"lazy\" \/>\t\t\t\t\t\t\t\t\t\t\t\t\t\t\t\t\n\t\t\t\t\t\t\t\n\t\t\t\t\t\t\t<\/div>\n\t\t\t\t\t\t<\/div>\n\t\t\t\t\t\t\t\t\t\t<div class=\"info-box-content\">\n\t\t\t\t\t\t<p class=\"info-box-title woodmart-font-weight-500 box-title-style-default font-alt\">ASPECTS PROCEDURAUX ET QUANT AU FOND SECONDAIRES<\/p>\t\t\t\t\t\t<div class=\"info-box-inner reset-mb-10\">\n\t\t\t\t\t\t\t\t\t\t\t\t\t<\/div>\n\n\t\t\t\t\t\t<div class=\"info-btn-wrapper\"><div id=\"wd-69d774846b3fb\" class=\"woodmart-button-wrapper text-center\"><a href=\"http:\/\/www.alfapatent-stanadvoka.com\/fr\/aspects-proceduraux-et-quant-au-fond-secondaires\/\" title=\"\" class=\"btn btn-color-primary btn-style-default btn-shape-rectangle btn-size-extra-small\">See More<\/a><\/div><\/div>\t\t\t\t\t\t\n\t\t\t\t\t<\/div>\n\n\t\t\t\t\t<style><\/style>\t\t\t\t<\/div>\n\t\t\t<\/div>\n\t\t\t\t\t\t<\/div>\n\t\t\t<\/div>\n\t\t[\/vc_column][\/vc_row]<style data-type=\"vc_shortcodes-custom-css\">.vc_custom_1608557031429{margin-bottom: 0px !important;padding-bottom: 0px !important;background: #727272 url(http:\/\/www.alfapatent-stanadvoka.com\/wp-content\/uploads\/2020\/12\/bg-footer.jpg?id=3208) !important;background-position: center !important;background-repeat: no-repeat !important;background-size: cover !important;}#wd-60489fa1e184d .info-box-title{font-size:14px;line-height:16px;color:#2b2b2b;}#wd-60489fb808052 .info-box-title{font-size:14px;line-height:16px;color:#2b2b2b;}#wd-60489fcdc3017 .info-box-title{font-size:14px;line-height:16px;color:#2b2b2b;}#wd-60489fe961dac .info-box-title{font-size:14px;line-height:16px;color:#2b2b2b;}#wd-6048a014e993c .info-box-title{font-size:14px;line-height:14px;color:#2b2b2b;}#wd-6048a043e09a0 .info-box-title{font-size:14px;line-height:14px;color:#2b2b2b;}<\/style>[\/vc_column_text][\/vc_column][\/vc_row]<\/p>\n<\/div>","protected":false},"excerpt":{"rendered":"<p>[vc_row][vc_column width=\u00a0\u00bb1\/4&Prime; offset=\u00a0\u00bbvc_hidden-md vc_hidden-sm vc_hidden-xs\u00a0\u00bb mobile_bg_img_hidden=\u00a0\u00bbno\u00a0\u00bb tablet_bg_img_hidden=\u00a0\u00bbno\u00a0\u00bb woodmart_parallax=\u00a0\u00bb0&Prime; woodmart_sticky_column=\u00a0\u00bbfalse\u00a0\u00bb parallax_scroll=\u00a0\u00bbno\u00a0\u00bb mobile_reset_margin=\u00a0\u00bbno\u00a0\u00bb tablet_reset_margin=\u00a0\u00bbno\u00a0\u00bb][\/vc_column][vc_column width=\u00a0\u00bb3\/4&Prime;][vc_column_text text_larger=\u00a0\u00bbno\u00a0\u00bb][\/vc_column_text][\/vc_column][\/vc_row][vc_row][vc_column][vc_column_text text_larger=\u00a0\u00bbno\u00a0\u00bb][\/vc_column_text][\/vc_column][\/vc_row]<\/p>\n","protected":false},"author":1,"featured_media":0,"parent":0,"menu_order":0,"comment_status":"closed","ping_status":"closed","template":"","meta":{"footnotes":""},"class_list":["post-5314","page","type-page","status-publish","hentry"],"_links":{"self":[{"href":"https:\/\/www.alfapatent-stanadvoka.com\/fr\/wp-json\/wp\/v2\/pages\/5314","targetHints":{"allow":["GET"]}}],"collection":[{"href":"https:\/\/www.alfapatent-stanadvoka.com\/fr\/wp-json\/wp\/v2\/pages"}],"about":[{"href":"https:\/\/www.alfapatent-stanadvoka.com\/fr\/wp-json\/wp\/v2\/types\/page"}],"author":[{"embeddable":true,"href":"https:\/\/www.alfapatent-stanadvoka.com\/fr\/wp-json\/wp\/v2\/users\/1"}],"replies":[{"embeddable":true,"href":"https:\/\/www.alfapatent-stanadvoka.com\/fr\/wp-json\/wp\/v2\/comments?post=5314"}],"version-history":[{"count":5,"href":"https:\/\/www.alfapatent-stanadvoka.com\/fr\/wp-json\/wp\/v2\/pages\/5314\/revisions"}],"predecessor-version":[{"id":9176,"href":"https:\/\/www.alfapatent-stanadvoka.com\/fr\/wp-json\/wp\/v2\/pages\/5314\/revisions\/9176"}],"wp:attachment":[{"href":"https:\/\/www.alfapatent-stanadvoka.com\/fr\/wp-json\/wp\/v2\/media?parent=5314"}],"curies":[{"name":"wp","href":"https:\/\/api.w.org\/{rel}","templated":true}]}}