{"id":5582,"date":"2021-03-10T16:21:08","date_gmt":"2021-03-10T13:21:08","guid":{"rendered":"http:\/\/www.alfapatent-stanadvoka.com\/?page_id=5582"},"modified":"2021-03-11T15:22:32","modified_gmt":"2021-03-11T12:22:32","slug":"selda-arkan","status":"publish","type":"page","link":"https:\/\/www.alfapatent-stanadvoka.com\/es\/selda-arkan\/","title":{"rendered":"Selda Arkan"},"content":{"rendered":"<div class=\"wpb-content-wrapper\"><p>[vc_row][vc_column width=\u00bb1\/4&#8243; offset=\u00bbvc_hidden-md vc_hidden-sm vc_hidden-xs\u00bb mobile_bg_img_hidden=\u00bbno\u00bb tablet_bg_img_hidden=\u00bbno\u00bb woodmart_parallax=\u00bb0&#8243; woodmart_sticky_column=\u00bbfalse\u00bb parallax_scroll=\u00bbno\u00bb mobile_reset_margin=\u00bbno\u00bb tablet_reset_margin=\u00bbno\u00bb]\n\t\t\t<div id=\"wd-5fe1c996ec227\" class=\"widget_nav_mega_menu shortcode-mega-menu \">\n\n\t\t\t\t\n\t\t\t\t<div class=\"woodmart-navigation vertical-navigation\">\n\t\t\t\t\t<div class=\"menu-1-left-menu-ispanyolca-container\"><ul id=\"menu-1-left-menu-ispanyolca\" class=\"menu\"><li id=\"menu-item-5652\" class=\"menu-item menu-item-type-post_type menu-item-object-page menu-item-has-children menu-item-5652 item-level-0 menu-item-design-default menu-simple-dropdown item-event-hover\"><a href=\"https:\/\/www.alfapatent-stanadvoka.com\/es\/modelos-de-patentes-y-utilidades-en-turquia\/\" class=\"woodmart-nav-link\"><span class=\"nav-link-text\">MODELOS DE PATENTES y UTILIDADES en TURQU\u00cdA<\/span><\/a>\n<div class=\"sub-menu-dropdown color-scheme-\">\n\n<div class=\"container\">\n\n<ul class=\"sub-menu color-scheme-\">\n\t<li id=\"menu-item-5653\" class=\"menu-item menu-item-type-post_type menu-item-object-page menu-item-5653 item-level-1\"><a href=\"https:\/\/www.alfapatent-stanadvoka.com\/es\/tipos-de-proteccion-disponibles-para-invenciones\/\" class=\"woodmart-nav-link\"><span class=\"nav-link-text\">TIPOS DE PROTECCI\u00d3N DISPONIBLES PARA INVENCIONES<\/span><\/a><\/li>\n\t<li id=\"menu-item-5654\" class=\"menu-item menu-item-type-post_type menu-item-object-page menu-item-5654 item-level-1\"><a href=\"https:\/\/www.alfapatent-stanadvoka.com\/es\/representacion-ante-la-autoridad-nacional\/\" class=\"woodmart-nav-link\"><span class=\"nav-link-text\">REPRESENTACI\u00d3N ANTE LA AUTORIDAD NACIONAL<\/span><\/a><\/li>\n\t<li id=\"menu-item-5655\" class=\"menu-item menu-item-type-post_type menu-item-object-page menu-item-5655 item-level-1\"><a href=\"https:\/\/www.alfapatent-stanadvoka.com\/es\/procesamiento-de-solicitudes-nacionales-en-turquia\/\" class=\"woodmart-nav-link\"><span class=\"nav-link-text\">PROCESAMIENTO DE SOLICITUDES NACIONALES EN TURQU\u00cdA<\/span><\/a><\/li>\n\t<li id=\"menu-item-5656\" class=\"menu-item menu-item-type-post_type menu-item-object-page menu-item-5656 item-level-1\"><a href=\"https:\/\/www.alfapatent-stanadvoka.com\/es\/solicitud-de-modelo-de-utilidad\/\" class=\"woodmart-nav-link\"><span class=\"nav-link-text\">SOLICITUD DE MODELO DE UTILIDAD<\/span><\/a><\/li>\n\t<li id=\"menu-item-5657\" class=\"menu-item menu-item-type-post_type menu-item-object-page menu-item-5657 item-level-1\"><a href=\"https:\/\/www.alfapatent-stanadvoka.com\/es\/entradas-en-fase-nacional-de-solicitudes-internacionales\/\" class=\"woodmart-nav-link\"><span class=\"nav-link-text\">ENTRADAS EN FASE NACIONAL DE SOLICITUDES INTERNACIONALES<\/span><\/a><\/li>\n\t<li id=\"menu-item-5658\" class=\"menu-item menu-item-type-post_type menu-item-object-page menu-item-5658 item-level-1\"><a href=\"https:\/\/www.alfapatent-stanadvoka.com\/es\/validacion\/\" class=\"woodmart-nav-link\"><span class=\"nav-link-text\">VALIDACI\u00d3N<\/span><\/a><\/li>\n<\/ul>\n<\/div>\n<\/div>\n<\/li>\n<li id=\"menu-item-5659\" class=\"menu-item menu-item-type-post_type menu-item-object-page menu-item-has-children menu-item-5659 item-level-0 menu-item-design-default menu-simple-dropdown item-event-hover\"><a href=\"https:\/\/www.alfapatent-stanadvoka.com\/es\/derecho-nacional-aspectos-sustantivos-procedimentales-y-fundamentos-juridicos\/\" class=\"woodmart-nav-link\"><span class=\"nav-link-text\">DERECHO NACIONAL ASPECTOS SUSTANTIVOS \/ PROCEDIMENTALES Y FUNDAMENTOS JUR\u00cdDICOS<\/span><\/a>\n<div class=\"sub-menu-dropdown color-scheme-\">\n\n<div class=\"container\">\n\n<ul class=\"sub-menu color-scheme-\">\n\t<li id=\"menu-item-5660\" class=\"menu-item menu-item-type-post_type menu-item-object-page menu-item-5660 item-level-1\"><a href=\"https:\/\/www.alfapatent-stanadvoka.com\/es\/criterios-nacionales-de-patentabilidad\/\" class=\"woodmart-nav-link\"><span class=\"nav-link-text\">CRITERIOS NACIONALES DE PATENTABILIDAD<\/span><\/a><\/li>\n\t<li id=\"menu-item-5661\" class=\"menu-item menu-item-type-post_type menu-item-object-page menu-item-5661 item-level-1\"><a href=\"https:\/\/www.alfapatent-stanadvoka.com\/es\/documentos-y-traducciones-de-aplicacion-de-la-ley-nacional\/\" class=\"woodmart-nav-link\"><span class=\"nav-link-text\">DOCUMENTOS Y TRADUCCIONES DE APLICACI\u00d3N DE LA LEY NACIONAL<\/span><\/a><\/li>\n\t<li id=\"menu-item-5662\" class=\"menu-item menu-item-type-post_type menu-item-object-page menu-item-5662 item-level-1\"><a href=\"https:\/\/www.alfapatent-stanadvoka.com\/es\/casos-de-nulidad-nacional\/\" class=\"woodmart-nav-link\"><span class=\"nav-link-text\">CASOS DE NULIDAD NACIONAL<\/span><\/a><\/li>\n\t<li id=\"menu-item-5663\" class=\"menu-item menu-item-type-post_type menu-item-object-page menu-item-5663 item-level-1\"><a href=\"https:\/\/www.alfapatent-stanadvoka.com\/es\/aspectos-cuanto-al-procedimiento-y-cuanto-al-fondo-secundarios\/\" class=\"woodmart-nav-link\"><span class=\"nav-link-text\">ASPECTOS CUANTO AL PROCEDIMIENTO Y CUANTO AL FONDO SECUNDARIOS<\/span><\/a><\/li>\n<\/ul>\n<\/div>\n<\/div>\n<\/li>\n<li id=\"menu-item-5664\" class=\"menu-item menu-item-type-post_type menu-item-object-page menu-item-has-children menu-item-5664 item-level-0 menu-item-design-default menu-simple-dropdown item-event-hover\"><a href=\"https:\/\/www.alfapatent-stanadvoka.com\/es\/sistema-europeo-de-patentes\/\" class=\"woodmart-nav-link\"><span class=\"nav-link-text\">SISTEMA EUROPEO DE PATENTES<\/span><\/a>\n<div class=\"sub-menu-dropdown color-scheme-\">\n\n<div class=\"container\">\n\n<ul class=\"sub-menu color-scheme-\">\n\t<li id=\"menu-item-5665\" class=\"menu-item menu-item-type-post_type menu-item-object-page menu-item-5665 item-level-1\"><a href=\"https:\/\/www.alfapatent-stanadvoka.com\/es\/representacion-ante-la-oficina-europea-de-patentes\/\" class=\"woodmart-nav-link\"><span class=\"nav-link-text\">REPRESENTACI\u00d3N ANTE LA OFICINA EUROPEA DE PATENTES<\/span><\/a><\/li>\n\t<li id=\"menu-item-5666\" class=\"menu-item menu-item-type-post_type menu-item-object-page menu-item-5666 item-level-1\"><a href=\"https:\/\/www.alfapatent-stanadvoka.com\/es\/procesamiento-de-solicitudes-de-patente-europeas\/\" class=\"woodmart-nav-link\"><span class=\"nav-link-text\">PROCESAMIENTO DE SOLICITUDES DE PATENTE EUROPEAS<\/span><\/a><\/li>\n\t<li id=\"menu-item-5667\" class=\"menu-item menu-item-type-post_type menu-item-object-page menu-item-5667 item-level-1\"><a href=\"https:\/\/www.alfapatent-stanadvoka.com\/es\/observaciones-de-terceros\/\" class=\"woodmart-nav-link\"><span class=\"nav-link-text\">OBSERVACIONES DE TERCEROS<\/span><\/a><\/li>\n\t<li id=\"menu-item-5668\" class=\"menu-item menu-item-type-post_type menu-item-object-page menu-item-5668 item-level-1\"><a href=\"https:\/\/www.alfapatent-stanadvoka.com\/es\/proteccion-provisional\/\" class=\"woodmart-nav-link\"><span class=\"nav-link-text\">PROTECCI\u00d3N PROVISIONAL<\/span><\/a><\/li>\n\t<li id=\"menu-item-5669\" class=\"menu-item menu-item-type-post_type menu-item-object-page menu-item-5669 item-level-1\"><a href=\"https:\/\/www.alfapatent-stanadvoka.com\/es\/validacion\/\" class=\"woodmart-nav-link\"><span class=\"nav-link-text\">VALIDACI\u00d3N<\/span><\/a><\/li>\n\t<li id=\"menu-item-5670\" class=\"menu-item menu-item-type-post_type menu-item-object-page menu-item-5670 item-level-1\"><a href=\"https:\/\/www.alfapatent-stanadvoka.com\/es\/oposicion-posterior\/\" class=\"woodmart-nav-link\"><span class=\"nav-link-text\">OPOSICI\u00d3N POSTERIOR<\/span><\/a><\/li>\n<\/ul>\n<\/div>\n<\/div>\n<\/li>\n<li id=\"menu-item-5676\" class=\"menu-item menu-item-type-post_type menu-item-object-page menu-item-has-children menu-item-5676 item-level-0 menu-item-design-default menu-simple-dropdown item-event-hover\"><a href=\"https:\/\/www.alfapatent-stanadvoka.com\/es\/pct-y-sistema-de-solicitud-internacional\/\" class=\"woodmart-nav-link\"><span class=\"nav-link-text\">PCT y SISTEMA DE SOLICITUD INTERNACIONAL<\/span><\/a>\n<div class=\"sub-menu-dropdown color-scheme-\">\n\n<div class=\"container\">\n\n<ul class=\"sub-menu color-scheme-\">\n\t<li id=\"menu-item-5677\" class=\"menu-item menu-item-type-post_type menu-item-object-page menu-item-5677 item-level-1\"><a href=\"https:\/\/www.alfapatent-stanadvoka.com\/es\/conceptos-basicos-del-pct\/\" class=\"woodmart-nav-link\"><span class=\"nav-link-text\">CONCEPTOS B\u00c1SICOS DEL PCT<\/span><\/a><\/li>\n\t<li id=\"menu-item-5678\" class=\"menu-item menu-item-type-post_type menu-item-object-page menu-item-5678 item-level-1\"><a href=\"https:\/\/www.alfapatent-stanadvoka.com\/es\/representacion\/\" class=\"woodmart-nav-link\"><span class=\"nav-link-text\">REPRESENTACI\u00d3N<\/span><\/a><\/li>\n\t<li id=\"menu-item-5679\" class=\"menu-item menu-item-type-post_type menu-item-object-page menu-item-5679 item-level-1\"><a href=\"https:\/\/www.alfapatent-stanadvoka.com\/es\/observaciones-de-terceros-bajo-el-pct\/\" class=\"woodmart-nav-link\"><span class=\"nav-link-text\">OBSERVACIONES DE TERCEROS BAJO EL PCT<\/span><\/a><\/li>\n\t<li id=\"menu-item-5680\" class=\"menu-item menu-item-type-post_type menu-item-object-page menu-item-5680 item-level-1\"><a href=\"https:\/\/www.alfapatent-stanadvoka.com\/es\/entradas-en-fase-nacional-de-solicitudes-internacionales\/\" class=\"woodmart-nav-link\"><span class=\"nav-link-text\">ENTRADAS EN FASE NACIONAL DE SOLICITUDES INTERNACIONALES<\/span><\/a><\/li>\n<\/ul>\n<\/div>\n<\/div>\n<\/li>\n<\/ul><\/div>\t\t\t\t<\/div>\n\n\t\t\t\t\t\t\t<\/div>\n\t\t[\/vc_column][vc_column width=\u00bb3\/4&#8243;]\n\t\t<div id=\"wd-5fe4ae221e2ca\" class=\"title-wrapper  woodmart-title-color-default woodmart-title-style-underlined woodmart-title-width-100 text-left woodmart-title-size-default \">\n\t\t\t\n\t\t\t<div class=\"liner-continer\">\n\t\t\t\t<span class=\"left-line\"><\/span>\n\t\t\t\t<h4 class=\"woodmart-title-container title  woodmart-font-weight-\" >Selda Arkan<\/h4>\t\t\t\t\t\t\t\t<span class=\"right-line\"><\/span>\n\t\t\t<\/div>\n\t\t\t\n\t\t\t\n\t\t\t\t\t<\/div>\n\t\t\n\t\t[vc_column_text text_larger=\u00bbno\u00bb]<\/p>\n<h5>Es la fundadora de ALFA PATENT en 1997.<\/h5>\n<p>Trabaj\u00f3 como agente de patentes en una empresa privada, primero en Bruselas desde 1985 hasta 1992 y luego en Estambul en une otra empresa. En 1997 obtuvo el t\u00edtulo de Agente de Patente Europea como la primera persona antes de la incorporaci\u00f3n de Turqu\u00eda al EPC en 2000 y permaneci\u00f3 como el \u00fanico APE de Turqu\u00eda durante 14 a\u00f1os. Tambi\u00e9n es agente de patentes y marcas registradas ante la Oficina Turca (1996) y posee un certificado de Hatsumei Kyokai otorgado por JPO, JIII y AOTS (1997).<\/p>\n<p>Ella tiene una licenciatura en qu\u00edmica por la Universidad T\u00e9cnica de Oriente Medio (1981) en Ankara y especializaciones de postgrado en degradaci\u00f3n de pol\u00edmeros con el Prof. Geuskens (1981-1983) y en fisicoqu\u00edmica con el Prof. Hurwitz (1983-1985) en la ULB en Bruselas- B\u00e9lgica.<\/p>\n<p>Su pr\u00e1ctica diaria se fundamenta en los litigios, an\u00e1lisis de libertad de funcionamiento, as\u00ed como la preparaci\u00f3n de consejos legales y t\u00e9cnicos, pero tambi\u00e9n algunos trabajos de redacci\u00f3n y enjuiciamiento.<\/p>\n<p>Habla muchos idiomas:<\/p>\n<p>Excelente en turco, ingl\u00e9s, franc\u00e9s, alem\u00e1n y espa\u00f1ol (traductor jurado registrado);<\/p>\n<p>Bueno en italiano, holand\u00e9s y portugu\u00e9s, pero excelente comprensi\u00f3n de textos t\u00e9cnicos;<\/p>\n<p>Un poco japon\u00e9s.<\/p>\n<p>Su papel profesional consta de los siguientes:<\/p>\n<ul>\n<li>Miembro activa de epi (1997-\u2026)<\/li>\n<li>Miembro activa de la Junta Disciplinaria de Apelaci\u00f3n de la OEP (2019-2023);<\/li>\n<li>Miembro activa del consejo del epi (2000-\u2026),<\/li>\n<li>Miembro anterior del comit\u00e9 de nombramientos (2017-2019),<\/li>\n<li>Miembro anterior del Comit\u00e9 de Conducta Profesional de epi (2014-2018),<\/li>\n<li>Miembro anterior del Comit\u00e9 de Cualificaci\u00f3n Profesional de epi (2000-2008),<\/li>\n<li>Miembro anterior de la junta de epi (2000-2017),<\/li>\n<li>Miembro anterior del epi Presidium (2008-2011) como vicepresidente,<\/li>\n<li>Miembro activa de FICPI (1997-\u2026),<\/li>\n<li>Miembro fundador de FICPI Turqu\u00eda (2015-\u2026),<\/li>\n<li>Miembro activa de la junta de FICPI Turqu\u00eda (2017-)<\/li>\n<li>Miembro activa de AIPPI (1997-\u2026),<\/li>\n<li>Miembro fundador de AIPPI-Turqu\u00eda (2008-\u2026),<\/li>\n<li>Miembro activa de la Junta Disciplinaria de la AIPPI-Turqu\u00eda (2008-\u2026),<\/li>\n<li>Miembro activa de VPP (Vereinigung von Fachleuten des gewerblichen Rechtsschutzes),<\/li>\n<li>Miembro activa de la Asamblea Sectorial de Agentes de Patentes y Marcas Registradas de TOBB (Uni\u00f3n de C\u00e1maras y Bolsas de Productos de Turqu\u00eda) desde su fundaci\u00f3n.<\/li>\n<\/ul>\n<p>Sus responsabilidades acad\u00e9micas incluyen:<\/p>\n<p>Coordinador en Estambul-Turqu\u00eda para CEIPI -Centro de Estudios Internacionales de Propriedad Intelectual de la Universidad Robert Schuman en Estrasburgo-Francia, desde 2008<\/p>\n<p><em>Sus casos notables:<\/em><\/p>\n<p>Po los \u00faltimos diez a\u00f1os se ha ocupado principalmente de litigios que requieren conocimientos t\u00e9cnicos complejos, incluidos no solo productos qu\u00edmicos y farmac\u00e9uticos, sino tambi\u00e9n casos mec\u00e1nicos.[\/vc_column_text][\/vc_column][\/vc_row][vc_row][vc_column][vc_column_text text_larger=\u00bbno\u00bb][vc_row full_width=\"stretch_row\" gap=\"35\" css=\".vc_custom_1608557031429{margin-bottom: 0px !important;padding-bottom: 0px !important;background: #727272 url(http:\/\/www.alfapatent-stanadvoka.com\/wp-content\/uploads\/2020\/12\/bg-footer.jpg?id=3208) !important;background-position: center !important;background-repeat: no-repeat !important;background-size: cover !important;}\" mobile_bg_img_hidden=\"no\" tablet_bg_img_hidden=\"no\" woodmart_parallax=\"0\" woodmart_gradient_switch=\"no\" row_reverse_mobile=\"0\" row_reverse_tablet=\"0\" woodmart_disable_overflow=\"0\"][vc_column]\t\t\t<div id=\"carousel-393\" class=\"woodmart-carousel-container info-box-carousel-wrapper  scroll-init woodmart-carousel-spacing-10\" data-owl-carousel data-hide_pagination_control=\"yes\" data-hide_prev_next_buttons=\"no\" data-dragEndSpeed=\"600\" data-desktop=\"4\" data-tablet_landscape=\"4\" data-tablet=\"3\" data-mobile=\"1\">\n\t\t\t\t<div class=\"owl-carousel info-box-carousel  owl-items-lg-4 owl-items-md-4 owl-items-sm-3 owl-items-xs-1\" >\n\t\t\t\t\t\t\t\t<div class=\"info-box-wrapper \">\n\t\t\t\t<div id=\"wd-604a06d8b6e0a\" class=\" woodmart-info-box text-center box-icon-align-top box-style-shadow color-scheme- woodmart-bg-none box-title-custom with-btn box-btn-static \"  >\n\t\t\t\t\t\t\t\t\t\t\t<div class=\"box-icon-wrapper  box-with-icon box-icon-simple\">\n\t\t\t\t\t\t\t<div class=\"info-box-icon\">\n\n\t\t\t\t\t\t\t\n\t\t\t\t\t\t\t\t\t\t\t\t\t\t\t\t\t<img decoding=\"async\" class=\"info-icon image-1 \" src=\"https:\/\/www.alfapatent-stanadvoka.com\/wp-content\/uploads\/2020\/12\/1-7-300x100.jpg\" width=\"300\" height=\"100\" alt=\"1-7\" title=\"1-7\" loading=\"lazy\" \/>\t\t\t\t\t\t\t\t\t\t\t\t\t\t\t\t\n\t\t\t\t\t\t\t\n\t\t\t\t\t\t\t<\/div>\n\t\t\t\t\t\t<\/div>\n\t\t\t\t\t\t\t\t\t\t<div class=\"info-box-content\">\n\t\t\t\t\t\t<p class=\"info-box-title woodmart-font-weight-500 box-title-style-default font-alt\">CRITERIOS NACIONALES DE PATENTABILIDAD<\/p>\t\t\t\t\t\t<div class=\"info-box-inner reset-mb-10\">\n\t\t\t\t\t\t\t\t\t\t\t\t\t<\/div>\n\n\t\t\t\t\t\t<div class=\"info-btn-wrapper\"><div id=\"wd-69f30859d947d\" class=\"woodmart-button-wrapper text-center\"><a href=\"http:\/\/www.alfapatent-stanadvoka.com\/es\/criterios-nacionales-de-patentabilidad\/\" title=\"#sw\" class=\"btn btn-color-primary btn-style-default btn-shape-rectangle btn-size-extra-small\">See More<\/a><\/div><\/div>\t\t\t\t\t\t\n\t\t\t\t\t<\/div>\n\n\t\t\t\t\t<style><\/style>\t\t\t\t<\/div>\n\t\t\t<\/div>\n\t\t\t\t\t<div class=\"info-box-wrapper \">\n\t\t\t\t<div id=\"wd-604a06e8f2208\" class=\" woodmart-info-box text-center box-icon-align-top box-style-shadow color-scheme- woodmart-bg-none box-title-custom with-btn box-btn-static \"  >\n\t\t\t\t\t\t\t\t\t\t\t<div class=\"box-icon-wrapper  box-with-icon box-icon-simple\">\n\t\t\t\t\t\t\t<div class=\"info-box-icon\">\n\n\t\t\t\t\t\t\t\n\t\t\t\t\t\t\t\t\t\t\t\t\t\t\t\t\t<img decoding=\"async\" class=\"info-icon image-1 \" src=\"https:\/\/www.alfapatent-stanadvoka.com\/wp-content\/uploads\/2020\/12\/1-1-300x100.jpg\" width=\"300\" height=\"100\" alt=\"1-1\" title=\"1-1\" loading=\"lazy\" \/>\t\t\t\t\t\t\t\t\t\t\t\t\t\t\t\t\n\t\t\t\t\t\t\t\n\t\t\t\t\t\t\t<\/div>\n\t\t\t\t\t\t<\/div>\n\t\t\t\t\t\t\t\t\t\t<div class=\"info-box-content\">\n\t\t\t\t\t\t<p class=\"info-box-title woodmart-font-weight-500 box-title-style-default font-alt\">TIPOS DE PROTECCI\u00d3N DISPONIBLES PARA INVENCIONES<\/p>\t\t\t\t\t\t<div class=\"info-box-inner reset-mb-10\">\n\t\t\t\t\t\t\t\t\t\t\t\t\t<\/div>\n\n\t\t\t\t\t\t<div class=\"info-btn-wrapper\"><div id=\"wd-69f30859d9efb\" class=\"woodmart-button-wrapper text-center\"><a href=\"http:\/\/www.alfapatent-stanadvoka.com\/es\/tipos-de-proteccion-disponibles-para-invenciones\/\" title=\"\" class=\"btn btn-color-primary btn-style-default btn-shape-rectangle btn-size-extra-small\">See More<\/a><\/div><\/div>\t\t\t\t\t\t\n\t\t\t\t\t<\/div>\n\n\t\t\t\t\t<style><\/style>\t\t\t\t<\/div>\n\t\t\t<\/div>\n\t\t\t\t\t<div class=\"info-box-wrapper \">\n\t\t\t\t<div id=\"wd-604a0732beb78\" class=\" woodmart-info-box text-center box-icon-align-top box-style-shadow color-scheme- woodmart-bg-none box-title-custom with-btn box-btn-static \"  >\n\t\t\t\t\t\t\t\t\t\t\t<div class=\"box-icon-wrapper  box-with-icon box-icon-simple\">\n\t\t\t\t\t\t\t<div class=\"info-box-icon\">\n\n\t\t\t\t\t\t\t\n\t\t\t\t\t\t\t\t\t\t\t\t\t\t\t\t\t<img decoding=\"async\" class=\"info-icon image-1 \" src=\"https:\/\/www.alfapatent-stanadvoka.com\/wp-content\/uploads\/2020\/12\/1-2-300x100.jpg\" width=\"300\" height=\"100\" alt=\"1-2\" title=\"1-2\" loading=\"lazy\" \/>\t\t\t\t\t\t\t\t\t\t\t\t\t\t\t\t\n\t\t\t\t\t\t\t\n\t\t\t\t\t\t\t<\/div>\n\t\t\t\t\t\t<\/div>\n\t\t\t\t\t\t\t\t\t\t<div class=\"info-box-content\">\n\t\t\t\t\t\t<p class=\"info-box-title woodmart-font-weight-500 box-title-style-default font-alt\">REPRESENTACI\u00d3N ANTE LA AUTORIDAD NACIONAL<\/p>\t\t\t\t\t\t<div class=\"info-box-inner reset-mb-10\">\n\t\t\t\t\t\t\t\t\t\t\t\t\t<\/div>\n\n\t\t\t\t\t\t<div class=\"info-btn-wrapper\"><div id=\"wd-69f30859da84d\" class=\"woodmart-button-wrapper text-center\"><a href=\"http:\/\/www.alfapatent-stanadvoka.com\/es\/representacion-ante-la-autoridad-nacional\/\" title=\"\" class=\"btn btn-color-primary btn-style-default btn-shape-rectangle btn-size-extra-small\">See More<\/a><\/div><\/div>\t\t\t\t\t\t\n\t\t\t\t\t<\/div>\n\n\t\t\t\t\t<style><\/style>\t\t\t\t<\/div>\n\t\t\t<\/div>\n\t\t\t\t\t<div class=\"info-box-wrapper \">\n\t\t\t\t<div id=\"wd-604a07511391c\" class=\" woodmart-info-box text-center box-icon-align-top box-style-shadow color-scheme- woodmart-bg-none box-title-custom with-btn box-btn-static \"  >\n\t\t\t\t\t\t\t\t\t\t\t<div class=\"box-icon-wrapper  box-with-icon box-icon-simple\">\n\t\t\t\t\t\t\t<div class=\"info-box-icon\">\n\n\t\t\t\t\t\t\t\n\t\t\t\t\t\t\t\t\t\t\t\t\t\t\t\t\t<img decoding=\"async\" class=\"info-icon image-1 \" src=\"https:\/\/www.alfapatent-stanadvoka.com\/wp-content\/uploads\/2020\/12\/1-9-300x100.jpg\" width=\"300\" height=\"100\" alt=\"1-9\" title=\"1-9\" loading=\"lazy\" \/>\t\t\t\t\t\t\t\t\t\t\t\t\t\t\t\t\n\t\t\t\t\t\t\t\n\t\t\t\t\t\t\t<\/div>\n\t\t\t\t\t\t<\/div>\n\t\t\t\t\t\t\t\t\t\t<div class=\"info-box-content\">\n\t\t\t\t\t\t<p class=\"info-box-title woodmart-font-weight-500 box-title-style-default font-alt\">DOCUMENTOS Y TRADUCCIONES DE APLICACI\u00d3N DE LA LEY NACIONAL<\/p>\t\t\t\t\t\t<div class=\"info-box-inner reset-mb-10\">\n\t\t\t\t\t\t\t\t\t\t\t\t\t<\/div>\n\n\t\t\t\t\t\t<div class=\"info-btn-wrapper\"><div id=\"wd-69f30859db323\" class=\"woodmart-button-wrapper text-center\"><a href=\"http:\/\/www.alfapatent-stanadvoka.com\/es\/documentos-y-traducciones-de-aplicacion-de-la-ley-nacional\/\" title=\"\" class=\"btn btn-color-primary btn-style-default btn-shape-rectangle btn-size-extra-small\">See More<\/a><\/div><\/div>\t\t\t\t\t\t\n\t\t\t\t\t<\/div>\n\n\t\t\t\t\t<style><\/style>\t\t\t\t<\/div>\n\t\t\t<\/div>\n\t\t\t\t\t<div class=\"info-box-wrapper \">\n\t\t\t\t<div id=\"wd-604a078045672\" class=\" woodmart-info-box text-center box-icon-align-top box-style-shadow color-scheme- woodmart-bg-none box-title-custom with-btn box-btn-static \"  >\n\t\t\t\t\t\t\t\t\t\t\t<div class=\"box-icon-wrapper  box-with-icon box-icon-simple\">\n\t\t\t\t\t\t\t<div class=\"info-box-icon\">\n\n\t\t\t\t\t\t\t\n\t\t\t\t\t\t\t\t\t\t\t\t\t\t\t\t\t<img decoding=\"async\" class=\"info-icon image-1 \" src=\"https:\/\/www.alfapatent-stanadvoka.com\/wp-content\/uploads\/2020\/12\/1-10-300x100.jpg\" width=\"300\" height=\"100\" alt=\"1-10\" title=\"1-10\" loading=\"lazy\" \/>\t\t\t\t\t\t\t\t\t\t\t\t\t\t\t\t\n\t\t\t\t\t\t\t\n\t\t\t\t\t\t\t<\/div>\n\t\t\t\t\t\t<\/div>\n\t\t\t\t\t\t\t\t\t\t<div class=\"info-box-content\">\n\t\t\t\t\t\t<p class=\"info-box-title woodmart-font-weight-500 box-title-style-default font-alt\">CASOS DE NULIDAD NACIONAL<\/p>\t\t\t\t\t\t<div class=\"info-box-inner reset-mb-10\">\n\t\t\t\t\t\t\t\t\t\t\t\t\t<\/div>\n\n\t\t\t\t\t\t<div class=\"info-btn-wrapper\"><div id=\"wd-69f30859dbe72\" class=\"woodmart-button-wrapper text-center\"><a href=\"http:\/\/www.alfapatent-stanadvoka.com\/es\/casos-de-nulidad-nacional\/\" title=\"\" class=\"btn btn-color-primary btn-style-default btn-shape-rectangle btn-size-extra-small\">See More<\/a><\/div><\/div>\t\t\t\t\t\t\n\t\t\t\t\t<\/div>\n\n\t\t\t\t\t<style><\/style>\t\t\t\t<\/div>\n\t\t\t<\/div>\n\t\t\t\t\t<div class=\"info-box-wrapper \">\n\t\t\t\t<div id=\"wd-604a07a055cb5\" class=\" woodmart-info-box text-center box-icon-align-top box-style-shadow color-scheme- woodmart-bg-none box-title-custom with-btn box-btn-static \"  >\n\t\t\t\t\t\t\t\t\t\t\t<div class=\"box-icon-wrapper  box-with-icon box-icon-simple\">\n\t\t\t\t\t\t\t<div class=\"info-box-icon\">\n\n\t\t\t\t\t\t\t\n\t\t\t\t\t\t\t\t\t\t\t\t\t\t\t\t\t<img decoding=\"async\" class=\"info-icon image-1 \" src=\"https:\/\/www.alfapatent-stanadvoka.com\/wp-content\/uploads\/2020\/12\/1-11-300x100.jpg\" width=\"300\" height=\"100\" alt=\"1-11\" title=\"1-11\" loading=\"lazy\" \/>\t\t\t\t\t\t\t\t\t\t\t\t\t\t\t\t\n\t\t\t\t\t\t\t\n\t\t\t\t\t\t\t<\/div>\n\t\t\t\t\t\t<\/div>\n\t\t\t\t\t\t\t\t\t\t<div class=\"info-box-content\">\n\t\t\t\t\t\t<p class=\"info-box-title woodmart-font-weight-500 box-title-style-default font-alt\">ASPECTOS CUANTO AL PROCEDIMIENTO Y CUANTO AL FONDO SECUNDARIOS<\/p>\t\t\t\t\t\t<div class=\"info-box-inner reset-mb-10\">\n\t\t\t\t\t\t\t\t\t\t\t\t\t<\/div>\n\n\t\t\t\t\t\t<div class=\"info-btn-wrapper\"><div id=\"wd-69f30859dc862\" class=\"woodmart-button-wrapper text-center\"><a href=\"http:\/\/www.alfapatent-stanadvoka.com\/es\/aspectos-cuanto-al-procedimiento-y-cuanto-al-fondo-secundarios\/\" title=\"\" class=\"btn btn-color-primary btn-style-default btn-shape-rectangle btn-size-extra-small\">See More<\/a><\/div><\/div>\t\t\t\t\t\t\n\t\t\t\t\t<\/div>\n\n\t\t\t\t\t<style><\/style>\t\t\t\t<\/div>\n\t\t\t<\/div>\n\t\t\t\t\t\t<\/div>\n\t\t\t<\/div>\n\t\t[\/vc_column][\/vc_row]<style data-type=\"vc_shortcodes-custom-css\">.vc_custom_1608557031429{margin-bottom: 0px !important;padding-bottom: 0px !important;background: #727272 url(http:\/\/www.alfapatent-stanadvoka.com\/wp-content\/uploads\/2020\/12\/bg-footer.jpg?id=3208) !important;background-position: center !important;background-repeat: no-repeat !important;background-size: cover !important;}#wd-604a06d8b6e0a .info-box-title{font-size:14px;line-height:16px;color:#2b2b2b;}#wd-604a06e8f2208 .info-box-title{font-size:14px;line-height:16px;color:#2b2b2b;}#wd-604a0732beb78 .info-box-title{font-size:14px;line-height:16px;color:#2b2b2b;}#wd-604a07511391c .info-box-title{font-size:14px;line-height:16px;color:#2b2b2b;}#wd-604a078045672 .info-box-title{font-size:14px;line-height:14px;color:#2b2b2b;}#wd-604a07a055cb5 .info-box-title{font-size:14px;line-height:14px;color:#2b2b2b;}<\/style>[\/vc_column_text][\/vc_column][\/vc_row]<\/p>\n<\/div>","protected":false},"excerpt":{"rendered":"<p>[vc_row][vc_column width=\u00bb1\/4&#8243; offset=\u00bbvc_hidden-md vc_hidden-sm vc_hidden-xs\u00bb mobile_bg_img_hidden=\u00bbno\u00bb tablet_bg_img_hidden=\u00bbno\u00bb woodmart_parallax=\u00bb0&#8243; woodmart_sticky_column=\u00bbfalse\u00bb parallax_scroll=\u00bbno\u00bb mobile_reset_margin=\u00bbno\u00bb tablet_reset_margin=\u00bbno\u00bb][\/vc_column][vc_column width=\u00bb3\/4&#8243;][vc_column_text text_larger=\u00bbno\u00bb] Es la fundadora de ALFA PATENT<\/p>\n","protected":false},"author":1,"featured_media":0,"parent":0,"menu_order":0,"comment_status":"closed","ping_status":"closed","template":"","meta":{"footnotes":""},"class_list":["post-5582","page","type-page","status-publish","hentry"],"_links":{"self":[{"href":"https:\/\/www.alfapatent-stanadvoka.com\/es\/wp-json\/wp\/v2\/pages\/5582","targetHints":{"allow":["GET"]}}],"collection":[{"href":"https:\/\/www.alfapatent-stanadvoka.com\/es\/wp-json\/wp\/v2\/pages"}],"about":[{"href":"https:\/\/www.alfapatent-stanadvoka.com\/es\/wp-json\/wp\/v2\/types\/page"}],"author":[{"embeddable":true,"href":"https:\/\/www.alfapatent-stanadvoka.com\/es\/wp-json\/wp\/v2\/users\/1"}],"replies":[{"embeddable":true,"href":"https:\/\/www.alfapatent-stanadvoka.com\/es\/wp-json\/wp\/v2\/comments?post=5582"}],"version-history":[{"count":2,"href":"https:\/\/www.alfapatent-stanadvoka.com\/es\/wp-json\/wp\/v2\/pages\/5582\/revisions"}],"predecessor-version":[{"id":5712,"href":"https:\/\/www.alfapatent-stanadvoka.com\/es\/wp-json\/wp\/v2\/pages\/5582\/revisions\/5712"}],"wp:attachment":[{"href":"https:\/\/www.alfapatent-stanadvoka.com\/es\/wp-json\/wp\/v2\/media?parent=5582"}],"curies":[{"name":"wp","href":"https:\/\/api.w.org\/{rel}","templated":true}]}}