{"id":4801,"date":"2020-12-29T23:17:58","date_gmt":"2020-12-29T20:17:58","guid":{"rendered":"http:\/\/www.alfapatent-stanadvoka.com\/?page_id=4801"},"modified":"2021-01-11T23:23:28","modified_gmt":"2021-01-11T20:23:28","slug":"rechtsfaelle","status":"publish","type":"page","link":"https:\/\/www.alfapatent-stanadvoka.com\/de\/rechtsfaelle\/","title":{"rendered":"RECHTSF\u00c4LLE"},"content":{"rendered":"<div class=\"wpb-content-wrapper\"><p>[vc_row][vc_column width=&#8220;1\/4&#8243; offset=&#8220;vc_hidden-md vc_hidden-sm vc_hidden-xs&#8220; mobile_bg_img_hidden=&#8220;no&#8220; tablet_bg_img_hidden=&#8220;no&#8220; woodmart_parallax=&#8220;0&#8243; woodmart_sticky_column=&#8220;false&#8220; parallax_scroll=&#8220;no&#8220; mobile_reset_margin=&#8220;no&#8220; tablet_reset_margin=&#8220;no&#8220;]\n\t\t\t<div id=\"wd-5fe1c996ec227\" class=\"widget_nav_mega_menu shortcode-mega-menu \">\n\n\t\t\t\t\n\t\t\t\t<div class=\"woodmart-navigation vertical-navigation\">\n\t\t\t\t\t<div class=\"menu-1-left-menu-german-container\"><ul id=\"menu-1-left-menu-german\" class=\"menu\"><li id=\"menu-item-4864\" class=\"menu-item menu-item-type-post_type menu-item-object-page menu-item-has-children menu-item-4864 item-level-0 menu-item-design-default menu-simple-dropdown item-event-hover\"><a href=\"https:\/\/www.alfapatent-stanadvoka.com\/de\/patente-und-gebrauchsmuster-in-der-tuerkei\/\" class=\"woodmart-nav-link\"><span class=\"nav-link-text\">Patente Und Gebrauchsmuster In Der T\u00fcrkei<\/span><\/a>\n<div class=\"sub-menu-dropdown color-scheme-\">\n\n<div class=\"container\">\n\n<ul class=\"sub-menu color-scheme-\">\n\t<li id=\"menu-item-4865\" class=\"menu-item menu-item-type-post_type menu-item-object-page menu-item-4865 item-level-1\"><a href=\"https:\/\/www.alfapatent-stanadvoka.com\/de\/verfuegbare-schutzarten-fuer-erfindungen\/\" class=\"woodmart-nav-link\"><span class=\"nav-link-text\">Verf\u00fcgbare Schutzarten F\u00fcr Erfindungen<\/span><\/a><\/li>\n\t<li id=\"menu-item-4866\" class=\"menu-item menu-item-type-post_type menu-item-object-page menu-item-4866 item-level-1\"><a href=\"https:\/\/www.alfapatent-stanadvoka.com\/de\/vertretung-vor-den-nationalen-behoerden\/\" class=\"woodmart-nav-link\"><span class=\"nav-link-text\">Vertretung Vor Den Nationalen Beh\u00f6rden<\/span><\/a><\/li>\n\t<li id=\"menu-item-4867\" class=\"menu-item menu-item-type-post_type menu-item-object-page menu-item-4867 item-level-1\"><a href=\"https:\/\/www.alfapatent-stanadvoka.com\/de\/verfolgung-von-nationalen-anmeldungen-in-der-tuerkei\/\" class=\"woodmart-nav-link\"><span class=\"nav-link-text\">Verfolgung Von Nationalen Anmeldungen In Der T\u00fcrkei<\/span><\/a><\/li>\n\t<li id=\"menu-item-4868\" class=\"menu-item menu-item-type-post_type menu-item-object-page menu-item-4868 item-level-1\"><a href=\"https:\/\/www.alfapatent-stanadvoka.com\/de\/gebrauchsmuster-anmeldungen\/\" class=\"woodmart-nav-link\"><span class=\"nav-link-text\">Gebrauchsmuster Anmeldungen<\/span><\/a><\/li>\n\t<li id=\"menu-item-4869\" class=\"menu-item menu-item-type-post_type menu-item-object-page menu-item-4869 item-level-1\"><a href=\"https:\/\/www.alfapatent-stanadvoka.com\/de\/eintragung-der-nationalen-phase-von-internationalen-anmeldungen\/\" class=\"woodmart-nav-link\"><span class=\"nav-link-text\">Eintragung Der Nationalen Phase Von Internationalen Anmeldungen<\/span><\/a><\/li>\n\t<li id=\"menu-item-4870\" class=\"menu-item menu-item-type-post_type menu-item-object-page menu-item-4870 item-level-1\"><a href=\"https:\/\/www.alfapatent-stanadvoka.com\/de\/validierung\/\" class=\"woodmart-nav-link\"><span class=\"nav-link-text\">Validierung<\/span><\/a><\/li>\n<\/ul>\n<\/div>\n<\/div>\n<\/li>\n<li id=\"menu-item-4871\" class=\"menu-item menu-item-type-post_type menu-item-object-page menu-item-has-children menu-item-4871 item-level-0 menu-item-design-default menu-simple-dropdown item-event-hover\"><a href=\"https:\/\/www.alfapatent-stanadvoka.com\/de\/nationale-rechtsnormen-und-verfahrenstechnische-aspekte-rechtsgrundlagen\/\" class=\"woodmart-nav-link\"><span class=\"nav-link-text\">Nationale Rechtsnormen Und Verfahrenstechnische Aspekte &#038; Rechtsgrundlagen<\/span><\/a>\n<div class=\"sub-menu-dropdown color-scheme-\">\n\n<div class=\"container\">\n\n<ul class=\"sub-menu color-scheme-\">\n\t<li id=\"menu-item-4872\" class=\"menu-item menu-item-type-post_type menu-item-object-page menu-item-4872 item-level-1\"><a href=\"https:\/\/www.alfapatent-stanadvoka.com\/de\/nationale-kriterien-fuer-die-patentfaehigkeit\/\" class=\"woodmart-nav-link\"><span class=\"nav-link-text\">Nationale Kriterien F\u00fcr Die Patentf\u00e4higkeit<\/span><\/a><\/li>\n\t<li id=\"menu-item-4873\" class=\"menu-item menu-item-type-post_type menu-item-object-page menu-item-4873 item-level-1\"><a href=\"https:\/\/www.alfapatent-stanadvoka.com\/de\/antragsunterlagen-und-uebersetzungen-nach-dem-nationalen-recht\/\" class=\"woodmart-nav-link\"><span class=\"nav-link-text\">Antragsunterlagen Und \u00dcbersetzungen Nach Dem Nationalen Recht<\/span><\/a><\/li>\n\t<li id=\"menu-item-4874\" class=\"menu-item menu-item-type-post_type menu-item-object-page menu-item-4874 item-level-1\"><a href=\"https:\/\/www.alfapatent-stanadvoka.com\/de\/nationale-nichtigkeitsklagen\/\" class=\"woodmart-nav-link\"><span class=\"nav-link-text\">Nationale Nichtigkeitsklagen<\/span><\/a><\/li>\n\t<li id=\"menu-item-4875\" class=\"menu-item menu-item-type-post_type menu-item-object-page menu-item-4875 item-level-1\"><a href=\"https:\/\/www.alfapatent-stanadvoka.com\/de\/sekundaere-rechtsnormen-und-verfahrenstechnische-aspekte\/\" class=\"woodmart-nav-link\"><span class=\"nav-link-text\">Sekund\u00e4re Rechtsnormen Und Verfahrenstechnische Aspekte<\/span><\/a><\/li>\n<\/ul>\n<\/div>\n<\/div>\n<\/li>\n<li id=\"menu-item-4876\" class=\"menu-item menu-item-type-post_type menu-item-object-page menu-item-has-children menu-item-4876 item-level-0 menu-item-design-default menu-simple-dropdown item-event-hover\"><a href=\"https:\/\/www.alfapatent-stanadvoka.com\/de\/europaeisches-patent-system\/\" class=\"woodmart-nav-link\"><span class=\"nav-link-text\">Europ\u00e4isches Patent System<\/span><\/a>\n<div class=\"sub-menu-dropdown color-scheme-\">\n\n<div class=\"container\">\n\n<ul class=\"sub-menu color-scheme-\">\n\t<li id=\"menu-item-4877\" class=\"menu-item menu-item-type-post_type menu-item-object-page menu-item-4877 item-level-1\"><a href=\"https:\/\/www.alfapatent-stanadvoka.com\/de\/vertretung-beim-europaeischen-patentamt\/\" class=\"woodmart-nav-link\"><span class=\"nav-link-text\">Vertretung Beim Europ\u00e4ischen Patentamt<\/span><\/a><\/li>\n\t<li id=\"menu-item-4878\" class=\"menu-item menu-item-type-post_type menu-item-object-page menu-item-4878 item-level-1\"><a href=\"https:\/\/www.alfapatent-stanadvoka.com\/de\/verfolgung-von-europaeischen-patentanmeldungen\/\" class=\"woodmart-nav-link\"><span class=\"nav-link-text\">Verfolgung Von Europ\u00e4ischen Patentanmeldungen<\/span><\/a><\/li>\n\t<li id=\"menu-item-4879\" class=\"menu-item menu-item-type-post_type menu-item-object-page menu-item-4879 item-level-1\"><a href=\"https:\/\/www.alfapatent-stanadvoka.com\/de\/einspruche-von-dritten\/\" class=\"woodmart-nav-link\"><span class=\"nav-link-text\">Einspruche Von Dritten<\/span><\/a><\/li>\n\t<li id=\"menu-item-4880\" class=\"menu-item menu-item-type-post_type menu-item-object-page menu-item-4880 item-level-1\"><a href=\"https:\/\/www.alfapatent-stanadvoka.com\/de\/vorlaeufiger-schutz\/\" class=\"woodmart-nav-link\"><span class=\"nav-link-text\">Vorl\u00e4ufiger Schutz<\/span><\/a><\/li>\n\t<li id=\"menu-item-4881\" class=\"menu-item menu-item-type-post_type menu-item-object-page menu-item-4881 item-level-1\"><a href=\"https:\/\/www.alfapatent-stanadvoka.com\/de\/validierung\/\" class=\"woodmart-nav-link\"><span class=\"nav-link-text\">Validierung<\/span><\/a><\/li>\n\t<li id=\"menu-item-4882\" class=\"menu-item menu-item-type-post_type menu-item-object-page menu-item-4882 item-level-1\"><a href=\"https:\/\/www.alfapatent-stanadvoka.com\/de\/einspruch-nach-erteilung\/\" class=\"woodmart-nav-link\"><span class=\"nav-link-text\">Einspruch Nach Erteilung<\/span><\/a><\/li>\n<\/ul>\n<\/div>\n<\/div>\n<\/li>\n<li id=\"menu-item-4884\" class=\"menu-item menu-item-type-post_type menu-item-object-page menu-item-has-children menu-item-4884 item-level-0 menu-item-design-default menu-simple-dropdown item-event-hover\"><a href=\"https:\/\/www.alfapatent-stanadvoka.com\/de\/pct-und-internationales-anmeldungssystem\/\" class=\"woodmart-nav-link\"><span class=\"nav-link-text\">PCT und Internationales Anmeldungssystem<\/span><\/a>\n<div class=\"sub-menu-dropdown color-scheme-\">\n\n<div class=\"container\">\n\n<ul class=\"sub-menu color-scheme-\">\n\t<li id=\"menu-item-4885\" class=\"menu-item menu-item-type-post_type menu-item-object-page menu-item-4885 item-level-1\"><a href=\"https:\/\/www.alfapatent-stanadvoka.com\/de\/grundkonzepte-nach-pct\/\" class=\"woodmart-nav-link\"><span class=\"nav-link-text\">Grundkonzepte Nach PCT<\/span><\/a><\/li>\n\t<li id=\"menu-item-4886\" class=\"menu-item menu-item-type-post_type menu-item-object-page menu-item-4886 item-level-1\"><a href=\"https:\/\/www.alfapatent-stanadvoka.com\/de\/vertretung\/\" class=\"woodmart-nav-link\"><span class=\"nav-link-text\">Vertretung<\/span><\/a><\/li>\n\t<li id=\"menu-item-4887\" class=\"menu-item menu-item-type-post_type menu-item-object-page menu-item-4887 item-level-1\"><a href=\"https:\/\/www.alfapatent-stanadvoka.com\/de\/einsprueche-von-dritten-unter-pct\/\" class=\"woodmart-nav-link\"><span class=\"nav-link-text\">Einspr\u00fcche Von Dritten Unter PCT<\/span><\/a><\/li>\n\t<li id=\"menu-item-4888\" class=\"menu-item menu-item-type-post_type menu-item-object-page menu-item-4888 item-level-1\"><a href=\"https:\/\/www.alfapatent-stanadvoka.com\/de\/eintragung-der-nationalen-phase-von-internationalen-anmeldungen\/\" class=\"woodmart-nav-link\"><span class=\"nav-link-text\">Eintragung Der Nationalen Phase Von Internationalen Anmeldungen<\/span><\/a><\/li>\n<\/ul>\n<\/div>\n<\/div>\n<\/li>\n<\/ul><\/div>\t\t\t\t<\/div>\n\n\t\t\t\t\t\t\t<\/div>\n\t\t[\/vc_column][vc_column width=&#8220;3\/4&#8243;]\n\t\t<div id=\"wd-5feb8ecd76bfd\" class=\"title-wrapper  woodmart-title-color-default woodmart-title-style-underlined woodmart-title-width-100 text-left woodmart-title-size-default \">\n\t\t\t\n\t\t\t<div class=\"liner-continer\">\n\t\t\t\t<span class=\"left-line\"><\/span>\n\t\t\t\t<h4 class=\"woodmart-title-container title  woodmart-font-weight-\" >RECHTSF\u00c4LLE<\/h4>\t\t\t\t\t\t\t\t<span class=\"right-line\"><\/span>\n\t\t\t<\/div>\n\t\t\t\n\t\t\t\n\t\t\t\t\t<\/div>\n\t\t\n\t\t[vc_column_text text_larger=&#8220;no&#8220;]<\/p>\n<div align=\"justify\">\n<p style=\"text-align: left;\"><strong>PATENTE<\/strong><\/p>\n<p style=\"text-align: left;\">Ein Patent kann teilweise entkr\u00e4ftet werden.<\/p>\n<p style=\"text-align: left;\">Eine Entkr\u00e4ftungsklage kann innerhalb von 5 Jahren nach Beendigung des Patentrechts eingereicht werden.<\/p>\n<p style=\"text-align: left;\">Streitigkeiten in Gerichtsverfahren k\u00f6nnen zu Anspruchsfragen, versp\u00e4teter Vorlage von Tatsachen, Beweismitteln und Argumenten, unberechtigte Begr\u00fcndungen, Beziehungen zwischen einer betroffenen Partei und einer anderen Partei eines bereits abgeschlossenen parallelen Gerichtsverfahrens, Ausnahmen zur Patentverletzung aufgrund experimentellem Gebrauch und mit der Patentrechtstreitigkeit gleichzeitig andauernde Insolvenzverfahren bringen.<\/p>\n<p style=\"text-align: left;\">Gr\u00fcnde f\u00fcr bestimmte Nichtigkeitsf\u00e4lle sind zu den F\u00e4llen identisch die im Art. 100 EPC definiert sind und zus\u00e4tzlich zu den F\u00e4llen an die die Art. 52(2), 53(a) oder 53(b) EPC anwendbar sind.<\/p>\n<p style=\"text-align: left;\">Als Antwort auf eine Verletzungsklage, kann der mutma\u00dfliche Verletzer eine Nichtigkeitsklage einleiten und das Gericht kann die beiden F\u00e4lle zusammenf\u00fcgen.<\/p>\n<p style=\"text-align: left;\">Eigent\u00fcmer haben das Recht gegen mutma\u00dflichen Verletzer eine gerichtliche Klage einzuleiten. Allerdings k\u00f6nnen auch die mutma\u00dflichen Verletzer proaktiv negative Feststellungsklage einleiten. Eine Partei kann zusammen mit der Anforderung das betreffende Patent f\u00fcr nichtig zu erkl\u00e4ren, auch die Feststellung der Nichtverletzung beantragen.<\/p>\n<p style=\"text-align: left;\">Das Vorgehen vor der EPO kann je nach Argumentierung der Parteien die Gerichtsverfahren in der T\u00fcrkei positiv oder negativ beeinflussen. Die rechtlichen Ergebnisse der EPO- Verfahren sind in der T\u00fcrkei rechtlich nur dann bindend wenn eine nationale Validierung des gleichen europ\u00e4ischen Patents hierzulande durchgef\u00fchrt wurde. Es ist anzunehmen, dass ein EPO Widerspruchsverfahren zum Aufschub des nationalen Gerichtsverfahrens f\u00fchren wird.<\/p>\n<p style=\"text-align: left;\">Die Richter sind im Allgemeinen nur juristisch qualifiziert und bestellen deshalb sehr oft eine Gerichtsexpertenkommission. Die Interpretation der Kommission \u00fcber den Fall ist sehr einflussreich. Die endg\u00fcltige Entscheidung des Gerichts ist in den Nichtigkeits- und Verletzungsverfahren meistens mit dem Bericht der Expertenkommission \u00fcbereinstimmend. Die Kommissionen werden im Allgemeinen von technisch und juristisch qualifizierten Mitgliedern gebildet.<\/p>\n<\/div>\n<p>[\/vc_column_text][\/vc_column][\/vc_row][vc_row][vc_column][vc_column_text text_larger=&#8220;no&#8220;]<strong>[vc_row full_width=\"stretch_row\" gap=\"35\" css=\".vc_custom_1608557031429{margin-bottom: 0px !important;padding-bottom: 0px !important;background: #727272 url(http:\/\/www.alfapatent-stanadvoka.com\/wp-content\/uploads\/2020\/12\/bg-footer.jpg?id=3208) !important;background-position: center !important;background-repeat: no-repeat !important;background-size: cover !important;}\" mobile_bg_img_hidden=\"no\" tablet_bg_img_hidden=\"no\" woodmart_parallax=\"0\" woodmart_gradient_switch=\"no\" row_reverse_mobile=\"0\" row_reverse_tablet=\"0\" woodmart_disable_overflow=\"0\"][vc_column]\t\t\t<div id=\"carousel-556\" class=\"woodmart-carousel-container info-box-carousel-wrapper  scroll-init woodmart-carousel-spacing-10\" data-owl-carousel data-hide_pagination_control=\"yes\" data-hide_prev_next_buttons=\"no\" data-dragEndSpeed=\"600\" data-desktop=\"4\" data-tablet_landscape=\"4\" data-tablet=\"3\" data-mobile=\"1\">\n\t\t\t\t<div class=\"owl-carousel info-box-carousel  owl-items-lg-4 owl-items-md-4 owl-items-sm-3 owl-items-xs-1\" >\n\t\t\t\t\t\t\t\t<div class=\"info-box-wrapper \">\n\t\t\t\t<div id=\"wd-5ff3720c50402\" class=\" woodmart-info-box text-center box-icon-align-top box-style-shadow color-scheme- woodmart-bg-none box-title-custom with-btn box-btn-static \"  >\n\t\t\t\t\t\t\t\t\t\t\t<div class=\"box-icon-wrapper  box-with-icon box-icon-simple\">\n\t\t\t\t\t\t\t<div class=\"info-box-icon\">\n\n\t\t\t\t\t\t\t\n\t\t\t\t\t\t\t\t\t\t\t\t\t\t\t\t\t<img decoding=\"async\" class=\"info-icon image-1 \" src=\"https:\/\/www.alfapatent-stanadvoka.com\/wp-content\/uploads\/2020\/12\/1-1-300x100.jpg\" width=\"300\" height=\"100\" alt=\"1-1\" title=\"1-1\" loading=\"lazy\" \/>\t\t\t\t\t\t\t\t\t\t\t\t\t\t\t\t\n\t\t\t\t\t\t\t\n\t\t\t\t\t\t\t<\/div>\n\t\t\t\t\t\t<\/div>\n\t\t\t\t\t\t\t\t\t\t<div class=\"info-box-content\">\n\t\t\t\t\t\t<p class=\"info-box-title woodmart-font-weight-500 box-title-style-default font-alt\">Verf\u00fcgbare Schutzarten F\u00fcr Erfindungen<\/p>\t\t\t\t\t\t<div class=\"info-box-inner reset-mb-10\">\n\t\t\t\t\t\t\t\t\t\t\t\t\t<\/div>\n\n\t\t\t\t\t\t<div class=\"info-btn-wrapper\"><div id=\"wd-6a0399652601c\" class=\"woodmart-button-wrapper text-center\"><a href=\"http:\/\/www.alfapatent-stanadvoka.com\/de\/verfuegbare-schutzarten-fuer-erfindungen\/\" title=\"#sw\" class=\"btn btn-color-primary btn-style-default btn-shape-rectangle btn-size-extra-small\">Mehr sehen<\/a><\/div><\/div>\t\t\t\t\t\t\n\t\t\t\t\t<\/div>\n\n\t\t\t\t\t<style><\/style>\t\t\t\t<\/div>\n\t\t\t<\/div>\n\t\t\t\t\t<div class=\"info-box-wrapper \">\n\t\t\t\t<div id=\"wd-5ff37211d19da\" class=\" woodmart-info-box text-center box-icon-align-top box-style-shadow color-scheme- woodmart-bg-none box-title-custom with-btn box-btn-static \"  >\n\t\t\t\t\t\t\t\t\t\t\t<div class=\"box-icon-wrapper  box-with-icon box-icon-simple\">\n\t\t\t\t\t\t\t<div class=\"info-box-icon\">\n\n\t\t\t\t\t\t\t\n\t\t\t\t\t\t\t\t\t\t\t\t\t\t\t\t\t<img decoding=\"async\" class=\"info-icon image-1 \" src=\"https:\/\/www.alfapatent-stanadvoka.com\/wp-content\/uploads\/2020\/12\/1-2-300x100.jpg\" width=\"300\" height=\"100\" alt=\"1-2\" title=\"1-2\" loading=\"lazy\" \/>\t\t\t\t\t\t\t\t\t\t\t\t\t\t\t\t\n\t\t\t\t\t\t\t\n\t\t\t\t\t\t\t<\/div>\n\t\t\t\t\t\t<\/div>\n\t\t\t\t\t\t\t\t\t\t<div class=\"info-box-content\">\n\t\t\t\t\t\t<p class=\"info-box-title woodmart-font-weight-500 box-title-style-default font-alt\">Vertretung Vor Den Nationalen Beh\u00f6rden<\/p>\t\t\t\t\t\t<div class=\"info-box-inner reset-mb-10\">\n\t\t\t\t\t\t\t\t\t\t\t\t\t<\/div>\n\n\t\t\t\t\t\t<div class=\"info-btn-wrapper\"><div id=\"wd-6a03996526f22\" class=\"woodmart-button-wrapper text-center\"><a href=\"http:\/\/www.alfapatent-stanadvoka.com\/de\/vertretung-vor-den-nationalen-behoerden\/\" title=\"#\" class=\"btn btn-color-primary btn-style-default btn-shape-rectangle btn-size-extra-small\">Mehr sehen<\/a><\/div><\/div>\t\t\t\t\t\t\n\t\t\t\t\t<\/div>\n\n\t\t\t\t\t<style><\/style>\t\t\t\t<\/div>\n\t\t\t<\/div>\n\t\t\t\t\t<div class=\"info-box-wrapper \">\n\t\t\t\t<div id=\"wd-5ff372171e12e\" class=\" woodmart-info-box text-center box-icon-align-top box-style-shadow color-scheme- woodmart-bg-none box-title-custom with-btn box-btn-static \"  >\n\t\t\t\t\t\t\t\t\t\t\t<div class=\"box-icon-wrapper  box-with-icon box-icon-simple\">\n\t\t\t\t\t\t\t<div class=\"info-box-icon\">\n\n\t\t\t\t\t\t\t\n\t\t\t\t\t\t\t\t\t\t\t\t\t\t\t\t\t<img decoding=\"async\" class=\"info-icon image-1 \" src=\"https:\/\/www.alfapatent-stanadvoka.com\/wp-content\/uploads\/2020\/12\/1-3-300x100.jpg\" width=\"300\" height=\"100\" alt=\"1-3\" title=\"1-3\" loading=\"lazy\" \/>\t\t\t\t\t\t\t\t\t\t\t\t\t\t\t\t\n\t\t\t\t\t\t\t\n\t\t\t\t\t\t\t<\/div>\n\t\t\t\t\t\t<\/div>\n\t\t\t\t\t\t\t\t\t\t<div class=\"info-box-content\">\n\t\t\t\t\t\t<p class=\"info-box-title woodmart-font-weight-500 box-title-style-default font-alt\">Verfolgung Von Nationalen Anmeldungen In Der T\u00fcrkei<\/p>\t\t\t\t\t\t<div class=\"info-box-inner reset-mb-10\">\n\t\t\t\t\t\t\t\t\t\t\t\t\t<\/div>\n\n\t\t\t\t\t\t<div class=\"info-btn-wrapper\"><div id=\"wd-6a03996527ea7\" class=\"woodmart-button-wrapper text-center\"><a href=\"http:\/\/www.alfapatent-stanadvoka.com\/de\/verfolgung-von-nationalen-anmeldungen-in-der-tuerkei\/\" title=\"#\" class=\"btn btn-color-primary btn-style-default btn-shape-rectangle btn-size-extra-small\">Mehr sehen<\/a><\/div><\/div>\t\t\t\t\t\t\n\t\t\t\t\t<\/div>\n\n\t\t\t\t\t<style><\/style>\t\t\t\t<\/div>\n\t\t\t<\/div>\n\t\t\t\t\t<div class=\"info-box-wrapper \">\n\t\t\t\t<div id=\"wd-5ff3721bb22ab\" class=\" woodmart-info-box text-center box-icon-align-top box-style-shadow color-scheme- woodmart-bg-none box-title-custom with-btn box-btn-static \"  >\n\t\t\t\t\t\t\t\t\t\t\t<div class=\"box-icon-wrapper  box-with-icon box-icon-simple\">\n\t\t\t\t\t\t\t<div class=\"info-box-icon\">\n\n\t\t\t\t\t\t\t\n\t\t\t\t\t\t\t\t\t\t\t\t\t\t\t\t\t<img decoding=\"async\" class=\"info-icon image-1 \" src=\"https:\/\/www.alfapatent-stanadvoka.com\/wp-content\/uploads\/2020\/12\/1-4-300x100.jpg\" width=\"300\" height=\"100\" alt=\"1-4\" title=\"1-4\" loading=\"lazy\" \/>\t\t\t\t\t\t\t\t\t\t\t\t\t\t\t\t\n\t\t\t\t\t\t\t\n\t\t\t\t\t\t\t<\/div>\n\t\t\t\t\t\t<\/div>\n\t\t\t\t\t\t\t\t\t\t<div class=\"info-box-content\">\n\t\t\t\t\t\t<p class=\"info-box-title woodmart-font-weight-500 box-title-style-default font-alt\">Gebrauchsmuster Anmeldungen<\/p>\t\t\t\t\t\t<div class=\"info-box-inner reset-mb-10\">\n\t\t\t\t\t\t\t\t\t\t\t\t\t<\/div>\n\n\t\t\t\t\t\t<div class=\"info-btn-wrapper\"><div id=\"wd-6a03996528dd6\" class=\"woodmart-button-wrapper text-center\"><a href=\"http:\/\/www.alfapatent-stanadvoka.com\/de\/gebrauchsmuster-anmeldungen\/\" title=\"#\" class=\"btn btn-color-primary btn-style-default btn-shape-rectangle btn-size-extra-small\">Mehr sehen<\/a><\/div><\/div>\t\t\t\t\t\t\n\t\t\t\t\t<\/div>\n\n\t\t\t\t\t<style><\/style>\t\t\t\t<\/div>\n\t\t\t<\/div>\n\t\t\t\t\t\t<\/div>\n\t\t\t<\/div>\n\t\t[\/vc_column][\/vc_row]<style data-type=\"vc_shortcodes-custom-css\">.vc_custom_1608557031429{margin-bottom: 0px !important;padding-bottom: 0px !important;background: #727272 url(http:\/\/www.alfapatent-stanadvoka.com\/wp-content\/uploads\/2020\/12\/bg-footer.jpg?id=3208) !important;background-position: center !important;background-repeat: no-repeat !important;background-size: cover !important;}#wd-5ff3720c50402 .info-box-title{font-size:14px;line-height:16px;color:#2b2b2b;}#wd-5ff37211d19da .info-box-title{font-size:14px;line-height:16px;color:#2b2b2b;}#wd-5ff372171e12e .info-box-title{font-size:14px;line-height:16px;color:#2b2b2b;}#wd-5ff3721bb22ab .info-box-title{font-size:14px;line-height:16px;color:#2b2b2b;}<\/style><\/strong>[\/vc_column_text][\/vc_column][\/vc_row]<\/p>\n<\/div>","protected":false},"excerpt":{"rendered":"<p>[vc_row][vc_column width=&#8220;1\/4&#8243; offset=&#8220;vc_hidden-md vc_hidden-sm vc_hidden-xs&#8220; mobile_bg_img_hidden=&#8220;no&#8220; tablet_bg_img_hidden=&#8220;no&#8220; woodmart_parallax=&#8220;0&#8243; woodmart_sticky_column=&#8220;false&#8220; parallax_scroll=&#8220;no&#8220; mobile_reset_margin=&#8220;no&#8220; tablet_reset_margin=&#8220;no&#8220;][\/vc_column][vc_column width=&#8220;3\/4&#8243;][vc_column_text text_larger=&#8220;no&#8220;] PATENTE Ein Patent kann teilweise entkr\u00e4ftet<\/p>\n","protected":false},"author":1,"featured_media":0,"parent":0,"menu_order":0,"comment_status":"closed","ping_status":"closed","template":"","meta":{"footnotes":""},"class_list":["post-4801","page","type-page","status-publish","hentry"],"_links":{"self":[{"href":"https:\/\/www.alfapatent-stanadvoka.com\/de\/wp-json\/wp\/v2\/pages\/4801","targetHints":{"allow":["GET"]}}],"collection":[{"href":"https:\/\/www.alfapatent-stanadvoka.com\/de\/wp-json\/wp\/v2\/pages"}],"about":[{"href":"https:\/\/www.alfapatent-stanadvoka.com\/de\/wp-json\/wp\/v2\/types\/page"}],"author":[{"embeddable":true,"href":"https:\/\/www.alfapatent-stanadvoka.com\/de\/wp-json\/wp\/v2\/users\/1"}],"replies":[{"embeddable":true,"href":"https:\/\/www.alfapatent-stanadvoka.com\/de\/wp-json\/wp\/v2\/comments?post=4801"}],"version-history":[{"count":2,"href":"https:\/\/www.alfapatent-stanadvoka.com\/de\/wp-json\/wp\/v2\/pages\/4801\/revisions"}],"predecessor-version":[{"id":4994,"href":"https:\/\/www.alfapatent-stanadvoka.com\/de\/wp-json\/wp\/v2\/pages\/4801\/revisions\/4994"}],"wp:attachment":[{"href":"https:\/\/www.alfapatent-stanadvoka.com\/de\/wp-json\/wp\/v2\/media?parent=4801"}],"curies":[{"name":"wp","href":"https:\/\/api.w.org\/{rel}","templated":true}]}}