{"id":4797,"date":"2020-12-29T23:15:41","date_gmt":"2020-12-29T20:15:41","guid":{"rendered":"http:\/\/www.alfapatent-stanadvoka.com\/?page_id=4797"},"modified":"2020-12-29T23:15:41","modified_gmt":"2020-12-29T20:15:41","slug":"selda-arkan","status":"publish","type":"page","link":"https:\/\/www.alfapatent-stanadvoka.com\/de\/selda-arkan\/","title":{"rendered":"Selda Arkan"},"content":{"rendered":"<div class=\"wpb-content-wrapper\"><p>[vc_row][vc_column width=&#8220;1\/4&#8243; offset=&#8220;vc_hidden-md vc_hidden-sm vc_hidden-xs&#8220; mobile_bg_img_hidden=&#8220;no&#8220; tablet_bg_img_hidden=&#8220;no&#8220; woodmart_parallax=&#8220;0&#8243; woodmart_sticky_column=&#8220;false&#8220; parallax_scroll=&#8220;no&#8220; mobile_reset_margin=&#8220;no&#8220; tablet_reset_margin=&#8220;no&#8220;]\n\t\t\t<div id=\"wd-5fe1c996ec227\" class=\"widget_nav_mega_menu shortcode-mega-menu \">\n\n\t\t\t\t\n\t\t\t\t<div class=\"woodmart-navigation vertical-navigation\">\n\t\t\t\t\t<div class=\"menu-1-left-menu-german-container\"><ul id=\"menu-1-left-menu-german\" class=\"menu\"><li id=\"menu-item-4864\" class=\"menu-item menu-item-type-post_type menu-item-object-page menu-item-has-children menu-item-4864 item-level-0 menu-item-design-default menu-simple-dropdown item-event-hover\"><a href=\"https:\/\/www.alfapatent-stanadvoka.com\/de\/patente-und-gebrauchsmuster-in-der-tuerkei\/\" class=\"woodmart-nav-link\"><span class=\"nav-link-text\">Patente Und Gebrauchsmuster In Der T\u00fcrkei<\/span><\/a>\n<div class=\"sub-menu-dropdown color-scheme-\">\n\n<div class=\"container\">\n\n<ul class=\"sub-menu color-scheme-\">\n\t<li id=\"menu-item-4865\" class=\"menu-item menu-item-type-post_type menu-item-object-page menu-item-4865 item-level-1\"><a href=\"https:\/\/www.alfapatent-stanadvoka.com\/de\/verfuegbare-schutzarten-fuer-erfindungen\/\" class=\"woodmart-nav-link\"><span class=\"nav-link-text\">Verf\u00fcgbare Schutzarten F\u00fcr Erfindungen<\/span><\/a><\/li>\n\t<li id=\"menu-item-4866\" class=\"menu-item menu-item-type-post_type menu-item-object-page menu-item-4866 item-level-1\"><a href=\"https:\/\/www.alfapatent-stanadvoka.com\/de\/vertretung-vor-den-nationalen-behoerden\/\" class=\"woodmart-nav-link\"><span class=\"nav-link-text\">Vertretung Vor Den Nationalen Beh\u00f6rden<\/span><\/a><\/li>\n\t<li id=\"menu-item-4867\" class=\"menu-item menu-item-type-post_type menu-item-object-page menu-item-4867 item-level-1\"><a href=\"https:\/\/www.alfapatent-stanadvoka.com\/de\/verfolgung-von-nationalen-anmeldungen-in-der-tuerkei\/\" class=\"woodmart-nav-link\"><span class=\"nav-link-text\">Verfolgung Von Nationalen Anmeldungen In Der T\u00fcrkei<\/span><\/a><\/li>\n\t<li id=\"menu-item-4868\" class=\"menu-item menu-item-type-post_type menu-item-object-page menu-item-4868 item-level-1\"><a href=\"https:\/\/www.alfapatent-stanadvoka.com\/de\/gebrauchsmuster-anmeldungen\/\" class=\"woodmart-nav-link\"><span class=\"nav-link-text\">Gebrauchsmuster Anmeldungen<\/span><\/a><\/li>\n\t<li id=\"menu-item-4869\" class=\"menu-item menu-item-type-post_type menu-item-object-page menu-item-4869 item-level-1\"><a href=\"https:\/\/www.alfapatent-stanadvoka.com\/de\/eintragung-der-nationalen-phase-von-internationalen-anmeldungen\/\" class=\"woodmart-nav-link\"><span class=\"nav-link-text\">Eintragung Der Nationalen Phase Von Internationalen Anmeldungen<\/span><\/a><\/li>\n\t<li id=\"menu-item-4870\" class=\"menu-item menu-item-type-post_type menu-item-object-page menu-item-4870 item-level-1\"><a href=\"https:\/\/www.alfapatent-stanadvoka.com\/de\/validierung\/\" class=\"woodmart-nav-link\"><span class=\"nav-link-text\">Validierung<\/span><\/a><\/li>\n<\/ul>\n<\/div>\n<\/div>\n<\/li>\n<li id=\"menu-item-4871\" class=\"menu-item menu-item-type-post_type menu-item-object-page menu-item-has-children menu-item-4871 item-level-0 menu-item-design-default menu-simple-dropdown item-event-hover\"><a href=\"https:\/\/www.alfapatent-stanadvoka.com\/de\/nationale-rechtsnormen-und-verfahrenstechnische-aspekte-rechtsgrundlagen\/\" class=\"woodmart-nav-link\"><span class=\"nav-link-text\">Nationale Rechtsnormen Und Verfahrenstechnische Aspekte &#038; Rechtsgrundlagen<\/span><\/a>\n<div class=\"sub-menu-dropdown color-scheme-\">\n\n<div class=\"container\">\n\n<ul class=\"sub-menu color-scheme-\">\n\t<li id=\"menu-item-4872\" class=\"menu-item menu-item-type-post_type menu-item-object-page menu-item-4872 item-level-1\"><a href=\"https:\/\/www.alfapatent-stanadvoka.com\/de\/nationale-kriterien-fuer-die-patentfaehigkeit\/\" class=\"woodmart-nav-link\"><span class=\"nav-link-text\">Nationale Kriterien F\u00fcr Die Patentf\u00e4higkeit<\/span><\/a><\/li>\n\t<li id=\"menu-item-4873\" class=\"menu-item menu-item-type-post_type menu-item-object-page menu-item-4873 item-level-1\"><a href=\"https:\/\/www.alfapatent-stanadvoka.com\/de\/antragsunterlagen-und-uebersetzungen-nach-dem-nationalen-recht\/\" class=\"woodmart-nav-link\"><span class=\"nav-link-text\">Antragsunterlagen Und \u00dcbersetzungen Nach Dem Nationalen Recht<\/span><\/a><\/li>\n\t<li id=\"menu-item-4874\" class=\"menu-item menu-item-type-post_type menu-item-object-page menu-item-4874 item-level-1\"><a href=\"https:\/\/www.alfapatent-stanadvoka.com\/de\/nationale-nichtigkeitsklagen\/\" class=\"woodmart-nav-link\"><span class=\"nav-link-text\">Nationale Nichtigkeitsklagen<\/span><\/a><\/li>\n\t<li id=\"menu-item-4875\" class=\"menu-item menu-item-type-post_type menu-item-object-page menu-item-4875 item-level-1\"><a href=\"https:\/\/www.alfapatent-stanadvoka.com\/de\/sekundaere-rechtsnormen-und-verfahrenstechnische-aspekte\/\" class=\"woodmart-nav-link\"><span class=\"nav-link-text\">Sekund\u00e4re Rechtsnormen Und Verfahrenstechnische Aspekte<\/span><\/a><\/li>\n<\/ul>\n<\/div>\n<\/div>\n<\/li>\n<li id=\"menu-item-4876\" class=\"menu-item menu-item-type-post_type menu-item-object-page menu-item-has-children menu-item-4876 item-level-0 menu-item-design-default menu-simple-dropdown item-event-hover\"><a href=\"https:\/\/www.alfapatent-stanadvoka.com\/de\/europaeisches-patent-system\/\" class=\"woodmart-nav-link\"><span class=\"nav-link-text\">Europ\u00e4isches Patent System<\/span><\/a>\n<div class=\"sub-menu-dropdown color-scheme-\">\n\n<div class=\"container\">\n\n<ul class=\"sub-menu color-scheme-\">\n\t<li id=\"menu-item-4877\" class=\"menu-item menu-item-type-post_type menu-item-object-page menu-item-4877 item-level-1\"><a href=\"https:\/\/www.alfapatent-stanadvoka.com\/de\/vertretung-beim-europaeischen-patentamt\/\" class=\"woodmart-nav-link\"><span class=\"nav-link-text\">Vertretung Beim Europ\u00e4ischen Patentamt<\/span><\/a><\/li>\n\t<li id=\"menu-item-4878\" class=\"menu-item menu-item-type-post_type menu-item-object-page menu-item-4878 item-level-1\"><a href=\"https:\/\/www.alfapatent-stanadvoka.com\/de\/verfolgung-von-europaeischen-patentanmeldungen\/\" class=\"woodmart-nav-link\"><span class=\"nav-link-text\">Verfolgung Von Europ\u00e4ischen Patentanmeldungen<\/span><\/a><\/li>\n\t<li id=\"menu-item-4879\" class=\"menu-item menu-item-type-post_type menu-item-object-page menu-item-4879 item-level-1\"><a href=\"https:\/\/www.alfapatent-stanadvoka.com\/de\/einspruche-von-dritten\/\" class=\"woodmart-nav-link\"><span class=\"nav-link-text\">Einspruche Von Dritten<\/span><\/a><\/li>\n\t<li id=\"menu-item-4880\" class=\"menu-item menu-item-type-post_type menu-item-object-page menu-item-4880 item-level-1\"><a href=\"https:\/\/www.alfapatent-stanadvoka.com\/de\/vorlaeufiger-schutz\/\" class=\"woodmart-nav-link\"><span class=\"nav-link-text\">Vorl\u00e4ufiger Schutz<\/span><\/a><\/li>\n\t<li id=\"menu-item-4881\" class=\"menu-item menu-item-type-post_type menu-item-object-page menu-item-4881 item-level-1\"><a href=\"https:\/\/www.alfapatent-stanadvoka.com\/de\/validierung\/\" class=\"woodmart-nav-link\"><span class=\"nav-link-text\">Validierung<\/span><\/a><\/li>\n\t<li id=\"menu-item-4882\" class=\"menu-item menu-item-type-post_type menu-item-object-page menu-item-4882 item-level-1\"><a href=\"https:\/\/www.alfapatent-stanadvoka.com\/de\/einspruch-nach-erteilung\/\" class=\"woodmart-nav-link\"><span class=\"nav-link-text\">Einspruch Nach Erteilung<\/span><\/a><\/li>\n<\/ul>\n<\/div>\n<\/div>\n<\/li>\n<li id=\"menu-item-4884\" class=\"menu-item menu-item-type-post_type menu-item-object-page menu-item-has-children menu-item-4884 item-level-0 menu-item-design-default menu-simple-dropdown item-event-hover\"><a href=\"https:\/\/www.alfapatent-stanadvoka.com\/de\/pct-und-internationales-anmeldungssystem\/\" class=\"woodmart-nav-link\"><span class=\"nav-link-text\">PCT und Internationales Anmeldungssystem<\/span><\/a>\n<div class=\"sub-menu-dropdown color-scheme-\">\n\n<div class=\"container\">\n\n<ul class=\"sub-menu color-scheme-\">\n\t<li id=\"menu-item-4885\" class=\"menu-item menu-item-type-post_type menu-item-object-page menu-item-4885 item-level-1\"><a href=\"https:\/\/www.alfapatent-stanadvoka.com\/de\/grundkonzepte-nach-pct\/\" class=\"woodmart-nav-link\"><span class=\"nav-link-text\">Grundkonzepte Nach PCT<\/span><\/a><\/li>\n\t<li id=\"menu-item-4886\" class=\"menu-item menu-item-type-post_type menu-item-object-page menu-item-4886 item-level-1\"><a href=\"https:\/\/www.alfapatent-stanadvoka.com\/de\/vertretung\/\" class=\"woodmart-nav-link\"><span class=\"nav-link-text\">Vertretung<\/span><\/a><\/li>\n\t<li id=\"menu-item-4887\" class=\"menu-item menu-item-type-post_type menu-item-object-page menu-item-4887 item-level-1\"><a href=\"https:\/\/www.alfapatent-stanadvoka.com\/de\/einsprueche-von-dritten-unter-pct\/\" class=\"woodmart-nav-link\"><span class=\"nav-link-text\">Einspr\u00fcche Von Dritten Unter PCT<\/span><\/a><\/li>\n\t<li id=\"menu-item-4888\" class=\"menu-item menu-item-type-post_type menu-item-object-page menu-item-4888 item-level-1\"><a href=\"https:\/\/www.alfapatent-stanadvoka.com\/de\/eintragung-der-nationalen-phase-von-internationalen-anmeldungen\/\" class=\"woodmart-nav-link\"><span class=\"nav-link-text\">Eintragung Der Nationalen Phase Von Internationalen Anmeldungen<\/span><\/a><\/li>\n<\/ul>\n<\/div>\n<\/div>\n<\/li>\n<\/ul><\/div>\t\t\t\t<\/div>\n\n\t\t\t\t\t\t\t<\/div>\n\t\t[\/vc_column][vc_column width=&#8220;3\/4&#8243;]\n\t\t<div id=\"wd-5fe4ae221e2ca\" class=\"title-wrapper  woodmart-title-color-default woodmart-title-style-underlined woodmart-title-width-100 text-left woodmart-title-size-default \">\n\t\t\t\n\t\t\t<div class=\"liner-continer\">\n\t\t\t\t<span class=\"left-line\"><\/span>\n\t\t\t\t<h4 class=\"woodmart-title-container title  woodmart-font-weight-\" >Selda Arkan<\/h4>\t\t\t\t\t\t\t\t<span class=\"right-line\"><\/span>\n\t\t\t<\/div>\n\t\t\t\n\t\t\t\n\t\t\t\t\t<\/div>\n\t\t\n\t\t[vc_column_text text_larger=&#8220;no&#8220;]<\/p>\n<h4>Frau Arkan ist die Gr\u00fcnderin von ALFA PATENT GmbH in 1997.<\/h4>\n<p>Sie begann ihre Karriere in 1985 als Patent Trainee in einem privaten Praxis Unternehmen in Br\u00fcssel, wo sie bis 1992 gearbeitet hat. Anschlie\u00dfend hat sie in einem anderen Unternehmen in ihrem Heimatstadt Istanbul weitergearbeitet. In 1997 wurde sie als die erste Europ\u00e4ische Patentanw\u00e4ltin in der T\u00fcrkei berufen, noch bevor die T\u00fcrkei der EPC in 2000 beitrat und blieb f\u00fcr 14 Jahren als der einzige EPA in der T\u00fcrkei. Sie ist unter anderem zugelassene Patent- und Markenvertreterin vor T\u00dcRKPATENT (1996-\u2026) und verf\u00fcgt \u00fcber das Zertifikat Hatsumei Kyokai by the JPO, JIII und AOTS (1997).<\/p>\n<p>Sie besitzt BSc-Abschluss in Chemie an der Technischen Universit\u00e4t des Nahen Ostens (1981) in Ankara und Postdiplomspezialisierungen \u00fcber Degradation von Polymeren mit Prof. Geuskens (1981-1983) und \u00fcber physikalische Chemie mit Prof. Hurwitz (1983-1985) an der ULB in Br\u00fcssel Belgien.<\/p>\n<p>In ihrer t\u00e4glichen Praxis besch\u00e4ftigt sie sich meistens mit Rechtsf\u00e4llen, freedom-to-operate Analysen und der Vorbereitung von legalen und technischen Anweisungen, manchmal auch mit Konzeptions- und Verfolgungsarbeiten.<\/p>\n<p>Sie spricht flie\u00dfend mehrere Sprachen:<\/p>\n<p>Exzellent T\u00fcrkisch, Englisch, Franz\u00f6sisch, Deutsch und Spanisch (eingetragene Vereidigte Dolmetscherin);<\/p>\n<p>Gut Italienisch, Niederl\u00e4ndisch und Portugiesisch, dazu exzellentes Verst\u00e4ndnis von technischen Texten;<\/p>\n<p>Oberfl\u00e4chlich Japanisch.<\/p>\n<p>Ihre Fachliche Karriere umfasst:<\/p>\n<ul>\n<li>Epi-Mitglied (1997-\u2026)<\/li>\n<li>Aktuelles Mitglied des EPO Disziplinaren Berufungsausschusses (2019-2023);<\/li>\n<li>Aktuelles Mitglied des epi Rats (2000-\u2026),<\/li>\n<li>Fr\u00fcheres Mitglied des epi Nominierungsausschusses (2017-2019),<\/li>\n<li>Fr\u00fcheres Mitglied des epi Ausschusses f\u00fcr Standesregeln (2014-2018),<\/li>\n<li>Fr\u00fcheres Mitglied des epi Ausschusses f\u00fcr berufliche Bildung (2000-2008),<\/li>\n<li>Fr\u00fcheres Mitglied des epi Vorstands (2000-2017),<\/li>\n<li>Fr\u00fcheres Mitglied des epi Pr\u00e4sidiums (2008-2011) als Vizepr\u00e4sidentin,<\/li>\n<li>Mitglied des FICPI (1997-\u2026),<\/li>\n<li>Gr\u00fcndungsmitglied des FICPI T\u00fcrkei (2015-\u2026),<\/li>\n<li>Aktuelles Vorstandsmitglied des FICPI T\u00fcrkei (2017-)<\/li>\n<li>Mitglied des AIPPI (1997-\u2026),<\/li>\n<li>Gr\u00fcndungsmitglied des AIPPI- T\u00fcrkei (2008-\u2026),<\/li>\n<li>Aktuelles Mitglied des disziplinarischen Ausschusses des AIPPI- T\u00fcrkei (2008-\u2026),<\/li>\n<li>Mitglied des VPP (Vereinigung von Fachleuten des gewerblichen Rechtsschutzes),<\/li>\n<li>Mitglied der Sektorenversammlung von Patent und Markenzeichenvertreter des TOBB (T\u00fcrkisches Verband der Kammer und der B\u00f6rsen) seit ihrer Gr\u00fcndung.<\/li>\n<\/ul>\n<p>Ihre akademischen Verantwortungen umfassen:<\/p>\n<p>Koordinierung in Istanbul- T\u00fcrkei seit 2008 f\u00fcr CEIPI \u2013Zentrum f\u00fcr internationale Studien \u00fcber intellektuelles Eigentum an der Universit\u00e4t Robert Schuman in Strasbourg-Frankreich.<\/p>\n<p>Ihre angesehenen F\u00e4lle:<\/p>\n<p>In den letzten zehn Jahren haupts\u00e4chlich Behandlung von Rechtsf\u00e4llen das komplexe technische Verst\u00e4ndnis erfordern, nicht nur in der Chemie- \u00a0und Medikamentenbranche, sondern auch in F\u00e4llen die Mechanik betreffen.[\/vc_column_text][\/vc_column][\/vc_row][vc_row][vc_column][vc_column_text text_larger=&#8220;no&#8220;]<strong>[vc_row full_width=\"stretch_row\" gap=\"35\" css=\".vc_custom_1608557031429{margin-bottom: 0px !important;padding-bottom: 0px !important;background: #727272 url(http:\/\/www.alfapatent-stanadvoka.com\/wp-content\/uploads\/2020\/12\/bg-footer.jpg?id=3208) !important;background-position: center !important;background-repeat: no-repeat !important;background-size: cover !important;}\" mobile_bg_img_hidden=\"no\" tablet_bg_img_hidden=\"no\" woodmart_parallax=\"0\" woodmart_gradient_switch=\"no\" row_reverse_mobile=\"0\" row_reverse_tablet=\"0\" woodmart_disable_overflow=\"0\"][vc_column]\t\t\t<div id=\"carousel-150\" class=\"woodmart-carousel-container info-box-carousel-wrapper  scroll-init woodmart-carousel-spacing-10\" data-owl-carousel data-hide_pagination_control=\"yes\" data-hide_prev_next_buttons=\"no\" data-dragEndSpeed=\"600\" data-desktop=\"4\" data-tablet_landscape=\"4\" data-tablet=\"3\" data-mobile=\"1\">\n\t\t\t\t<div class=\"owl-carousel info-box-carousel  owl-items-lg-4 owl-items-md-4 owl-items-sm-3 owl-items-xs-1\" >\n\t\t\t\t\t\t\t\t<div class=\"info-box-wrapper \">\n\t\t\t\t<div id=\"wd-5ff3720c50402\" class=\" woodmart-info-box text-center box-icon-align-top box-style-shadow color-scheme- woodmart-bg-none box-title-custom with-btn box-btn-static \"  >\n\t\t\t\t\t\t\t\t\t\t\t<div class=\"box-icon-wrapper  box-with-icon box-icon-simple\">\n\t\t\t\t\t\t\t<div class=\"info-box-icon\">\n\n\t\t\t\t\t\t\t\n\t\t\t\t\t\t\t\t\t\t\t\t\t\t\t\t\t<img decoding=\"async\" class=\"info-icon image-1 \" src=\"https:\/\/www.alfapatent-stanadvoka.com\/wp-content\/uploads\/2020\/12\/1-1-300x100.jpg\" width=\"300\" height=\"100\" alt=\"1-1\" title=\"1-1\" loading=\"lazy\" \/>\t\t\t\t\t\t\t\t\t\t\t\t\t\t\t\t\n\t\t\t\t\t\t\t\n\t\t\t\t\t\t\t<\/div>\n\t\t\t\t\t\t<\/div>\n\t\t\t\t\t\t\t\t\t\t<div class=\"info-box-content\">\n\t\t\t\t\t\t<p class=\"info-box-title woodmart-font-weight-500 box-title-style-default font-alt\">Verf\u00fcgbare Schutzarten F\u00fcr Erfindungen<\/p>\t\t\t\t\t\t<div class=\"info-box-inner reset-mb-10\">\n\t\t\t\t\t\t\t\t\t\t\t\t\t<\/div>\n\n\t\t\t\t\t\t<div class=\"info-btn-wrapper\"><div id=\"wd-69f5bdc6ced68\" class=\"woodmart-button-wrapper text-center\"><a href=\"http:\/\/www.alfapatent-stanadvoka.com\/de\/verfuegbare-schutzarten-fuer-erfindungen\/\" title=\"#sw\" class=\"btn btn-color-primary btn-style-default btn-shape-rectangle btn-size-extra-small\">Mehr sehen<\/a><\/div><\/div>\t\t\t\t\t\t\n\t\t\t\t\t<\/div>\n\n\t\t\t\t\t<style><\/style>\t\t\t\t<\/div>\n\t\t\t<\/div>\n\t\t\t\t\t<div class=\"info-box-wrapper \">\n\t\t\t\t<div id=\"wd-5ff37211d19da\" class=\" woodmart-info-box text-center box-icon-align-top box-style-shadow color-scheme- woodmart-bg-none box-title-custom with-btn box-btn-static \"  >\n\t\t\t\t\t\t\t\t\t\t\t<div class=\"box-icon-wrapper  box-with-icon box-icon-simple\">\n\t\t\t\t\t\t\t<div class=\"info-box-icon\">\n\n\t\t\t\t\t\t\t\n\t\t\t\t\t\t\t\t\t\t\t\t\t\t\t\t\t<img decoding=\"async\" class=\"info-icon image-1 \" src=\"https:\/\/www.alfapatent-stanadvoka.com\/wp-content\/uploads\/2020\/12\/1-2-300x100.jpg\" width=\"300\" height=\"100\" alt=\"1-2\" title=\"1-2\" loading=\"lazy\" \/>\t\t\t\t\t\t\t\t\t\t\t\t\t\t\t\t\n\t\t\t\t\t\t\t\n\t\t\t\t\t\t\t<\/div>\n\t\t\t\t\t\t<\/div>\n\t\t\t\t\t\t\t\t\t\t<div class=\"info-box-content\">\n\t\t\t\t\t\t<p class=\"info-box-title woodmart-font-weight-500 box-title-style-default font-alt\">Vertretung Vor Den Nationalen Beh\u00f6rden<\/p>\t\t\t\t\t\t<div class=\"info-box-inner reset-mb-10\">\n\t\t\t\t\t\t\t\t\t\t\t\t\t<\/div>\n\n\t\t\t\t\t\t<div class=\"info-btn-wrapper\"><div id=\"wd-69f5bdc6cfaac\" class=\"woodmart-button-wrapper text-center\"><a href=\"http:\/\/www.alfapatent-stanadvoka.com\/de\/vertretung-vor-den-nationalen-behoerden\/\" title=\"#\" class=\"btn btn-color-primary btn-style-default btn-shape-rectangle btn-size-extra-small\">Mehr sehen<\/a><\/div><\/div>\t\t\t\t\t\t\n\t\t\t\t\t<\/div>\n\n\t\t\t\t\t<style><\/style>\t\t\t\t<\/div>\n\t\t\t<\/div>\n\t\t\t\t\t<div class=\"info-box-wrapper \">\n\t\t\t\t<div id=\"wd-5ff372171e12e\" class=\" woodmart-info-box text-center box-icon-align-top box-style-shadow color-scheme- woodmart-bg-none box-title-custom with-btn box-btn-static \"  >\n\t\t\t\t\t\t\t\t\t\t\t<div class=\"box-icon-wrapper  box-with-icon box-icon-simple\">\n\t\t\t\t\t\t\t<div class=\"info-box-icon\">\n\n\t\t\t\t\t\t\t\n\t\t\t\t\t\t\t\t\t\t\t\t\t\t\t\t\t<img decoding=\"async\" class=\"info-icon image-1 \" src=\"https:\/\/www.alfapatent-stanadvoka.com\/wp-content\/uploads\/2020\/12\/1-3-300x100.jpg\" width=\"300\" height=\"100\" alt=\"1-3\" title=\"1-3\" loading=\"lazy\" \/>\t\t\t\t\t\t\t\t\t\t\t\t\t\t\t\t\n\t\t\t\t\t\t\t\n\t\t\t\t\t\t\t<\/div>\n\t\t\t\t\t\t<\/div>\n\t\t\t\t\t\t\t\t\t\t<div class=\"info-box-content\">\n\t\t\t\t\t\t<p class=\"info-box-title woodmart-font-weight-500 box-title-style-default font-alt\">Verfolgung Von Nationalen Anmeldungen In Der T\u00fcrkei<\/p>\t\t\t\t\t\t<div class=\"info-box-inner reset-mb-10\">\n\t\t\t\t\t\t\t\t\t\t\t\t\t<\/div>\n\n\t\t\t\t\t\t<div class=\"info-btn-wrapper\"><div id=\"wd-69f5bdc6d06ad\" class=\"woodmart-button-wrapper text-center\"><a href=\"http:\/\/www.alfapatent-stanadvoka.com\/de\/verfolgung-von-nationalen-anmeldungen-in-der-tuerkei\/\" title=\"#\" class=\"btn btn-color-primary btn-style-default btn-shape-rectangle btn-size-extra-small\">Mehr sehen<\/a><\/div><\/div>\t\t\t\t\t\t\n\t\t\t\t\t<\/div>\n\n\t\t\t\t\t<style><\/style>\t\t\t\t<\/div>\n\t\t\t<\/div>\n\t\t\t\t\t<div class=\"info-box-wrapper \">\n\t\t\t\t<div id=\"wd-5ff3721bb22ab\" class=\" woodmart-info-box text-center box-icon-align-top box-style-shadow color-scheme- woodmart-bg-none box-title-custom with-btn box-btn-static \"  >\n\t\t\t\t\t\t\t\t\t\t\t<div class=\"box-icon-wrapper  box-with-icon box-icon-simple\">\n\t\t\t\t\t\t\t<div class=\"info-box-icon\">\n\n\t\t\t\t\t\t\t\n\t\t\t\t\t\t\t\t\t\t\t\t\t\t\t\t\t<img decoding=\"async\" class=\"info-icon image-1 \" src=\"https:\/\/www.alfapatent-stanadvoka.com\/wp-content\/uploads\/2020\/12\/1-4-300x100.jpg\" width=\"300\" height=\"100\" alt=\"1-4\" title=\"1-4\" loading=\"lazy\" \/>\t\t\t\t\t\t\t\t\t\t\t\t\t\t\t\t\n\t\t\t\t\t\t\t\n\t\t\t\t\t\t\t<\/div>\n\t\t\t\t\t\t<\/div>\n\t\t\t\t\t\t\t\t\t\t<div class=\"info-box-content\">\n\t\t\t\t\t\t<p class=\"info-box-title woodmart-font-weight-500 box-title-style-default font-alt\">Gebrauchsmuster Anmeldungen<\/p>\t\t\t\t\t\t<div class=\"info-box-inner reset-mb-10\">\n\t\t\t\t\t\t\t\t\t\t\t\t\t<\/div>\n\n\t\t\t\t\t\t<div class=\"info-btn-wrapper\"><div id=\"wd-69f5bdc6d1349\" class=\"woodmart-button-wrapper text-center\"><a href=\"http:\/\/www.alfapatent-stanadvoka.com\/de\/gebrauchsmuster-anmeldungen\/\" title=\"#\" class=\"btn btn-color-primary btn-style-default btn-shape-rectangle btn-size-extra-small\">Mehr sehen<\/a><\/div><\/div>\t\t\t\t\t\t\n\t\t\t\t\t<\/div>\n\n\t\t\t\t\t<style><\/style>\t\t\t\t<\/div>\n\t\t\t<\/div>\n\t\t\t\t\t\t<\/div>\n\t\t\t<\/div>\n\t\t[\/vc_column][\/vc_row]<style data-type=\"vc_shortcodes-custom-css\">.vc_custom_1608557031429{margin-bottom: 0px !important;padding-bottom: 0px !important;background: #727272 url(http:\/\/www.alfapatent-stanadvoka.com\/wp-content\/uploads\/2020\/12\/bg-footer.jpg?id=3208) !important;background-position: center !important;background-repeat: no-repeat !important;background-size: cover !important;}#wd-5ff3720c50402 .info-box-title{font-size:14px;line-height:16px;color:#2b2b2b;}#wd-5ff37211d19da .info-box-title{font-size:14px;line-height:16px;color:#2b2b2b;}#wd-5ff372171e12e .info-box-title{font-size:14px;line-height:16px;color:#2b2b2b;}#wd-5ff3721bb22ab .info-box-title{font-size:14px;line-height:16px;color:#2b2b2b;}<\/style><\/strong>[\/vc_column_text][\/vc_column][\/vc_row]<\/p>\n<\/div>","protected":false},"excerpt":{"rendered":"<p>[vc_row][vc_column width=&#8220;1\/4&#8243; offset=&#8220;vc_hidden-md vc_hidden-sm vc_hidden-xs&#8220; mobile_bg_img_hidden=&#8220;no&#8220; tablet_bg_img_hidden=&#8220;no&#8220; woodmart_parallax=&#8220;0&#8243; woodmart_sticky_column=&#8220;false&#8220; parallax_scroll=&#8220;no&#8220; mobile_reset_margin=&#8220;no&#8220; tablet_reset_margin=&#8220;no&#8220;][\/vc_column][vc_column width=&#8220;3\/4&#8243;][vc_column_text text_larger=&#8220;no&#8220;] Frau Arkan ist die Gr\u00fcnderin von<\/p>\n","protected":false},"author":1,"featured_media":0,"parent":0,"menu_order":0,"comment_status":"closed","ping_status":"closed","template":"","meta":{"footnotes":""},"class_list":["post-4797","page","type-page","status-publish","hentry"],"_links":{"self":[{"href":"https:\/\/www.alfapatent-stanadvoka.com\/de\/wp-json\/wp\/v2\/pages\/4797","targetHints":{"allow":["GET"]}}],"collection":[{"href":"https:\/\/www.alfapatent-stanadvoka.com\/de\/wp-json\/wp\/v2\/pages"}],"about":[{"href":"https:\/\/www.alfapatent-stanadvoka.com\/de\/wp-json\/wp\/v2\/types\/page"}],"author":[{"embeddable":true,"href":"https:\/\/www.alfapatent-stanadvoka.com\/de\/wp-json\/wp\/v2\/users\/1"}],"replies":[{"embeddable":true,"href":"https:\/\/www.alfapatent-stanadvoka.com\/de\/wp-json\/wp\/v2\/comments?post=4797"}],"version-history":[{"count":1,"href":"https:\/\/www.alfapatent-stanadvoka.com\/de\/wp-json\/wp\/v2\/pages\/4797\/revisions"}],"predecessor-version":[{"id":4798,"href":"https:\/\/www.alfapatent-stanadvoka.com\/de\/wp-json\/wp\/v2\/pages\/4797\/revisions\/4798"}],"wp:attachment":[{"href":"https:\/\/www.alfapatent-stanadvoka.com\/de\/wp-json\/wp\/v2\/media?parent=4797"}],"curies":[{"name":"wp","href":"https:\/\/api.w.org\/{rel}","templated":true}]}}