{"id":4792,"date":"2020-12-29T23:07:21","date_gmt":"2020-12-29T20:07:21","guid":{"rendered":"http:\/\/www.alfapatent-stanadvoka.com\/?page_id=4792"},"modified":"2020-12-30T16:57:29","modified_gmt":"2020-12-30T13:57:29","slug":"technische-bereiche","status":"publish","type":"page","link":"https:\/\/www.alfapatent-stanadvoka.com\/de\/technische-bereiche\/","title":{"rendered":"Technische Bereiche"},"content":{"rendered":"<div class=\"wpb-content-wrapper\"><p>[vc_row][vc_column width=&#8220;1\/4&#8243; offset=&#8220;vc_hidden-md vc_hidden-sm vc_hidden-xs&#8220; mobile_bg_img_hidden=&#8220;no&#8220; tablet_bg_img_hidden=&#8220;no&#8220; woodmart_parallax=&#8220;0&#8243; woodmart_sticky_column=&#8220;false&#8220; parallax_scroll=&#8220;no&#8220; mobile_reset_margin=&#8220;no&#8220; tablet_reset_margin=&#8220;no&#8220;]\n\t\t\t<div id=\"wd-5fe1c996ec227\" class=\"widget_nav_mega_menu shortcode-mega-menu \">\n\n\t\t\t\t\n\t\t\t\t<div class=\"woodmart-navigation vertical-navigation\">\n\t\t\t\t\t<div class=\"menu-1-left-menu-german-container\"><ul id=\"menu-1-left-menu-german\" class=\"menu\"><li id=\"menu-item-4864\" class=\"menu-item menu-item-type-post_type menu-item-object-page menu-item-has-children menu-item-4864 item-level-0 menu-item-design-default menu-simple-dropdown item-event-hover\"><a href=\"https:\/\/www.alfapatent-stanadvoka.com\/de\/patente-und-gebrauchsmuster-in-der-tuerkei\/\" class=\"woodmart-nav-link\"><span class=\"nav-link-text\">Patente Und Gebrauchsmuster In Der T\u00fcrkei<\/span><\/a>\n<div class=\"sub-menu-dropdown color-scheme-\">\n\n<div class=\"container\">\n\n<ul class=\"sub-menu color-scheme-\">\n\t<li id=\"menu-item-4865\" class=\"menu-item menu-item-type-post_type menu-item-object-page menu-item-4865 item-level-1\"><a href=\"https:\/\/www.alfapatent-stanadvoka.com\/de\/verfuegbare-schutzarten-fuer-erfindungen\/\" class=\"woodmart-nav-link\"><span class=\"nav-link-text\">Verf\u00fcgbare Schutzarten F\u00fcr Erfindungen<\/span><\/a><\/li>\n\t<li id=\"menu-item-4866\" class=\"menu-item menu-item-type-post_type menu-item-object-page menu-item-4866 item-level-1\"><a href=\"https:\/\/www.alfapatent-stanadvoka.com\/de\/vertretung-vor-den-nationalen-behoerden\/\" class=\"woodmart-nav-link\"><span class=\"nav-link-text\">Vertretung Vor Den Nationalen Beh\u00f6rden<\/span><\/a><\/li>\n\t<li id=\"menu-item-4867\" class=\"menu-item menu-item-type-post_type menu-item-object-page menu-item-4867 item-level-1\"><a href=\"https:\/\/www.alfapatent-stanadvoka.com\/de\/verfolgung-von-nationalen-anmeldungen-in-der-tuerkei\/\" class=\"woodmart-nav-link\"><span class=\"nav-link-text\">Verfolgung Von Nationalen Anmeldungen In Der T\u00fcrkei<\/span><\/a><\/li>\n\t<li id=\"menu-item-4868\" class=\"menu-item menu-item-type-post_type menu-item-object-page menu-item-4868 item-level-1\"><a href=\"https:\/\/www.alfapatent-stanadvoka.com\/de\/gebrauchsmuster-anmeldungen\/\" class=\"woodmart-nav-link\"><span class=\"nav-link-text\">Gebrauchsmuster Anmeldungen<\/span><\/a><\/li>\n\t<li id=\"menu-item-4869\" class=\"menu-item menu-item-type-post_type menu-item-object-page menu-item-4869 item-level-1\"><a href=\"https:\/\/www.alfapatent-stanadvoka.com\/de\/eintragung-der-nationalen-phase-von-internationalen-anmeldungen\/\" class=\"woodmart-nav-link\"><span class=\"nav-link-text\">Eintragung Der Nationalen Phase Von Internationalen Anmeldungen<\/span><\/a><\/li>\n\t<li id=\"menu-item-4870\" class=\"menu-item menu-item-type-post_type menu-item-object-page menu-item-4870 item-level-1\"><a href=\"https:\/\/www.alfapatent-stanadvoka.com\/de\/validierung\/\" class=\"woodmart-nav-link\"><span class=\"nav-link-text\">Validierung<\/span><\/a><\/li>\n<\/ul>\n<\/div>\n<\/div>\n<\/li>\n<li id=\"menu-item-4871\" class=\"menu-item menu-item-type-post_type menu-item-object-page menu-item-has-children menu-item-4871 item-level-0 menu-item-design-default menu-simple-dropdown item-event-hover\"><a href=\"https:\/\/www.alfapatent-stanadvoka.com\/de\/nationale-rechtsnormen-und-verfahrenstechnische-aspekte-rechtsgrundlagen\/\" class=\"woodmart-nav-link\"><span class=\"nav-link-text\">Nationale Rechtsnormen Und Verfahrenstechnische Aspekte &#038; Rechtsgrundlagen<\/span><\/a>\n<div class=\"sub-menu-dropdown color-scheme-\">\n\n<div class=\"container\">\n\n<ul class=\"sub-menu color-scheme-\">\n\t<li id=\"menu-item-4872\" class=\"menu-item menu-item-type-post_type menu-item-object-page menu-item-4872 item-level-1\"><a href=\"https:\/\/www.alfapatent-stanadvoka.com\/de\/nationale-kriterien-fuer-die-patentfaehigkeit\/\" class=\"woodmart-nav-link\"><span class=\"nav-link-text\">Nationale Kriterien F\u00fcr Die Patentf\u00e4higkeit<\/span><\/a><\/li>\n\t<li id=\"menu-item-4873\" class=\"menu-item menu-item-type-post_type menu-item-object-page menu-item-4873 item-level-1\"><a href=\"https:\/\/www.alfapatent-stanadvoka.com\/de\/antragsunterlagen-und-uebersetzungen-nach-dem-nationalen-recht\/\" class=\"woodmart-nav-link\"><span class=\"nav-link-text\">Antragsunterlagen Und \u00dcbersetzungen Nach Dem Nationalen Recht<\/span><\/a><\/li>\n\t<li id=\"menu-item-4874\" class=\"menu-item menu-item-type-post_type menu-item-object-page menu-item-4874 item-level-1\"><a href=\"https:\/\/www.alfapatent-stanadvoka.com\/de\/nationale-nichtigkeitsklagen\/\" class=\"woodmart-nav-link\"><span class=\"nav-link-text\">Nationale Nichtigkeitsklagen<\/span><\/a><\/li>\n\t<li id=\"menu-item-4875\" class=\"menu-item menu-item-type-post_type menu-item-object-page menu-item-4875 item-level-1\"><a href=\"https:\/\/www.alfapatent-stanadvoka.com\/de\/sekundaere-rechtsnormen-und-verfahrenstechnische-aspekte\/\" class=\"woodmart-nav-link\"><span class=\"nav-link-text\">Sekund\u00e4re Rechtsnormen Und Verfahrenstechnische Aspekte<\/span><\/a><\/li>\n<\/ul>\n<\/div>\n<\/div>\n<\/li>\n<li id=\"menu-item-4876\" class=\"menu-item menu-item-type-post_type menu-item-object-page menu-item-has-children menu-item-4876 item-level-0 menu-item-design-default menu-simple-dropdown item-event-hover\"><a href=\"https:\/\/www.alfapatent-stanadvoka.com\/de\/europaeisches-patent-system\/\" class=\"woodmart-nav-link\"><span class=\"nav-link-text\">Europ\u00e4isches Patent System<\/span><\/a>\n<div class=\"sub-menu-dropdown color-scheme-\">\n\n<div class=\"container\">\n\n<ul class=\"sub-menu color-scheme-\">\n\t<li id=\"menu-item-4877\" class=\"menu-item menu-item-type-post_type menu-item-object-page menu-item-4877 item-level-1\"><a href=\"https:\/\/www.alfapatent-stanadvoka.com\/de\/vertretung-beim-europaeischen-patentamt\/\" class=\"woodmart-nav-link\"><span class=\"nav-link-text\">Vertretung Beim Europ\u00e4ischen Patentamt<\/span><\/a><\/li>\n\t<li id=\"menu-item-4878\" class=\"menu-item menu-item-type-post_type menu-item-object-page menu-item-4878 item-level-1\"><a href=\"https:\/\/www.alfapatent-stanadvoka.com\/de\/verfolgung-von-europaeischen-patentanmeldungen\/\" class=\"woodmart-nav-link\"><span class=\"nav-link-text\">Verfolgung Von Europ\u00e4ischen Patentanmeldungen<\/span><\/a><\/li>\n\t<li id=\"menu-item-4879\" class=\"menu-item menu-item-type-post_type menu-item-object-page menu-item-4879 item-level-1\"><a href=\"https:\/\/www.alfapatent-stanadvoka.com\/de\/einspruche-von-dritten\/\" class=\"woodmart-nav-link\"><span class=\"nav-link-text\">Einspruche Von Dritten<\/span><\/a><\/li>\n\t<li id=\"menu-item-4880\" class=\"menu-item menu-item-type-post_type menu-item-object-page menu-item-4880 item-level-1\"><a href=\"https:\/\/www.alfapatent-stanadvoka.com\/de\/vorlaeufiger-schutz\/\" class=\"woodmart-nav-link\"><span class=\"nav-link-text\">Vorl\u00e4ufiger Schutz<\/span><\/a><\/li>\n\t<li id=\"menu-item-4881\" class=\"menu-item menu-item-type-post_type menu-item-object-page menu-item-4881 item-level-1\"><a href=\"https:\/\/www.alfapatent-stanadvoka.com\/de\/validierung\/\" class=\"woodmart-nav-link\"><span class=\"nav-link-text\">Validierung<\/span><\/a><\/li>\n\t<li id=\"menu-item-4882\" class=\"menu-item menu-item-type-post_type menu-item-object-page menu-item-4882 item-level-1\"><a href=\"https:\/\/www.alfapatent-stanadvoka.com\/de\/einspruch-nach-erteilung\/\" class=\"woodmart-nav-link\"><span class=\"nav-link-text\">Einspruch Nach Erteilung<\/span><\/a><\/li>\n<\/ul>\n<\/div>\n<\/div>\n<\/li>\n<li id=\"menu-item-4884\" class=\"menu-item menu-item-type-post_type menu-item-object-page menu-item-has-children menu-item-4884 item-level-0 menu-item-design-default menu-simple-dropdown item-event-hover\"><a href=\"https:\/\/www.alfapatent-stanadvoka.com\/de\/pct-und-internationales-anmeldungssystem\/\" class=\"woodmart-nav-link\"><span class=\"nav-link-text\">PCT und Internationales Anmeldungssystem<\/span><\/a>\n<div class=\"sub-menu-dropdown color-scheme-\">\n\n<div class=\"container\">\n\n<ul class=\"sub-menu color-scheme-\">\n\t<li id=\"menu-item-4885\" class=\"menu-item menu-item-type-post_type menu-item-object-page menu-item-4885 item-level-1\"><a href=\"https:\/\/www.alfapatent-stanadvoka.com\/de\/grundkonzepte-nach-pct\/\" class=\"woodmart-nav-link\"><span class=\"nav-link-text\">Grundkonzepte Nach PCT<\/span><\/a><\/li>\n\t<li id=\"menu-item-4886\" class=\"menu-item menu-item-type-post_type menu-item-object-page menu-item-4886 item-level-1\"><a href=\"https:\/\/www.alfapatent-stanadvoka.com\/de\/vertretung\/\" class=\"woodmart-nav-link\"><span class=\"nav-link-text\">Vertretung<\/span><\/a><\/li>\n\t<li id=\"menu-item-4887\" class=\"menu-item menu-item-type-post_type menu-item-object-page menu-item-4887 item-level-1\"><a href=\"https:\/\/www.alfapatent-stanadvoka.com\/de\/einsprueche-von-dritten-unter-pct\/\" class=\"woodmart-nav-link\"><span class=\"nav-link-text\">Einspr\u00fcche Von Dritten Unter PCT<\/span><\/a><\/li>\n\t<li id=\"menu-item-4888\" class=\"menu-item menu-item-type-post_type menu-item-object-page menu-item-4888 item-level-1\"><a href=\"https:\/\/www.alfapatent-stanadvoka.com\/de\/eintragung-der-nationalen-phase-von-internationalen-anmeldungen\/\" class=\"woodmart-nav-link\"><span class=\"nav-link-text\">Eintragung Der Nationalen Phase Von Internationalen Anmeldungen<\/span><\/a><\/li>\n<\/ul>\n<\/div>\n<\/div>\n<\/li>\n<\/ul><\/div>\t\t\t\t<\/div>\n\n\t\t\t\t\t\t\t<\/div>\n\t\t[\/vc_column][vc_column width=&#8220;3\/4&#8243;]\n\t\t<div id=\"wd-5fec8744c44b6\" class=\"title-wrapper  woodmart-title-color-default woodmart-title-style-underlined woodmart-title-width-100 text-left woodmart-title-size-default \">\n\t\t\t\n\t\t\t<div class=\"liner-continer\">\n\t\t\t\t<span class=\"left-line\"><\/span>\n\t\t\t\t<h4 class=\"woodmart-title-container title  woodmart-font-weight-\" >Technische Bereiche <\/h4>\t\t\t\t\t\t\t\t<span class=\"right-line\"><\/span>\n\t\t\t<\/div>\n\t\t\t\n\t\t\t\n\t\t\t\t\t<\/div>\n\t\t\n\t\t[vc_column_text text_larger=&#8220;no&#8220;]<\/p>\n<h4>ALLGEMEINE INFORMATION<\/h4>\n<p>Alfa-Patent Stan Advoka bietet IP Dienste f\u00fcr t\u00fcrkische Universit\u00e4tsforschungsgruppen in den Bereichen Elektrotechnik und Elektronik, computerimplementierte Erfindungen, neuartige onkologische Therapeutika als eine Klasse der monoklonaler Antik\u00f6rper, rekombinante Proteine, Gentherapie usw. an.<\/p>\n<p>im Hinblick auf den Schutzumfang, der durch eine Mischung aus hardwarebezogenen und \/ oder anwendungsspezifischen Funktionen bereitgestellt wird m\u00fcssen Patentanmeldungen auf dem Gebiet der Elektrotechnik und Elektronik sorgf\u00e4ltig analysiert werden.<\/p>\n<p>Computer implementierte Erfindungen erfordern dar\u00fcber hinaus besondere Aufmerksamkeit in Bezug auf die Europ\u00e4ische Rechtsprechung. Im Bereich der Computer implementierten Erfindungen muss der Beitrag der Erfindung zum Stand der Technik eine technische Eigenschaft aufweisen wodurch eine technische L\u00f6sung eines technischen Problems formuliert werden kann.<\/p>\n<p>Andererseits, erlebt der Bereich der Biotechnologie rasante Fortschritte in den letzten Dekaden. Der Schutz von DNA, Proteinsequenzen und funktional abgegrenzte Antik\u00f6rper bilden den Schwerpunkt der Anmeldungen. Alfa Patent Stan Advoka leistet IP Dienste f\u00fcr unseren Mandanten zum Schutz deren IP Rechte in den Bereichen Chemie und Biotechnologie.[\/vc_column_text][\/vc_column][\/vc_row][vc_row][vc_column][vc_column_text text_larger=&#8220;no&#8220;]<strong>[vc_row full_width=\"stretch_row\" gap=\"35\" css=\".vc_custom_1608557031429{margin-bottom: 0px !important;padding-bottom: 0px !important;background: #727272 url(http:\/\/www.alfapatent-stanadvoka.com\/wp-content\/uploads\/2020\/12\/bg-footer.jpg?id=3208) !important;background-position: center !important;background-repeat: no-repeat !important;background-size: cover !important;}\" mobile_bg_img_hidden=\"no\" tablet_bg_img_hidden=\"no\" woodmart_parallax=\"0\" woodmart_gradient_switch=\"no\" row_reverse_mobile=\"0\" row_reverse_tablet=\"0\" woodmart_disable_overflow=\"0\"][vc_column]\t\t\t<div id=\"carousel-115\" class=\"woodmart-carousel-container info-box-carousel-wrapper  scroll-init woodmart-carousel-spacing-10\" data-owl-carousel data-hide_pagination_control=\"yes\" data-hide_prev_next_buttons=\"no\" data-dragEndSpeed=\"600\" data-desktop=\"4\" data-tablet_landscape=\"4\" data-tablet=\"3\" data-mobile=\"1\">\n\t\t\t\t<div class=\"owl-carousel info-box-carousel  owl-items-lg-4 owl-items-md-4 owl-items-sm-3 owl-items-xs-1\" >\n\t\t\t\t\t\t\t\t<div class=\"info-box-wrapper \">\n\t\t\t\t<div id=\"wd-5ff3720c50402\" class=\" woodmart-info-box text-center box-icon-align-top box-style-shadow color-scheme- woodmart-bg-none box-title-custom with-btn box-btn-static \"  >\n\t\t\t\t\t\t\t\t\t\t\t<div class=\"box-icon-wrapper  box-with-icon box-icon-simple\">\n\t\t\t\t\t\t\t<div class=\"info-box-icon\">\n\n\t\t\t\t\t\t\t\n\t\t\t\t\t\t\t\t\t\t\t\t\t\t\t\t\t<img decoding=\"async\" class=\"info-icon image-1 \" src=\"https:\/\/www.alfapatent-stanadvoka.com\/wp-content\/uploads\/2020\/12\/1-1-300x100.jpg\" width=\"300\" height=\"100\" alt=\"1-1\" title=\"1-1\" loading=\"lazy\" \/>\t\t\t\t\t\t\t\t\t\t\t\t\t\t\t\t\n\t\t\t\t\t\t\t\n\t\t\t\t\t\t\t<\/div>\n\t\t\t\t\t\t<\/div>\n\t\t\t\t\t\t\t\t\t\t<div class=\"info-box-content\">\n\t\t\t\t\t\t<p class=\"info-box-title woodmart-font-weight-500 box-title-style-default font-alt\">Verf\u00fcgbare Schutzarten F\u00fcr Erfindungen<\/p>\t\t\t\t\t\t<div class=\"info-box-inner reset-mb-10\">\n\t\t\t\t\t\t\t\t\t\t\t\t\t<\/div>\n\n\t\t\t\t\t\t<div class=\"info-btn-wrapper\"><div id=\"wd-6a0398a440f75\" class=\"woodmart-button-wrapper text-center\"><a href=\"http:\/\/www.alfapatent-stanadvoka.com\/de\/verfuegbare-schutzarten-fuer-erfindungen\/\" title=\"#sw\" class=\"btn btn-color-primary btn-style-default btn-shape-rectangle btn-size-extra-small\">Mehr sehen<\/a><\/div><\/div>\t\t\t\t\t\t\n\t\t\t\t\t<\/div>\n\n\t\t\t\t\t<style><\/style>\t\t\t\t<\/div>\n\t\t\t<\/div>\n\t\t\t\t\t<div class=\"info-box-wrapper \">\n\t\t\t\t<div id=\"wd-5ff37211d19da\" class=\" woodmart-info-box text-center box-icon-align-top box-style-shadow color-scheme- woodmart-bg-none box-title-custom with-btn box-btn-static \"  >\n\t\t\t\t\t\t\t\t\t\t\t<div class=\"box-icon-wrapper  box-with-icon box-icon-simple\">\n\t\t\t\t\t\t\t<div class=\"info-box-icon\">\n\n\t\t\t\t\t\t\t\n\t\t\t\t\t\t\t\t\t\t\t\t\t\t\t\t\t<img decoding=\"async\" class=\"info-icon image-1 \" src=\"https:\/\/www.alfapatent-stanadvoka.com\/wp-content\/uploads\/2020\/12\/1-2-300x100.jpg\" width=\"300\" height=\"100\" alt=\"1-2\" title=\"1-2\" loading=\"lazy\" \/>\t\t\t\t\t\t\t\t\t\t\t\t\t\t\t\t\n\t\t\t\t\t\t\t\n\t\t\t\t\t\t\t<\/div>\n\t\t\t\t\t\t<\/div>\n\t\t\t\t\t\t\t\t\t\t<div class=\"info-box-content\">\n\t\t\t\t\t\t<p class=\"info-box-title woodmart-font-weight-500 box-title-style-default font-alt\">Vertretung Vor Den Nationalen Beh\u00f6rden<\/p>\t\t\t\t\t\t<div class=\"info-box-inner reset-mb-10\">\n\t\t\t\t\t\t\t\t\t\t\t\t\t<\/div>\n\n\t\t\t\t\t\t<div class=\"info-btn-wrapper\"><div id=\"wd-6a0398a441a74\" class=\"woodmart-button-wrapper text-center\"><a href=\"http:\/\/www.alfapatent-stanadvoka.com\/de\/vertretung-vor-den-nationalen-behoerden\/\" title=\"#\" class=\"btn btn-color-primary btn-style-default btn-shape-rectangle btn-size-extra-small\">Mehr sehen<\/a><\/div><\/div>\t\t\t\t\t\t\n\t\t\t\t\t<\/div>\n\n\t\t\t\t\t<style><\/style>\t\t\t\t<\/div>\n\t\t\t<\/div>\n\t\t\t\t\t<div class=\"info-box-wrapper \">\n\t\t\t\t<div id=\"wd-5ff372171e12e\" class=\" woodmart-info-box text-center box-icon-align-top box-style-shadow color-scheme- woodmart-bg-none box-title-custom with-btn box-btn-static \"  >\n\t\t\t\t\t\t\t\t\t\t\t<div class=\"box-icon-wrapper  box-with-icon box-icon-simple\">\n\t\t\t\t\t\t\t<div class=\"info-box-icon\">\n\n\t\t\t\t\t\t\t\n\t\t\t\t\t\t\t\t\t\t\t\t\t\t\t\t\t<img decoding=\"async\" class=\"info-icon image-1 \" src=\"https:\/\/www.alfapatent-stanadvoka.com\/wp-content\/uploads\/2020\/12\/1-3-300x100.jpg\" width=\"300\" height=\"100\" alt=\"1-3\" title=\"1-3\" loading=\"lazy\" \/>\t\t\t\t\t\t\t\t\t\t\t\t\t\t\t\t\n\t\t\t\t\t\t\t\n\t\t\t\t\t\t\t<\/div>\n\t\t\t\t\t\t<\/div>\n\t\t\t\t\t\t\t\t\t\t<div class=\"info-box-content\">\n\t\t\t\t\t\t<p class=\"info-box-title woodmart-font-weight-500 box-title-style-default font-alt\">Verfolgung Von Nationalen Anmeldungen In Der T\u00fcrkei<\/p>\t\t\t\t\t\t<div class=\"info-box-inner reset-mb-10\">\n\t\t\t\t\t\t\t\t\t\t\t\t\t<\/div>\n\n\t\t\t\t\t\t<div class=\"info-btn-wrapper\"><div id=\"wd-6a0398a442667\" class=\"woodmart-button-wrapper text-center\"><a href=\"http:\/\/www.alfapatent-stanadvoka.com\/de\/verfolgung-von-nationalen-anmeldungen-in-der-tuerkei\/\" title=\"#\" class=\"btn btn-color-primary btn-style-default btn-shape-rectangle btn-size-extra-small\">Mehr sehen<\/a><\/div><\/div>\t\t\t\t\t\t\n\t\t\t\t\t<\/div>\n\n\t\t\t\t\t<style><\/style>\t\t\t\t<\/div>\n\t\t\t<\/div>\n\t\t\t\t\t<div class=\"info-box-wrapper \">\n\t\t\t\t<div id=\"wd-5ff3721bb22ab\" class=\" woodmart-info-box text-center box-icon-align-top box-style-shadow color-scheme- woodmart-bg-none box-title-custom with-btn box-btn-static \"  >\n\t\t\t\t\t\t\t\t\t\t\t<div class=\"box-icon-wrapper  box-with-icon box-icon-simple\">\n\t\t\t\t\t\t\t<div class=\"info-box-icon\">\n\n\t\t\t\t\t\t\t\n\t\t\t\t\t\t\t\t\t\t\t\t\t\t\t\t\t<img decoding=\"async\" class=\"info-icon image-1 \" src=\"https:\/\/www.alfapatent-stanadvoka.com\/wp-content\/uploads\/2020\/12\/1-4-300x100.jpg\" width=\"300\" height=\"100\" alt=\"1-4\" title=\"1-4\" loading=\"lazy\" \/>\t\t\t\t\t\t\t\t\t\t\t\t\t\t\t\t\n\t\t\t\t\t\t\t\n\t\t\t\t\t\t\t<\/div>\n\t\t\t\t\t\t<\/div>\n\t\t\t\t\t\t\t\t\t\t<div class=\"info-box-content\">\n\t\t\t\t\t\t<p class=\"info-box-title woodmart-font-weight-500 box-title-style-default font-alt\">Gebrauchsmuster Anmeldungen<\/p>\t\t\t\t\t\t<div class=\"info-box-inner reset-mb-10\">\n\t\t\t\t\t\t\t\t\t\t\t\t\t<\/div>\n\n\t\t\t\t\t\t<div class=\"info-btn-wrapper\"><div id=\"wd-6a0398a44324a\" class=\"woodmart-button-wrapper text-center\"><a href=\"http:\/\/www.alfapatent-stanadvoka.com\/de\/gebrauchsmuster-anmeldungen\/\" title=\"#\" class=\"btn btn-color-primary btn-style-default btn-shape-rectangle btn-size-extra-small\">Mehr sehen<\/a><\/div><\/div>\t\t\t\t\t\t\n\t\t\t\t\t<\/div>\n\n\t\t\t\t\t<style><\/style>\t\t\t\t<\/div>\n\t\t\t<\/div>\n\t\t\t\t\t\t<\/div>\n\t\t\t<\/div>\n\t\t[\/vc_column][\/vc_row]<style data-type=\"vc_shortcodes-custom-css\">.vc_custom_1608557031429{margin-bottom: 0px !important;padding-bottom: 0px !important;background: #727272 url(http:\/\/www.alfapatent-stanadvoka.com\/wp-content\/uploads\/2020\/12\/bg-footer.jpg?id=3208) !important;background-position: center !important;background-repeat: no-repeat !important;background-size: cover !important;}#wd-5ff3720c50402 .info-box-title{font-size:14px;line-height:16px;color:#2b2b2b;}#wd-5ff37211d19da .info-box-title{font-size:14px;line-height:16px;color:#2b2b2b;}#wd-5ff372171e12e .info-box-title{font-size:14px;line-height:16px;color:#2b2b2b;}#wd-5ff3721bb22ab .info-box-title{font-size:14px;line-height:16px;color:#2b2b2b;}<\/style><\/strong>[\/vc_column_text][\/vc_column][\/vc_row]<\/p>\n<\/div>","protected":false},"excerpt":{"rendered":"<p>[vc_row][vc_column width=&#8220;1\/4&#8243; offset=&#8220;vc_hidden-md vc_hidden-sm vc_hidden-xs&#8220; mobile_bg_img_hidden=&#8220;no&#8220; tablet_bg_img_hidden=&#8220;no&#8220; woodmart_parallax=&#8220;0&#8243; woodmart_sticky_column=&#8220;false&#8220; parallax_scroll=&#8220;no&#8220; mobile_reset_margin=&#8220;no&#8220; tablet_reset_margin=&#8220;no&#8220;][\/vc_column][vc_column width=&#8220;3\/4&#8243;][vc_column_text text_larger=&#8220;no&#8220;] ALLGEMEINE INFORMATION Alfa-Patent Stan Advoka bietet<\/p>\n","protected":false},"author":1,"featured_media":0,"parent":0,"menu_order":0,"comment_status":"closed","ping_status":"closed","template":"","meta":{"footnotes":""},"class_list":["post-4792","page","type-page","status-publish","hentry"],"_links":{"self":[{"href":"https:\/\/www.alfapatent-stanadvoka.com\/de\/wp-json\/wp\/v2\/pages\/4792","targetHints":{"allow":["GET"]}}],"collection":[{"href":"https:\/\/www.alfapatent-stanadvoka.com\/de\/wp-json\/wp\/v2\/pages"}],"about":[{"href":"https:\/\/www.alfapatent-stanadvoka.com\/de\/wp-json\/wp\/v2\/types\/page"}],"author":[{"embeddable":true,"href":"https:\/\/www.alfapatent-stanadvoka.com\/de\/wp-json\/wp\/v2\/users\/1"}],"replies":[{"embeddable":true,"href":"https:\/\/www.alfapatent-stanadvoka.com\/de\/wp-json\/wp\/v2\/comments?post=4792"}],"version-history":[{"count":2,"href":"https:\/\/www.alfapatent-stanadvoka.com\/de\/wp-json\/wp\/v2\/pages\/4792\/revisions"}],"predecessor-version":[{"id":4860,"href":"https:\/\/www.alfapatent-stanadvoka.com\/de\/wp-json\/wp\/v2\/pages\/4792\/revisions\/4860"}],"wp:attachment":[{"href":"https:\/\/www.alfapatent-stanadvoka.com\/de\/wp-json\/wp\/v2\/media?parent=4792"}],"curies":[{"name":"wp","href":"https:\/\/api.w.org\/{rel}","templated":true}]}}