{"id":4781,"date":"2020-12-29T22:51:17","date_gmt":"2020-12-29T19:51:17","guid":{"rendered":"http:\/\/www.alfapatent-stanadvoka.com\/?page_id=4781"},"modified":"2020-12-29T22:52:42","modified_gmt":"2020-12-29T19:52:42","slug":"standort","status":"publish","type":"page","link":"https:\/\/www.alfapatent-stanadvoka.com\/de\/standort\/","title":{"rendered":"Standort"},"content":{"rendered":"<div class=\"wpb-content-wrapper\"><p>[vc_row full_width=&#8220;stretch_row_content&#8220; content_placement=&#8220;middle&#8220;][vc_column width=&#8220;1\/2&#8243; css=&#8220;.vc_custom_1608635203919{padding-top: 8vh !important;padding-bottom: 4vh !important;background-image: url(http:\/\/www.alfapatent-stanadvoka.com\/wp-content\/uploads\/2020\/12\/scr-bg-img-1-1.jpg?id=3288) !important;background-position: center !important;background-repeat: no-repeat !important;background-size: cover !important;}&#8220; mobile_bg_img_hidden=&#8220;no&#8220; tablet_bg_img_hidden=&#8220;no&#8220; woodmart_parallax=&#8220;0&#8243; woodmart_sticky_column=&#8220;false&#8220; parallax_scroll=&#8220;no&#8220; mobile_reset_margin=&#8220;no&#8220; tablet_reset_margin=&#8220;no&#8220;][vc_single_image image=&#8220;3966&#8243; img_size=&#8220;500&#215;571&#8243; alignment=&#8220;right&#8220; scroll_x=&#8220;0&#8243; scroll_y=&#8220;-80&#8243; scroll_z=&#8220;0&#8243; parallax_scroll=&#8220;yes&#8220; css=&#8220;.vc_custom_1608738988874{margin-right: -60px !important;margin-bottom: 0px !important;padding-top: 4vh !important;padding-bottom: 4vh !important;}&#8220;][\/vc_column][vc_column width=&#8220;1\/2&#8243; scroll_x=&#8220;0&#8243; scroll_y=&#8220;80&#8243; scroll_z=&#8220;0&#8243; parallax_scroll=&#8220;yes&#8220; css=&#8220;.vc_custom_1523439152958{padding-top: 8vh !important;padding-right: 15% !important;padding-bottom: 8vh !important;padding-left: 15% !important;}&#8220;]\t\n\t\t\t<div id=\"wd-5feb887ae492f\" class=\"woodmart-text-block-wrapper color-scheme-custom woodmart-title-size-small woodmart-title-width-100 text-left vc_custom_1609271295617\">\n\t\t\t\t<div class=\"woodmart-title-container woodmart-text-block font-text woodmart-font-weight-\">\n\t\t\t\t\tStandort\t\t\t\t<\/div>\n\t\t\t\t\t\n\t\t\t<\/div>\n\t\t\t\n\t\t\t<div id=\"wd-5feb88f957cbc\" class=\"woodmart-text-block-wrapper color-scheme-dark woodmart-title-size-extra-large woodmart-title-width-90 text-left vc_custom_1609271430967\">\n\t\t\t\t<div class=\"woodmart-title-container woodmart-text-block font-primary woodmart-font-weight-600\">\n\t\t\t\t\tBesuchen Sie unser<span class=\"color-primary\">B\u00fcro<\/span><br \/>\n\t\t\t\t<\/div>\n\t\t\t\t\t\n\t\t\t<\/div>\n\t\t\t\n\t\t\t<div id=\"wd-5feb888956491\" class=\"woodmart-text-block-wrapper color-scheme- woodmart-title-size-custom woodmart-title-width-90 text-left vc_custom_1609271308663\">\n\t\t\t\t<div class=\"woodmart-title-container woodmart-text-block font-text woodmart-font-weight-400\">\n\t\t\t\t\tALFA PATENT STAN ADVOKA ist in unmittelbarer N\u00e4he von Taksim Platz, das als das modernes Stadtzentrum von Istanbul bekannt ist.\t\t\t\t<\/div>\n\t\t\t\t\t\n\t\t\t<\/div>\n\t\t[\/vc_column][\/vc_row][vc_row full_width=&#8220;stretch_row_content&#8220; content_placement=&#8220;middle&#8220; row_reverse_mobile=&#8220;1&#8243;][vc_column width=&#8220;1\/2&#8243; scroll_x=&#8220;0&#8243; scroll_y=&#8220;-80&#8243; scroll_z=&#8220;0&#8243; parallax_scroll=&#8220;yes&#8220; css=&#8220;.vc_custom_1535377722792{margin-bottom: 4vh !important;padding-top: 8vh !important;padding-right: 15% !important;padding-bottom: 8vh !important;padding-left: 15% !important;}&#8220;]\t\n\t\t\t<div id=\"wd-5feb888f08852\" class=\"woodmart-text-block-wrapper color-scheme- woodmart-title-size-custom woodmart-title-width-90 text-left vc_custom_1609271317328\">\n\t\t\t\t<div class=\"woodmart-title-container woodmart-text-block font-text woodmart-font-weight-400\">\n\t\t\t\t\tUnser B\u00fcro befindet sich in der N\u00e4he des deutschen Konsulats und gegen\u00fcber der Fakult\u00e4t f\u00fcr Mechanik der Technischen Universit\u00e4t Istanbul.\t\t\t\t<\/div>\n\t\t\t\t\t\n\t\t\t<\/div>\n\t\t[\/vc_column][vc_column width=&#8220;1\/2&#8243; css=&#8220;.vc_custom_1608635276377{margin-bottom: 4vh !important;padding-top: 4vh !important;padding-bottom: 8vh !important;background-image: url(http:\/\/www.alfapatent-stanadvoka.com\/wp-content\/uploads\/2020\/12\/scr-bg-img-2.jpg?id=3290) !important;background-position: center !important;background-repeat: no-repeat !important;background-size: cover !important;}&#8220; mobile_bg_img_hidden=&#8220;no&#8220; tablet_bg_img_hidden=&#8220;no&#8220; woodmart_parallax=&#8220;0&#8243; woodmart_sticky_column=&#8220;false&#8220; parallax_scroll=&#8220;no&#8220; mobile_reset_margin=&#8220;no&#8220; tablet_reset_margin=&#8220;no&#8220;][vc_single_image image=&#8220;3962&#8243; img_size=&#8220;500&#215;571&#8243; scroll_x=&#8220;0&#8243; scroll_y=&#8220;80&#8243; scroll_z=&#8220;0&#8243; parallax_scroll=&#8220;yes&#8220; css=&#8220;.vc_custom_1608738997096{margin-bottom: 0px !important;margin-left: -60px !important;padding-top: 4vh !important;padding-bottom: 4vh !important;}&#8220;][\/vc_column][\/vc_row][vc_row][vc_column][vc_column_text text_larger=&#8220;no&#8220;][vc_row full_width=\"stretch_row\" gap=\"35\" css=\".vc_custom_1608557031429{margin-bottom: 0px !important;padding-bottom: 0px !important;background: #727272 url(http:\/\/www.alfapatent-stanadvoka.com\/wp-content\/uploads\/2020\/12\/bg-footer.jpg?id=3208) !important;background-position: center !important;background-repeat: no-repeat !important;background-size: cover !important;}\" mobile_bg_img_hidden=\"no\" tablet_bg_img_hidden=\"no\" woodmart_parallax=\"0\" woodmart_gradient_switch=\"no\" row_reverse_mobile=\"0\" row_reverse_tablet=\"0\" woodmart_disable_overflow=\"0\"][vc_column]\t\t\t<div id=\"carousel-566\" class=\"woodmart-carousel-container info-box-carousel-wrapper  scroll-init woodmart-carousel-spacing-10\" data-owl-carousel data-hide_pagination_control=\"yes\" data-hide_prev_next_buttons=\"no\" data-dragEndSpeed=\"600\" data-desktop=\"4\" data-tablet_landscape=\"4\" data-tablet=\"3\" data-mobile=\"1\">\n\t\t\t\t<div class=\"owl-carousel info-box-carousel  owl-items-lg-4 owl-items-md-4 owl-items-sm-3 owl-items-xs-1\" >\n\t\t\t\t\t\t\t\t<div class=\"info-box-wrapper \">\n\t\t\t\t<div id=\"wd-5ff3720c50402\" class=\" woodmart-info-box text-center box-icon-align-top box-style-shadow color-scheme- woodmart-bg-none box-title-custom with-btn box-btn-static \"  >\n\t\t\t\t\t\t\t\t\t\t\t<div class=\"box-icon-wrapper  box-with-icon box-icon-simple\">\n\t\t\t\t\t\t\t<div class=\"info-box-icon\">\n\n\t\t\t\t\t\t\t\n\t\t\t\t\t\t\t\t\t\t\t\t\t\t\t\t\t<img decoding=\"async\" class=\"info-icon image-1 \" src=\"https:\/\/www.alfapatent-stanadvoka.com\/wp-content\/uploads\/2020\/12\/1-1-300x100.jpg\" width=\"300\" height=\"100\" alt=\"1-1\" title=\"1-1\" loading=\"lazy\" \/>\t\t\t\t\t\t\t\t\t\t\t\t\t\t\t\t\n\t\t\t\t\t\t\t\n\t\t\t\t\t\t\t<\/div>\n\t\t\t\t\t\t<\/div>\n\t\t\t\t\t\t\t\t\t\t<div class=\"info-box-content\">\n\t\t\t\t\t\t<p class=\"info-box-title woodmart-font-weight-500 box-title-style-default font-alt\">Verf\u00fcgbare Schutzarten F\u00fcr Erfindungen<\/p>\t\t\t\t\t\t<div class=\"info-box-inner reset-mb-10\">\n\t\t\t\t\t\t\t\t\t\t\t\t\t<\/div>\n\n\t\t\t\t\t\t<div class=\"info-btn-wrapper\"><div id=\"wd-69d7884837daf\" class=\"woodmart-button-wrapper text-center\"><a href=\"http:\/\/www.alfapatent-stanadvoka.com\/de\/verfuegbare-schutzarten-fuer-erfindungen\/\" title=\"#sw\" class=\"btn btn-color-primary btn-style-default btn-shape-rectangle btn-size-extra-small\">Mehr sehen<\/a><\/div><\/div>\t\t\t\t\t\t\n\t\t\t\t\t<\/div>\n\n\t\t\t\t\t<style><\/style>\t\t\t\t<\/div>\n\t\t\t<\/div>\n\t\t\t\t\t<div class=\"info-box-wrapper \">\n\t\t\t\t<div id=\"wd-5ff37211d19da\" class=\" woodmart-info-box text-center box-icon-align-top box-style-shadow color-scheme- woodmart-bg-none box-title-custom with-btn box-btn-static \"  >\n\t\t\t\t\t\t\t\t\t\t\t<div class=\"box-icon-wrapper  box-with-icon box-icon-simple\">\n\t\t\t\t\t\t\t<div class=\"info-box-icon\">\n\n\t\t\t\t\t\t\t\n\t\t\t\t\t\t\t\t\t\t\t\t\t\t\t\t\t<img decoding=\"async\" class=\"info-icon image-1 \" src=\"https:\/\/www.alfapatent-stanadvoka.com\/wp-content\/uploads\/2020\/12\/1-2-300x100.jpg\" width=\"300\" height=\"100\" alt=\"1-2\" title=\"1-2\" loading=\"lazy\" \/>\t\t\t\t\t\t\t\t\t\t\t\t\t\t\t\t\n\t\t\t\t\t\t\t\n\t\t\t\t\t\t\t<\/div>\n\t\t\t\t\t\t<\/div>\n\t\t\t\t\t\t\t\t\t\t<div class=\"info-box-content\">\n\t\t\t\t\t\t<p class=\"info-box-title woodmart-font-weight-500 box-title-style-default font-alt\">Vertretung Vor Den Nationalen Beh\u00f6rden<\/p>\t\t\t\t\t\t<div class=\"info-box-inner reset-mb-10\">\n\t\t\t\t\t\t\t\t\t\t\t\t\t<\/div>\n\n\t\t\t\t\t\t<div class=\"info-btn-wrapper\"><div id=\"wd-69d788483866c\" class=\"woodmart-button-wrapper text-center\"><a href=\"http:\/\/www.alfapatent-stanadvoka.com\/de\/vertretung-vor-den-nationalen-behoerden\/\" title=\"#\" class=\"btn btn-color-primary btn-style-default btn-shape-rectangle btn-size-extra-small\">Mehr sehen<\/a><\/div><\/div>\t\t\t\t\t\t\n\t\t\t\t\t<\/div>\n\n\t\t\t\t\t<style><\/style>\t\t\t\t<\/div>\n\t\t\t<\/div>\n\t\t\t\t\t<div class=\"info-box-wrapper \">\n\t\t\t\t<div id=\"wd-5ff372171e12e\" class=\" woodmart-info-box text-center box-icon-align-top box-style-shadow color-scheme- woodmart-bg-none box-title-custom with-btn box-btn-static \"  >\n\t\t\t\t\t\t\t\t\t\t\t<div class=\"box-icon-wrapper  box-with-icon box-icon-simple\">\n\t\t\t\t\t\t\t<div class=\"info-box-icon\">\n\n\t\t\t\t\t\t\t\n\t\t\t\t\t\t\t\t\t\t\t\t\t\t\t\t\t<img decoding=\"async\" class=\"info-icon image-1 \" src=\"https:\/\/www.alfapatent-stanadvoka.com\/wp-content\/uploads\/2020\/12\/1-3-300x100.jpg\" width=\"300\" height=\"100\" alt=\"1-3\" title=\"1-3\" loading=\"lazy\" \/>\t\t\t\t\t\t\t\t\t\t\t\t\t\t\t\t\n\t\t\t\t\t\t\t\n\t\t\t\t\t\t\t<\/div>\n\t\t\t\t\t\t<\/div>\n\t\t\t\t\t\t\t\t\t\t<div class=\"info-box-content\">\n\t\t\t\t\t\t<p class=\"info-box-title woodmart-font-weight-500 box-title-style-default font-alt\">Verfolgung Von Nationalen Anmeldungen In Der T\u00fcrkei<\/p>\t\t\t\t\t\t<div class=\"info-box-inner reset-mb-10\">\n\t\t\t\t\t\t\t\t\t\t\t\t\t<\/div>\n\n\t\t\t\t\t\t<div class=\"info-btn-wrapper\"><div id=\"wd-69d78848394db\" class=\"woodmart-button-wrapper text-center\"><a href=\"http:\/\/www.alfapatent-stanadvoka.com\/de\/verfolgung-von-nationalen-anmeldungen-in-der-tuerkei\/\" title=\"#\" class=\"btn btn-color-primary btn-style-default btn-shape-rectangle btn-size-extra-small\">Mehr sehen<\/a><\/div><\/div>\t\t\t\t\t\t\n\t\t\t\t\t<\/div>\n\n\t\t\t\t\t<style><\/style>\t\t\t\t<\/div>\n\t\t\t<\/div>\n\t\t\t\t\t<div class=\"info-box-wrapper \">\n\t\t\t\t<div id=\"wd-5ff3721bb22ab\" class=\" woodmart-info-box text-center box-icon-align-top box-style-shadow color-scheme- woodmart-bg-none box-title-custom with-btn box-btn-static \"  >\n\t\t\t\t\t\t\t\t\t\t\t<div class=\"box-icon-wrapper  box-with-icon box-icon-simple\">\n\t\t\t\t\t\t\t<div class=\"info-box-icon\">\n\n\t\t\t\t\t\t\t\n\t\t\t\t\t\t\t\t\t\t\t\t\t\t\t\t\t<img decoding=\"async\" class=\"info-icon image-1 \" src=\"https:\/\/www.alfapatent-stanadvoka.com\/wp-content\/uploads\/2020\/12\/1-4-300x100.jpg\" width=\"300\" height=\"100\" alt=\"1-4\" title=\"1-4\" loading=\"lazy\" \/>\t\t\t\t\t\t\t\t\t\t\t\t\t\t\t\t\n\t\t\t\t\t\t\t\n\t\t\t\t\t\t\t<\/div>\n\t\t\t\t\t\t<\/div>\n\t\t\t\t\t\t\t\t\t\t<div class=\"info-box-content\">\n\t\t\t\t\t\t<p class=\"info-box-title woodmart-font-weight-500 box-title-style-default font-alt\">Gebrauchsmuster Anmeldungen<\/p>\t\t\t\t\t\t<div class=\"info-box-inner reset-mb-10\">\n\t\t\t\t\t\t\t\t\t\t\t\t\t<\/div>\n\n\t\t\t\t\t\t<div class=\"info-btn-wrapper\"><div id=\"wd-69d788483a805\" class=\"woodmart-button-wrapper text-center\"><a href=\"http:\/\/www.alfapatent-stanadvoka.com\/de\/gebrauchsmuster-anmeldungen\/\" title=\"#\" class=\"btn btn-color-primary btn-style-default btn-shape-rectangle btn-size-extra-small\">Mehr sehen<\/a><\/div><\/div>\t\t\t\t\t\t\n\t\t\t\t\t<\/div>\n\n\t\t\t\t\t<style><\/style>\t\t\t\t<\/div>\n\t\t\t<\/div>\n\t\t\t\t\t\t<\/div>\n\t\t\t<\/div>\n\t\t[\/vc_column][\/vc_row]<style data-type=\"vc_shortcodes-custom-css\">.vc_custom_1608557031429{margin-bottom: 0px !important;padding-bottom: 0px !important;background: #727272 url(http:\/\/www.alfapatent-stanadvoka.com\/wp-content\/uploads\/2020\/12\/bg-footer.jpg?id=3208) !important;background-position: center !important;background-repeat: no-repeat !important;background-size: cover !important;}#wd-5ff3720c50402 .info-box-title{font-size:14px;line-height:16px;color:#2b2b2b;}#wd-5ff37211d19da .info-box-title{font-size:14px;line-height:16px;color:#2b2b2b;}#wd-5ff372171e12e .info-box-title{font-size:14px;line-height:16px;color:#2b2b2b;}#wd-5ff3721bb22ab .info-box-title{font-size:14px;line-height:16px;color:#2b2b2b;}<\/style>[\/vc_column_text][\/vc_column][\/vc_row]<\/p>\n<\/div>","protected":false},"excerpt":{"rendered":"<p>[vc_row full_width=&#8220;stretch_row_content&#8220; content_placement=&#8220;middle&#8220;][vc_column width=&#8220;1\/2&#8243; css=&#8220;.vc_custom_1608635203919{padding-top: 8vh !important;padding-bottom: 4vh !important;background-image: url(http:\/\/www.alfapatent-stanadvoka.com\/wp-content\/uploads\/2020\/12\/scr-bg-img-1-1.jpg?id=3288) !important;background-position: center !important;background-repeat: no-repeat !important;background-size: cover !important;}&#8220; mobile_bg_img_hidden=&#8220;no&#8220; tablet_bg_img_hidden=&#8220;no&#8220; woodmart_parallax=&#8220;0&#8243;<\/p>\n","protected":false},"author":1,"featured_media":0,"parent":0,"menu_order":0,"comment_status":"closed","ping_status":"closed","template":"","meta":{"footnotes":""},"class_list":["post-4781","page","type-page","status-publish","hentry"],"_links":{"self":[{"href":"https:\/\/www.alfapatent-stanadvoka.com\/de\/wp-json\/wp\/v2\/pages\/4781","targetHints":{"allow":["GET"]}}],"collection":[{"href":"https:\/\/www.alfapatent-stanadvoka.com\/de\/wp-json\/wp\/v2\/pages"}],"about":[{"href":"https:\/\/www.alfapatent-stanadvoka.com\/de\/wp-json\/wp\/v2\/types\/page"}],"author":[{"embeddable":true,"href":"https:\/\/www.alfapatent-stanadvoka.com\/de\/wp-json\/wp\/v2\/users\/1"}],"replies":[{"embeddable":true,"href":"https:\/\/www.alfapatent-stanadvoka.com\/de\/wp-json\/wp\/v2\/comments?post=4781"}],"version-history":[{"count":3,"href":"https:\/\/www.alfapatent-stanadvoka.com\/de\/wp-json\/wp\/v2\/pages\/4781\/revisions"}],"predecessor-version":[{"id":4784,"href":"https:\/\/www.alfapatent-stanadvoka.com\/de\/wp-json\/wp\/v2\/pages\/4781\/revisions\/4784"}],"wp:attachment":[{"href":"https:\/\/www.alfapatent-stanadvoka.com\/de\/wp-json\/wp\/v2\/media?parent=4781"}],"curies":[{"name":"wp","href":"https:\/\/api.w.org\/{rel}","templated":true}]}}